{"id":88,"date":"2025-06-05T16:25:46","date_gmt":"2025-06-05T16:25:46","guid":{"rendered":"https:\/\/cabopol.kobudev.com\/homepage\/"},"modified":"2025-12-17T17:58:54","modified_gmt":"2025-12-17T17:58:54","slug":"reengineering-the-future-of-polymers","status":"publish","type":"page","link":"https:\/\/cabopol.kobudev.com\/pt-pt\/","title":{"rendered":"REENGINEERING THE FUTURE OF POLYMERS"},"content":{"rendered":"\n<div class=\"wp-block-kobu-custom-blocks-inner-content-img alignfull media-content-group child-item align-left valign-start img-first\"><div class=\"media-col\"><figure><img loading=\"lazy\" decoding=\"async\" width=\"1401\" height=\"1401\" class=\"wp-image-1337\" src=\"https:\/\/cabopol.kobudev.com\/files\/uploads\/2025\/11\/Homepage.webp\" alt=\"\" title=\"Homepage\" sizes=\"auto, (min-width: 601px) 50vw, 100vw\" srcset=\"https:\/\/cabopol.kobudev.com\/files\/uploads\/2025\/11\/Homepage.webp 1401w, https:\/\/cabopol.kobudev.com\/files\/uploads\/2025\/11\/Homepage-300x300.webp 300w, https:\/\/cabopol.kobudev.com\/files\/uploads\/2025\/11\/Homepage-1024x1024.webp 1024w, https:\/\/cabopol.kobudev.com\/files\/uploads\/2025\/11\/Homepage-150x150.webp 150w, https:\/\/cabopol.kobudev.com\/files\/uploads\/2025\/11\/Homepage-768x768.webp 768w\" \/><\/figure><\/div><div class=\"content-col\"><div class=\"content-col-wrapper\">\n<div class=\"wp-block-kobu-custom-blocks-responsive-spacer responsive-spacer size-small\"><\/div>\n\n\n\n<h2 class=\"wp-block-heading\"><strong>Mais de 60 anos a fornecer pol\u00edmeros inovadores, de Portugal para o mundo<\/strong><\/h2>\n\n\n\n<p>Sendo uma empresa familiar com presen\u00e7a global, a Cabopol fornece solu\u00e7\u00f5es de compostos de alto desempenho para ind\u00fastrias em todo o mundo. D\u00e9cadas de know-how, inova\u00e7\u00e3o pr\u00e1tica e uma estreita parceria com os clientes garantem materiais fi\u00e1veis, personalizados e preparados para o futuro, que fortalecem o seu neg\u00f3cio.<\/p>\n\n\n\n<div class=\"wp-block-kobu-custom-blocks-responsive-spacer responsive-spacer size-small\"><\/div>\n<\/div><\/div><\/div>\n\n\n    <div class=\"homepage-cards-highlights-block alignfull has-primary-background-color\">\n        <div class=\"video-wrapper\">\n            <figure class=\"kb-video media-wrapper pageload-video\" data-settings=\"{&quot;webm&quot;:&quot;&quot;,&quot;mp4&quot;:&quot;https:\\\/\\\/cabopol.kobudev.com\\\/files\\\/uploads\\\/2025\\\/08\\\/Cabopol_Normal.mp4&quot;,&quot;ogg&quot;:&quot;&quot;,&quot;track&quot;:&quot;&quot;,&quot;trackKind&quot;:&quot;&quot;,&quot;trackSrclang&quot;:&quot;&quot;,&quot;autoplay&quot;:true,&quot;loop&quot;:true,&quot;muted&quot;:true,&quot;controls&quot;:false,&quot;preload&quot;:&quot;metadata&quot;}\"><noscript><video playsinline  autoplay muted loop><source src=\"https:\/\/cabopol.kobudev.com\/files\/uploads\/2025\/08\/Cabopol_Normal.mp4\" type=\"video\/mp4\" \/><\/video><\/noscript><\/figure>        <\/div>\n        <div class=\"content-wrapper\">\n                            <h3 class=\"wp-block-heading alignwide has-large-2-font-size\">Aplica\u00e7\u00f5es<\/h3>\n                                        <p class=\"alignwide has-text-align-wide\"><br>Our dedicated teams of engineers and scientists collaborate closely with clients worldwide, developing cutting-edge solutions that are stronger, safer, lighter, and more durable. Together, we drive innovation to power the future. At Cabopol, we continually push the boundaries to deliver smarter, greener solutions for the challenges of tomorrow.<\/p>\n                        <div class=\"homepage-cards-highlights\">\n                                    <div class=\"card sector\">\n                        <div class=\"card-inner-wrapper\">\n                                                            <div class=\"featured-img\">\n                                    <div class=\"featured-img-inner\">\n                                        <img loading=\"lazy\" decoding=\"async\" width=\"640\" height=\"353\" src=\"https:\/\/cabopol.kobudev.com\/files\/uploads\/2025\/11\/Wire-and-Cable-768x424.webp\" class=\"coverimg\" alt=\"\" sizes=\"auto, (min-width: 993px) 33vw, (min-width: 601px) 50vw, 100vw\" srcset=\"https:\/\/cabopol.kobudev.com\/files\/uploads\/2025\/11\/Wire-and-Cable-768x424.webp 768w, https:\/\/cabopol.kobudev.com\/files\/uploads\/2025\/11\/Wire-and-Cable-300x166.webp 300w, https:\/\/cabopol.kobudev.com\/files\/uploads\/2025\/11\/Wire-and-Cable.webp 901w\" \/>                                    <\/div>\n                                <\/div>\n                                                        <div class=\"content-wrapper\">\n                                                                    <h3 class=\"post-title\">Cabos e Fio Autom\u00f3vel<\/h3>\n                                                                                                    <div class=\"description\">Compostos certificados, desenvolvidos para aplica\u00e7\u00f5es exigentes para a ind\u00fastria autom\u00f3vel, de energia e telecomunica\u00e7\u00f5es.<\/div>\n                                                                                                    <a href=\"https:\/\/cabopol.kobudev.com\/pt-pt\/aplicacoes\/cabos-e-fio-automovel\/\" class=\"btn ghost-white arrow-btn\"><span>Descobrir mais<\/span><\/a>\n                                                            <\/div>\n                        <\/div>\n                    <\/div>\n                                    <div class=\"card sector\">\n                        <div class=\"card-inner-wrapper\">\n                                                            <div class=\"featured-img\">\n                                    <div class=\"featured-img-inner\">\n                                        <img loading=\"lazy\" decoding=\"async\" width=\"640\" height=\"353\" src=\"https:\/\/cabopol.kobudev.com\/files\/uploads\/2025\/11\/Injection-and-Extrusion-Moulding-768x424.webp\" class=\"coverimg\" alt=\"\" sizes=\"auto, (min-width: 993px) 33vw, (min-width: 601px) 50vw, 100vw\" srcset=\"https:\/\/cabopol.kobudev.com\/files\/uploads\/2025\/11\/Injection-and-Extrusion-Moulding-768x424.webp 768w, https:\/\/cabopol.kobudev.com\/files\/uploads\/2025\/11\/Injection-and-Extrusion-Moulding-300x166.webp 300w, https:\/\/cabopol.kobudev.com\/files\/uploads\/2025\/11\/Injection-and-Extrusion-Moulding.webp 901w\" \/>                                    <\/div>\n                                <\/div>\n                                                        <div class=\"content-wrapper\">\n                                                                    <h3 class=\"post-title\">Inje\u00e7\u00e3o e Extrus\u00e3o<\/h3>\n                                                                                                    <div class=\"description\">Materiais vers\u00e1teis e de alto desempenho para pe\u00e7as autom\u00f3vel, componentes industriais, bens de consumo e produtos de higiene pessoal.<\/div>\n                                                                                                    <a href=\"https:\/\/cabopol.kobudev.com\/pt-pt\/aplicacoes\/injecao-e-extrusao\/\" class=\"btn ghost-white arrow-btn\"><span>Descobrir mais<\/span><\/a>\n                                                            <\/div>\n                        <\/div>\n                    <\/div>\n                                    <div class=\"card sector\">\n                        <div class=\"card-inner-wrapper\">\n                                                            <div class=\"featured-img\">\n                                    <div class=\"featured-img-inner\">\n                                        <img loading=\"lazy\" decoding=\"async\" width=\"640\" height=\"353\" src=\"https:\/\/cabopol.kobudev.com\/files\/uploads\/2025\/11\/Footwear-768x424.webp\" class=\"coverimg\" alt=\"\" sizes=\"auto, (min-width: 993px) 33vw, (min-width: 601px) 50vw, 100vw\" srcset=\"https:\/\/cabopol.kobudev.com\/files\/uploads\/2025\/11\/Footwear-768x424.webp 768w, https:\/\/cabopol.kobudev.com\/files\/uploads\/2025\/11\/Footwear-300x165.webp 300w, https:\/\/cabopol.kobudev.com\/files\/uploads\/2025\/11\/Footwear.webp 901w\" \/>                                    <\/div>\n                                <\/div>\n                                                        <div class=\"content-wrapper\">\n                                                                    <h3 class=\"post-title\">Cal\u00e7ado<\/h3>\n                                                                                                    <div class=\"description\">Formula\u00e7\u00f5es resistentes com excelente consist\u00eancia de cor para solas, inje\u00e7\u00e3o completa que resulta em cal\u00e7ado t\u00e9cnico e dur\u00e1vel.<\/div>\n                                                                                                    <a href=\"https:\/\/cabopol.kobudev.com\/pt-pt\/aplicacoes\/calcado\/\" class=\"btn ghost-white arrow-btn\"><span>Descobrir mais<\/span><\/a>\n                                                            <\/div>\n                        <\/div>\n                    <\/div>\n                            <\/div>\n        <\/div>\n    <\/div>\n\n\n\n<div class=\"wp-block-kobu-custom-blocks-section-wrapper alignfull kobu-section has-background has-lightergray-background-color has-background-img\"><div class=\"bg-img\"><img loading=\"lazy\" decoding=\"async\" width=\"1600\" height=\"1067\" class=\"coverimg wp-image-195\" src=\"https:\/\/cabopol.kobudev.com\/files\/uploads\/2025\/07\/2a42a09439b30e8c8869e435ce27aa36c03c9f56.jpg\" alt=\"\" sizes=\"auto, 100vw\" style=\"object-position:center\" srcset=\"https:\/\/cabopol.kobudev.com\/files\/uploads\/2025\/07\/2a42a09439b30e8c8869e435ce27aa36c03c9f56.jpg 1600w, https:\/\/cabopol.kobudev.com\/files\/uploads\/2025\/07\/2a42a09439b30e8c8869e435ce27aa36c03c9f56-300x200.jpg 300w, https:\/\/cabopol.kobudev.com\/files\/uploads\/2025\/07\/2a42a09439b30e8c8869e435ce27aa36c03c9f56-1024x683.jpg 1024w, https:\/\/cabopol.kobudev.com\/files\/uploads\/2025\/07\/2a42a09439b30e8c8869e435ce27aa36c03c9f56-768x512.jpg 768w, https:\/\/cabopol.kobudev.com\/files\/uploads\/2025\/07\/2a42a09439b30e8c8869e435ce27aa36c03c9f56-1536x1024.jpg 1536w\" \/><\/div><div class=\"color-overlay has-lightergray-background-color\" style=\"opacity:0.8\"><\/div>\n<div class=\"wp-block-kobu-custom-blocks-responsive-spacer responsive-spacer size-large\"><\/div>\n\n\n\n<h3 class=\"wp-block-heading alignwide has-large-2-font-size\">OS NOSSOS PRODUTOS<\/h3>\n\n\n\n<p class=\"alignwide has-text-align-wide\"><br>As marcas da Cabopol oferecem solu\u00e7\u00f5es polim\u00e9ricas vers\u00e1teis, aplic\u00e1veis em m\u00faltiplas ind\u00fastrias, desde cabos e fios at\u00e9 cal\u00e7ado, moldagem por inje\u00e7\u00e3o e extrus\u00e3o, e embalagem. Cada marca assenta numa base de material espec\u00edfica, proporcionando desempenho e fiabilidade adaptados a uma ampla variedade de aplica\u00e7\u00f5es. Explore as nossas marcas para descobrir as solu\u00e7\u00f5es inovadoras que podem impulsionar o seu neg\u00f3cio.<\/p>\n\n\n\n<div class=\"wp-block-kobu-custom-blocks-responsive-spacer responsive-spacer size-medium\"><\/div>\n\n\n    <div class=\"cards-highlights-block alignwide\">\n        <div class=\"cards-highlights\">\n                            <div class=\"card highlight\">\n                    <div class=\"img-wrapper\">\n                        <div class=\"img-inner-wrapper\">\n                            <img loading=\"lazy\" decoding=\"async\" width=\"640\" height=\"876\" src=\"https:\/\/cabopol.kobudev.com\/files\/uploads\/2025\/11\/Lacoflex.webp\" class=\"coverimg\" alt=\"\" sizes=\"auto, (min-width: 993px) 33vw, (min-width: 601px) 50vw, 100vw\" srcset=\"https:\/\/cabopol.kobudev.com\/files\/uploads\/2025\/11\/Lacoflex.webp 731w, https:\/\/cabopol.kobudev.com\/files\/uploads\/2025\/11\/Lacoflex-219x300.webp 219w\" \/>                        <\/div>\n                    <\/div>\n                    <div class=\"content-wrapper\">\n                        <div class=\"content-inner-wrapper\">\n                                                            <h3>Lacoflex\u00ae TPE | TPU | TPO<\/h3>\n                                                                                        <div class=\"description\">Compostos vers\u00e1teis para cabos e fios, componentes industriais, bens de consumo, produtos de higiene pessoal, embalagem e cal\u00e7ado. Dispon\u00edvel em vers\u00f5es com conte\u00fado reciclado e biobase.<\/div>\n                            \n                                                            <a href=\"https:\/\/cabopol.kobudev.com\/pt-pt\/os-nossos-produtos\/lacoflex\/\" class=\"btn ghost-white arrow-btn\"><span>Ver mais<\/span><\/a>\n                                                    <\/div>\n                    <\/div>\n                <\/div>\n                            <div class=\"card highlight\">\n                    <div class=\"img-wrapper\">\n                        <div class=\"img-inner-wrapper\">\n                            <img loading=\"lazy\" decoding=\"async\" width=\"640\" height=\"876\" src=\"https:\/\/cabopol.kobudev.com\/files\/uploads\/2025\/11\/Sofiplus.webp\" class=\"coverimg\" alt=\"\" sizes=\"auto, (min-width: 993px) 33vw, (min-width: 601px) 50vw, 100vw\" srcset=\"https:\/\/cabopol.kobudev.com\/files\/uploads\/2025\/11\/Sofiplus.webp 731w, https:\/\/cabopol.kobudev.com\/files\/uploads\/2025\/11\/Sofiplus-219x300.webp 219w\" \/>                        <\/div>\n                    <\/div>\n                    <div class=\"content-wrapper\">\n                        <div class=\"content-inner-wrapper\">\n                                                            <h3>Sofiplus\u00ae PP | XLPO | XLPE | HF | LSZH<\/h3>\n                                                                                        <div class=\"description\">Solu\u00e7\u00f5es avan\u00e7adas para cabos e fios em aplica\u00e7\u00f5es autom\u00f3vel, de energia e telecomunica\u00e7\u00f5es, com soluc\u00f5es adaptadas a exigentes normas de seguran\u00e7a e desempenho.<\/div>\n                            \n                                                            <a href=\"https:\/\/cabopol.kobudev.com\/pt-pt\/os-nossos-produtos\/sofiplus\/\" class=\"btn ghost-white arrow-btn\"><span>Ver mais<\/span><\/a>\n                                                    <\/div>\n                    <\/div>\n                <\/div>\n                            <div class=\"card highlight\">\n                    <div class=\"img-wrapper\">\n                        <div class=\"img-inner-wrapper\">\n                            <img loading=\"lazy\" decoding=\"async\" width=\"640\" height=\"876\" src=\"https:\/\/cabopol.kobudev.com\/files\/uploads\/2025\/11\/Sofiprime.webp\" class=\"coverimg\" alt=\"\" sizes=\"auto, (min-width: 993px) 33vw, (min-width: 601px) 50vw, 100vw\" srcset=\"https:\/\/cabopol.kobudev.com\/files\/uploads\/2025\/11\/Sofiprime.webp 731w, https:\/\/cabopol.kobudev.com\/files\/uploads\/2025\/11\/Sofiprime-219x300.webp 219w\" \/>                        <\/div>\n                    <\/div>\n                    <div class=\"content-wrapper\">\n                        <div class=\"content-inner-wrapper\">\n                                                            <h3>Sofiprime\u00ae PP | PE<\/h3>\n                                                                                        <div class=\"description\">Compostos eficientes para diversas aplica\u00e7\u00f5es: autom\u00f3vel, componentes industriais, bens de consumo, produtos de higiene pessoal e embalagem. Desenvolvidos para desempenho consistente, incluindo vers\u00f5es com conte\u00fado reciclado.<\/div>\n                            \n                                                            <a href=\"https:\/\/cabopol.kobudev.com\/pt-pt\/os-nossos-produtos\/sofiprime\/\" class=\"btn ghost-white arrow-btn\"><span>Ver mais<\/span><\/a>\n                                                    <\/div>\n                    <\/div>\n                <\/div>\n                            <div class=\"card highlight\">\n                    <div class=\"img-wrapper\">\n                        <div class=\"img-inner-wrapper\">\n                            <img loading=\"lazy\" decoding=\"async\" width=\"640\" height=\"876\" src=\"https:\/\/cabopol.kobudev.com\/files\/uploads\/2025\/11\/Polyprime.webp\" class=\"coverimg\" alt=\"\" sizes=\"auto, (min-width: 993px) 33vw, (min-width: 601px) 50vw, 100vw\" srcset=\"https:\/\/cabopol.kobudev.com\/files\/uploads\/2025\/11\/Polyprime.webp 731w, https:\/\/cabopol.kobudev.com\/files\/uploads\/2025\/11\/Polyprime-219x300.webp 219w\" \/>                        <\/div>\n                    <\/div>\n                    <div class=\"content-wrapper\">\n                        <div class=\"content-inner-wrapper\">\n                                                            <h3>Polyprime\u00ae PVC<\/h3>\n                                                                                        <div class=\"description\">Compostos \u00e0 base de PVC para cabos e fio (autom\u00f3vel, energia, telecomunica\u00e7\u00f5es), componentes industriais, bens de consumo, produtos de higiene pessoal e cal\u00e7ado. Dispon\u00edvel em vers\u00f5es com conte\u00fado reciclado.<\/div>\n                            \n                                                            <a href=\"https:\/\/cabopol.kobudev.com\/pt-pt\/os-nossos-produtos\/polyprime\/\" class=\"btn ghost-white arrow-btn\"><span>Ver mais<\/span><\/a>\n                                                    <\/div>\n                    <\/div>\n                <\/div>\n                            <div class=\"card highlight\">\n                    <div class=\"img-wrapper\">\n                        <div class=\"img-inner-wrapper\">\n                            <img loading=\"lazy\" decoding=\"async\" width=\"640\" height=\"876\" src=\"https:\/\/cabopol.kobudev.com\/files\/uploads\/2025\/11\/Polyamis.webp\" class=\"coverimg\" alt=\"\" sizes=\"auto, (min-width: 993px) 33vw, (min-width: 601px) 50vw, 100vw\" srcset=\"https:\/\/cabopol.kobudev.com\/files\/uploads\/2025\/11\/Polyamis.webp 731w, https:\/\/cabopol.kobudev.com\/files\/uploads\/2025\/11\/Polyamis-219x300.webp 219w\" \/>                        <\/div>\n                    <\/div>\n                    <div class=\"content-wrapper\">\n                        <div class=\"content-inner-wrapper\">\n                                                            <h3>Polyamis PA6 | PA6.6<\/h3>\n                                                                                        <div class=\"description\">Compostos de poliamida de alto desempenho para aplica\u00e7\u00f5es autom\u00f3vel, industriais e bens de consumo. Tamb\u00e9m dispon\u00edveis com op\u00e7\u00f5es de conte\u00fado reciclado.<\/div>\n                            \n                                                            <a href=\"https:\/\/cabopol.kobudev.com\/pt-pt\/os-nossos-produtos\/polyamis\/\" class=\"btn ghost-white arrow-btn\"><span>Ver mais<\/span><\/a>\n                                                    <\/div>\n                    <\/div>\n                <\/div>\n                            <div class=\"card highlight\">\n                    <div class=\"img-wrapper\">\n                        <div class=\"img-inner-wrapper\">\n                            <img loading=\"lazy\" decoding=\"async\" width=\"640\" height=\"360\" src=\"https:\/\/cabopol.kobudev.com\/files\/uploads\/2025\/07\/ebef20fc1b68b541e0e492f3a3179a2193c45b90-768x432.jpg\" class=\"coverimg\" alt=\"\" sizes=\"auto, (min-width: 993px) 33vw, (min-width: 601px) 50vw, 100vw\" srcset=\"https:\/\/cabopol.kobudev.com\/files\/uploads\/2025\/07\/ebef20fc1b68b541e0e492f3a3179a2193c45b90-768x432.jpg 768w, https:\/\/cabopol.kobudev.com\/files\/uploads\/2025\/07\/ebef20fc1b68b541e0e492f3a3179a2193c45b90-300x169.jpg 300w, https:\/\/cabopol.kobudev.com\/files\/uploads\/2025\/07\/ebef20fc1b68b541e0e492f3a3179a2193c45b90-1024x576.jpg 1024w, https:\/\/cabopol.kobudev.com\/files\/uploads\/2025\/07\/ebef20fc1b68b541e0e492f3a3179a2193c45b90.jpg 1315w\" \/>                        <\/div>\n                    <\/div>\n                    <div class=\"content-wrapper\">\n                        <div class=\"content-inner-wrapper\">\n                                                            <h3>Solu\u00e7\u00f5es Sustent\u00e1veis<\/h3>\n                                                                                        <div class=\"description\">Compostos reciclados e de base biol\u00f3gica que reduzem o desperd\u00edcio, apoiam a economia circular e proporcionam materiais de alto desempenho para a ind\u00fastria moderna.<\/div>\n                            \n                                                            <a href=\"https:\/\/cabopol.kobudev.com\/pt-pt\/estrategia-de-sustentabilidade\/\" class=\"btn ghost-white arrow-btn\"><span>Ver mais<\/span><\/a>\n                                                    <\/div>\n                    <\/div>\n                <\/div>\n                    <\/div>\n                    <div class=\"container large\">\n                <a href=\"https:\/\/cabopol.kobudev.com\/pt-pt\/aplicacoes\/\" class=\"taxonomy-page-link arrow-link\"><span>Consultar as Nossas Aplica\u00e7\u00f5es<\/span><\/a>\n            <\/div>\n            <\/div>\n\n\n\n<div class=\"wp-block-kobu-custom-blocks-responsive-spacer responsive-spacer size-large\"><\/div>\n<\/div>\n\n\n\n<p><\/p>\n","protected":false},"excerpt":{"rendered":"","protected":false},"author":1,"featured_media":0,"parent":0,"menu_order":0,"comment_status":"closed","ping_status":"closed","template":"templates\/homepage.php","meta":{"_acf_changed":false,"inline_featured_image":false,"footnotes":""},"class_list":["post-88","page","type-page","status-publish","hentry"],"acf":[],"_links":{"self":[{"href":"https:\/\/cabopol.kobudev.com\/pt-pt\/wp-json\/wp\/v2\/pages\/88","targetHints":{"allow":["GET"]}}],"collection":[{"href":"https:\/\/cabopol.kobudev.com\/pt-pt\/wp-json\/wp\/v2\/pages"}],"about":[{"href":"https:\/\/cabopol.kobudev.com\/pt-pt\/wp-json\/wp\/v2\/types\/page"}],"author":[{"embeddable":true,"href":"https:\/\/cabopol.kobudev.com\/pt-pt\/wp-json\/wp\/v2\/users\/1"}],"replies":[{"embeddable":true,"href":"https:\/\/cabopol.kobudev.com\/pt-pt\/wp-json\/wp\/v2\/comments?post=88"}],"version-history":[{"count":28,"href":"https:\/\/cabopol.kobudev.com\/pt-pt\/wp-json\/wp\/v2\/pages\/88\/revisions"}],"predecessor-version":[{"id":2938,"href":"https:\/\/cabopol.kobudev.com\/pt-pt\/wp-json\/wp\/v2\/pages\/88\/revisions\/2938"}],"wp:attachment":[{"href":"https:\/\/cabopol.kobudev.com\/pt-pt\/wp-json\/wp\/v2\/media?parent=88"}],"curies":[{"name":"wp","href":"https:\/\/api.w.org\/{rel}","templated":true}]}}