{"id":2825,"date":"2025-11-21T11:06:44","date_gmt":"2025-11-21T11:06:44","guid":{"rendered":"https:\/\/cabopol.kobudev.com\/projetos\/s4plast\/"},"modified":"2025-12-16T15:45:10","modified_gmt":"2025-12-16T15:45:10","slug":"s4plast","status":"publish","type":"page","link":"https:\/\/cabopol.kobudev.com\/pt-pt\/projetos\/s4plast\/","title":{"rendered":"S4PLAST"},"content":{"rendered":"\n<p>Projeto mobilizador enquadrado na estrat\u00e9gia de efici\u00eancia coletiva do cluster Engineering &amp; Tooling que visa criar novo conhecimento que se repercutir\u00e1 no desenvolvimento de produtos sustent\u00e1veis de base polim\u00e9rica com caracter\u00edsticas diferenciadoras para o mercado, considerando o design para a circularidade, materiais sustent\u00e1veis e sistemas de produ\u00e7\u00e3o inteligentes, aut\u00f3nomos e precisos numa perspetiva de produ\u00e7\u00e3o zero defeitos.<\/p>\n\n\n\n<div class=\"wp-block-kobu-custom-blocks-responsive-spacer responsive-spacer size-large\"><\/div>\n\n\n<noscript class=\"loading-lazy\">\n<figure class=\"wp-block-image size-full\"><img loading=\"lazy\" decoding=\"async\" width=\"901\" height=\"498\" src=\"https:\/\/cabopol.kobudev.com\/files\/uploads\/2025\/11\/Wire-and-Cable.webp\" alt=\"\" class=\"wp-image-1355\" srcset=\"https:\/\/cabopol.kobudev.com\/files\/uploads\/2025\/11\/Wire-and-Cable.webp 901w, https:\/\/cabopol.kobudev.com\/files\/uploads\/2025\/11\/Wire-and-Cable-300x166.webp 300w, https:\/\/cabopol.kobudev.com\/files\/uploads\/2025\/11\/Wire-and-Cable-768x424.webp 768w\" sizes=\"auto, (max-width: 901px) 100vw, 901px\" \/><\/figure>\n<\/noscript>\n\n\n<div class=\"wp-block-kobu-custom-blocks-responsive-spacer responsive-spacer size-large\"><\/div>\n\n\n\n<h2 class=\"wp-block-heading\">Objectivos<\/h2>\n\n\n\n<ul class=\"wp-block-list\">\n<li>Desenvolvimento de metodologias hol\u00edsticas de apoio ao design e desenvolvimento de produto considerando todo o ciclo de vida.<\/li>\n\n\n\n<li>Desenvolvimento de tecnologia para produzir pe\u00e7as pl\u00e1sticas com caracter\u00edsticas est\u00e9ticas de aspeto metalizado<\/li>\n\n\n\n<li>Desenvolvimento de componentes multifuncionais com redu\u00e7\u00e3o do n\u00famero de materiais<\/li>\n\n\n\n<li>Desenvolvimento da valoriza\u00e7\u00e3o e reutiliza\u00e7\u00e3o de materiais resultantes dos processos de transforma\u00e7\u00e3o dos pl\u00e1sticos<\/li>\n\n\n\n<li>Desenvolvimento para o projeto de produto integrado e multifuncional.<\/li>\n<\/ul>\n\n\n\n<div class=\"wp-block-kobu-custom-blocks-responsive-spacer responsive-spacer size-small\"><\/div>\n\n\n\n<h3 class=\"wp-block-heading\">Acr\u00f3nimo e T\u00edtulo do Projeto<\/h3>\n\n\n\n<p>S4PLAST \u2013 Solu\u00e7\u00f5es Avan\u00e7adas de Pl\u00e1sticos Sustent\u00e1veis<\/p>\n\n\n\n<div class=\"wp-block-kobu-custom-blocks-responsive-spacer responsive-spacer size-small\"><\/div>\n\n\n\n<h3 class=\"wp-block-heading\">N.\u00ba do projeto<\/h3>\n\n\n\n<p>46089<\/p>\n\n\n\n<div class=\"wp-block-kobu-custom-blocks-responsive-spacer responsive-spacer size-small\"><\/div>\n\n\n\n<h3 class=\"wp-block-heading\">Medida<\/h3>\n\n\n\n<p>Programas Mobilizadores (SI IDT)<\/p>\n\n\n\n<div class=\"wp-block-kobu-custom-blocks-responsive-spacer responsive-spacer size-small\"><\/div>\n\n\n\n<h3 class=\"wp-block-heading\">Custo Total Eleg\u00edvel<\/h3>\n\n\n\n<p>4.755.388,44\u20ac<\/p>\n\n\n\n<div class=\"wp-block-kobu-custom-blocks-responsive-spacer responsive-spacer size-small\"><\/div>\n\n\n\n<h3 class=\"wp-block-heading\">Apoio Financeiro<\/h3>\n\n\n\n<p>3.301.629,24\u20ac<\/p>\n\n\n\n<div class=\"wp-block-kobu-custom-blocks-responsive-spacer responsive-spacer size-small\"><\/div>\n\n\n\n<h3 class=\"wp-block-heading\">Per\u00edodo de execu\u00e7\u00e3o<\/h3>\n\n\n\n<p>01-07-2020 \/ 30-06-2023<\/p>\n\n\n\n<div class=\"wp-block-kobu-custom-blocks-responsive-spacer responsive-spacer size-large\"><\/div>\n\n\n\n<div class=\"wp-block-kobu-custom-blocks-slider-gallery\"><div class=\"slider-gallery gallery-container hidden  \"><div class=\"gallery \" role=\"list\"><div class=\"slide\" role=\"listitem\"><div class=\"figure-wrapper\"><figure><img loading=\"lazy\" decoding=\"async\" width=\"1323\" height=\"882\" class=\"wp-image-295\" src=\"https:\/\/cabopol.kobudev.com\/files\/uploads\/2025\/07\/aed01efdf981ddc443431b3bdf672492302a9289.jpg\" alt=\"\" sizes=\"auto, 100vw\" srcset=\"https:\/\/cabopol.kobudev.com\/files\/uploads\/2025\/07\/aed01efdf981ddc443431b3bdf672492302a9289.jpg 1323w, https:\/\/cabopol.kobudev.com\/files\/uploads\/2025\/07\/aed01efdf981ddc443431b3bdf672492302a9289-300x200.jpg 300w, https:\/\/cabopol.kobudev.com\/files\/uploads\/2025\/07\/aed01efdf981ddc443431b3bdf672492302a9289-1024x683.jpg 1024w, https:\/\/cabopol.kobudev.com\/files\/uploads\/2025\/07\/aed01efdf981ddc443431b3bdf672492302a9289-768x512.jpg 768w\" \/><\/figure><\/div><\/div><div class=\"slide\" role=\"listitem\"><div class=\"figure-wrapper\"><figure><img loading=\"lazy\" decoding=\"async\" width=\"1600\" height=\"1067\" class=\"wp-image-311\" src=\"https:\/\/cabopol.kobudev.com\/files\/uploads\/2025\/07\/baa889b35f9492a36a410d3d9c650514aca13748.jpg\" alt=\"\" sizes=\"auto, 100vw\" srcset=\"https:\/\/cabopol.kobudev.com\/files\/uploads\/2025\/07\/baa889b35f9492a36a410d3d9c650514aca13748.jpg 1600w, https:\/\/cabopol.kobudev.com\/files\/uploads\/2025\/07\/baa889b35f9492a36a410d3d9c650514aca13748-300x200.jpg 300w, https:\/\/cabopol.kobudev.com\/files\/uploads\/2025\/07\/baa889b35f9492a36a410d3d9c650514aca13748-1024x683.jpg 1024w, https:\/\/cabopol.kobudev.com\/files\/uploads\/2025\/07\/baa889b35f9492a36a410d3d9c650514aca13748-768x512.jpg 768w, https:\/\/cabopol.kobudev.com\/files\/uploads\/2025\/07\/baa889b35f9492a36a410d3d9c650514aca13748-1536x1024.jpg 1536w\" \/><\/figure><\/div><\/div><div class=\"slide\" role=\"listitem\"><div class=\"figure-wrapper\"><figure><img loading=\"lazy\" decoding=\"async\" width=\"8512\" height=\"5682\" class=\"wp-image-1433\" src=\"https:\/\/cabopol.kobudev.com\/files\/uploads\/2025\/11\/Wire-Cable-Press-R.png\" alt=\"\" sizes=\"auto, 100vw\" srcset=\"https:\/\/cabopol.kobudev.com\/files\/uploads\/2025\/11\/Wire-Cable-Press-R.png 8512w, https:\/\/cabopol.kobudev.com\/files\/uploads\/2025\/11\/Wire-Cable-Press-R-300x200.png 300w, https:\/\/cabopol.kobudev.com\/files\/uploads\/2025\/11\/Wire-Cable-Press-R-1024x684.png 1024w, https:\/\/cabopol.kobudev.com\/files\/uploads\/2025\/11\/Wire-Cable-Press-R-768x513.png 768w\" \/><\/figure><\/div><\/div><\/div><\/div><\/div>\n\n\n\n<div class=\"wp-block-kobu-custom-blocks-responsive-spacer responsive-spacer size-large\"><\/div>\n\n\n\n<h3 class=\"wp-block-heading\">DESCARREGAR INFORMA\u00c7\u00c3O DO PROJETO<\/h3>\n\n\n\n<div class=\"wp-block-buttons is-layout-flex wp-block-buttons-is-layout-flex\">\n<div class=\"wp-block-button is-style-download-btn\"><a class=\"wp-block-button__link wp-element-button\" href=\"https:\/\/cabopol.kobudev.com\/files\/uploads\/2025\/11\/Ficha-de-projeto-S4PLAST-scaled.png\" target=\"_blank\" rel=\"noreferrer noopener\">Descarregar PDF<\/a><\/div>\n<\/div>\n\n\n\n<div class=\"wp-block-kobu-custom-blocks-responsive-spacer responsive-spacer size-medium\"><\/div>\n\n\n\n<h3 class=\"wp-block-heading\">Saiba mais sobre o projeto<\/h3>\n\n\n\n<div class=\"wp-block-buttons is-layout-flex wp-block-buttons-is-layout-flex\">\n<div class=\"wp-block-button\"><a class=\"wp-block-button__link wp-element-button\" href=\"https:\/\/s4plast.toolingportugal.com\/\">Visitar o site do projeto<\/a><\/div>\n<\/div>\n\n\n\n<div class=\"wp-block-kobu-custom-blocks-responsive-spacer responsive-spacer size-medium\"><\/div>\n\n\n\n<div class=\"wp-block-buttons is-layout-flex wp-block-buttons-is-layout-flex\">\n<div class=\"wp-block-button is-style-arrow-btn-underline\"><a class=\"wp-block-button__link wp-element-button\" href=\"https:\/\/cabopol.kobudev.com\/pt-pt\/projetos\/\">MAIS PROJETOS<\/a><\/div>\n<\/div>\n\n\n\n<p><\/p>\n","protected":false},"excerpt":{"rendered":"<p>Projeto mobilizador enquadrado na estrat\u00e9gia de efici\u00eancia coletiva do cluster Engineering &amp; Tooling que visa criar novo conhecimento que se repercutir\u00e1 no desenvolvimento de produtos [&hellip;]<\/p>\n","protected":false},"author":2,"featured_media":0,"parent":2716,"menu_order":27,"comment_status":"closed","ping_status":"closed","template":"","meta":{"_acf_changed":false,"inline_featured_image":false,"footnotes":""},"class_list":["post-2825","page","type-page","status-publish","hentry"],"acf":[],"_links":{"self":[{"href":"https:\/\/cabopol.kobudev.com\/pt-pt\/wp-json\/wp\/v2\/pages\/2825","targetHints":{"allow":["GET"]}}],"collection":[{"href":"https:\/\/cabopol.kobudev.com\/pt-pt\/wp-json\/wp\/v2\/pages"}],"about":[{"href":"https:\/\/cabopol.kobudev.com\/pt-pt\/wp-json\/wp\/v2\/types\/page"}],"author":[{"embeddable":true,"href":"https:\/\/cabopol.kobudev.com\/pt-pt\/wp-json\/wp\/v2\/users\/2"}],"replies":[{"embeddable":true,"href":"https:\/\/cabopol.kobudev.com\/pt-pt\/wp-json\/wp\/v2\/comments?post=2825"}],"version-history":[{"count":2,"href":"https:\/\/cabopol.kobudev.com\/pt-pt\/wp-json\/wp\/v2\/pages\/2825\/revisions"}],"predecessor-version":[{"id":2852,"href":"https:\/\/cabopol.kobudev.com\/pt-pt\/wp-json\/wp\/v2\/pages\/2825\/revisions\/2852"}],"up":[{"embeddable":true,"href":"https:\/\/cabopol.kobudev.com\/pt-pt\/wp-json\/wp\/v2\/pages\/2716"}],"wp:attachment":[{"href":"https:\/\/cabopol.kobudev.com\/pt-pt\/wp-json\/wp\/v2\/media?parent=2825"}],"curies":[{"name":"wp","href":"https:\/\/api.w.org\/{rel}","templated":true}]}}