{"id":2817,"date":"2025-11-21T11:30:47","date_gmt":"2025-11-21T11:30:47","guid":{"rendered":"https:\/\/cabopol.kobudev.com\/projetos\/recap\/"},"modified":"2025-12-16T14:28:45","modified_gmt":"2025-12-16T14:28:45","slug":"recap","status":"publish","type":"page","link":"https:\/\/cabopol.kobudev.com\/pt-pt\/projetos\/recap\/","title":{"rendered":"ReCAP"},"content":{"rendered":"\n<p>Delineado por quatro entidades em cons\u00f3rcio, (MPTooL, INEGI, Cadflow e Cabopol) o projeto ReCAP visa o desenvolvimento e produ\u00e7\u00e3o de componentes aeron\u00e1uticos comp\u00f3sitos de matriz termopl\u00e1stica refor\u00e7ada com fibra de carbono, atrav\u00e9s da valoriza\u00e7\u00e3o m\u00e1xima de \u201cres\u00edduos industriais\u201d e com menor recurso a mat\u00e9rias-primas virgens.<\/p>\n\n\n\n<p>O projeto ReCAP objetiva a redu\u00e7\u00e3o de peso e custo associado ao fabrico de componentes aeron\u00e1uticos, implementando um plano de a\u00e7\u00e3o inovador assente no desenvolvimento sustent\u00e1vel (com o objetivo do \u201cres\u00edduo zero\u201d) e competitivo (por explora\u00e7\u00e3o de tecnologias de elevada cad\u00eancia produtiva).<\/p>\n\n\n\n<p>Em suma, o projeto pretende desenvolver tecnologias relevantes para o setor aeron\u00e1utico, devidamente alinhadas com as principais linhas de inova\u00e7\u00e3o e investiga\u00e7\u00e3o do Clean Sky 2 e com uma vis\u00e3o estrat\u00e9gica assente na moderniza\u00e7\u00e3o dos modelos industriais para uma economia mais circular.<\/p>\n\n\n\n<p>Como resultado final, o projeto ir\u00e1 apresentar quatro prot\u00f3tipos aeron\u00e1uticos prim\u00e1rios e\/ou secund\u00e1rios como demonstradores das tecnologias implementadas &#8211; estampagem a quente com sobreinje\u00e7\u00e3o, molda\u00e7\u00e3o por compress\u00e3o com fibra longa com mat\u00e9ria-prima 100% reciclada, inje\u00e7\u00e3o de pl\u00e1stico refor\u00e7ado com mat\u00e9ria-prima 100% reciclada e soldadura in-situ de comp\u00f3sitos de matriz termopl\u00e1stica.<\/p>\n\n\n\n<p>Espera-se que os produtos finais venham proporcionar valor-acrescentado e visibilidade ao cons\u00f3rcio, funcionando como demonstradores de cada uma das suas compet\u00eancias e permitindo um forte posicionamento nos mercados nacional e internacional, tendo como principais vantagens competitivas o seu car\u00e1ter inovador, diferenciador e ambientalmente sustent\u00e1vel.<\/p>\n\n\n\n<div class=\"wp-block-kobu-custom-blocks-responsive-spacer responsive-spacer size-large\"><\/div>\n\n\n<noscript class=\"loading-lazy\">\n<figure class=\"wp-block-image size-full\"><img loading=\"lazy\" decoding=\"async\" width=\"901\" height=\"498\" src=\"https:\/\/cabopol.kobudev.com\/files\/uploads\/2025\/11\/Wire-and-Cable.webp\" alt=\"\" class=\"wp-image-1355\" srcset=\"https:\/\/cabopol.kobudev.com\/files\/uploads\/2025\/11\/Wire-and-Cable.webp 901w, https:\/\/cabopol.kobudev.com\/files\/uploads\/2025\/11\/Wire-and-Cable-300x166.webp 300w, https:\/\/cabopol.kobudev.com\/files\/uploads\/2025\/11\/Wire-and-Cable-768x424.webp 768w\" sizes=\"auto, (max-width: 901px) 100vw, 901px\" \/><\/figure>\n<\/noscript>\n\n\n<div class=\"wp-block-kobu-custom-blocks-responsive-spacer responsive-spacer size-large\"><\/div>\n\n\n\n<h2 class=\"wp-block-heading\">Projeto<\/h2>\n\n\n\n<p>ReCAP \u2013 Reutiliza\u00e7\u00e3o de Comp\u00f3sitos de Alta Performance: Sector Aeroespacial<\/p>\n\n\n\n<div class=\"wp-block-kobu-custom-blocks-responsive-spacer responsive-spacer size-small\"><\/div>\n\n\n\n<h3 class=\"wp-block-heading\">Nr. Projeto<\/h3>\n\n\n\n<p>46966<\/p>\n\n\n\n<div class=\"wp-block-kobu-custom-blocks-responsive-spacer responsive-spacer size-small\"><\/div>\n\n\n\n<h3 class=\"wp-block-heading\">C\u00f3digo<\/h3>\n\n\n\n<p>POCI-01-0247-FEDER-046966<\/p>\n\n\n\n<div class=\"wp-block-kobu-custom-blocks-responsive-spacer responsive-spacer size-small\"><\/div>\n\n\n\n<h3 class=\"wp-block-heading\">Data de Aprova\u00e7\u00e3o<\/h3>\n\n\n\n<p>15-12-2020<\/p>\n\n\n\n<div class=\"wp-block-kobu-custom-blocks-responsive-spacer responsive-spacer size-small\"><\/div>\n\n\n\n<h3 class=\"wp-block-heading\">Data de In\u00edcio<\/h3>\n\n\n\n<p>01-10-2020<\/p>\n\n\n\n<div class=\"wp-block-kobu-custom-blocks-responsive-spacer responsive-spacer size-small\"><\/div>\n\n\n\n<h3 class=\"wp-block-heading\">Data de Fim<\/h3>\n\n\n\n<p>30-06-2023<\/p>\n\n\n\n<div class=\"wp-block-kobu-custom-blocks-responsive-spacer responsive-spacer size-small\"><\/div>\n\n\n\n<h3 class=\"wp-block-heading\">Entidades Benefici\u00e1rias<\/h3>\n\n\n\n<p>MPTool; INEGI; Cadflow; Cabopol<\/p>\n\n\n\n<div class=\"wp-block-kobu-custom-blocks-responsive-spacer responsive-spacer size-small\"><\/div>\n\n\n\n<h3 class=\"wp-block-heading\">Regi\u00e3o de Interven\u00e7\u00e3o<\/h3>\n\n\n\n<p>Norte e Centro<\/p>\n\n\n\n<div class=\"wp-block-kobu-custom-blocks-responsive-spacer responsive-spacer size-small\"><\/div>\n\n\n\n<h3 class=\"wp-block-heading\">Investimento<\/h3>\n\n\n\n<p>2.362 223,01\u20ac<\/p>\n\n\n\n<div class=\"wp-block-kobu-custom-blocks-responsive-spacer responsive-spacer size-large\"><\/div>\n\n\n\n<div class=\"wp-block-kobu-custom-blocks-slider-gallery\"><div class=\"slider-gallery gallery-container hidden  \"><div class=\"gallery \" role=\"list\"><div class=\"slide\" role=\"listitem\"><div class=\"figure-wrapper\"><figure><img loading=\"lazy\" decoding=\"async\" width=\"1323\" height=\"882\" class=\"wp-image-295\" src=\"https:\/\/cabopol.kobudev.com\/files\/uploads\/2025\/07\/aed01efdf981ddc443431b3bdf672492302a9289.jpg\" alt=\"\" sizes=\"auto, 100vw\" srcset=\"https:\/\/cabopol.kobudev.com\/files\/uploads\/2025\/07\/aed01efdf981ddc443431b3bdf672492302a9289.jpg 1323w, https:\/\/cabopol.kobudev.com\/files\/uploads\/2025\/07\/aed01efdf981ddc443431b3bdf672492302a9289-300x200.jpg 300w, https:\/\/cabopol.kobudev.com\/files\/uploads\/2025\/07\/aed01efdf981ddc443431b3bdf672492302a9289-1024x683.jpg 1024w, https:\/\/cabopol.kobudev.com\/files\/uploads\/2025\/07\/aed01efdf981ddc443431b3bdf672492302a9289-768x512.jpg 768w\" \/><\/figure><\/div><\/div><div class=\"slide\" role=\"listitem\"><div class=\"figure-wrapper\"><figure><img loading=\"lazy\" decoding=\"async\" width=\"1600\" height=\"1067\" class=\"wp-image-311\" src=\"https:\/\/cabopol.kobudev.com\/files\/uploads\/2025\/07\/baa889b35f9492a36a410d3d9c650514aca13748.jpg\" alt=\"\" sizes=\"auto, 100vw\" srcset=\"https:\/\/cabopol.kobudev.com\/files\/uploads\/2025\/07\/baa889b35f9492a36a410d3d9c650514aca13748.jpg 1600w, https:\/\/cabopol.kobudev.com\/files\/uploads\/2025\/07\/baa889b35f9492a36a410d3d9c650514aca13748-300x200.jpg 300w, https:\/\/cabopol.kobudev.com\/files\/uploads\/2025\/07\/baa889b35f9492a36a410d3d9c650514aca13748-1024x683.jpg 1024w, https:\/\/cabopol.kobudev.com\/files\/uploads\/2025\/07\/baa889b35f9492a36a410d3d9c650514aca13748-768x512.jpg 768w, https:\/\/cabopol.kobudev.com\/files\/uploads\/2025\/07\/baa889b35f9492a36a410d3d9c650514aca13748-1536x1024.jpg 1536w\" \/><\/figure><\/div><\/div><div class=\"slide\" role=\"listitem\"><div class=\"figure-wrapper\"><figure><img loading=\"lazy\" decoding=\"async\" width=\"8512\" height=\"5682\" class=\"wp-image-1433\" src=\"https:\/\/cabopol.kobudev.com\/files\/uploads\/2025\/11\/Wire-Cable-Press-R.png\" alt=\"\" sizes=\"auto, 100vw\" srcset=\"https:\/\/cabopol.kobudev.com\/files\/uploads\/2025\/11\/Wire-Cable-Press-R.png 8512w, https:\/\/cabopol.kobudev.com\/files\/uploads\/2025\/11\/Wire-Cable-Press-R-300x200.png 300w, https:\/\/cabopol.kobudev.com\/files\/uploads\/2025\/11\/Wire-Cable-Press-R-1024x684.png 1024w, https:\/\/cabopol.kobudev.com\/files\/uploads\/2025\/11\/Wire-Cable-Press-R-768x513.png 768w\" \/><\/figure><\/div><\/div><\/div><\/div><\/div>\n\n\n\n<div class=\"wp-block-kobu-custom-blocks-responsive-spacer responsive-spacer size-large\"><\/div>\n\n\n\n<h3 class=\"wp-block-heading\">DESCARREGAR INFORMA\u00c7\u00c3O DO PROJETO<\/h3>\n\n\n\n<div class=\"wp-block-buttons is-layout-flex wp-block-buttons-is-layout-flex\">\n<div class=\"wp-block-button is-style-download-btn\"><a class=\"wp-block-button__link wp-element-button\" href=\"https:\/\/cabopol.kobudev.com\/files\/uploads\/2025\/11\/ReCAP-Ficha-de-Projeto.pdf\">Descarregar PDF<\/a><\/div>\n<\/div>\n\n\n\n<div class=\"wp-block-kobu-custom-blocks-responsive-spacer responsive-spacer size-medium\"><\/div>\n\n\n\n<div class=\"wp-block-buttons is-layout-flex wp-block-buttons-is-layout-flex\">\n<div class=\"wp-block-button is-style-arrow-btn-underline\"><a class=\"wp-block-button__link wp-element-button\" href=\"https:\/\/cabopol.kobudev.com\/pt-pt\/projetos\/\">MAIS PROJETOS<\/a><\/div>\n<\/div>\n\n\n\n<p><\/p>\n","protected":false},"excerpt":{"rendered":"<p>Delineado por quatro entidades em cons\u00f3rcio, (MPTooL, INEGI, Cadflow e Cabopol) o projeto ReCAP visa o desenvolvimento e produ\u00e7\u00e3o de componentes aeron\u00e1uticos comp\u00f3sitos de matriz [&hellip;]<\/p>\n","protected":false},"author":2,"featured_media":0,"parent":2716,"menu_order":26,"comment_status":"closed","ping_status":"closed","template":"","meta":{"_acf_changed":false,"inline_featured_image":false,"footnotes":""},"class_list":["post-2817","page","type-page","status-publish","hentry"],"acf":[],"_links":{"self":[{"href":"https:\/\/cabopol.kobudev.com\/pt-pt\/wp-json\/wp\/v2\/pages\/2817","targetHints":{"allow":["GET"]}}],"collection":[{"href":"https:\/\/cabopol.kobudev.com\/pt-pt\/wp-json\/wp\/v2\/pages"}],"about":[{"href":"https:\/\/cabopol.kobudev.com\/pt-pt\/wp-json\/wp\/v2\/types\/page"}],"author":[{"embeddable":true,"href":"https:\/\/cabopol.kobudev.com\/pt-pt\/wp-json\/wp\/v2\/users\/2"}],"replies":[{"embeddable":true,"href":"https:\/\/cabopol.kobudev.com\/pt-pt\/wp-json\/wp\/v2\/comments?post=2817"}],"version-history":[{"count":2,"href":"https:\/\/cabopol.kobudev.com\/pt-pt\/wp-json\/wp\/v2\/pages\/2817\/revisions"}],"predecessor-version":[{"id":2846,"href":"https:\/\/cabopol.kobudev.com\/pt-pt\/wp-json\/wp\/v2\/pages\/2817\/revisions\/2846"}],"up":[{"embeddable":true,"href":"https:\/\/cabopol.kobudev.com\/pt-pt\/wp-json\/wp\/v2\/pages\/2716"}],"wp:attachment":[{"href":"https:\/\/cabopol.kobudev.com\/pt-pt\/wp-json\/wp\/v2\/media?parent=2817"}],"curies":[{"name":"wp","href":"https:\/\/api.w.org\/{rel}","templated":true}]}}