{"id":2716,"date":"2025-06-04T13:49:23","date_gmt":"2025-06-04T13:49:23","guid":{"rendered":"https:\/\/cabopol.kobudev.com\/projects\/"},"modified":"2025-12-18T10:59:25","modified_gmt":"2025-12-18T10:59:25","slug":"projetos","status":"publish","type":"page","link":"https:\/\/cabopol.kobudev.com\/pt-pt\/projetos\/","title":{"rendered":"Projetos"},"content":{"rendered":"\n<p class=\"is-style-top-red-line\">Nesta sec\u00e7\u00e3o, poder\u00e1 encontrar informa\u00e7\u00e3o sobre os projetos que foram cofinanciados por programas de apoio regionais, nacionais ou europeus. Estes projetos refletem o nosso compromisso com a inova\u00e7\u00e3o, a sustentabilidade e o desenvolvimento cont\u00ednuo das nossas capacidades produtivas e tecnol\u00f3gicas. <br><br>Com o apoio deste financiamento, conseguimos avan\u00e7ar em \u00e1reas-chave como a efici\u00eancia energ\u00e9tica, a internacionaliza\u00e7\u00e3o, a transforma\u00e7\u00e3o digital e o refor\u00e7o da competitividade. Consulte aqui os detalhes de cada iniciativa e descubra como continuamos a construir o futuro de forma respons\u00e1vel.<\/p>\n\n\n\n<div class=\"wp-block-kobu-custom-blocks-responsive-spacer responsive-spacer size-large\"><\/div>\n\n\n<div class=\"columns-group-block alignfull\">\n                <div class=\"columns-group-row\">\n            <div class=\"column columns-group-column\">\n                                    <div class=\"img-wrapper\">\n                        <img loading=\"lazy\" decoding=\"async\" width=\"640\" height=\"360\" src=\"https:\/\/cabopol.kobudev.com\/files\/uploads\/2025\/11\/Painel-F-768x432.jpg\" class=\"coverimg\" alt=\"\" sizes=\"auto, (min-width: 601px) 50vw, 100vw\" srcset=\"https:\/\/cabopol.kobudev.com\/files\/uploads\/2025\/11\/Painel-F-768x432.jpg 768w, https:\/\/cabopol.kobudev.com\/files\/uploads\/2025\/11\/Painel-F-300x169.jpg 300w, https:\/\/cabopol.kobudev.com\/files\/uploads\/2025\/11\/Painel-F-1024x576.jpg 1024w, https:\/\/cabopol.kobudev.com\/files\/uploads\/2025\/11\/Painel-F-1536x864.jpg 1536w, https:\/\/cabopol.kobudev.com\/files\/uploads\/2025\/11\/Painel-F-2048x1152.jpg 2048w\" \/>                    <\/div>\n                                <div class=\"content-wrapper\">\n                    <h3 class=\"title\">Projeto de Descarboniza\u00e7\u00e3o da Cabopol<\/h3>\n                                            <div class=\"description\"><p class=\"p1\">Cabopol\u2019s Decarbonization project in Porto de M\u00f3s aims to reduce greenhouse gas emissions and improve energy efficiency through a photovoltaic self-consumption plant and energy system optimization.<\/p>\n<\/div>\n                    \n                    <a href=\"https:\/\/cabopol.kobudev.com\/pt-pt\/projetos\/projeto-de-descarbonizacao-da-cabopol\/\" class=\"btn\" >saber mais<\/a>                <\/div>\n            <\/div>\n\n                            \n            <div class=\"column columns-group-column\">\n                                    <div class=\"img-wrapper\">\n                        <img loading=\"lazy\" decoding=\"async\" width=\"640\" height=\"960\" src=\"https:\/\/cabopol.kobudev.com\/files\/uploads\/2025\/11\/embalagem-do-futuro.jpg\" class=\"coverimg\" alt=\"\" sizes=\"auto, (min-width: 601px) 50vw, 100vw\" srcset=\"https:\/\/cabopol.kobudev.com\/files\/uploads\/2025\/11\/embalagem-do-futuro.jpg 683w, https:\/\/cabopol.kobudev.com\/files\/uploads\/2025\/11\/embalagem-do-futuro-200x300.jpg 200w\" \/>                    <\/div>\n                                <div class=\"content-wrapper\">\n                    <h3 class=\"title\">Embalagem do Futuro<\/h3>\n                                            <div class=\"description\"><p class=\"p1\">Projeto inovador que visa a produ\u00e7\u00e3o e comercializa\u00e7\u00e3o \u00e0 escala global de solu\u00e7\u00f5es de embalagem mais ecol\u00f3gicas, mais digitais e mais inclusivas<\/p>\n<\/div>\n                    \n                    <a href=\"https:\/\/cabopol.kobudev.com\/pt-pt\/projetos\/\" class=\"btn\" >saber mais<\/a>                <\/div>\n            <\/div>\n\n            <\/div>                <div class=\"columns-group-row\">\n            <div class=\"column columns-group-column\">\n                                    <div class=\"img-wrapper\">\n                        <img loading=\"lazy\" decoding=\"async\" width=\"640\" height=\"335\" src=\"https:\/\/cabopol.kobudev.com\/files\/uploads\/2025\/11\/S4PLAST-768x402.jpg\" class=\"coverimg\" alt=\"\" sizes=\"auto, (min-width: 601px) 50vw, 100vw\" srcset=\"https:\/\/cabopol.kobudev.com\/files\/uploads\/2025\/11\/S4PLAST-768x402.jpg 768w, https:\/\/cabopol.kobudev.com\/files\/uploads\/2025\/11\/S4PLAST-300x157.jpg 300w, https:\/\/cabopol.kobudev.com\/files\/uploads\/2025\/11\/S4PLAST-1024x536.jpg 1024w, https:\/\/cabopol.kobudev.com\/files\/uploads\/2025\/11\/S4PLAST-1536x804.jpg 1536w, https:\/\/cabopol.kobudev.com\/files\/uploads\/2025\/11\/S4PLAST.jpg 2000w\" \/>                    <\/div>\n                                <div class=\"content-wrapper\">\n                    <h3 class=\"title\">S4PLAST<\/h3>\n                                            <div class=\"description\"><p class=\"p1\">O projeto S4PLAST visa desenvolver produtos polim\u00e9ricos sustent\u00e1veis e diferenciadores, com design circular, pe\u00e7as metalizadas, componentes multifuncionais e valoriza\u00e7\u00e3o de materiais reciclados.<\/p>\n<\/div>\n                    \n                    <a href=\"https:\/\/cabopol.kobudev.com\/pt-pt\/aplicacoes\/cabos-e-fio-automovel\/\" class=\"btn\" >saber mais<\/a>                <\/div>\n            <\/div>\n\n                            \n            <div class=\"column columns-group-column\">\n                                    <div class=\"img-wrapper\">\n                        <img loading=\"lazy\" decoding=\"async\" width=\"640\" height=\"427\" src=\"https:\/\/cabopol.kobudev.com\/files\/uploads\/2025\/11\/Nanopoli-768x512.jpeg\" class=\"coverimg\" alt=\"\" sizes=\"auto, (min-width: 601px) 50vw, 100vw\" srcset=\"https:\/\/cabopol.kobudev.com\/files\/uploads\/2025\/11\/Nanopoli-768x512.jpeg 768w, https:\/\/cabopol.kobudev.com\/files\/uploads\/2025\/11\/Nanopoli-300x200.jpeg 300w, https:\/\/cabopol.kobudev.com\/files\/uploads\/2025\/11\/Nanopoli-1024x683.jpeg 1024w, https:\/\/cabopol.kobudev.com\/files\/uploads\/2025\/11\/Nanopoli-1536x1024.jpeg 1536w, https:\/\/cabopol.kobudev.com\/files\/uploads\/2025\/11\/Nanopoli-2048x1365.jpeg 2048w\" \/>                    <\/div>\n                                <div class=\"content-wrapper\">\n                    <h3 class=\"title\">ReCAP<\/h3>\n                                            <div class=\"description\"><p class=\"p1\">O projeto ReCAP, desenvolvido em cons\u00f3rcio por MPTooL, INEGI, Cadflow e Cabopol, visa produzir componentes aeron\u00e1uticos comp\u00f3sitos de matriz termopl\u00e1stica refor\u00e7ada com fibra de carbono, valorizando res\u00edduos industriais e minimizando mat\u00e9rias-primas virgens. O projeto foca na redu\u00e7\u00e3o de peso e custos, tecnologias sustent\u00e1veis e inovadoras, e desenvolvimento de prot\u00f3tipos como demonstradores das compet\u00eancias do cons\u00f3rcio.<\/p>\n<\/div>\n                    \n                    <a href=\"https:\/\/cabopol.kobudev.com\/pt-pt\/aplicacoes\/cabos-e-fio-automovel\/energia\/\" class=\"btn\" >saber mais<\/a>                <\/div>\n            <\/div>\n\n            <\/div>                <div class=\"columns-group-row\">\n            <div class=\"column columns-group-column\">\n                                    <div class=\"img-wrapper\">\n                        <img loading=\"lazy\" decoding=\"async\" width=\"640\" height=\"428\" src=\"https:\/\/cabopol.kobudev.com\/files\/uploads\/2025\/11\/Bioprime-768x513.jpg\" class=\"coverimg\" alt=\"\" sizes=\"auto, (min-width: 601px) 50vw, 100vw\" srcset=\"https:\/\/cabopol.kobudev.com\/files\/uploads\/2025\/11\/Bioprime-768x513.jpg 768w, https:\/\/cabopol.kobudev.com\/files\/uploads\/2025\/11\/Bioprime-300x200.jpg 300w, https:\/\/cabopol.kobudev.com\/files\/uploads\/2025\/11\/Bioprime-1024x684.jpg 1024w, https:\/\/cabopol.kobudev.com\/files\/uploads\/2025\/11\/Bioprime-1536x1025.jpg 1536w, https:\/\/cabopol.kobudev.com\/files\/uploads\/2025\/11\/Bioprime-2048x1367.jpg 2048w\" \/>                    <\/div>\n                                <div class=\"content-wrapper\">\n                    <h3 class=\"title\">Bioprime<\/h3>\n                                            <div class=\"description\"><p class=\"p1\">O projeto Bioprime foca-se no desenvolvimento de um novo composto polim\u00e9rico biodegrad\u00e1vel e compost\u00e1vel, com propriedades t\u00e9cnicas avan\u00e7adas e origem renov\u00e1vel (PLA). A solu\u00e7\u00e3o visa aplica\u00e7\u00f5es em embalagens r\u00edgidas e flex\u00edveis, promovendo a sustentabilidade e a redu\u00e7\u00e3o do impacto ambiental.<\/p>\n<\/div>\n                    \n                    <a href=\"https:\/\/cabopol.kobudev.com\/pt-pt\/os-nossos-produtos\/\" class=\"btn\" >saber mais<\/a>                <\/div>\n            <\/div>\n\n                            \n            <div class=\"column columns-group-column\">\n                                    <div class=\"img-wrapper\">\n                        <img loading=\"lazy\" decoding=\"async\" width=\"640\" height=\"360\" src=\"https:\/\/cabopol.kobudev.com\/files\/uploads\/2025\/11\/Elastomereg-768x432.jpg\" class=\"coverimg\" alt=\"\" sizes=\"auto, (min-width: 601px) 50vw, 100vw\" srcset=\"https:\/\/cabopol.kobudev.com\/files\/uploads\/2025\/11\/Elastomereg-768x432.jpg 768w, https:\/\/cabopol.kobudev.com\/files\/uploads\/2025\/11\/Elastomereg-300x169.jpg 300w, https:\/\/cabopol.kobudev.com\/files\/uploads\/2025\/11\/Elastomereg-1024x576.jpg 1024w, https:\/\/cabopol.kobudev.com\/files\/uploads\/2025\/11\/Elastomereg-1536x864.jpg 1536w, https:\/\/cabopol.kobudev.com\/files\/uploads\/2025\/11\/Elastomereg-2048x1152.jpg 2048w\" \/>                    <\/div>\n                                <div class=\"content-wrapper\">\n                    <h3 class=\"title\">Elastomereg<\/h3>\n                                            <div class=\"description\"><p class=\"p1\">O projeto Elastomereg permitiu o desenvolvimento de uma nova gera\u00e7\u00e3o de TPV com capacidade de autorregenera\u00e7\u00e3o, maior resist\u00eancia t\u00e9rmica e qu\u00edmica. Uma inova\u00e7\u00e3o que posiciona a Cabopol na linha da frente do setor dos compostos polim\u00e9ricos a n\u00edvel internacional.<\/p>\n<\/div>\n                    \n                                    <\/div>\n            <\/div>\n\n            <\/div>                <div class=\"columns-group-row\">\n            <div class=\"column columns-group-column\">\n                                    <div class=\"img-wrapper\">\n                        <img loading=\"lazy\" decoding=\"async\" width=\"640\" height=\"428\" src=\"https:\/\/cabopol.kobudev.com\/files\/uploads\/2025\/11\/Wire-Cable-Press-R-768x513.png\" class=\"coverimg\" alt=\"\" sizes=\"auto, (min-width: 601px) 50vw, 100vw\" srcset=\"https:\/\/cabopol.kobudev.com\/files\/uploads\/2025\/11\/Wire-Cable-Press-R-768x513.png 768w, https:\/\/cabopol.kobudev.com\/files\/uploads\/2025\/11\/Wire-Cable-Press-R-300x200.png 300w, https:\/\/cabopol.kobudev.com\/files\/uploads\/2025\/11\/Wire-Cable-Press-R-1024x684.png 1024w\" \/>                    <\/div>\n                                <div class=\"content-wrapper\">\n                    <h3 class=\"title\">Nanopoli<\/h3>\n                                            <div class=\"description\"><p>O projeto Nanopoli permitiu o desenvolvimento de um inovador nanocomp\u00f3sito com elevada resist\u00eancia \u00e0 chama, boas propriedades t\u00e9rmicas e mec\u00e2nicas, destinado a aplica\u00e7\u00f5es de revestimento e isolamento de cabos. Uma solu\u00e7\u00e3o com impacto direto na consolida\u00e7\u00e3o t\u00e9cnica e cient\u00edfica da Cabopol.<\/p>\n<\/div>\n                    \n                    <a href=\"https:\/\/cabopol.kobudev.com\/pt-pt\/projetos\/\" class=\"btn\" >saber mais<\/a>                <\/div>\n            <\/div>\n\n            <\/div>    <\/div>","protected":false},"excerpt":{"rendered":"<p>Nesta sec\u00e7\u00e3o, poder\u00e1 encontrar informa\u00e7\u00e3o sobre os projetos que foram cofinanciados por programas de apoio regionais, nacionais ou europeus. Estes projetos refletem o nosso compromisso [&hellip;]<\/p>\n","protected":false},"author":1,"featured_media":0,"parent":0,"menu_order":20,"comment_status":"closed","ping_status":"closed","template":"templates\/compete-2020.php","meta":{"_acf_changed":false,"inline_featured_image":false,"footnotes":""},"class_list":["post-2716","page","type-page","status-publish","hentry"],"acf":[],"_links":{"self":[{"href":"https:\/\/cabopol.kobudev.com\/pt-pt\/wp-json\/wp\/v2\/pages\/2716","targetHints":{"allow":["GET"]}}],"collection":[{"href":"https:\/\/cabopol.kobudev.com\/pt-pt\/wp-json\/wp\/v2\/pages"}],"about":[{"href":"https:\/\/cabopol.kobudev.com\/pt-pt\/wp-json\/wp\/v2\/types\/page"}],"author":[{"embeddable":true,"href":"https:\/\/cabopol.kobudev.com\/pt-pt\/wp-json\/wp\/v2\/users\/1"}],"replies":[{"embeddable":true,"href":"https:\/\/cabopol.kobudev.com\/pt-pt\/wp-json\/wp\/v2\/comments?post=2716"}],"version-history":[{"count":7,"href":"https:\/\/cabopol.kobudev.com\/pt-pt\/wp-json\/wp\/v2\/pages\/2716\/revisions"}],"predecessor-version":[{"id":2963,"href":"https:\/\/cabopol.kobudev.com\/pt-pt\/wp-json\/wp\/v2\/pages\/2716\/revisions\/2963"}],"wp:attachment":[{"href":"https:\/\/cabopol.kobudev.com\/pt-pt\/wp-json\/wp\/v2\/media?parent=2716"}],"curies":[{"name":"wp","href":"https:\/\/api.w.org\/{rel}","templated":true}]}}