{"id":2665,"date":"2025-08-08T11:03:38","date_gmt":"2025-08-08T11:03:38","guid":{"rendered":"https:\/\/cabopol.kobudev.com\/aplicacoes\/injecao-e-extrusao\/consumer-goods-personal-care\/"},"modified":"2025-12-15T12:49:53","modified_gmt":"2025-12-15T12:49:53","slug":"bens-de-consumo-cuidados-pessoais","status":"publish","type":"page","link":"https:\/\/cabopol.kobudev.com\/pt-pt\/aplicacoes\/injecao-e-extrusao\/bens-de-consumo-cuidados-pessoais\/","title":{"rendered":"Bens de Consumo &amp; Cuidados Pessoais"},"content":{"rendered":"\n<div class=\"wp-block-kobu-custom-blocks-inner-content-img alignwide media-content-group child-item align-right valign-start img-first\"><div class=\"media-col\"><figure><img loading=\"lazy\" decoding=\"async\" width=\"1301\" height=\"1301\" class=\"wp-image-1762\" src=\"https:\/\/cabopol.kobudev.com\/files\/uploads\/2025\/11\/Injection-Extrusion-Moulding-Consumer-goods-and-personal-care.webp\" alt=\"\" title=\"Injection &amp; Extrusion Moulding Consumer goods and personal care\" sizes=\"auto, (min-width: 1201px) 35vw, (min-width: 601px) 50vw, 100vw\" srcset=\"https:\/\/cabopol.kobudev.com\/files\/uploads\/2025\/11\/Injection-Extrusion-Moulding-Consumer-goods-and-personal-care.webp 1301w, https:\/\/cabopol.kobudev.com\/files\/uploads\/2025\/11\/Injection-Extrusion-Moulding-Consumer-goods-and-personal-care-300x300.webp 300w, https:\/\/cabopol.kobudev.com\/files\/uploads\/2025\/11\/Injection-Extrusion-Moulding-Consumer-goods-and-personal-care-1024x1024.webp 1024w, https:\/\/cabopol.kobudev.com\/files\/uploads\/2025\/11\/Injection-Extrusion-Moulding-Consumer-goods-and-personal-care-150x150.webp 150w, https:\/\/cabopol.kobudev.com\/files\/uploads\/2025\/11\/Injection-Extrusion-Moulding-Consumer-goods-and-personal-care-768x768.webp 768w\" \/><\/figure><\/div><div class=\"content-col\"><div class=\"content-col-wrapper\">\n<h2 class=\"wp-block-heading\">Cuidados Pessoais &amp; M\u00e9dicos TPE-S | PVC<\/h2>\n\n\n\n<p>Para aplica\u00e7\u00f5es de cuidados pessoais e m\u00e9dicas, os compostos Lacoflex\u00ae TPE-S oferecem suavidade, flexibilidade e durabilidade para produtos como l\u00e2minas de barbear, escovas de dentes, filmes el\u00e1sticos para fraldas, cord\u00f5es de m\u00e1scaras e banheiras dobr\u00e1veis para beb\u00e9s.<\/p>\n\n\n\n<p>Polyprime\u00ae PVC garante resist\u00eancia qu\u00edmica e transpar\u00eancia para tubos de di\u00e1lise e pe\u00e7as de inje\u00e7\u00e3o de m\u00e1scaras.<\/p>\n\n\n\n<p>Estes materiais exemplificam o nosso compromisso com desempenho fi\u00e1vel, conforto do utilizador e qualidade consistente na produ\u00e7\u00e3o de cuidados pessoais e de sa\u00fade.<\/p>\n<\/div><\/div><\/div>\n\n\n\n<div class=\"wp-block-kobu-custom-blocks-responsive-spacer responsive-spacer size-large\"><\/div>\n\n\n\n<div class=\"wp-block-kobu-custom-blocks-inner-content-img alignwide media-content-group child-item align-left valign-start img-first\"><div class=\"media-col\"><figure><img loading=\"lazy\" decoding=\"async\" width=\"1301\" height=\"1301\" class=\"wp-image-1815\" src=\"https:\/\/cabopol.kobudev.com\/files\/uploads\/2025\/11\/Consumer-Goods-Toys.webp\" alt=\"\" title=\"Consumer Goods Toys\" sizes=\"auto, (min-width: 1201px) 35vw, (min-width: 601px) 50vw, 100vw\" srcset=\"https:\/\/cabopol.kobudev.com\/files\/uploads\/2025\/11\/Consumer-Goods-Toys.webp 1301w, https:\/\/cabopol.kobudev.com\/files\/uploads\/2025\/11\/Consumer-Goods-Toys-300x300.webp 300w, https:\/\/cabopol.kobudev.com\/files\/uploads\/2025\/11\/Consumer-Goods-Toys-1024x1024.webp 1024w, https:\/\/cabopol.kobudev.com\/files\/uploads\/2025\/11\/Consumer-Goods-Toys-150x150.webp 150w, https:\/\/cabopol.kobudev.com\/files\/uploads\/2025\/11\/Consumer-Goods-Toys-768x768.webp 768w\" \/><\/figure><\/div><div class=\"content-col\"><div class=\"content-col-wrapper\">\n<h2 class=\"wp-block-heading\">Brinquedos, Desporto &amp; Ferramentas | TPE-S | PA6 | PA6.6 | PP | PVC<\/h2>\n\n\n\n<p>Para aplica\u00e7\u00f5es em brinquedos, desporto e ferramentas, os compostos Lacoflex\u00ae TPE-S combinam flexibilidade, resist\u00eancia e seguran\u00e7a, ideais para produtos como guiadores de bicicletas, figuras de brinquedo e acess\u00f3rios desportivos.<\/p>\n\n\n\n<p>Polyamis PA6 e PA6.6 oferecem rigidez excecional e resist\u00eancia ao impacto para esquis, bases de cadeiras de escrit\u00f3rio e pegas de carrinhos de compras, refor\u00e7adas com fibra de vidro para maior resist\u00eancia.<\/p>\n\n\n\n<p>Sofiprime\u00ae PP proporciona durabilidade leve e versatilidade de design para produtos de consumo, como tabuleiros, bancos e cestos, enquanto o Polyprime\u00ae PVC garante desempenho fi\u00e1vel de veda\u00e7\u00e3o em fechos de malas.<\/p>\n\n\n\n<p>Estes exemplos destacam as nossas solu\u00e7\u00f5es de materiais vers\u00e1teis para produtos de consumo duradouros, seguros e de alta qualidade.<\/p>\n<\/div><\/div><\/div>\n\n\n\n<div class=\"wp-block-kobu-custom-blocks-responsive-spacer responsive-spacer size-large\"><\/div>\n\n\n\n<div class=\"wp-block-kobu-custom-blocks-inner-content-img alignwide media-content-group child-item align-right valign-start img-first\"><div class=\"media-col\"><figure><img loading=\"lazy\" decoding=\"async\" width=\"1301\" height=\"1301\" class=\"wp-image-1819\" src=\"https:\/\/cabopol.kobudev.com\/files\/uploads\/2025\/11\/Consumer-goods-Whitegoods.webp\" alt=\"\" title=\"Consumer goods Whitegoods\" sizes=\"auto, (min-width: 1201px) 35vw, (min-width: 601px) 50vw, 100vw\" srcset=\"https:\/\/cabopol.kobudev.com\/files\/uploads\/2025\/11\/Consumer-goods-Whitegoods.webp 1301w, https:\/\/cabopol.kobudev.com\/files\/uploads\/2025\/11\/Consumer-goods-Whitegoods-300x300.webp 300w, https:\/\/cabopol.kobudev.com\/files\/uploads\/2025\/11\/Consumer-goods-Whitegoods-1024x1024.webp 1024w, https:\/\/cabopol.kobudev.com\/files\/uploads\/2025\/11\/Consumer-goods-Whitegoods-150x150.webp 150w, https:\/\/cabopol.kobudev.com\/files\/uploads\/2025\/11\/Consumer-goods-Whitegoods-768x768.webp 768w\" \/><\/figure><\/div><div class=\"content-col\"><div class=\"content-col-wrapper\">\n<h2 class=\"wp-block-heading\">Eletrodom\u00e9sticos &amp; Utens\u00edlios de Cozinha TPE-S | PA6.6 | PP<\/h2>\n\n\n\n<p>Estes exemplos ilustram o nosso compromisso em fornecer materiais fi\u00e1veis e de alto desempenho para eletrodom\u00e9sticos modernos.<\/p>\n\n\n\n<p>Os compostos Sofiprime\u00ae PP garantem durabilidade e estabilidade dimensional em componentes de aspiradores e m\u00e1quinas de secar, ventiladores, cestos de m\u00e1quinas de lavar lou\u00e7a e gavetas de frigor\u00edfico.<\/p>\n\n\n\n<p>Polyamis PA6.6 oferece resist\u00eancia e estabilidade t\u00e9rmica para tampas de panelas de press\u00e3o, componentes de aquecedores de \u00e1gua e utens\u00edlios de cozinha.<\/p>\n\n\n\n<p>As solu\u00e7\u00f5es Lacoflex\u00ae TPE-S proporcionam flexibilidade e desempenho seguro de veda\u00e7\u00e3o em recipientes de alimentos, an\u00e9is de cafeteira e juntas de portas de m\u00e1quinas de lavar roupa, apoiando tanto a qualidade como a funcionalidade em cada aplica\u00e7\u00e3o.<\/p>\n<\/div><\/div><\/div>\n\n\n\n<div class=\"wp-block-kobu-custom-blocks-responsive-spacer responsive-spacer size-large\"><\/div>\n\n\n\n\n\n<div class=\"wp-block-kobu-custom-blocks-responsive-spacer responsive-spacer size-large\"><\/div>\n\n\n    <div class=\"taxonomy-slider-block alignfull container-wrapper\">\n        <div class=\"container large\">\n                            <h2>Outras Aplica\u00e7\u00f5es<\/h2>\n                    <\/div>\n        <div class=\"container full\">\n            <div class=\"taxonomy-slider\" data-width=\"large\">\n                \n    <div class=\"card sector slide \">\n        <div class=\"card-inner-wrapper\">\n                            <div class=\"featured-img\">\n                    <div class=\"featured-img-inner\">\n                        <img loading=\"lazy\" decoding=\"async\" width=\"640\" height=\"427\" src=\"https:\/\/cabopol.kobudev.com\/files\/uploads\/2025\/07\/7b6a80ce83931b3453b814e82f83ef7a33a5ddf5-768x512.jpg\" class=\"coverimg\" alt=\"\" sizes=\"auto, (min-width: 993px) 33vw, (min-width: 601px) 50vw, 100vw\" srcset=\"https:\/\/cabopol.kobudev.com\/files\/uploads\/2025\/07\/7b6a80ce83931b3453b814e82f83ef7a33a5ddf5-768x512.jpg 768w, https:\/\/cabopol.kobudev.com\/files\/uploads\/2025\/07\/7b6a80ce83931b3453b814e82f83ef7a33a5ddf5-300x200.jpg 300w, https:\/\/cabopol.kobudev.com\/files\/uploads\/2025\/07\/7b6a80ce83931b3453b814e82f83ef7a33a5ddf5-1024x682.jpg 1024w, https:\/\/cabopol.kobudev.com\/files\/uploads\/2025\/07\/7b6a80ce83931b3453b814e82f83ef7a33a5ddf5.jpg 1400w\" \/>                    <\/div>\n                <\/div>\n                        <div class=\"content-wrapper\">\n                <h3 class=\"post-title\">Cal\u00e7ado<\/h3>\n                                <a href=\"https:\/\/cabopol.kobudev.com\/pt-pt\/aplicacoes\/calcado\/\" class=\"btn ghost-white arrow-btn\">Saber mais<\/a>\n            <\/div>\n        <\/div>\n    <\/div>\n\n    <div class=\"card sector slide \">\n        <div class=\"card-inner-wrapper\">\n                            <div class=\"featured-img\">\n                    <div class=\"featured-img-inner\">\n                        <img loading=\"lazy\" decoding=\"async\" width=\"640\" height=\"427\" src=\"https:\/\/cabopol.kobudev.com\/files\/uploads\/2025\/07\/f6ffe5aa5e97c7e650c351885bb9fc23150b4485-768x512.jpg\" class=\"coverimg\" alt=\"\" sizes=\"auto, (min-width: 993px) 33vw, (min-width: 601px) 50vw, 100vw\" srcset=\"https:\/\/cabopol.kobudev.com\/files\/uploads\/2025\/07\/f6ffe5aa5e97c7e650c351885bb9fc23150b4485-768x512.jpg 768w, https:\/\/cabopol.kobudev.com\/files\/uploads\/2025\/07\/f6ffe5aa5e97c7e650c351885bb9fc23150b4485-300x200.jpg 300w, https:\/\/cabopol.kobudev.com\/files\/uploads\/2025\/07\/f6ffe5aa5e97c7e650c351885bb9fc23150b4485-1024x683.jpg 1024w, https:\/\/cabopol.kobudev.com\/files\/uploads\/2025\/07\/f6ffe5aa5e97c7e650c351885bb9fc23150b4485-1536x1024.jpg 1536w, https:\/\/cabopol.kobudev.com\/files\/uploads\/2025\/07\/f6ffe5aa5e97c7e650c351885bb9fc23150b4485.jpg 1800w\" \/>                    <\/div>\n                <\/div>\n                        <div class=\"content-wrapper\">\n                <h3 class=\"post-title\">Inje\u00e7\u00e3o e Extrus\u00e3o<\/h3>\n                                <a href=\"https:\/\/cabopol.kobudev.com\/pt-pt\/aplicacoes\/injecao-e-extrusao\/\" class=\"btn ghost-white arrow-btn\">Saber mais<\/a>\n            <\/div>\n        <\/div>\n    <\/div>\n\n    <div class=\"card sector slide \">\n        <div class=\"card-inner-wrapper\">\n                            <div class=\"featured-img\">\n                    <div class=\"featured-img-inner\">\n                        <img loading=\"lazy\" decoding=\"async\" width=\"640\" height=\"320\" src=\"https:\/\/cabopol.kobudev.com\/files\/uploads\/2025\/07\/1d1e0cb300442da38f7dab2578a3c85f7a38606a-768x384.jpg\" class=\"coverimg\" alt=\"\" sizes=\"auto, (min-width: 993px) 33vw, (min-width: 601px) 50vw, 100vw\" srcset=\"https:\/\/cabopol.kobudev.com\/files\/uploads\/2025\/07\/1d1e0cb300442da38f7dab2578a3c85f7a38606a-768x384.jpg 768w, https:\/\/cabopol.kobudev.com\/files\/uploads\/2025\/07\/1d1e0cb300442da38f7dab2578a3c85f7a38606a-300x150.jpg 300w, https:\/\/cabopol.kobudev.com\/files\/uploads\/2025\/07\/1d1e0cb300442da38f7dab2578a3c85f7a38606a-1024x512.jpg 1024w, https:\/\/cabopol.kobudev.com\/files\/uploads\/2025\/07\/1d1e0cb300442da38f7dab2578a3c85f7a38606a-1536x768.jpg 1536w, https:\/\/cabopol.kobudev.com\/files\/uploads\/2025\/07\/1d1e0cb300442da38f7dab2578a3c85f7a38606a.jpg 1600w\" \/>                    <\/div>\n                <\/div>\n                        <div class=\"content-wrapper\">\n                <h3 class=\"post-title\">Cabos e fio Autom\u00f3vel<\/h3>\n                                <a href=\"https:\/\/cabopol.kobudev.com\/pt-pt\/aplicacoes\/cabos-e-fio-automovel\/\" class=\"btn ghost-white arrow-btn\">Saber mais<\/a>\n            <\/div>\n        <\/div>\n    <\/div>\n            <\/div>\n        <\/div>\n                    <div class=\"container large\">\n                <a href=\"https:\/\/cabopol.kobudev.com\/pt-pt\/aplicacoes\/\" class=\"taxonomy-page-link arrow-link\"><span>Consultar as Nossas Aplica\u00e7\u00f5es<\/span><\/a>\n            <\/div>\n            <\/div>\n","protected":false},"excerpt":{"rendered":"","protected":false},"author":1,"featured_media":1684,"parent":2608,"menu_order":12,"comment_status":"closed","ping_status":"closed","template":"templates\/application.php","meta":{"_acf_changed":false,"inline_featured_image":false,"footnotes":""},"class_list":["post-2665","page","type-page","status-publish","has-post-thumbnail","hentry"],"acf":[],"_links":{"self":[{"href":"https:\/\/cabopol.kobudev.com\/pt-pt\/wp-json\/wp\/v2\/pages\/2665","targetHints":{"allow":["GET"]}}],"collection":[{"href":"https:\/\/cabopol.kobudev.com\/pt-pt\/wp-json\/wp\/v2\/pages"}],"about":[{"href":"https:\/\/cabopol.kobudev.com\/pt-pt\/wp-json\/wp\/v2\/types\/page"}],"author":[{"embeddable":true,"href":"https:\/\/cabopol.kobudev.com\/pt-pt\/wp-json\/wp\/v2\/users\/1"}],"replies":[{"embeddable":true,"href":"https:\/\/cabopol.kobudev.com\/pt-pt\/wp-json\/wp\/v2\/comments?post=2665"}],"version-history":[{"count":2,"href":"https:\/\/cabopol.kobudev.com\/pt-pt\/wp-json\/wp\/v2\/pages\/2665\/revisions"}],"predecessor-version":[{"id":2701,"href":"https:\/\/cabopol.kobudev.com\/pt-pt\/wp-json\/wp\/v2\/pages\/2665\/revisions\/2701"}],"up":[{"embeddable":true,"href":"https:\/\/cabopol.kobudev.com\/pt-pt\/wp-json\/wp\/v2\/pages\/2608"}],"wp:featuredmedia":[{"embeddable":true,"href":"https:\/\/cabopol.kobudev.com\/pt-pt\/wp-json\/wp\/v2\/media\/1684"}],"wp:attachment":[{"href":"https:\/\/cabopol.kobudev.com\/pt-pt\/wp-json\/wp\/v2\/media?parent=2665"}],"curies":[{"name":"wp","href":"https:\/\/api.w.org\/{rel}","templated":true}]}}