{"id":2653,"date":"2025-08-08T11:02:06","date_gmt":"2025-08-08T11:02:06","guid":{"rendered":"https:\/\/cabopol.kobudev.com\/aplicacoes\/injecao-e-extrusao\/industry\/"},"modified":"2025-12-17T18:02:21","modified_gmt":"2025-12-17T18:02:21","slug":"industria","status":"publish","type":"page","link":"https:\/\/cabopol.kobudev.com\/pt-pt\/aplicacoes\/injecao-e-extrusao\/industria\/","title":{"rendered":"Ind\u00fastria"},"content":{"rendered":"\n<div class=\"wp-block-kobu-custom-blocks-inner-content-img alignwide media-content-group child-item align-right valign-start img-first\"><div class=\"media-col\"><figure><img loading=\"lazy\" decoding=\"async\" width=\"1301\" height=\"1301\" class=\"wp-image-1809\" src=\"https:\/\/cabopol.kobudev.com\/files\/uploads\/2025\/11\/Industry-Electric-Electronics.webp\" alt=\"\" title=\"Industry Electric &amp; Electronics\" sizes=\"auto, (min-width: 1201px) 35vw, (min-width: 601px) 50vw, 100vw\" srcset=\"https:\/\/cabopol.kobudev.com\/files\/uploads\/2025\/11\/Industry-Electric-Electronics.webp 1301w, https:\/\/cabopol.kobudev.com\/files\/uploads\/2025\/11\/Industry-Electric-Electronics-300x300.webp 300w, https:\/\/cabopol.kobudev.com\/files\/uploads\/2025\/11\/Industry-Electric-Electronics-1024x1024.webp 1024w, https:\/\/cabopol.kobudev.com\/files\/uploads\/2025\/11\/Industry-Electric-Electronics-150x150.webp 150w, https:\/\/cabopol.kobudev.com\/files\/uploads\/2025\/11\/Industry-Electric-Electronics-768x768.webp 768w\" \/><\/figure><\/div><div class=\"content-col\"><div class=\"content-col-wrapper\">\n<h2 class=\"wp-block-heading\">El\u00e9trica &amp; Eletr\u00f3nica TPE-S | PA6 | PP | PVC<\/h2>\n\n\n\n<p>Para aplica\u00e7\u00f5es el\u00e9tricas e eletr\u00f3nicas, os compostos Lacoflex\u00ae TPE-S garantem flexibilidade e integridade de veda\u00e7\u00e3o em placas de entrada de cabos e selos de caixas de deriva\u00e7\u00e3o.<\/p>\n\n\n\n<p>Os pl\u00e1sticos de engenharia Polyamis PA6 proporcionam elevada resist\u00eancia mec\u00e2nica e estabilidade dimensional para caixas de fus\u00edveis e caixas de habita\u00e7\u00e3o el\u00e9trica, refor\u00e7ados com fibra de vidro.<\/p>\n\n\n\n<p>Os termopl\u00e1sticos Sofiprime\u00ae PP oferecem rigidez e resist\u00eancia ao calor para suportes de l\u00e2mpadas, enquanto os compostos Polyprime\u00ae PVC asseguram durabilidade e processabilidade em calhas de cabos extrudidas.<\/p>\n\n\n\n<p>Estes exemplos ilustram a versatilidade dos nossos materiais no suporte \u00e0 fabrica\u00e7\u00e3o confi\u00e1vel e eficiente de sistemas el\u00e9tricos.<\/p>\n<\/div><\/div><\/div>\n\n\n\n<div class=\"wp-block-kobu-custom-blocks-responsive-spacer responsive-spacer size-large\"><\/div>\n\n\n\n<div class=\"wp-block-kobu-custom-blocks-inner-content-img alignwide media-content-group child-item align-left valign-start img-first\"><div class=\"media-col\"><figure><img loading=\"lazy\" decoding=\"async\" width=\"1301\" height=\"1301\" class=\"wp-image-1805\" src=\"https:\/\/cabopol.kobudev.com\/files\/uploads\/2025\/11\/Industry-Building.webp\" alt=\"\" title=\"Industry Building\" sizes=\"auto, (min-width: 1201px) 35vw, (min-width: 601px) 50vw, 100vw\" srcset=\"https:\/\/cabopol.kobudev.com\/files\/uploads\/2025\/11\/Industry-Building.webp 1301w, https:\/\/cabopol.kobudev.com\/files\/uploads\/2025\/11\/Industry-Building-300x300.webp 300w, https:\/\/cabopol.kobudev.com\/files\/uploads\/2025\/11\/Industry-Building-1024x1024.webp 1024w, https:\/\/cabopol.kobudev.com\/files\/uploads\/2025\/11\/Industry-Building-150x150.webp 150w, https:\/\/cabopol.kobudev.com\/files\/uploads\/2025\/11\/Industry-Building-768x768.webp 768w\" \/><\/figure><\/div><div class=\"content-col\"><div class=\"content-col-wrapper\">\n<h2 class=\"wp-block-heading\">Constru\u00e7\u00e3o TPE-S | TPE-O | PA6.6 | PP | PVC<\/h2>\n\n\n\n<p>Os nossos compostos especializados fornecem solu\u00e7\u00f5es fi\u00e1veis e eficientes para os setores da constru\u00e7\u00e3o e industrial.<\/p>\n\n\n\n<p>Polyprime\u00ae PVC, Sofiprime\u00ae PP, Polyamis PA6.6 e Lacoflex\u00ae TPE-S \/ TPE-O s\u00e3o utilizados em aplica\u00e7\u00f5es como perfis de veda\u00e7\u00e3o, pedestais de terra\u00e7os, tubos, pavimentos, mangueiras de g\u00e1s e componentes estruturais.<\/p>\n\n\n\n<p>Estes exemplos destacam materiais concebidos para resist\u00eancia mec\u00e2nica, resist\u00eancia \u00e0s intemp\u00e9ries e estabilidade duradoura em ambientes de constru\u00e7\u00e3o exigentes.<\/p>\n<\/div><\/div><\/div>\n\n\n\n<div class=\"wp-block-kobu-custom-blocks-responsive-spacer responsive-spacer size-large\"><\/div>\n\n\n\n\n\n<div class=\"wp-block-kobu-custom-blocks-responsive-spacer responsive-spacer size-large\"><\/div>\n\n\n    <div class=\"taxonomy-slider-block alignfull container-wrapper\">\n        <div class=\"container large\">\n                            <h2>Outras Aplica\u00e7\u00f5es<\/h2>\n                    <\/div>\n        <div class=\"container full\">\n            <div class=\"taxonomy-slider\" data-width=\"large\">\n                \n    <div class=\"card sector slide \">\n        <div class=\"card-inner-wrapper\">\n                            <div class=\"featured-img\">\n                    <div class=\"featured-img-inner\">\n                        <img loading=\"lazy\" decoding=\"async\" width=\"640\" height=\"427\" src=\"https:\/\/cabopol.kobudev.com\/files\/uploads\/2025\/07\/7b6a80ce83931b3453b814e82f83ef7a33a5ddf5-768x512.jpg\" class=\"coverimg\" alt=\"\" sizes=\"auto, (min-width: 993px) 33vw, (min-width: 601px) 50vw, 100vw\" srcset=\"https:\/\/cabopol.kobudev.com\/files\/uploads\/2025\/07\/7b6a80ce83931b3453b814e82f83ef7a33a5ddf5-768x512.jpg 768w, https:\/\/cabopol.kobudev.com\/files\/uploads\/2025\/07\/7b6a80ce83931b3453b814e82f83ef7a33a5ddf5-300x200.jpg 300w, https:\/\/cabopol.kobudev.com\/files\/uploads\/2025\/07\/7b6a80ce83931b3453b814e82f83ef7a33a5ddf5-1024x682.jpg 1024w, https:\/\/cabopol.kobudev.com\/files\/uploads\/2025\/07\/7b6a80ce83931b3453b814e82f83ef7a33a5ddf5.jpg 1400w\" \/>                    <\/div>\n                <\/div>\n                        <div class=\"content-wrapper\">\n                <h3 class=\"post-title\">Cal\u00e7ado<\/h3>\n                                <a href=\"https:\/\/cabopol.kobudev.com\/pt-pt\/aplicacoes\/calcado\/\" class=\"btn ghost-white arrow-btn\">Saber mais<\/a>\n            <\/div>\n        <\/div>\n    <\/div>\n\n    <div class=\"card sector slide \">\n        <div class=\"card-inner-wrapper\">\n                            <div class=\"featured-img\">\n                    <div class=\"featured-img-inner\">\n                        <img loading=\"lazy\" decoding=\"async\" width=\"640\" height=\"427\" src=\"https:\/\/cabopol.kobudev.com\/files\/uploads\/2025\/07\/f6ffe5aa5e97c7e650c351885bb9fc23150b4485-768x512.jpg\" class=\"coverimg\" alt=\"\" sizes=\"auto, (min-width: 993px) 33vw, (min-width: 601px) 50vw, 100vw\" srcset=\"https:\/\/cabopol.kobudev.com\/files\/uploads\/2025\/07\/f6ffe5aa5e97c7e650c351885bb9fc23150b4485-768x512.jpg 768w, https:\/\/cabopol.kobudev.com\/files\/uploads\/2025\/07\/f6ffe5aa5e97c7e650c351885bb9fc23150b4485-300x200.jpg 300w, https:\/\/cabopol.kobudev.com\/files\/uploads\/2025\/07\/f6ffe5aa5e97c7e650c351885bb9fc23150b4485-1024x683.jpg 1024w, https:\/\/cabopol.kobudev.com\/files\/uploads\/2025\/07\/f6ffe5aa5e97c7e650c351885bb9fc23150b4485-1536x1024.jpg 1536w, https:\/\/cabopol.kobudev.com\/files\/uploads\/2025\/07\/f6ffe5aa5e97c7e650c351885bb9fc23150b4485.jpg 1800w\" \/>                    <\/div>\n                <\/div>\n                        <div class=\"content-wrapper\">\n                <h3 class=\"post-title\">Inje\u00e7\u00e3o e Extrus\u00e3o<\/h3>\n                                <a href=\"https:\/\/cabopol.kobudev.com\/pt-pt\/aplicacoes\/injecao-e-extrusao\/\" class=\"btn ghost-white arrow-btn\">Saber mais<\/a>\n            <\/div>\n        <\/div>\n    <\/div>\n\n    <div class=\"card sector slide \">\n        <div class=\"card-inner-wrapper\">\n                            <div class=\"featured-img\">\n                    <div class=\"featured-img-inner\">\n                        <img loading=\"lazy\" decoding=\"async\" width=\"640\" height=\"320\" src=\"https:\/\/cabopol.kobudev.com\/files\/uploads\/2025\/07\/1d1e0cb300442da38f7dab2578a3c85f7a38606a-768x384.jpg\" class=\"coverimg\" alt=\"\" sizes=\"auto, (min-width: 993px) 33vw, (min-width: 601px) 50vw, 100vw\" srcset=\"https:\/\/cabopol.kobudev.com\/files\/uploads\/2025\/07\/1d1e0cb300442da38f7dab2578a3c85f7a38606a-768x384.jpg 768w, https:\/\/cabopol.kobudev.com\/files\/uploads\/2025\/07\/1d1e0cb300442da38f7dab2578a3c85f7a38606a-300x150.jpg 300w, https:\/\/cabopol.kobudev.com\/files\/uploads\/2025\/07\/1d1e0cb300442da38f7dab2578a3c85f7a38606a-1024x512.jpg 1024w, https:\/\/cabopol.kobudev.com\/files\/uploads\/2025\/07\/1d1e0cb300442da38f7dab2578a3c85f7a38606a-1536x768.jpg 1536w, https:\/\/cabopol.kobudev.com\/files\/uploads\/2025\/07\/1d1e0cb300442da38f7dab2578a3c85f7a38606a.jpg 1600w\" \/>                    <\/div>\n                <\/div>\n                        <div class=\"content-wrapper\">\n                <h3 class=\"post-title\">Cabos e fio Autom\u00f3vel<\/h3>\n                                <a href=\"https:\/\/cabopol.kobudev.com\/pt-pt\/aplicacoes\/cabos-e-fio-automovel\/\" class=\"btn ghost-white arrow-btn\">Saber mais<\/a>\n            <\/div>\n        <\/div>\n    <\/div>\n            <\/div>\n        <\/div>\n                    <div class=\"container large\">\n                <a href=\"https:\/\/cabopol.kobudev.com\/pt-pt\/aplicacoes\/\" class=\"taxonomy-page-link arrow-link\"><span>Consulte as Nossas Aplica\u00e7\u00f5es<\/span><\/a>\n            <\/div>\n            <\/div>\n\n\n\n<p><\/p>\n","protected":false},"excerpt":{"rendered":"","protected":false},"author":1,"featured_media":185,"parent":2608,"menu_order":11,"comment_status":"closed","ping_status":"closed","template":"templates\/application.php","meta":{"_acf_changed":false,"inline_featured_image":false,"footnotes":""},"class_list":["post-2653","page","type-page","status-publish","has-post-thumbnail","hentry"],"acf":[],"_links":{"self":[{"href":"https:\/\/cabopol.kobudev.com\/pt-pt\/wp-json\/wp\/v2\/pages\/2653","targetHints":{"allow":["GET"]}}],"collection":[{"href":"https:\/\/cabopol.kobudev.com\/pt-pt\/wp-json\/wp\/v2\/pages"}],"about":[{"href":"https:\/\/cabopol.kobudev.com\/pt-pt\/wp-json\/wp\/v2\/types\/page"}],"author":[{"embeddable":true,"href":"https:\/\/cabopol.kobudev.com\/pt-pt\/wp-json\/wp\/v2\/users\/1"}],"replies":[{"embeddable":true,"href":"https:\/\/cabopol.kobudev.com\/pt-pt\/wp-json\/wp\/v2\/comments?post=2653"}],"version-history":[{"count":2,"href":"https:\/\/cabopol.kobudev.com\/pt-pt\/wp-json\/wp\/v2\/pages\/2653\/revisions"}],"predecessor-version":[{"id":2699,"href":"https:\/\/cabopol.kobudev.com\/pt-pt\/wp-json\/wp\/v2\/pages\/2653\/revisions\/2699"}],"up":[{"embeddable":true,"href":"https:\/\/cabopol.kobudev.com\/pt-pt\/wp-json\/wp\/v2\/pages\/2608"}],"wp:featuredmedia":[{"embeddable":true,"href":"https:\/\/cabopol.kobudev.com\/pt-pt\/wp-json\/wp\/v2\/media\/185"}],"wp:attachment":[{"href":"https:\/\/cabopol.kobudev.com\/pt-pt\/wp-json\/wp\/v2\/media?parent=2653"}],"curies":[{"name":"wp","href":"https:\/\/api.w.org\/{rel}","templated":true}]}}