{"id":2641,"date":"2025-07-02T14:05:59","date_gmt":"2025-07-02T14:05:59","guid":{"rendered":"https:\/\/cabopol.kobudev.com\/aplicacoes\/cabos-e-fio-automovel\/power\/"},"modified":"2025-12-15T12:36:08","modified_gmt":"2025-12-15T12:36:08","slug":"energia","status":"publish","type":"page","link":"https:\/\/cabopol.kobudev.com\/pt-pt\/aplicacoes\/cabos-e-fio-automovel\/energia\/","title":{"rendered":"Energia"},"content":{"rendered":"\n<div class=\"wp-block-kobu-custom-blocks-inner-content-img alignwide media-content-group child-item align-right valign-start img-first\"><div class=\"media-col\"><figure><img loading=\"lazy\" decoding=\"async\" width=\"901\" height=\"498\" class=\"wp-image-1355\" src=\"https:\/\/cabopol.kobudev.com\/files\/uploads\/2025\/11\/Wire-and-Cable.webp\" alt=\"\" title=\"Wire and Cable\" sizes=\"auto, (min-width: 1201px) 35vw, (min-width: 601px) 50vw, 100vw\" srcset=\"https:\/\/cabopol.kobudev.com\/files\/uploads\/2025\/11\/Wire-and-Cable.webp 901w, https:\/\/cabopol.kobudev.com\/files\/uploads\/2025\/11\/Wire-and-Cable-300x166.webp 300w, https:\/\/cabopol.kobudev.com\/files\/uploads\/2025\/11\/Wire-and-Cable-768x424.webp 768w\" \/><\/figure><\/div><div class=\"content-col\"><div class=\"content-col-wrapper\">\n<h2 class=\"wp-block-heading\">Baixa tens\u00e3o Cabos e Fios LSZH | PVC<\/h2>\n\n\n\n<p>A Cabopol oferece uma gama completa de compostos para cabos de baixa tens\u00e3o, concebidos para desempenho, prote\u00e7\u00e3o e efici\u00eancia no processamento.<\/p>\n\n\n\n<p>As solu\u00e7\u00f5es Sofiplus\u00ae LSZH s\u00e3o ideais para cabos CPR e de uso geral, com alta flexibilidade, resist\u00eancia \u00e0 hidr\u00f3lise e fissura\u00e7\u00e3o por tens\u00e3o, suportando isolamento, revestimento e acolchoamento com retardamento de chama, baixa emiss\u00e3o de fumo e boa processabilidade.<\/p>\n\n\n\n<p>Os compostos Polyprime\u00ae PVC garantem prote\u00e7\u00e3o robusta, resist\u00eancia a pragas, \u00f3leos e raios UV, mantendo desempenho em toda a gama de temperaturas, incluindo flexibilidade a baixas temperaturas. Cabopol oferece a solu\u00e7\u00e3o adequada para cablagens de baixa tens\u00e3o seguras e eficientes.<\/p>\n<\/div><\/div><\/div>\n\n\n\n<div class=\"wp-block-kobu-custom-blocks-responsive-spacer responsive-spacer size-large\"><\/div>\n\n\n\n<div class=\"wp-block-kobu-custom-blocks-inner-content-img alignwide media-content-group child-item align-left valign-start img-first\"><div class=\"media-col\"><figure><img loading=\"lazy\" decoding=\"async\" width=\"2560\" height=\"1440\" class=\"wp-image-1425\" src=\"https:\/\/cabopol.kobudev.com\/files\/uploads\/2025\/11\/Painel-F-scaled.jpg\" alt=\"\" title=\"Painel F\" sizes=\"auto, (min-width: 1201px) 35vw, (min-width: 601px) 50vw, 100vw\" srcset=\"https:\/\/cabopol.kobudev.com\/files\/uploads\/2025\/11\/Painel-F-scaled.jpg 2560w, https:\/\/cabopol.kobudev.com\/files\/uploads\/2025\/11\/Painel-F-300x169.jpg 300w, https:\/\/cabopol.kobudev.com\/files\/uploads\/2025\/11\/Painel-F-1024x576.jpg 1024w, https:\/\/cabopol.kobudev.com\/files\/uploads\/2025\/11\/Painel-F-768x432.jpg 768w, https:\/\/cabopol.kobudev.com\/files\/uploads\/2025\/11\/Painel-F-1536x864.jpg 1536w, https:\/\/cabopol.kobudev.com\/files\/uploads\/2025\/11\/Painel-F-2048x1152.jpg 2048w\" \/><\/figure><\/div><div class=\"content-col\"><div class=\"content-col-wrapper\">\n<h2 class=\"wp-block-heading\">Cabos Solares e Fotovoltaicos XLPO | HF<\/h2>\n\n\n\n<p>A Cabopol oferece compostos XLPO e sem halog\u00e9nio concebidos para aplica\u00e7\u00f5es solares de longa dura\u00e7\u00e3o.<\/p>\n\n\n\n<p>Sofiplus\u00ae suporta m\u00e9todos de reticula\u00e7\u00e3o por feixe de eletr\u00f5es, silano e per\u00f3xido, garantindo resist\u00eancia aos raios UV, retardamento de chama e flexibilidade para isolamento e revestimento em ambientes exteriores exigentes.<\/p>\n<\/div><\/div><\/div>\n\n\n\n<div class=\"wp-block-kobu-custom-blocks-responsive-spacer responsive-spacer size-large\"><\/div>\n\n\n\n<div class=\"wp-block-kobu-custom-blocks-inner-content-img alignwide media-content-group child-item align-right valign-start img-first\"><div class=\"media-col\"><figure><img loading=\"lazy\" decoding=\"async\" width=\"1201\" height=\"938\" class=\"wp-image-1670\" src=\"https:\/\/cabopol.kobudev.com\/files\/uploads\/2025\/11\/Lacoflex-Wire-Power.webp\" alt=\"\" title=\"Lacoflex Wire Power\" sizes=\"auto, (min-width: 1201px) 35vw, (min-width: 601px) 50vw, 100vw\" srcset=\"https:\/\/cabopol.kobudev.com\/files\/uploads\/2025\/11\/Lacoflex-Wire-Power.webp 1201w, https:\/\/cabopol.kobudev.com\/files\/uploads\/2025\/11\/Lacoflex-Wire-Power-300x234.webp 300w, https:\/\/cabopol.kobudev.com\/files\/uploads\/2025\/11\/Lacoflex-Wire-Power-1024x800.webp 1024w, https:\/\/cabopol.kobudev.com\/files\/uploads\/2025\/11\/Lacoflex-Wire-Power-768x600.webp 768w\" \/><\/figure><\/div><div class=\"content-col\"><div class=\"content-col-wrapper\">\n<h2 class=\"wp-block-heading\">Cabos Especializados TPU<\/h2>\n\n\n\n<p>Concebidos para cabos industriais, de minera\u00e7\u00e3o e de carregamento de ve\u00edculos el\u00e9tricos, os compostos Lacoflex\u00ae TPU combinam retardamento de chama sem halog\u00e9neos com excelente flexibilidade, resist\u00eancia a \u00f3leos e UV. Ideais para ambientes exigentes onde o desempenho e a durabilidade s\u00e3o essenciais.<\/p>\n<\/div><\/div><\/div>\n\n\n\n<div class=\"wp-block-kobu-custom-blocks-responsive-spacer responsive-spacer size-large\"><\/div>\n\n\n\n<div class=\"wp-block-kobu-custom-blocks-inner-content-img alignwide media-content-group child-item align-left valign-start img-first\"><div class=\"media-col\"><figure><img loading=\"lazy\" decoding=\"async\" width=\"1301\" height=\"1301\" class=\"wp-image-1782\" src=\"https:\/\/cabopol.kobudev.com\/files\/uploads\/2025\/11\/Power-Oil-Resistant.webp\" alt=\"\" title=\"Power Oil Resistant\" sizes=\"auto, (min-width: 1201px) 35vw, (min-width: 601px) 50vw, 100vw\" srcset=\"https:\/\/cabopol.kobudev.com\/files\/uploads\/2025\/11\/Power-Oil-Resistant.webp 1301w, https:\/\/cabopol.kobudev.com\/files\/uploads\/2025\/11\/Power-Oil-Resistant-300x300.webp 300w, https:\/\/cabopol.kobudev.com\/files\/uploads\/2025\/11\/Power-Oil-Resistant-1024x1024.webp 1024w, https:\/\/cabopol.kobudev.com\/files\/uploads\/2025\/11\/Power-Oil-Resistant-150x150.webp 150w, https:\/\/cabopol.kobudev.com\/files\/uploads\/2025\/11\/Power-Oil-Resistant-768x768.webp 768w\" \/><\/figure><\/div><div class=\"content-col\"><div class=\"content-col-wrapper\">\n<h2 class=\"wp-block-heading\">Cabos Resistentes a \u00d3leo TPE<\/h2>\n\n\n\n<p>Projetados para resist\u00eancia qu\u00edmica extrema, os compostos Lacoflex\u00ae TPE cumprem as normas UL 94 V0, V2 e HB. Com reticula\u00e7\u00e3o por silano e retardamento de chama sem halog\u00e9neos, proporcionam isolamento e revestimento fi\u00e1veis em condi\u00e7\u00f5es severas expostas a \u00f3leo.<\/p>\n<\/div><\/div><\/div>\n\n\n\n<div class=\"wp-block-kobu-custom-blocks-responsive-spacer responsive-spacer size-large\"><\/div>\n\n\n\n<div class=\"wp-block-kobu-custom-blocks-inner-content-img alignwide media-content-group child-item align-right valign-start img-first\"><div class=\"media-col\"><figure><img loading=\"lazy\" decoding=\"async\" width=\"1301\" height=\"1301\" class=\"wp-image-1778\" src=\"https:\/\/cabopol.kobudev.com\/files\/uploads\/2025\/11\/Power-Flexible.webp\" alt=\"\" title=\"Power Flexible\" sizes=\"auto, (min-width: 1201px) 35vw, (min-width: 601px) 50vw, 100vw\" srcset=\"https:\/\/cabopol.kobudev.com\/files\/uploads\/2025\/11\/Power-Flexible.webp 1301w, https:\/\/cabopol.kobudev.com\/files\/uploads\/2025\/11\/Power-Flexible-300x300.webp 300w, https:\/\/cabopol.kobudev.com\/files\/uploads\/2025\/11\/Power-Flexible-1024x1024.webp 1024w, https:\/\/cabopol.kobudev.com\/files\/uploads\/2025\/11\/Power-Flexible-150x150.webp 150w, https:\/\/cabopol.kobudev.com\/files\/uploads\/2025\/11\/Power-Flexible-768x768.webp 768w\" \/><\/figure><\/div><div class=\"content-col\"><div class=\"content-col-wrapper\">\n<h2 class=\"wp-block-heading\">Cabos Flex\u00edveis TPE<\/h2>\n\n\n\n<p>Os compostos Lacoflex\u00ae TPE oferecem flexibilidade a baixas temperaturas e desempenho t\u00e9rmico robusto para cabos de energia, ferrovi\u00e1rios, de bateria de fita e de elevadores. Estes materiais sem halog\u00e9neos garantem isolamento e revestimento duradouros, com resist\u00eancia a \u00f3leo e radia\u00e7\u00e3o UV.<\/p>\n<\/div><\/div><\/div>\n\n\n\n<div class=\"wp-block-kobu-custom-blocks-responsive-spacer responsive-spacer size-large\"><\/div>\n\n\n\n\n\n<div class=\"wp-block-kobu-custom-blocks-responsive-spacer responsive-spacer size-large\"><\/div>\n\n\n    <div class=\"taxonomy-slider-block alignfull container-wrapper\">\n        <div class=\"container large\">\n                            <h2>Outras Aplica\u00e7\u00f5es<\/h2>\n                    <\/div>\n        <div class=\"container full\">\n            <div class=\"taxonomy-slider\" data-width=\"large\">\n                \n    <div class=\"card sector slide \">\n        <div class=\"card-inner-wrapper\">\n                            <div class=\"featured-img\">\n                    <div class=\"featured-img-inner\">\n                        <img loading=\"lazy\" decoding=\"async\" width=\"640\" height=\"427\" src=\"https:\/\/cabopol.kobudev.com\/files\/uploads\/2025\/07\/7b6a80ce83931b3453b814e82f83ef7a33a5ddf5-768x512.jpg\" class=\"coverimg\" alt=\"\" sizes=\"auto, (min-width: 993px) 33vw, (min-width: 601px) 50vw, 100vw\" srcset=\"https:\/\/cabopol.kobudev.com\/files\/uploads\/2025\/07\/7b6a80ce83931b3453b814e82f83ef7a33a5ddf5-768x512.jpg 768w, https:\/\/cabopol.kobudev.com\/files\/uploads\/2025\/07\/7b6a80ce83931b3453b814e82f83ef7a33a5ddf5-300x200.jpg 300w, https:\/\/cabopol.kobudev.com\/files\/uploads\/2025\/07\/7b6a80ce83931b3453b814e82f83ef7a33a5ddf5-1024x682.jpg 1024w, https:\/\/cabopol.kobudev.com\/files\/uploads\/2025\/07\/7b6a80ce83931b3453b814e82f83ef7a33a5ddf5.jpg 1400w\" \/>                    <\/div>\n                <\/div>\n                        <div class=\"content-wrapper\">\n                <h3 class=\"post-title\">Cal\u00e7ado<\/h3>\n                                <a href=\"https:\/\/cabopol.kobudev.com\/pt-pt\/aplicacoes\/calcado\/\" class=\"btn ghost-white arrow-btn\">Saber mais<\/a>\n            <\/div>\n        <\/div>\n    <\/div>\n\n    <div class=\"card sector slide \">\n        <div class=\"card-inner-wrapper\">\n                            <div class=\"featured-img\">\n                    <div class=\"featured-img-inner\">\n                        <img loading=\"lazy\" decoding=\"async\" width=\"640\" height=\"427\" src=\"https:\/\/cabopol.kobudev.com\/files\/uploads\/2025\/07\/f6ffe5aa5e97c7e650c351885bb9fc23150b4485-768x512.jpg\" class=\"coverimg\" alt=\"\" sizes=\"auto, (min-width: 993px) 33vw, (min-width: 601px) 50vw, 100vw\" srcset=\"https:\/\/cabopol.kobudev.com\/files\/uploads\/2025\/07\/f6ffe5aa5e97c7e650c351885bb9fc23150b4485-768x512.jpg 768w, https:\/\/cabopol.kobudev.com\/files\/uploads\/2025\/07\/f6ffe5aa5e97c7e650c351885bb9fc23150b4485-300x200.jpg 300w, https:\/\/cabopol.kobudev.com\/files\/uploads\/2025\/07\/f6ffe5aa5e97c7e650c351885bb9fc23150b4485-1024x683.jpg 1024w, https:\/\/cabopol.kobudev.com\/files\/uploads\/2025\/07\/f6ffe5aa5e97c7e650c351885bb9fc23150b4485-1536x1024.jpg 1536w, https:\/\/cabopol.kobudev.com\/files\/uploads\/2025\/07\/f6ffe5aa5e97c7e650c351885bb9fc23150b4485.jpg 1800w\" \/>                    <\/div>\n                <\/div>\n                        <div class=\"content-wrapper\">\n                <h3 class=\"post-title\">Inje\u00e7\u00e3o e Extrus\u00e3o<\/h3>\n                                <a href=\"https:\/\/cabopol.kobudev.com\/pt-pt\/aplicacoes\/injecao-e-extrusao\/\" class=\"btn ghost-white arrow-btn\">Saber mais<\/a>\n            <\/div>\n        <\/div>\n    <\/div>\n\n    <div class=\"card sector slide \">\n        <div class=\"card-inner-wrapper\">\n                            <div class=\"featured-img\">\n                    <div class=\"featured-img-inner\">\n                        <img loading=\"lazy\" decoding=\"async\" width=\"640\" height=\"320\" src=\"https:\/\/cabopol.kobudev.com\/files\/uploads\/2025\/07\/1d1e0cb300442da38f7dab2578a3c85f7a38606a-768x384.jpg\" class=\"coverimg\" alt=\"\" sizes=\"auto, (min-width: 993px) 33vw, (min-width: 601px) 50vw, 100vw\" srcset=\"https:\/\/cabopol.kobudev.com\/files\/uploads\/2025\/07\/1d1e0cb300442da38f7dab2578a3c85f7a38606a-768x384.jpg 768w, https:\/\/cabopol.kobudev.com\/files\/uploads\/2025\/07\/1d1e0cb300442da38f7dab2578a3c85f7a38606a-300x150.jpg 300w, https:\/\/cabopol.kobudev.com\/files\/uploads\/2025\/07\/1d1e0cb300442da38f7dab2578a3c85f7a38606a-1024x512.jpg 1024w, https:\/\/cabopol.kobudev.com\/files\/uploads\/2025\/07\/1d1e0cb300442da38f7dab2578a3c85f7a38606a-1536x768.jpg 1536w, https:\/\/cabopol.kobudev.com\/files\/uploads\/2025\/07\/1d1e0cb300442da38f7dab2578a3c85f7a38606a.jpg 1600w\" \/>                    <\/div>\n                <\/div>\n                        <div class=\"content-wrapper\">\n                <h3 class=\"post-title\">Cabos e fio Autom\u00f3vel<\/h3>\n                                <a href=\"https:\/\/cabopol.kobudev.com\/pt-pt\/aplicacoes\/cabos-e-fio-automovel\/\" class=\"btn ghost-white arrow-btn\">Saber mais<\/a>\n            <\/div>\n        <\/div>\n    <\/div>\n            <\/div>\n        <\/div>\n                    <div class=\"container large\">\n                <a href=\"https:\/\/cabopol.kobudev.com\/pt-pt\/aplicacoes\/\" class=\"taxonomy-page-link arrow-link\"><span>Consulte as Nossas Aplica\u00e7\u00f5es<\/span><\/a>\n            <\/div>\n            <\/div>\n","protected":false},"excerpt":{"rendered":"","protected":false},"author":1,"featured_media":1725,"parent":2614,"menu_order":9,"comment_status":"closed","ping_status":"closed","template":"templates\/application.php","meta":{"_acf_changed":false,"inline_featured_image":false,"footnotes":""},"class_list":["post-2641","page","type-page","status-publish","has-post-thumbnail","hentry"],"acf":[],"_links":{"self":[{"href":"https:\/\/cabopol.kobudev.com\/pt-pt\/wp-json\/wp\/v2\/pages\/2641","targetHints":{"allow":["GET"]}}],"collection":[{"href":"https:\/\/cabopol.kobudev.com\/pt-pt\/wp-json\/wp\/v2\/pages"}],"about":[{"href":"https:\/\/cabopol.kobudev.com\/pt-pt\/wp-json\/wp\/v2\/types\/page"}],"author":[{"embeddable":true,"href":"https:\/\/cabopol.kobudev.com\/pt-pt\/wp-json\/wp\/v2\/users\/1"}],"replies":[{"embeddable":true,"href":"https:\/\/cabopol.kobudev.com\/pt-pt\/wp-json\/wp\/v2\/comments?post=2641"}],"version-history":[{"count":2,"href":"https:\/\/cabopol.kobudev.com\/pt-pt\/wp-json\/wp\/v2\/pages\/2641\/revisions"}],"predecessor-version":[{"id":2693,"href":"https:\/\/cabopol.kobudev.com\/pt-pt\/wp-json\/wp\/v2\/pages\/2641\/revisions\/2693"}],"up":[{"embeddable":true,"href":"https:\/\/cabopol.kobudev.com\/pt-pt\/wp-json\/wp\/v2\/pages\/2614"}],"wp:featuredmedia":[{"embeddable":true,"href":"https:\/\/cabopol.kobudev.com\/pt-pt\/wp-json\/wp\/v2\/media\/1725"}],"wp:attachment":[{"href":"https:\/\/cabopol.kobudev.com\/pt-pt\/wp-json\/wp\/v2\/media?parent=2641"}],"curies":[{"name":"wp","href":"https:\/\/api.w.org\/{rel}","templated":true}]}}