{"id":2536,"date":"2025-11-25T11:25:27","date_gmt":"2025-11-25T11:25:27","guid":{"rendered":"https:\/\/cabopol.kobudev.com\/sustainability\/"},"modified":"2025-12-17T18:40:28","modified_gmt":"2025-12-17T18:40:28","slug":"estrategia-de-sustentabilidade","status":"publish","type":"page","link":"https:\/\/cabopol.kobudev.com\/pt-pt\/estrategia-de-sustentabilidade\/","title":{"rendered":"Estrat\u00e9gia de Sustentabilidade"},"content":{"rendered":"\n<div class=\"wp-block-kobu-custom-blocks-section-wrapper alignfull kobu-section has-background has-lightergray-background-color\">\n<div class=\"wp-block-kobu-custom-blocks-responsive-spacer responsive-spacer size-large\"><\/div>\n\n\n\n<p class=\"is-style-top-red-line\">Na Cabopol, reconhecemos a necessidade global urgente de melhorar o bem-estar humano e ambiental. \u00c0 medida que o mundo avan\u00e7a para uma economia circular e reduz as emiss\u00f5es de gases com efeito de estufa, contribu\u00edmos, com orgulho, para essa transi\u00e7\u00e3o. Orientados pelo Pacto Global das Na\u00e7\u00f5es Unidas, alinhamos as nossas estrat\u00e9gias com os seus Dez Princ\u00edpios e com os Objetivos de Desenvolvimento Sustent\u00e1vel, refletindo o nosso compromisso com pr\u00e1ticas respons\u00e1veis.<br><br>Em resposta \u00e0 crescente consciencializa\u00e7\u00e3o dos consumidores e \u00e0 procura por solu\u00e7\u00f5es mais amigas do ambiente, a ind\u00fastria dos pl\u00e1sticos est\u00e1 a evoluir. Na Cabopol, abra\u00e7\u00e1mos esta mudan\u00e7a desenvolvendo compostos polim\u00e9ricos sustent\u00e1veis que combinam desempenho com responsabilidade ambiental. Oferecer materiais ecol\u00f3gicos deixou de ser uma op\u00e7\u00e3o, passou a ser a nossa forma de estar. As nossas solu\u00e7\u00f5es sustent\u00e1veis promovem uma economia circular e contribuem para a prote\u00e7\u00e3o do planeta para as gera\u00e7\u00f5es futuras.<\/p>\n\n\n\n<div class=\"wp-block-kobu-custom-blocks-responsive-spacer responsive-spacer size-large\"><\/div>\n<\/div>\n\n\n\n<div class=\"wp-block-kobu-custom-blocks-inner-content-img alignfull media-content-group child-item align-right valign-start img-first\"><div class=\"media-col\"><figure><img loading=\"lazy\" decoding=\"async\" width=\"1059\" height=\"1059\" class=\"wp-image-1528\" src=\"https:\/\/cabopol.kobudev.com\/files\/uploads\/2025\/11\/CoP.webp\" alt=\"\" title=\"CoP\" sizes=\"auto, (min-width: 601px) 50vw, 100vw\" srcset=\"https:\/\/cabopol.kobudev.com\/files\/uploads\/2025\/11\/CoP.webp 1059w, https:\/\/cabopol.kobudev.com\/files\/uploads\/2025\/11\/CoP-300x300.webp 300w, https:\/\/cabopol.kobudev.com\/files\/uploads\/2025\/11\/CoP-1024x1024.webp 1024w, https:\/\/cabopol.kobudev.com\/files\/uploads\/2025\/11\/CoP-150x150.webp 150w, https:\/\/cabopol.kobudev.com\/files\/uploads\/2025\/11\/CoP-768x768.webp 768w\" \/><\/figure><\/div><div class=\"content-col\"><div class=\"content-col-wrapper\">\n<h2 class=\"wp-block-heading\">CoP &#8211; Comunica\u00e7\u00e3o sobre o Progresso<\/h2>\n\n\n\n<p>O nosso compromisso est\u00e1 refletido na Comunica\u00e7\u00e3o sobre o Progresso (CoP) de 2024, que descreve as iniciativas e a\u00e7\u00f5es implementadas, permitindo que as partes interessadas acompanhem o nosso desempenho em mat\u00e9ria de sustentabilidade e o comparem com outras empresas do setor. Convidamo-lo a aceder ao nosso relat\u00f3rio completo no portal oficial do Pacto Global das Na\u00e7\u00f5es Unidas, atrav\u00e9s do c\u00f3digo QR abaixo.<\/p>\n\n\n\n<div class=\"wp-block-kobu-custom-blocks-responsive-spacer responsive-spacer size-small\"><\/div>\n\n\n\n<div class=\"wp-block-buttons is-layout-flex wp-block-buttons-is-layout-flex\">\n<div class=\"wp-block-button is-style-arrow-btn\"><a class=\"wp-block-button__link wp-element-button\" href=\"https:\/\/unglobalcompact.org\/what-is-gc\/participants\/153543-CABOPOL-POLYMER-COMPOUNDS-S-A-\" target=\"_blank\" rel=\"noreferrer noopener\">Relat\u00f3rio completo<\/a><\/div>\n<\/div>\n<\/div><\/div><\/div>\n\n\n\n<div class=\"wp-block-kobu-custom-blocks-responsive-spacer responsive-spacer size-large\"><\/div>\n\n\n\n<h2 class=\"wp-block-heading alignmediumwide\">PRODUTOS SUSTENT\u00c1VEIS<\/h2>\n\n\n\n<div class=\"wp-block-kobu-custom-blocks-responsive-spacer responsive-spacer size-medium\"><\/div>\n\n\n<div class=\"columns-group-block alignfull\">\n                <div class=\"columns-group-row\">\n            <div class=\"column columns-group-column\">\n                                    <div class=\"img-wrapper\">\n                        <img loading=\"lazy\" decoding=\"async\" width=\"493\" height=\"476\" src=\"https:\/\/cabopol.kobudev.com\/files\/uploads\/2025\/11\/Action1.png\" class=\"coverimg\" alt=\"\" sizes=\"auto, (min-width: 601px) 50vw, 100vw\" srcset=\"https:\/\/cabopol.kobudev.com\/files\/uploads\/2025\/11\/Action1.png 493w, https:\/\/cabopol.kobudev.com\/files\/uploads\/2025\/11\/Action1-300x290.png 300w\" \/>                    <\/div>\n                                <div class=\"content-wrapper\">\n                    <h3 class=\"title\">Materiais reciclados<\/h3>\n                                            <div class=\"description\"><p class=\"p1\">Recupera\u00e7\u00e3o e reciclagem de res\u00edduos pl\u00e1sticos p\u00f3s-consumo e p\u00f3s-industriais, promovendo a circularidade e reduzindo o impacto ambiental.<\/p>\n<\/div>\n                    \n                    <a href=\"https:\/\/cabopol.kobudev.com\/pt-pt\/estrategia-de-sustentabilidade\/materiais-reciclados\/\" class=\"btn\" >Descobrir mais<\/a>                <\/div>\n            <\/div>\n\n                            \n            <div class=\"column columns-group-column\">\n                                    <div class=\"img-wrapper\">\n                        <img loading=\"lazy\" decoding=\"async\" width=\"504\" height=\"476\" src=\"https:\/\/cabopol.kobudev.com\/files\/uploads\/2025\/11\/Action2.png\" class=\"coverimg\" alt=\"\" sizes=\"auto, (min-width: 601px) 50vw, 100vw\" srcset=\"https:\/\/cabopol.kobudev.com\/files\/uploads\/2025\/11\/Action2.png 504w, https:\/\/cabopol.kobudev.com\/files\/uploads\/2025\/11\/Action2-300x283.png 300w\" \/>                    <\/div>\n                                <div class=\"content-wrapper\">\n                    <h3 class=\"title\">Solu\u00e7\u00f5es Bio<\/h3>\n                                            <div class=\"description\"><p class=\"p1\">Pol\u00edmeros compost\u00e1veis e biodegrad\u00e1veis obtidos a partir de biomassa de origem vegetal e solu\u00e7\u00f5es biobased, mantendo os padr\u00f5es est\u00e9ticos, mec\u00e2nicos, el\u00e9tricos e de resist\u00eancia ao fogo.<\/p>\n<\/div>\n                    \n                    <a href=\"https:\/\/cabopol.kobudev.com\/pt-pt\/estrategia-de-sustentabilidade\/solucoes-bio\/\" class=\"btn\" >Ver mais<\/a>                <\/div>\n            <\/div>\n\n            <\/div>                <div class=\"columns-group-row\">\n            <div class=\"column columns-group-column\">\n                                    <div class=\"img-wrapper\">\n                        <img loading=\"lazy\" decoding=\"async\" width=\"476\" height=\"476\" src=\"https:\/\/cabopol.kobudev.com\/files\/uploads\/2025\/11\/Action-3.png\" class=\"coverimg\" alt=\"\" sizes=\"auto, (min-width: 601px) 50vw, 100vw\" srcset=\"https:\/\/cabopol.kobudev.com\/files\/uploads\/2025\/11\/Action-3.png 476w, https:\/\/cabopol.kobudev.com\/files\/uploads\/2025\/11\/Action-3-300x300.png 300w, https:\/\/cabopol.kobudev.com\/files\/uploads\/2025\/11\/Action-3-150x150.png 150w\" \/>                    <\/div>\n                                <div class=\"content-wrapper\">\n                    <h3 class=\"title\">Segunda vida<\/h3>\n                                            <div class=\"description\"><p class=\"p1\">Fecho de ciclos dentro da empresa e em parceria com os nossos clientes, para prolongar o ciclo de vida dos produtos: reintrodu\u00e7\u00e3o no processo produtivo de desperd\u00edcios provenientes da produ\u00e7\u00e3o interna e externa.<\/p>\n<\/div>\n                    \n                                    <\/div>\n            <\/div>\n\n                            \n            <div class=\"column columns-group-column\">\n                                    <div class=\"img-wrapper\">\n                        <img loading=\"lazy\" decoding=\"async\" width=\"214\" height=\"476\" src=\"https:\/\/cabopol.kobudev.com\/files\/uploads\/2025\/11\/Action-4.png\" class=\"coverimg\" alt=\"\" sizes=\"auto, (min-width: 601px) 50vw, 100vw\" srcset=\"https:\/\/cabopol.kobudev.com\/files\/uploads\/2025\/11\/Action-4.png 214w, https:\/\/cabopol.kobudev.com\/files\/uploads\/2025\/11\/Action-4-135x300.png 135w\" \/>                    <\/div>\n                                <div class=\"content-wrapper\">\n                    <h3 class=\"title\">Pegada de carbono do produto<\/h3>\n                                            <div class=\"description\"><p class=\"p1\">S\u00e3o realizados estudos de An\u00e1lise do Ciclo de Vida (LCA) em conformidade com as normas ISO 14067 e 14040, para determinar a pegada de carbono dos nossos produtos, identificar os materiais com maior impacto e implementar a\u00e7\u00f5es para a sua redu\u00e7\u00e3o.<\/p>\n<\/div>\n                    \n                                    <\/div>\n            <\/div>\n\n            <\/div>    <\/div>\n\n\n<div class=\"wp-block-kobu-custom-blocks-responsive-spacer responsive-spacer size-large\"><\/div>\n\n\n\n<h2 class=\"wp-block-heading alignmediumwide\">PROCESSO SUSTENT\u00c1VEL<\/h2>\n\n\n<div class=\"columns-group-block alignfull\">\n                <div class=\"columns-group-row\">\n            <div class=\"column columns-group-column\">\n                                    <div class=\"img-wrapper\">\n                        <img loading=\"lazy\" decoding=\"async\" width=\"476\" height=\"477\" src=\"https:\/\/cabopol.kobudev.com\/files\/uploads\/2025\/11\/Action11-1.png\" class=\"coverimg\" alt=\"\" sizes=\"auto, (min-width: 601px) 50vw, 100vw\" srcset=\"https:\/\/cabopol.kobudev.com\/files\/uploads\/2025\/11\/Action11-1.png 476w, https:\/\/cabopol.kobudev.com\/files\/uploads\/2025\/11\/Action11-1-300x300.png 300w, https:\/\/cabopol.kobudev.com\/files\/uploads\/2025\/11\/Action11-1-150x150.png 150w\" \/>                    <\/div>\n                                <div class=\"content-wrapper\">\n                    <h3 class=\"title\">Efici\u00eancia energ\u00e9tica<\/h3>\n                                            <div class=\"description\"><p class=\"p1\">Implementa\u00e7\u00e3o de medidas de efici\u00eancia energ\u00e9tica para melhorar o desempenho dos equipamentos.<\/p>\n<\/div>\n                    \n                                    <\/div>\n            <\/div>\n\n                            \n            <div class=\"column columns-group-column\">\n                                    <div class=\"img-wrapper\">\n                        <img loading=\"lazy\" decoding=\"async\" width=\"530\" height=\"443\" src=\"https:\/\/cabopol.kobudev.com\/files\/uploads\/2025\/11\/Action-22-1.png\" class=\"coverimg\" alt=\"\" sizes=\"auto, (min-width: 601px) 50vw, 100vw\" srcset=\"https:\/\/cabopol.kobudev.com\/files\/uploads\/2025\/11\/Action-22-1.png 530w, https:\/\/cabopol.kobudev.com\/files\/uploads\/2025\/11\/Action-22-1-300x251.png 300w\" \/>                    <\/div>\n                                <div class=\"content-wrapper\">\n                    <h3 class=\"title\">Energia verde<\/h3>\n                                            <div class=\"description\"><p>A nossa central solar de 1,22 MWp, em funcionamento desde a segunda metade de 2024, apoia a nossa estrat\u00e9gia de descarboniza\u00e7\u00e3o, reduzindo aproximadamente 235,5 tCO2eq em emiss\u00f5es de Escopo 2.<\/p>\n<\/div>\n                    \n                                    <\/div>\n            <\/div>\n\n            <\/div>                <div class=\"columns-group-row\">\n            <div class=\"column columns-group-column\">\n                                    <div class=\"img-wrapper\">\n                        <img loading=\"lazy\" decoding=\"async\" width=\"435\" height=\"477\" src=\"https:\/\/cabopol.kobudev.com\/files\/uploads\/2025\/11\/Action33-1.png\" class=\"coverimg\" alt=\"\" sizes=\"auto, (min-width: 601px) 50vw, 100vw\" srcset=\"https:\/\/cabopol.kobudev.com\/files\/uploads\/2025\/11\/Action33-1.png 435w, https:\/\/cabopol.kobudev.com\/files\/uploads\/2025\/11\/Action33-1-274x300.png 274w\" \/>                    <\/div>\n                                <div class=\"content-wrapper\">\n                    <h3 class=\"title\">Recompounding<\/h3>\n                                            <div class=\"description\"><p>Ampliar os esfor\u00e7os de reciclagem da empresa atrav\u00e9s do investimento em equipamentos que permitem o reprocessamento de materiais PIR e PCR.<\/p>\n<\/div>\n                    \n                                    <\/div>\n            <\/div>\n\n                            \n            <div class=\"column columns-group-column\">\n                                    <div class=\"img-wrapper\">\n                        <img loading=\"lazy\" decoding=\"async\" width=\"586\" height=\"476\" src=\"https:\/\/cabopol.kobudev.com\/files\/uploads\/2025\/11\/Action-44-1.png\" class=\"coverimg\" alt=\"\" sizes=\"auto, (min-width: 601px) 50vw, 100vw\" srcset=\"https:\/\/cabopol.kobudev.com\/files\/uploads\/2025\/11\/Action-44-1.png 586w, https:\/\/cabopol.kobudev.com\/files\/uploads\/2025\/11\/Action-44-1-300x244.png 300w\" \/>                    <\/div>\n                                <div class=\"content-wrapper\">\n                    <h3 class=\"title\">ISO 14001:2015<\/h3>\n                                            <div class=\"description\"><p>Identificar e reduzir sistematicamente os impactos ambientais, promovendo a melhoria cont\u00ednua do desempenho ambiental e garantindo a sustentabilidade e resili\u00eancia a longo prazo.<\/p>\n<\/div>\n                    \n                                    <\/div>\n            <\/div>\n\n            <\/div>    <\/div>\n\n\n<div class=\"wp-block-kobu-custom-blocks-responsive-spacer responsive-spacer size-medium\"><\/div>\n\n\n\n<div class=\"wp-block-kobu-custom-blocks-responsive-spacer responsive-spacer size-large\"><\/div>\n\n\n\n<div class=\"wp-block-kobu-custom-blocks-inner-content-img alignfull media-content-group child-item align-right valign-start img-first\"><div class=\"media-col\"><figure><img loading=\"lazy\" decoding=\"async\" width=\"1059\" height=\"1059\" class=\"wp-image-1532\" src=\"https:\/\/cabopol.kobudev.com\/files\/uploads\/2025\/11\/Internal-Life-Cycle-Assesment-Calculations.webp\" alt=\"\" title=\"Internal Life Cycle Assesment Calculations\" sizes=\"auto, (min-width: 601px) 50vw, 100vw\" srcset=\"https:\/\/cabopol.kobudev.com\/files\/uploads\/2025\/11\/Internal-Life-Cycle-Assesment-Calculations.webp 1059w, https:\/\/cabopol.kobudev.com\/files\/uploads\/2025\/11\/Internal-Life-Cycle-Assesment-Calculations-300x300.webp 300w, https:\/\/cabopol.kobudev.com\/files\/uploads\/2025\/11\/Internal-Life-Cycle-Assesment-Calculations-1024x1024.webp 1024w, https:\/\/cabopol.kobudev.com\/files\/uploads\/2025\/11\/Internal-Life-Cycle-Assesment-Calculations-150x150.webp 150w, https:\/\/cabopol.kobudev.com\/files\/uploads\/2025\/11\/Internal-Life-Cycle-Assesment-Calculations-768x768.webp 768w\" \/><\/figure><\/div><div class=\"content-col\"><div class=\"content-col-wrapper\">\n<h2 class=\"wp-block-heading\">AVALIA\u00c7\u00d5ES INTERNAS DO CICLO DE VIDA (LCA)<\/h2>\n\n\n\n<p>Em conformidade com as normas ISO 14067 e 14040, os nossos c\u00e1lculos apoiam o desenvolvimento das Fichas de Informa\u00e7\u00e3o Ambiental de Produto. Estes documentos apresentam a Pegada de Carbono do Produto em CO2-eq, permitindo comunicar de forma transparente o impacto ambiental das nossas formula\u00e7\u00f5es atuais aos clientes.<\/p>\n\n\n\n<p>Abaixo, apresentamos dois cen\u00e1rios de produto: uma formula\u00e7\u00e3o de refer\u00eancia padr\u00e3o e uma vers\u00e3o melhorada com uma percentagem selecionada de material reciclado, evidenciando o impacto positivo da inova\u00e7\u00e3o sustent\u00e1vel.<\/p>\n\n\n\n<div class=\"wp-block-kobu-custom-blocks-responsive-spacer responsive-spacer size-small\"><\/div>\n<\/div><\/div><\/div>\n\n\n\n<div class=\"wp-block-kobu-custom-blocks-section-wrapper alignfull kobu-section has-text-color has-foreground-color has-background has-lightergray-background-color is-style-cta-section has-link-color wp-elements-f287cc7d2403d1a9e35a2dd0e7627571\">\n<div class=\"wp-block-kobu-custom-blocks-responsive-spacer responsive-spacer size-medium\"><\/div>\n\n\n\n<div class=\"wp-block-group alignmediumwide is-layout-flow wp-block-group-is-layout-flow\">\n<h2 class=\"wp-block-heading has-large-font-size\">\u00c0 procura de outra coisa? Estamos aqui para ajudar.<\/h2>\n\n\n\n<div class=\"wp-block-buttons is-layout-flex wp-block-buttons-is-layout-flex\">\n<div class=\"wp-block-button is-style-arrow-btn\"><a class=\"wp-block-button__link wp-element-button\" href=\"https:\/\/cabopol.kobudev.com\/pt-pt\/contactos\/\">Contacte-nos<\/a><\/div>\n<\/div>\n<\/div>\n\n\n\n<div class=\"wp-block-kobu-custom-blocks-responsive-spacer responsive-spacer size-medium\"><\/div>\n<\/div>\n\n\n\n<div class=\"wp-block-kobu-custom-blocks-responsive-spacer responsive-spacer size-large\"><\/div>\n\n\n","protected":false},"excerpt":{"rendered":"<p>PRODUTOS SUSTENT\u00c1VEIS PROCESSO SUSTENT\u00c1VEL<\/p>\n","protected":false},"author":1,"featured_media":1538,"parent":0,"menu_order":11,"comment_status":"closed","ping_status":"closed","template":"templates\/brand.php","meta":{"_acf_changed":false,"inline_featured_image":false,"footnotes":""},"class_list":["post-2536","page","type-page","status-publish","has-post-thumbnail","hentry"],"acf":[],"_links":{"self":[{"href":"https:\/\/cabopol.kobudev.com\/pt-pt\/wp-json\/wp\/v2\/pages\/2536","targetHints":{"allow":["GET"]}}],"collection":[{"href":"https:\/\/cabopol.kobudev.com\/pt-pt\/wp-json\/wp\/v2\/pages"}],"about":[{"href":"https:\/\/cabopol.kobudev.com\/pt-pt\/wp-json\/wp\/v2\/types\/page"}],"author":[{"embeddable":true,"href":"https:\/\/cabopol.kobudev.com\/pt-pt\/wp-json\/wp\/v2\/users\/1"}],"replies":[{"embeddable":true,"href":"https:\/\/cabopol.kobudev.com\/pt-pt\/wp-json\/wp\/v2\/comments?post=2536"}],"version-history":[{"count":5,"href":"https:\/\/cabopol.kobudev.com\/pt-pt\/wp-json\/wp\/v2\/pages\/2536\/revisions"}],"predecessor-version":[{"id":2941,"href":"https:\/\/cabopol.kobudev.com\/pt-pt\/wp-json\/wp\/v2\/pages\/2536\/revisions\/2941"}],"wp:featuredmedia":[{"embeddable":true,"href":"https:\/\/cabopol.kobudev.com\/pt-pt\/wp-json\/wp\/v2\/media\/1538"}],"wp:attachment":[{"href":"https:\/\/cabopol.kobudev.com\/pt-pt\/wp-json\/wp\/v2\/media?parent=2536"}],"curies":[{"name":"wp","href":"https:\/\/api.w.org\/{rel}","templated":true}]}}