{"id":2524,"date":"2025-06-04T13:52:01","date_gmt":"2025-06-04T13:52:01","guid":{"rendered":"https:\/\/cabopol.kobudev.com\/about-cabopol\/"},"modified":"2025-12-17T17:57:12","modified_gmt":"2025-12-17T17:57:12","slug":"sobre-a-cabopol","status":"publish","type":"page","link":"https:\/\/cabopol.kobudev.com\/pt-pt\/sobre-a-cabopol\/","title":{"rendered":"Sobre a Cabopol"},"content":{"rendered":"\n<div class=\"wp-block-kobu-custom-blocks-section-wrapper alignfull kobu-section has-background has-lightergray-background-color\">\n<div class=\"wp-block-kobu-custom-blocks-responsive-spacer responsive-spacer size-large\"><\/div>\n\n\n\n<p><strong>O QUE PODEMOS FAZER PELO SEU NEG\u00d3CIO?<\/strong><\/p>\n\n\n\n<p>A Cabopol \u00e9 especializada na investiga\u00e7\u00e3o, desenvolvimento e produ\u00e7\u00e3o de pol\u00edmeros de alto desempenho, incluindo compostos termopl\u00e1sticos e reticulados. Com mais de 60 anos de experi\u00eancia, a Cabopol oferece solu\u00e7\u00f5es inovadoras que combinam excel\u00eancia t\u00e9cnica, qualidade e fiabilidade para uma ampla variedade de aplica\u00e7\u00f5es industriais.<\/p>\n\n\n\n<p><strong>SOLU\u00c7\u00d5ES INOVADORAS, UM MUNDO DE POSSIBILIDADES<\/strong><\/p>\n\n\n\n<p>As nossas 5 avan\u00e7adas instala\u00e7\u00f5es de produ\u00e7\u00e3o, 2 em Portugal, 1 em Marrocos, 1 na S\u00e9rvia e 1 no M\u00e9xico, t\u00eam uma capacidade total de produ\u00e7\u00e3o de 130.000 toneladas por ano distribu\u00eddas por 25 linhas de produ\u00e7\u00e3o, garantindo qualidade e rigor em todos os projetos.<\/p>\n\n\n\n<p>Do desenvolvimento \u00e0 produ\u00e7\u00e3o, a Cabopol est\u00e1 empenhada em fornecer solu\u00e7\u00f5es inovadoras que potenciem o seu neg\u00f3cio e abram um mundo de possibilidades em compostos termopl\u00e1sticos e reticulados.<\/p>\n\n\n\n<div class=\"wp-block-kobu-custom-blocks-responsive-spacer responsive-spacer size-large\"><\/div>\n<\/div>\n\n\n\n<div class=\"wp-block-kobu-custom-blocks-responsive-spacer responsive-spacer size-large\"><\/div>\n\n\n\n<div class=\"wp-block-kobu-custom-blocks-inner-content-img alignwide media-content-group child-item align-right valign-start img-first\"><div class=\"media-col\"><figure><img loading=\"lazy\" decoding=\"async\" width=\"1600\" height=\"1067\" class=\"wp-image-311\" src=\"https:\/\/cabopol.kobudev.com\/files\/uploads\/2025\/07\/baa889b35f9492a36a410d3d9c650514aca13748.jpg\" alt=\"\" title=\"baa889b35f9492a36a410d3d9c650514aca13748\" sizes=\"auto, (min-width: 1201px) 35vw, (min-width: 601px) 50vw, 100vw\" srcset=\"https:\/\/cabopol.kobudev.com\/files\/uploads\/2025\/07\/baa889b35f9492a36a410d3d9c650514aca13748.jpg 1600w, https:\/\/cabopol.kobudev.com\/files\/uploads\/2025\/07\/baa889b35f9492a36a410d3d9c650514aca13748-300x200.jpg 300w, https:\/\/cabopol.kobudev.com\/files\/uploads\/2025\/07\/baa889b35f9492a36a410d3d9c650514aca13748-1024x683.jpg 1024w, https:\/\/cabopol.kobudev.com\/files\/uploads\/2025\/07\/baa889b35f9492a36a410d3d9c650514aca13748-768x512.jpg 768w, https:\/\/cabopol.kobudev.com\/files\/uploads\/2025\/07\/baa889b35f9492a36a410d3d9c650514aca13748-1536x1024.jpg 1536w\" \/><\/figure><\/div><div class=\"content-col\"><div class=\"content-col-wrapper\">\n<h2 class=\"wp-block-heading\"><strong>MISS\u00c3O, VIS\u00c3O E VALORES<\/strong><\/h2>\n\n\n\n<p>Descubra os princ\u00edpios, valores e objetivos estrat\u00e9gicos que orientam a Cabopol na entrega de solu\u00e7\u00f5es inovadoras em todo o mundo. Fa\u00e7a o download do documento completo para saber mais sobre a nossa miss\u00e3o, vis\u00e3o e valores.<\/p>\n<\/div><\/div><\/div>\n\n\n\n<div class=\"wp-block-kobu-custom-blocks-responsive-spacer responsive-spacer size-large\"><\/div>\n\n\n\n<div class=\"wp-block-kobu-custom-blocks-inner-content-img alignwide media-content-group child-item align-left valign-start img-first\"><div class=\"media-col\"><figure><img loading=\"lazy\" decoding=\"async\" width=\"1400\" height=\"933\" class=\"wp-image-187\" src=\"https:\/\/cabopol.kobudev.com\/files\/uploads\/2025\/07\/0db85df5fddf7ef28b32fc9ca1cdee73219d649f.jpg\" alt=\"\" title=\"0db85df5fddf7ef28b32fc9ca1cdee73219d649f\" sizes=\"auto, (min-width: 1201px) 35vw, (min-width: 601px) 50vw, 100vw\" srcset=\"https:\/\/cabopol.kobudev.com\/files\/uploads\/2025\/07\/0db85df5fddf7ef28b32fc9ca1cdee73219d649f.jpg 1400w, https:\/\/cabopol.kobudev.com\/files\/uploads\/2025\/07\/0db85df5fddf7ef28b32fc9ca1cdee73219d649f-300x200.jpg 300w, https:\/\/cabopol.kobudev.com\/files\/uploads\/2025\/07\/0db85df5fddf7ef28b32fc9ca1cdee73219d649f-1024x682.jpg 1024w, https:\/\/cabopol.kobudev.com\/files\/uploads\/2025\/07\/0db85df5fddf7ef28b32fc9ca1cdee73219d649f-768x512.jpg 768w\" \/><\/figure><\/div><div class=\"content-col\"><div class=\"content-col-wrapper\">\n<h2 class=\"wp-block-heading\"><strong><strong>SOBRE A Mekkin<\/strong><\/strong><\/h2>\n\n\n\n<p>A Cabopol faz parte da Mekkin SGPS, um grupo multinacional portugu\u00eas de refer\u00eancia que tamb\u00e9m inclui empresas-chave nos setores da constru\u00e7\u00e3o met\u00e1lica e engenharia. A Mekkin distingue-se pelo seu desempenho nestes tr\u00eas setores de atividade, com uma trajet\u00f3ria de crescimento baseada na diversifica\u00e7\u00e3o e na oferta de solu\u00e7\u00f5es integradas e completas, caracterizadas pela inova\u00e7\u00e3o e excel\u00eancia.<\/p>\n\n\n\n<p>Com uma orienta\u00e7\u00e3o internacional firme, a Mekkin possui instala\u00e7\u00f5es de produ\u00e7\u00e3o estrategicamente localizadas em Portugal (sede), Marrocos, S\u00e9rvia e M\u00e9xico, complementadas por escrit\u00f3rios na Arg\u00e9lia, Fran\u00e7a, Rom\u00e9nia e Reino Unido. A Cabopol, como empresa do grupo focada em compostos, desempenha um papel central na entrega de solu\u00e7\u00f5es polim\u00e9ricas de alto desempenho a n\u00edvel mundial.<\/p>\n\n\n\n<div style=\"height:20px\" aria-hidden=\"true\" class=\"wp-block-spacer\"><\/div>\n\n\n<noscript class=\"loading-lazy\">\n<figure class=\"wp-block-image size-full is-resized\"><img loading=\"lazy\" decoding=\"async\" width=\"191\" height=\"44\" src=\"https:\/\/cabopol.kobudev.com\/files\/uploads\/2025\/07\/mekkin-main.svg\" alt=\"\" class=\"wp-image-1008\" style=\"width:220px\"\/><\/figure>\n<\/noscript><\/div><\/div><\/div>\n\n\n\n<div class=\"wp-block-kobu-custom-blocks-responsive-spacer responsive-spacer size-large\"><\/div>\n\n\n\n<div class=\"wp-block-kobu-custom-blocks-inner-content-img alignwide media-content-group child-item align-right valign-start img-first\"><div class=\"media-col\"><figure><img loading=\"lazy\" decoding=\"async\" width=\"1599\" height=\"1066\" class=\"wp-image-315\" src=\"https:\/\/cabopol.kobudev.com\/files\/uploads\/2025\/07\/bdd2df894a508d6ee4e9510a2077fa9f46671006.jpg\" alt=\"\" title=\"bdd2df894a508d6ee4e9510a2077fa9f46671006\" sizes=\"auto, (min-width: 1201px) 35vw, (min-width: 601px) 50vw, 100vw\" srcset=\"https:\/\/cabopol.kobudev.com\/files\/uploads\/2025\/07\/bdd2df894a508d6ee4e9510a2077fa9f46671006.jpg 1599w, https:\/\/cabopol.kobudev.com\/files\/uploads\/2025\/07\/bdd2df894a508d6ee4e9510a2077fa9f46671006-300x200.jpg 300w, https:\/\/cabopol.kobudev.com\/files\/uploads\/2025\/07\/bdd2df894a508d6ee4e9510a2077fa9f46671006-1024x683.jpg 1024w, https:\/\/cabopol.kobudev.com\/files\/uploads\/2025\/07\/bdd2df894a508d6ee4e9510a2077fa9f46671006-768x512.jpg 768w, https:\/\/cabopol.kobudev.com\/files\/uploads\/2025\/07\/bdd2df894a508d6ee4e9510a2077fa9f46671006-1536x1024.jpg 1536w\" \/><\/figure><\/div><div class=\"content-col\"><div class=\"content-col-wrapper\">\n<h2 class=\"wp-block-heading\"><strong><strong>Qual<\/strong><\/strong>IDADE<\/h2>\n\n\n\n<p>Na Cabopol, a qualidade n\u00e3o \u00e9 apenas uma norma, \u00e9 a nossa promessa. Desde 1997, o nosso Sistema de Gest\u00e3o da Qualidade certificado (NP EN ISO 9001:2015) orienta cada passo da produ\u00e7\u00e3o, garantindo que os nossos pol\u00edmeros e processos superam as expectativas. A Cabopol Marrocos e a Cabopol S\u00e9rvia tamb\u00e9m est\u00e3o certificadas segundo os mesmos padr\u00f5es.<\/p>\n\n\n\n<p>Excel\u00eancia em cada detalhe, consist\u00eancia em cada solu\u00e7\u00e3o.<\/p>\n\n\n\n<div class=\"wp-block-buttons is-layout-flex wp-block-buttons-is-layout-flex\">\n<div class=\"wp-block-button is-style-download-btn\"><a class=\"wp-block-button__link wp-element-button\" href=\"https:\/\/cabopol.kobudev.com\/files\/uploads\/2025\/11\/Mision-vision-valores-e-politica-2021-ENG.pdf\">Descarregar Pol\u00edtica de Qualidade<\/a><\/div>\n<\/div>\n<\/div><\/div><\/div>\n\n\n\n<div class=\"wp-block-kobu-custom-blocks-responsive-spacer responsive-spacer size-large\"><\/div>\n\n\n\n<div class=\"wp-block-kobu-custom-blocks-inner-content-img alignwide media-content-group child-item align-left valign-start img-first\"><div class=\"media-col\"><figure><img loading=\"lazy\" decoding=\"async\" width=\"1400\" height=\"934\" class=\"wp-image-199\" src=\"https:\/\/cabopol.kobudev.com\/files\/uploads\/2025\/07\/2bed607c29a09845c0ba2b8cb37f8a2c91128326.jpg\" alt=\"\" title=\"2bed607c29a09845c0ba2b8cb37f8a2c91128326\" sizes=\"auto, (min-width: 1201px) 35vw, (min-width: 601px) 50vw, 100vw\" srcset=\"https:\/\/cabopol.kobudev.com\/files\/uploads\/2025\/07\/2bed607c29a09845c0ba2b8cb37f8a2c91128326.jpg 1400w, https:\/\/cabopol.kobudev.com\/files\/uploads\/2025\/07\/2bed607c29a09845c0ba2b8cb37f8a2c91128326-300x200.jpg 300w, https:\/\/cabopol.kobudev.com\/files\/uploads\/2025\/07\/2bed607c29a09845c0ba2b8cb37f8a2c91128326-1024x683.jpg 1024w, https:\/\/cabopol.kobudev.com\/files\/uploads\/2025\/07\/2bed607c29a09845c0ba2b8cb37f8a2c91128326-768x512.jpg 768w\" \/><\/figure><\/div><div class=\"content-col\"><div class=\"content-col-wrapper\">\n<h2 class=\"wp-block-heading\"><strong><strong><strong>SA\u00daDE E SEGURAN\u00c7A NO TRABALHO<\/strong><\/strong><\/strong><\/h2>\n\n\n\n<p>A Pol\u00edtica de Sa\u00fade e Seguran\u00e7a no Trabalho da Cabopol define diretrizes estrat\u00e9gicas claras para a total seguran\u00e7a dos nossos colaboradores. Esta pol\u00edtica representa o compromisso da Cabopol e define os princ\u00edpios que orientam o seu desempenho. O objetivo \u00e9 garantir que todos os colaboradores compreendem a dedica\u00e7\u00e3o da empresa para com a sa\u00fade e seguran\u00e7a do local de trabalho e como isso influencia as suas responsabilidades individuais.<\/p>\n\n\n\n<div class=\"wp-block-buttons is-layout-flex wp-block-buttons-is-layout-flex\">\n<div class=\"wp-block-button is-style-download-btn\"><a class=\"wp-block-button__link wp-element-button\" href=\"https:\/\/cabopol.kobudev.com\/files\/uploads\/2025\/11\/Politica-da-seguranca-e-saude-no-trabalho-ENG_-s-assin.pdf\">Descarregar Brochura<\/a><\/div>\n<\/div>\n<\/div><\/div><\/div>\n\n\n\n<div class=\"wp-block-kobu-custom-blocks-responsive-spacer responsive-spacer size-large\"><\/div>\n\n\n\n<div class=\"wp-block-kobu-custom-blocks-inner-content-img alignwide media-content-group child-item align-right valign-start img-first\"><div class=\"media-col\"><figure><img loading=\"lazy\" decoding=\"async\" width=\"1301\" height=\"1301\" class=\"wp-image-1401\" src=\"https:\/\/cabopol.kobudev.com\/files\/uploads\/2025\/11\/Environment.webp\" alt=\"\" title=\"Environment\" sizes=\"auto, (min-width: 1201px) 35vw, (min-width: 601px) 50vw, 100vw\" srcset=\"https:\/\/cabopol.kobudev.com\/files\/uploads\/2025\/11\/Environment.webp 1301w, https:\/\/cabopol.kobudev.com\/files\/uploads\/2025\/11\/Environment-300x300.webp 300w, https:\/\/cabopol.kobudev.com\/files\/uploads\/2025\/11\/Environment-1024x1024.webp 1024w, https:\/\/cabopol.kobudev.com\/files\/uploads\/2025\/11\/Environment-150x150.webp 150w, https:\/\/cabopol.kobudev.com\/files\/uploads\/2025\/11\/Environment-768x768.webp 768w\" \/><\/figure><\/div><div class=\"content-col\"><div class=\"content-col-wrapper\">\n<h2 class=\"wp-block-heading\"><strong><strong><strong>AMBIENTE<\/strong><\/strong><\/strong><\/h2>\n\n\n\n<p>A Cabopol assume a defesa do ambiente como objetivo de garantir a sustentabilidade das suas atividades. Estabeleceu uma Pol\u00edtica Ambiental baseada em diretrizes bem definidas, \u00e0s quais est\u00e1 comprometida.<\/p>\n\n\n\n<p>A Cabopol orgulha-se de ser certificada pela ISO 14001, demonstrando o seu compromisso com uma gest\u00e3o ambiental eficaz. Esta certifica\u00e7\u00e3o reflete a nossa dedica\u00e7\u00e3o em preservar o meio ambiente, cumprir as normas e refror\u00e7ar, continuamente, as acoes de promocao da sustentabilidade.<\/p>\n\n\n\n<div class=\"wp-block-buttons is-layout-flex wp-block-buttons-is-layout-flex\">\n<div class=\"wp-block-button\"><a class=\"wp-block-button__link wp-element-button\" href=\"https:\/\/cabopol.kobudev.com\/files\/uploads\/2025\/11\/Politica-Ambiental_GB_s-assin.pdf\">Descarregar Brochura<\/a><\/div>\n<\/div>\n<\/div><\/div><\/div>\n\n\n\n<div class=\"wp-block-kobu-custom-blocks-responsive-spacer responsive-spacer size-large\"><\/div>\n\n\n\n<div class=\"wp-block-kobu-custom-blocks-section-wrapper alignfull kobu-section has-background has-lightergray-background-color\">\n<div class=\"wp-block-kobu-custom-blocks-responsive-spacer responsive-spacer size-large\"><\/div>\n\n\n\n<h2 class=\"wp-block-heading alignwide\">OS NOSSOS PRODUTOS<\/h2>\n\n\n\n<p class=\"alignwide has-text-align-wide\">As marcas da Cabopol oferecem produtos vers\u00e1teis que podem ser aplicadas em diversas ind\u00fastrias, desde cabos e fio a cal\u00e7ado, moldagem por inje\u00e7\u00e3o e extrus\u00e3o, e embalagens. Cada marca \u00e9 baseada num material espec\u00edfico, oferecendo desempenho e fiabilidade adaptados a uma ampla variedade de aplica\u00e7\u00f5es. Explore as nossas marcas e descubra as solu\u00e7\u00f5es inovadoras que podem impulsionar o seu neg\u00f3cio.<\/p>\n\n\n\n<div class=\"wp-block-kobu-custom-blocks-responsive-spacer responsive-spacer size-medium\"><\/div>\n\n\n    <div class=\"cards-highlights-block alignwide\">\n        <div class=\"cards-highlights\">\n                            <div class=\"card highlight\">\n                    <div class=\"img-wrapper\">\n                        <div class=\"img-inner-wrapper\">\n                            <img loading=\"lazy\" decoding=\"async\" width=\"640\" height=\"876\" src=\"https:\/\/cabopol.kobudev.com\/files\/uploads\/2025\/11\/Lacoflex.webp\" class=\"coverimg\" alt=\"\" sizes=\"auto, (min-width: 993px) 33vw, (min-width: 601px) 50vw, 100vw\" srcset=\"https:\/\/cabopol.kobudev.com\/files\/uploads\/2025\/11\/Lacoflex.webp 731w, https:\/\/cabopol.kobudev.com\/files\/uploads\/2025\/11\/Lacoflex-219x300.webp 219w\" \/>                        <\/div>\n                    <\/div>\n                    <div class=\"content-wrapper\">\n                        <div class=\"content-inner-wrapper\">\n                                                            <h3>Lacoflex\u00ae TPE | TPU | TPO<\/h3>\n                                                                                        <div class=\"description\">Compostos vers\u00e1teis para cabos e fios, componentes industriais, bens de consumo, produtos de higiene pessoal, embalagem e cal\u00e7ado. Dispon\u00edvel em vers\u00f5es com conte\u00fado reciclado e biobase.<\/div>\n                            \n                                                            <a href=\"https:\/\/cabopol.kobudev.com\/pt-pt\/os-nossos-produtos\/lacoflex\/\" class=\"btn ghost-white arrow-btn\"><span>Ver mais<\/span><\/a>\n                                                    <\/div>\n                    <\/div>\n                <\/div>\n                            <div class=\"card highlight\">\n                    <div class=\"img-wrapper\">\n                        <div class=\"img-inner-wrapper\">\n                            <img loading=\"lazy\" decoding=\"async\" width=\"640\" height=\"876\" src=\"https:\/\/cabopol.kobudev.com\/files\/uploads\/2025\/11\/Sofiplus.webp\" class=\"coverimg\" alt=\"\" sizes=\"auto, (min-width: 993px) 33vw, (min-width: 601px) 50vw, 100vw\" srcset=\"https:\/\/cabopol.kobudev.com\/files\/uploads\/2025\/11\/Sofiplus.webp 731w, https:\/\/cabopol.kobudev.com\/files\/uploads\/2025\/11\/Sofiplus-219x300.webp 219w\" \/>                        <\/div>\n                    <\/div>\n                    <div class=\"content-wrapper\">\n                        <div class=\"content-inner-wrapper\">\n                                                            <h3>Sofiplus\u00ae PP | XLPO | XLPE | HF | LSZH<\/h3>\n                                                                                        <div class=\"description\">Solu\u00e7\u00f5es avan\u00e7adas para cabos e fios em aplica\u00e7\u00f5es autom\u00f3vel, de energia e telecomunica\u00e7\u00f5es, com soluc\u00f5es adaptadas a exigentes normas de seguran\u00e7a e desempenho.<\/div>\n                            \n                                                            <a href=\"https:\/\/cabopol.kobudev.com\/pt-pt\/os-nossos-produtos\/sofiplus\/\" class=\"btn ghost-white arrow-btn\"><span>Ver mais<\/span><\/a>\n                                                    <\/div>\n                    <\/div>\n                <\/div>\n                            <div class=\"card highlight\">\n                    <div class=\"img-wrapper\">\n                        <div class=\"img-inner-wrapper\">\n                            <img loading=\"lazy\" decoding=\"async\" width=\"640\" height=\"876\" src=\"https:\/\/cabopol.kobudev.com\/files\/uploads\/2025\/11\/Sofiprime.webp\" class=\"coverimg\" alt=\"\" sizes=\"auto, (min-width: 993px) 33vw, (min-width: 601px) 50vw, 100vw\" srcset=\"https:\/\/cabopol.kobudev.com\/files\/uploads\/2025\/11\/Sofiprime.webp 731w, https:\/\/cabopol.kobudev.com\/files\/uploads\/2025\/11\/Sofiprime-219x300.webp 219w\" \/>                        <\/div>\n                    <\/div>\n                    <div class=\"content-wrapper\">\n                        <div class=\"content-inner-wrapper\">\n                                                            <h3>Sofiprime\u00ae PP | PE<\/h3>\n                                                                                        <div class=\"description\">Compostos eficientes para diversas aplica\u00e7\u00f5es: autom\u00f3vel, componentes industriais, bens de consumo, produtos de higiene pessoal e embalagem. Desenvolvidos para desempenho consistente, incluindo vers\u00f5es com conte\u00fado reciclado.<\/div>\n                            \n                                                            <a href=\"https:\/\/cabopol.kobudev.com\/pt-pt\/os-nossos-produtos\/sofiprime\/\" class=\"btn ghost-white arrow-btn\"><span>Ver mais<\/span><\/a>\n                                                    <\/div>\n                    <\/div>\n                <\/div>\n                            <div class=\"card highlight\">\n                    <div class=\"img-wrapper\">\n                        <div class=\"img-inner-wrapper\">\n                            <img loading=\"lazy\" decoding=\"async\" width=\"640\" height=\"876\" src=\"https:\/\/cabopol.kobudev.com\/files\/uploads\/2025\/11\/Polyprime.webp\" class=\"coverimg\" alt=\"\" sizes=\"auto, (min-width: 993px) 33vw, (min-width: 601px) 50vw, 100vw\" srcset=\"https:\/\/cabopol.kobudev.com\/files\/uploads\/2025\/11\/Polyprime.webp 731w, https:\/\/cabopol.kobudev.com\/files\/uploads\/2025\/11\/Polyprime-219x300.webp 219w\" \/>                        <\/div>\n                    <\/div>\n                    <div class=\"content-wrapper\">\n                        <div class=\"content-inner-wrapper\">\n                                                            <h3>Polyprime\u00ae PVC<\/h3>\n                                                                                        <div class=\"description\">Compostos \u00e0 base de PVC para cabos e fio (autom\u00f3vel, energia, telecomunica\u00e7\u00f5es), componentes industriais, bens de consumo, produtos de higiene pessoal e cal\u00e7ado. Dispon\u00edvel em vers\u00f5es com conte\u00fado reciclado.<\/div>\n                            \n                                                            <a href=\"https:\/\/cabopol.kobudev.com\/pt-pt\/os-nossos-produtos\/polyprime\/\" class=\"btn ghost-white arrow-btn\"><span>Ver mais<\/span><\/a>\n                                                    <\/div>\n                    <\/div>\n                <\/div>\n                            <div class=\"card highlight\">\n                    <div class=\"img-wrapper\">\n                        <div class=\"img-inner-wrapper\">\n                            <img loading=\"lazy\" decoding=\"async\" width=\"640\" height=\"876\" src=\"https:\/\/cabopol.kobudev.com\/files\/uploads\/2025\/11\/Polyamis.webp\" class=\"coverimg\" alt=\"\" sizes=\"auto, (min-width: 993px) 33vw, (min-width: 601px) 50vw, 100vw\" srcset=\"https:\/\/cabopol.kobudev.com\/files\/uploads\/2025\/11\/Polyamis.webp 731w, https:\/\/cabopol.kobudev.com\/files\/uploads\/2025\/11\/Polyamis-219x300.webp 219w\" \/>                        <\/div>\n                    <\/div>\n                    <div class=\"content-wrapper\">\n                        <div class=\"content-inner-wrapper\">\n                                                            <h3>Polyamis PA6 | PA6.6<\/h3>\n                                                                                        <div class=\"description\">Compostos de poliamida de alto desempenho para aplica\u00e7\u00f5es autom\u00f3vel, industriais e bens de consumo. Tamb\u00e9m dispon\u00edveis com op\u00e7\u00f5es de conte\u00fado reciclado.<\/div>\n                            \n                                                            <a href=\"https:\/\/cabopol.kobudev.com\/pt-pt\/os-nossos-produtos\/polyamis\/\" class=\"btn ghost-white arrow-btn\"><span>Ver mais<\/span><\/a>\n                                                    <\/div>\n                    <\/div>\n                <\/div>\n                            <div class=\"card highlight\">\n                    <div class=\"img-wrapper\">\n                        <div class=\"img-inner-wrapper\">\n                            <img loading=\"lazy\" decoding=\"async\" width=\"640\" height=\"360\" src=\"https:\/\/cabopol.kobudev.com\/files\/uploads\/2025\/07\/ebef20fc1b68b541e0e492f3a3179a2193c45b90-768x432.jpg\" class=\"coverimg\" alt=\"\" sizes=\"auto, (min-width: 993px) 33vw, (min-width: 601px) 50vw, 100vw\" srcset=\"https:\/\/cabopol.kobudev.com\/files\/uploads\/2025\/07\/ebef20fc1b68b541e0e492f3a3179a2193c45b90-768x432.jpg 768w, https:\/\/cabopol.kobudev.com\/files\/uploads\/2025\/07\/ebef20fc1b68b541e0e492f3a3179a2193c45b90-300x169.jpg 300w, https:\/\/cabopol.kobudev.com\/files\/uploads\/2025\/07\/ebef20fc1b68b541e0e492f3a3179a2193c45b90-1024x576.jpg 1024w, https:\/\/cabopol.kobudev.com\/files\/uploads\/2025\/07\/ebef20fc1b68b541e0e492f3a3179a2193c45b90.jpg 1315w\" \/>                        <\/div>\n                    <\/div>\n                    <div class=\"content-wrapper\">\n                        <div class=\"content-inner-wrapper\">\n                                                            <h3>Solu\u00e7\u00f5es Sustent\u00e1veis<\/h3>\n                                                                                        <div class=\"description\">Compostos reciclados e de base biol\u00f3gica que reduzem o desperd\u00edcio, apoiam a economia circular e proporcionam materiais de alto desempenho para a ind\u00fastria moderna.<\/div>\n                            \n                                                            <a href=\"https:\/\/cabopol.kobudev.com\/pt-pt\/estrategia-de-sustentabilidade\/\" class=\"btn ghost-white arrow-btn\"><span>Ver mais<\/span><\/a>\n                                                    <\/div>\n                    <\/div>\n                <\/div>\n                    <\/div>\n                    <div class=\"container large\">\n                <a href=\"https:\/\/cabopol.kobudev.com\/pt-pt\/aplicacoes\/\" class=\"taxonomy-page-link arrow-link\"><span>Consultar as Nossas Aplica\u00e7\u00f5es<\/span><\/a>\n            <\/div>\n            <\/div>\n\n\n\n<div class=\"wp-block-kobu-custom-blocks-responsive-spacer responsive-spacer size-large\"><\/div>\n<\/div>\n","protected":false},"excerpt":{"rendered":"","protected":false},"author":1,"featured_media":0,"parent":0,"menu_order":1,"comment_status":"closed","ping_status":"closed","template":"templates\/about.php","meta":{"_acf_changed":false,"inline_featured_image":false,"footnotes":""},"class_list":["post-2524","page","type-page","status-publish","hentry"],"acf":[],"_links":{"self":[{"href":"https:\/\/cabopol.kobudev.com\/pt-pt\/wp-json\/wp\/v2\/pages\/2524","targetHints":{"allow":["GET"]}}],"collection":[{"href":"https:\/\/cabopol.kobudev.com\/pt-pt\/wp-json\/wp\/v2\/pages"}],"about":[{"href":"https:\/\/cabopol.kobudev.com\/pt-pt\/wp-json\/wp\/v2\/types\/page"}],"author":[{"embeddable":true,"href":"https:\/\/cabopol.kobudev.com\/pt-pt\/wp-json\/wp\/v2\/users\/1"}],"replies":[{"embeddable":true,"href":"https:\/\/cabopol.kobudev.com\/pt-pt\/wp-json\/wp\/v2\/comments?post=2524"}],"version-history":[{"count":4,"href":"https:\/\/cabopol.kobudev.com\/pt-pt\/wp-json\/wp\/v2\/pages\/2524\/revisions"}],"predecessor-version":[{"id":2937,"href":"https:\/\/cabopol.kobudev.com\/pt-pt\/wp-json\/wp\/v2\/pages\/2524\/revisions\/2937"}],"wp:attachment":[{"href":"https:\/\/cabopol.kobudev.com\/pt-pt\/wp-json\/wp\/v2\/media?parent=2524"}],"curies":[{"name":"wp","href":"https:\/\/api.w.org\/{rel}","templated":true}]}}