{"id":2476,"date":"2025-06-04T09:19:25","date_gmt":"2025-06-04T09:19:25","guid":{"rendered":"https:\/\/cabopol.kobudev.com\/politica-de-privacidade\/"},"modified":"2025-12-18T16:05:20","modified_gmt":"2025-12-18T16:05:20","slug":"politica-de-privacidade","status":"publish","type":"page","link":"https:\/\/cabopol.kobudev.com\/pt-pt\/politica-de-privacidade\/","title":{"rendered":"Pol\u00edtica de Privacidade"},"content":{"rendered":"\n<p><strong><strong>(Artigos 8\u00ba, 13\u00ba, 14\u00ba e 21\u00ba do Regulamento Geral de Prote\u00e7\u00e3o de Dados \u2013 RGPD)<\/strong><\/strong><\/p>\n\n\n\n<h2 class=\"wp-block-heading\">I \u2013 Pre\u00e2mbulo<\/h2>\n\n\n\n<p>O presente documento explicita os termos em que a Cabopol \u2013 POLYMER COMPOUNDS, S.A., sociedade com sede no IC 2, KM 108, S\u00e3o Jorge, Freguesia de Calvaria de Cima, concelho de Porto de M\u00f3s, com o capital social \u20ac 3.750.000,00 (tr\u00eas milh\u00f5es, setecentos e cinquenta mil euros) e registada na Conservat\u00f3ria do Registo Comercial de Porto de M\u00f3s, sob o n\u00famero \u00fanico de pessoa coletiva e de matr\u00edcula 503416002, procede ao tratamento das informa\u00e7\u00f5es recolhidas e utilizadas nas suas aplica\u00e7\u00f5es. Todas estas regras est\u00e3o de acordo com a legisla\u00e7\u00e3o nacional.<\/p>\n\n\n\n<h2 class=\"wp-block-heading\">II \u2013 Conte\u00fado<\/h2>\n\n\n\n<p class=\"anchorlink\"><a href=\"#personal-data\" data-type=\"internal\" data-id=\"#personal-data\">O que s\u00e3o dados pessoais?<\/a><\/p>\n\n\n\n<p class=\"anchorlink\"><a href=\"#data-controller\">Quem \u00e9 o respons\u00e1vel pelo tratamento de dados?<\/a><\/p>\n\n\n\n<p class=\"anchorlink\"><a href=\"#collect\">Que informa\u00e7\u00e3o recolhemos acerca de si?<\/a><\/p>\n\n\n\n<p class=\"anchorlink\"><a href=\"#information\">De que forma usamos a informa\u00e7\u00e3o sobre si?<\/a><\/p>\n\n\n\n<p class=\"anchorlink\"><a href=\"#right-of-access\">Direito de acesso<\/a><\/p>\n\n\n\n<p class=\"anchorlink\"><a href=\"#rectification\">Direito de retifica\u00e7\u00e3o<\/a><\/p>\n\n\n\n<p class=\"anchorlink\"><a href=\"#erasure\">Direito ao apagamento dos dados (\u201cdireito a ser esquecido\u201d)<\/a><\/p>\n\n\n\n<p class=\"anchorlink\"><a href=\"#treatment\">Direito \u00e0 limita\u00e7\u00e3o do tratamento<\/a><\/p>\n\n\n\n<p class=\"anchorlink\"><a href=\"#portability\">Direito de portabilidade dos dados<\/a><\/p>\n\n\n\n<p class=\"anchorlink\"><a href=\"#object\">Direito de Oposi\u00e7\u00e3o<\/a><\/p>\n\n\n\n<p class=\"anchorlink\"><a href=\"#revoke-consent\">Posso revogar o meu consentimento posteriormente?<\/a><\/p>\n\n\n\n<p class=\"anchorlink\"><a href=\"#data-reported\">Em que circunst\u00e2ncias existe comunica\u00e7\u00e3o de dados a outras entidades (terceiros e subcontratados)?<\/a><\/p>\n\n\n\n<p class=\"anchorlink\"><a href=\"#marketing\">Marketing<\/a><\/p>\n\n\n\n<p class=\"anchorlink\"><a href=\"#cookies\">Cookies<\/a><\/p>\n\n\n\n<p class=\"anchorlink\"><a href=\"#other-websites\">Outros websites<\/a><\/p>\n\n\n\n<p class=\"anchorlink\"><a href=\"#data-security\">Quais as medidas adotadas pela Cabopol \u2013 POLYMER COMPOUNDS, S.A. para assegurar a seguran\u00e7a dos seus dados pessoais?<\/a><\/p>\n\n\n\n<p class=\"anchorlink\"><a href=\"#privacy-notice\">Altera\u00e7\u00f5es a este comunicado de privacidade<\/a><\/p>\n\n\n\n<p class=\"anchorlink\"><a href=\"#contact\">Contatos<\/a><\/p>\n\n\n\n<h3 class=\"wp-block-heading\">I \u2013 O que s\u00e3o dados pessoais?<\/h3>\n\n\n\n<p>Quando nos referimos a dados pessoais referimo-nos a qualquer informa\u00e7\u00e3o, de qualquer natureza e independentemente do respetivo suporte, incluindo som e imagem, relativa a uma pessoa singular identificada ou identific\u00e1vel.<\/p>\n\n\n\n<p>\u00c9 considerada identific\u00e1vel a pessoa que possa ser identificada direta ou indiretamente, designadamente por refer\u00eancia a um n\u00famero de identifica\u00e7\u00e3o ou a um ou mais elementos espec\u00edficos da sua identidade f\u00edsica, fisiol\u00f3gica, ps\u00edquica, econ\u00f3mica, cultural ou social.<\/p>\n\n\n\n<h3 class=\"wp-block-heading\">Quem \u00e9 o respons\u00e1vel pelo tratamento de dados?<\/h3>\n\n\n\n<p>A entidade respons\u00e1vel pela recolha e tratamento dos dados pessoais \u00e9 a Cabopol \u2013 POLYMER COMPOUNDS, S.A., sociedade com sede no IC 2, KM 108, S\u00e3o Jorge, Freguesia de Calvaria de Cima, concelho de Porto de M\u00f3s, com o capital social \u20ac 3.750.000,00 (tr\u00eas milh\u00f5es, setecentos e cinquenta mil euros) e registada na Conservat\u00f3ria do Registo Comercial de Porto de M\u00f3s, sob o n\u00famero \u00fanico de pessoa coletiva e de matr\u00edcula 503416002.<\/p>\n\n\n\n<h3 class=\"wp-block-heading\">Que informa\u00e7\u00e3o recolhemos acerca de si?<\/h3>\n\n\n\n<p>Recolhemos informa\u00e7\u00e3o acerca de si quando se regista no nosso Website ou coloca um pedido de aquisi\u00e7\u00e3o de produtos ou servi\u00e7os. N\u00f3s tamb\u00e9m recolhemos informa\u00e7\u00e3o sua quando voluntariamente preenche question\u00e1rios, usa a ferramenta de conversa\u00e7\u00e3o (\u201cchat\u201d), participa em competi\u00e7\u00f5es ou fornece opini\u00f5es (\u201cfeedback\u201d). A informa\u00e7\u00e3o de uso do Website \u00e9 recolhida usando cookies.<\/p>\n\n\n\n<h3 class=\"wp-block-heading\">De que forma usamos a informa\u00e7\u00e3o sobre si?<\/h3>\n\n\n\n<p>Os dados recolhidos servem para processar o seu pedido, gerir a sua conta e, se concordar, enviar-lhe por correio eletr\u00f3nico informa\u00e7\u00e3o acerca de outros produtos e servi\u00e7os que pensamos ser do seu interesse. Usamos a informa\u00e7\u00e3o recolhida do Website para personalizar as suas pr\u00f3ximas visitas ao nosso Website. Se concordar iremos enviar a sua informa\u00e7\u00e3o pessoal \u00e0s diversas empresas da Holding Mekkin para que lhe possam oferecer os seus produtos e servi\u00e7os. A empresa Cabopol \u2013 POLYMER COMPOUNDS, S.A., n\u00e3o partilha a sua informa\u00e7\u00e3o para campanhas de marketing com empresas n\u00e3o pertencentes ao grupo<\/p>\n\n\n\n<p>Ao processar o seu pedido, podemos enviar os seus dados para, e tamb\u00e9m usar informa\u00e7\u00e3o de ag\u00eancias de cr\u00e9dito e de preven\u00e7\u00e3o de fraudes.<\/p>\n\n\n\n<p>Assim, a qualquer momento, pode solicitar-nos:<\/p>\n\n\n\n<ul class=\"wp-block-list\">\n<li>O acesso \u00e0 informa\u00e7\u00e3o que temos sobre si;<\/li>\n\n\n\n<li>A retifica\u00e7\u00e3o da informa\u00e7\u00e3o caso esteja incorreta ou incompleta;<\/li>\n\n\n\n<li>Para apagar ou limitar o tratamento dos seus dados pessoais;<\/li>\n\n\n\n<li>Se o tratamento depender do seu consentimento ou acordo e esse for efetuado por meios automatizados, tem direito ao envio dos dados pessoais anteriormente fornecidos, de forma estruturada, comummente utilizada e num formato informaticamente leg\u00edvel.<\/li>\n<\/ul>\n\n\n\n<p><\/p>\n\n\n\n<p>Os seus pedidos ser\u00e3o tratados com especial cuidado de forma a que possamos assegurar a efic\u00e1cia dos seus direitos. Poder\u00e1 ser-lhe pedido que fa\u00e7a prova da sua identidade de modo a assegurar que a partilha dos dados pessoais \u00e9 apenas feita com o seu titular.<\/p>\n\n\n\n<p>Deve ter presente que em certos casos (por exemplo, devido a requisitos legais) o seu pedido poder\u00e1 n\u00e3o ser imediatamente satisfeito.<\/p>\n\n\n\n<p>De qualquer modo, ser\u00e1 informado das medidas tomadas nesse sentido, no prazo m\u00e1ximo de um m\u00eas a partir do momento em que o pedido for efetuado.<\/p>\n\n\n\n<p>Tem ainda o direito de apresentar uma reclama\u00e7\u00e3o \u00e0 Comiss\u00e3o Nacional de Prote\u00e7\u00e3o de Dados <a href=\"https:\/\/www.cnpd.pt\/.\">https:\/\/www.cnpd.pt\/.<\/a><\/p>\n\n\n\n<h3 class=\"wp-block-heading\">Direito de acesso<\/h3>\n\n\n\n<p>O titular dos dados pessoais tem o direito a obter da Cabopol \u2013 POLYMER COMPOUNDS, S.A., a confirma\u00e7\u00e3o de que os dados que lhe digam respeito s\u00e3o ou n\u00e3o objeto de tratamento e, se for o caso, de aceder aos seus dados pessoais e aceder \u00e0s informa\u00e7\u00f5es previstas na lei.<\/p>\n\n\n\n<p>Caso pretenda mais do que uma c\u00f3pia dos seus dados pessoais em fase de tratamento, a Cabopol \u2013 POLYMER COMPOUNDS, S.A., poder\u00e1 sujeitar esse servi\u00e7o a um pagamento de uma taxa pelos custos administrativos, nos termos definidos no Manual de Privacidade da empresa.<\/p>\n\n\n\n<h3 class=\"wp-block-heading\">Direito de retifica\u00e7\u00e3o<\/h3>\n\n\n\n<p>O titular dos dados pessoais tem o direito de obter da Cabopol \u2013 POLYMER COMPOUNDS, S.A., sem demora injustificada, a retifica\u00e7\u00e3o dos dados inexatos ou incompletos que lhe digam respeito.<\/p>\n\n\n\n<h3 class=\"wp-block-heading\">Direito ao apagamento dos dados (\u201cdireito a ser esquecido\u201d)<\/h3>\n\n\n\n<p>O titular dos dados pessoais tem o direito pedir \u00e0 Cabopol \u2013 POLYMER COMPOUNDS, S.A., para apagar os seus dados, sem demora injustificada, e a Cabopol \u2013 POLYMER COMPOUNDS, S.A., tem a obriga\u00e7\u00e3o de apagar os dados pessoais quando se aplique, designadamente, um dos seguintes motivos:<\/p>\n\n\n\n<p>a) Os dados pessoais deixaram de ser necess\u00e1rios para a finalidade que motivou a sua recolha ou tratamento;<\/p>\n\n\n\n<p>b) O titular retirou o seu consentimento para o tratamento de dados (nos casos em que o tratamento \u00e9 baseado no consentimento) e n\u00e3o existir outro fundamento para o referido tratamento;<\/p>\n\n\n\n<p>c) O titular op\u00f5e-se ao tratamento e n\u00e3o existem interesses leg\u00edtimos prevalecentes que justifiquem o tratamento.<\/p>\n\n\n\n<p><\/p>\n\n\n\n<h3 class=\"wp-block-heading\">Direito \u00e0 limita\u00e7\u00e3o do tratamento<\/h3>\n\n\n\n<p>O titular dos dados tem o direito de obter da Cabopol \u2013 POLYMER COMPOUNDS, S.A., a limita\u00e7\u00e3o do tratamento, se se aplicar, designadamente, uma das seguintes situa\u00e7\u00f5es:<\/p>\n\n\n\n<p>a) Contestar a exatid\u00e3o dos dados pessoais, durante um per\u00edodo que permita \u00e0 Cabopol \u2013 POLYMER COMPOUNDS, S.A., verificar a sua exatid\u00e3o;<\/p>\n\n\n\n<p>b) O tratamento de dados for l\u00edcito e o titular dos dados se opuser a que se apaguem os seus dados pessoais e solicitar, em contrapartida, a limita\u00e7\u00e3o da sua utiliza\u00e7\u00e3o;<\/p>\n\n\n\n<p>c) A Cabopol \u2013 POLYMER COMPOUNDS, S.A., j\u00e1 n\u00e3o precisar dos dados pessoais para fins de tratamento, mas esses dados s\u00e3o requeridos pelo titular para efeitos de declara\u00e7\u00e3o, exerc\u00edcio ou defesa de um direito num processo judicial;<\/p>\n\n\n\n<p>d) Se tiver oposto ao tratamento, at\u00e9 se verificar que os motivos leg\u00edtimos do respons\u00e1vel pelo tratamento prevalecem sobre os do titular dos dados.<\/p>\n\n\n\n<p><\/p>\n\n\n\n<h3 class=\"wp-block-heading\">Direito de portabilidade dos dados<\/h3>\n\n\n\n<p>Se o tratamento depender do consentimento do titular dos dados e esse consentimento tiver sido prestado por meios automatizados, o titular dos dados tem o direito a receber os dados pessoais que lhe digam respeito e que tenha fornecido \u00e0 Cabopol \u2013 POLYMER COMPOUNDS, S.A., num formato estruturado, de uso corrente e de leitura autom\u00e1tica.<\/p>\n\n\n\n<h3 class=\"wp-block-heading\">Direito de oposi\u00e7\u00e3o<\/h3>\n\n\n\n<p>Nos casos em que o tratamento de dados for efetuado para efeito dos interesses leg\u00edtimos prosseguidos pela Cabopol \u2013 POLYMER COMPOUNDS, S.A.; ou 2) o tratamento de dados for efetuado para efeitos de marketing direto; ou 3) defini\u00e7\u00e3o de perfis, o titular dos dados pode ainda, a qualquer altura, opor-se ao tratamento dos seus dados pessoais.<\/p>\n\n\n\n<h3 class=\"wp-block-heading\">Posso revogar o meu consentimento posteriormente?<\/h3>\n\n\n\n<p>Se o consentimento for legalmente necess\u00e1rio para o tratamento de dados pessoais, o titular dos dados tem o direito de retirar consentimento em qualquer altura, embora esse direito n\u00e3o comprometa a licitude do tratamento efetuado com base no consentimento previamente dado nem o tratamento posterior dos mesmos dados, baseado noutra base legal, como \u00e9 o caso do cumprimento do contrato ou da obriga\u00e7\u00e3o legal a que a Cabopol \u2013 POLYMER COMPOUNDS, S.A., esteja sujeita.<\/p>\n\n\n\n<h3 class=\"wp-block-heading\">Em que circunst\u00e2ncias existe comunica\u00e7\u00e3o de dados a outras entidades (terceiros e subcontratados)?<\/h3>\n\n\n\n<p>A Cabopol \u2013 POLYMER COMPOUNDS, S.A., no \u00e2mbito da sua atividade, poder\u00e1 recorrer a terceiros para a presta\u00e7\u00e3o de determinados servi\u00e7os. Por vezes, a presta\u00e7\u00e3o destes servi\u00e7os implica o acesso, por estas entidades, a dados pessoais dos nossos Clientes. Quando tal sucede, a Cabopol \u2013 POLYMER COMPOUNDS, S.A., toma as medidas adequadas, de forma a assegurar que as entidades que tenham acesso aos dados, s\u00e3o reputadas e oferecem as mais elevadas garantias a este n\u00edvel, o que ficar\u00e1 devidamente consagrado e acautelado em contrato a assinar entre a Cabopol \u2013 POLYMER COMPOUNDS, S.A., e a(s) terceira(s) entidade(s).<\/p>\n\n\n\n<p>Assim, qualquer entidade subcontratada pela Cabopol \u2013 POLYMER COMPOUNDS, S.A., tratar\u00e1 os dados pessoais dos nossos Clientes, em nome e por conta da Cabopol \u2013 POLYMER COMPOUNDS, S.A., na obriga\u00e7\u00e3o de adotar as medidas t\u00e9cnicas e organizacionais necess\u00e1rias de forma a proteger os dados pessoais contra a destrui\u00e7\u00e3o, acidental ou il\u00edcita, a perda acidental, a altera\u00e7\u00e3o, a difus\u00e3o ou o acesso n\u00e3o autorizado e contra qualquer outra forma de tratamento il\u00edcito.<\/p>\n\n\n\n<p>Em qualquer dos casos, a Cabopol \u2013 POLYMER COMPOUNDS, S.A., permanece respons\u00e1vel pelos dados pessoais que nos disponibilize.<\/p>\n\n\n\n<h3 class=\"wp-block-heading\">Marketing<\/h3>\n\n\n\n<p>Gostar\u00edamos de lhe poder enviar informa\u00e7\u00e3o acerca dos produtos e servi\u00e7os das empresas a Holding Mekkin que possam ser ou vir a ser do seu interesse. Se deu o seu consentimento anteriormente pode sempre optar por cancelar a subscri\u00e7\u00e3o. Tem o direito em qualquer altura de n\u00e3o permitir que seja contatado para campanhas de marketing clicando&nbsp;N\u00e3o Concordo.<\/p>\n\n\n\n<h3 class=\"wp-block-heading\">Cookies<\/h3>\n\n\n\n<p>These are small text files stored on your computer that serve to collect information about S\u00e3o pequenos ficheiros de texto guardados no seu computador que servem para recolher informa\u00e7\u00e3o acerca do seu dispositivo e informa\u00e7\u00e3o acerca da sua experi\u00eancia de utiliza\u00e7\u00e3o. Esta informa\u00e7\u00e3o \u00e9 usada para registar o n\u00famero de visitas efetuadas e compilar informa\u00e7\u00e3o estat\u00edstica acerca da atividade do Website.<\/p>\n\n\n\n<p>Tipos de Cookies consoante a entidade que os gere:<\/p>\n\n\n\n<ul class=\"wp-block-list\">\n<li>Cookies pr\u00f3prios: um cookie gerido por este dom\u00ednio \/ website.<\/li>\n\n\n\n<li>Cookies de terceiros: um cookie gerido por outro dom\u00ednio \/ website.<\/li>\n\n\n\n<li>Cookies persistentes: a informa\u00e7\u00e3o do cookie encontra-se armazenada de forma permanente no seu equipamento.<\/li>\n\n\n\n<li>Cookies de sess\u00e3o: a informa\u00e7\u00e3o do cookie n\u00e3o se encontra armazenada de forma permanente no seu equipamento.<\/li>\n<\/ul>\n\n\n\n<p><\/p>\n\n\n\n<p>A Cabopol \u2013 POLYMER COMPOUNDS, S.A. usa cookies de sess\u00e3o (\u201csession cookies\u201d) e cookies pr\u00f3prios (\u201cfirst-party cookies\u201d) bem como cookies persistentes (\u201cpersistent cookies\u201d) e cookies de terceiros (\u201cthird-party cookies\u201d).<\/p>\n\n\n\n<h3 class=\"wp-block-heading\">Outros websites<\/h3>\n\n\n\n<p>Este Website cont\u00e9m links para outros websites. Este comunicado de privacidade apenas se aplica a este Website. Deve ler as pol\u00edticas de privacidade dos outros websites.<\/p>\n\n\n\n<h3 class=\"wp-block-heading\">Quais as medidas adotadas pela Cabopol \u2013 POLYMER COMPOUNDS, S.A. para assegurar a seguran\u00e7a dos seus dados pessoais?<\/h3>\n\n\n\n<p>A Cabopol \u2013 POLYMER COMPOUNDS, S.A. assume o compromisso de garantir a prote\u00e7\u00e3o da seguran\u00e7a dos dados pessoais que nos s\u00e3o disponibilizados, tendo aprovado e implementado rigorosas regras nesta mat\u00e9ria. O cumprimento destas regras constitui uma obriga\u00e7\u00e3o indeclin\u00e1vel de todos aqueles que legalmente aos mesmos acedem.<\/p>\n\n\n\n<p>Tendo presente a grande preocupa\u00e7\u00e3o e empenho que a Cabopol \u2013 POLYMER COMPOUNDS, S.A. revela na defesa das quest\u00f5es de privacidade, foram adotadas diversas medidas de seguran\u00e7a, de car\u00e1cter t\u00e9cnico e organizativo, de forma a proteger os dados pessoais que nos s\u00e3o disponibilizados contra a sua difus\u00e3o, perda, uso indevido, altera\u00e7\u00e3o, tratamento ou acesso n\u00e3o autorizado bem como, contra qualquer outra forma de tratamento il\u00edcito.<\/p>\n\n\n\n<p>Neste sentido, em todos os nossos websites, os formul\u00e1rios de recolha de dados pessoais obrigam a sess\u00f5es encriptadas do Browser e, todos os dados pessoais que nos cede sobre si, ficam armazenados de forma segura nos sistemas da Cabopol \u2013 POLYMER COMPOUNDS, S.A. que, por sua vez, se encontram num Datacenter da pr\u00f3pria Empresa a coberto de todas as medidas de seguran\u00e7a f\u00edsicas e l\u00f3gicas, que entendemos serem indispens\u00e1veis \u00e0 prote\u00e7\u00e3o dos seus dados pessoais.<\/p>\n\n\n\n<p>N\u00e3o obstante as medidas de seguran\u00e7a adotadas pela Cabopol \u2013 POLYMER COMPOUNDS, S.A. somos obrigados a alertar todos os que navegam na Internet que devem adotar medidas adicionais de seguran\u00e7a designadamente, assegurar que utiliza um PC e um Browser atualizados em termos de \u201cpatches\u201d de seguran\u00e7a adequadamente configurados, com firewall ativa, antiv\u00edrus e anti-spyware e, certificar-se da autenticidade dos sites que visita na internet, devendo evitar websites em cuja reputa\u00e7\u00e3o n\u00e3o confie.<\/p>\n\n\n\n<h3 class=\"wp-block-heading\">Altera\u00e7\u00f5es a este comunicado de privacidade<\/h3>\n\n\n\n<p>As nossas pol\u00edticas de privacidade s\u00e3o revistas regularmente e todas as altera\u00e7\u00f5es ser\u00e3o publicadas neste Website.<\/p>\n\n\n\n<h3 class=\"wp-block-heading\">Contatos<\/h3>\n\n\n\n<p>Se pretender exercer algum direito previsto na lei ou na presente pol\u00edtica de privacidade, e, ainda, se tiver alguma quest\u00e3o acerca da nossa pol\u00edtica de privacidade ou da informa\u00e7\u00e3o que temos sobre si, use o endere\u00e7o de e-mail&nbsp;<a href=\"mailto:dpo@mekkin.pt\">dpo@mekkin.pt<\/a>.<\/p>\n\n\n\n<div class=\"wp-block-kobu-custom-blocks-responsive-spacer responsive-spacer size-large\"><\/div>\n","protected":false},"excerpt":{"rendered":"<p>(Artigos 8\u00ba, 13\u00ba, 14\u00ba e 21\u00ba do Regulamento Geral de Prote\u00e7\u00e3o de Dados \u2013 RGPD) I \u2013 Pre\u00e2mbulo O presente documento explicita os termos em [&hellip;]<\/p>\n","protected":false},"author":1,"featured_media":0,"parent":0,"menu_order":32,"comment_status":"closed","ping_status":"closed","template":"","meta":{"_acf_changed":false,"inline_featured_image":false,"footnotes":""},"class_list":["post-2476","page","type-page","status-publish","hentry"],"acf":[],"_links":{"self":[{"href":"https:\/\/cabopol.kobudev.com\/pt-pt\/wp-json\/wp\/v2\/pages\/2476","targetHints":{"allow":["GET"]}}],"collection":[{"href":"https:\/\/cabopol.kobudev.com\/pt-pt\/wp-json\/wp\/v2\/pages"}],"about":[{"href":"https:\/\/cabopol.kobudev.com\/pt-pt\/wp-json\/wp\/v2\/types\/page"}],"author":[{"embeddable":true,"href":"https:\/\/cabopol.kobudev.com\/pt-pt\/wp-json\/wp\/v2\/users\/1"}],"replies":[{"embeddable":true,"href":"https:\/\/cabopol.kobudev.com\/pt-pt\/wp-json\/wp\/v2\/comments?post=2476"}],"version-history":[{"count":7,"href":"https:\/\/cabopol.kobudev.com\/pt-pt\/wp-json\/wp\/v2\/pages\/2476\/revisions"}],"predecessor-version":[{"id":3022,"href":"https:\/\/cabopol.kobudev.com\/pt-pt\/wp-json\/wp\/v2\/pages\/2476\/revisions\/3022"}],"wp:attachment":[{"href":"https:\/\/cabopol.kobudev.com\/pt-pt\/wp-json\/wp\/v2\/media?parent=2476"}],"curies":[{"name":"wp","href":"https:\/\/api.w.org\/{rel}","templated":true}]}}