{"id":2389,"date":"2025-11-24T14:22:59","date_gmt":"2025-11-24T14:22:59","guid":{"rendered":"https:\/\/cabopol.kobudev.com\/portal-de-denuncias\/"},"modified":"2025-12-17T10:57:12","modified_gmt":"2025-12-17T10:57:12","slug":"portal-de-denuncias","status":"publish","type":"page","link":"https:\/\/cabopol.kobudev.com\/pt-pt\/portal-de-denuncias\/","title":{"rendered":"Portal de Den\u00fancias"},"content":{"rendered":"\n<h2 class=\"wp-block-heading\">O Portal de Den\u00fancias destina-se \u00e0 comunica\u00e7\u00e3o de pr\u00e1ticas que constituam infra\u00e7\u00f5es, nomeadamente:<\/h2>\n\n<p>\u25cf Pr\u00e1ticas de ass\u00e9dio (moral e\/ou sexual) e discrimina\u00e7\u00e3o;<br\/>\u25cf Infra\u00e7\u00f5es, atos de corrup\u00e7\u00e3o, ou outros no \u00e2mbito de aplica\u00e7\u00e3o do Regime Geral de Preven\u00e7\u00e3o da Corrup\u00e7\u00e3o (RGPC);<br\/>\u25cf Atos que violem o Direito da Uni\u00e3o Europeia.<\/p>\n\n<p>O mecanismo do Portal de Den\u00fancias rege-se pelos princ\u00edpios da imparcialidade, independ\u00eancia, sigilo e confidencialidade, desde a rece\u00e7\u00e3o e processamento das den\u00fancias, at\u00e9 \u00e0 sua resolu\u00e7\u00e3o.<\/p>\n\n<p>Pode utilizar o seguinte endere\u00e7o de e-mail para abrir uma den\u00fancia: <a href=\"mailto:denuncias@mekkin.pt\">denuncias@mekkin.pt<\/a><\/p>\n","protected":false},"excerpt":{"rendered":"<p>O Portal de Den\u00fancias destina-se \u00e0 comunica\u00e7\u00e3o de pr\u00e1ticas que constituam infra\u00e7\u00f5es, nomeadamente: \u25cf Pr\u00e1ticas de ass\u00e9dio (moral e\/ou sexual) e discrimina\u00e7\u00e3o;\u25cf Infra\u00e7\u00f5es, atos de [&hellip;]<\/p>\n","protected":false},"author":1,"featured_media":0,"parent":0,"menu_order":33,"comment_status":"closed","ping_status":"closed","template":"","meta":{"_acf_changed":false,"inline_featured_image":false,"footnotes":""},"class_list":["post-2389","page","type-page","status-publish","hentry"],"acf":[],"_links":{"self":[{"href":"https:\/\/cabopol.kobudev.com\/pt-pt\/wp-json\/wp\/v2\/pages\/2389","targetHints":{"allow":["GET"]}}],"collection":[{"href":"https:\/\/cabopol.kobudev.com\/pt-pt\/wp-json\/wp\/v2\/pages"}],"about":[{"href":"https:\/\/cabopol.kobudev.com\/pt-pt\/wp-json\/wp\/v2\/types\/page"}],"author":[{"embeddable":true,"href":"https:\/\/cabopol.kobudev.com\/pt-pt\/wp-json\/wp\/v2\/users\/1"}],"replies":[{"embeddable":true,"href":"https:\/\/cabopol.kobudev.com\/pt-pt\/wp-json\/wp\/v2\/comments?post=2389"}],"version-history":[{"count":1,"href":"https:\/\/cabopol.kobudev.com\/pt-pt\/wp-json\/wp\/v2\/pages\/2389\/revisions"}],"predecessor-version":[{"id":2390,"href":"https:\/\/cabopol.kobudev.com\/pt-pt\/wp-json\/wp\/v2\/pages\/2389\/revisions\/2390"}],"wp:attachment":[{"href":"https:\/\/cabopol.kobudev.com\/pt-pt\/wp-json\/wp\/v2\/media?parent=2389"}],"curies":[{"name":"wp","href":"https:\/\/api.w.org\/{rel}","templated":true}]}}