{"id":87,"date":"2025-06-05T16:25:46","date_gmt":"2025-06-05T16:25:46","guid":{"rendered":"https:\/\/cabopol.kobudev.com\/homepage\/"},"modified":"2025-12-17T11:12:06","modified_gmt":"2025-12-17T11:12:06","slug":"reengineering-the-future-of-polymers","status":"publish","type":"page","link":"https:\/\/cabopol.kobudev.com\/fr\/","title":{"rendered":"REENGINEERING THE FUTURE OF POLYMERS"},"content":{"rendered":"\n<div class=\"wp-block-kobu-custom-blocks-inner-content-img alignfull media-content-group child-item align-left valign-start img-first\"><div class=\"media-col\"><figure><img loading=\"lazy\" decoding=\"async\" width=\"1401\" height=\"1401\" class=\"wp-image-1337\" src=\"https:\/\/cabopol.kobudev.com\/files\/uploads\/2025\/11\/Homepage.webp\" alt=\"\" title=\"Homepage\" sizes=\"auto, (min-width: 601px) 50vw, 100vw\" srcset=\"https:\/\/cabopol.kobudev.com\/files\/uploads\/2025\/11\/Homepage.webp 1401w, https:\/\/cabopol.kobudev.com\/files\/uploads\/2025\/11\/Homepage-300x300.webp 300w, https:\/\/cabopol.kobudev.com\/files\/uploads\/2025\/11\/Homepage-1024x1024.webp 1024w, https:\/\/cabopol.kobudev.com\/files\/uploads\/2025\/11\/Homepage-150x150.webp 150w, https:\/\/cabopol.kobudev.com\/files\/uploads\/2025\/11\/Homepage-768x768.webp 768w\" \/><\/figure><\/div><div class=\"content-col\"><div class=\"content-col-wrapper\">\n<div class=\"wp-block-kobu-custom-blocks-responsive-spacer responsive-spacer size-small\"><\/div>\n\n\n\n<h2 class=\"wp-block-heading\"><strong>Plus de 60 ans \u00e0 fournir des solutions polym\u00e8res du Portugal au monde<\/strong><\/h2>\n\n\n\n<p>Entreprise familiale \u00e0 port\u00e9e mondiale, Cabopol fournit des solutions polym\u00e8res haute performance aux industries du monde entier. Des d\u00e9cennies de savoir-faire, d\u2019innovation pratique et de partenariats \u00e9troits avec les clients garantissent des mat\u00e9riaux fiables, sur mesure et pr\u00eats pour l\u2019avenir, qui renforcent votre activit\u00e9.<\/p>\n\n\n\n<div class=\"wp-block-kobu-custom-blocks-responsive-spacer responsive-spacer size-small\"><\/div>\n<\/div><\/div><\/div>\n\n\n    <div class=\"homepage-cards-highlights-block alignfull has-primary-background-color\">\n        <div class=\"video-wrapper\">\n            <figure class=\"kb-video media-wrapper pageload-video\" data-settings=\"{&quot;webm&quot;:&quot;&quot;,&quot;mp4&quot;:&quot;https:\\\/\\\/cabopol.kobudev.com\\\/files\\\/uploads\\\/2025\\\/08\\\/Cabopol_Normal.mp4&quot;,&quot;ogg&quot;:&quot;&quot;,&quot;track&quot;:&quot;&quot;,&quot;trackKind&quot;:&quot;&quot;,&quot;trackSrclang&quot;:&quot;&quot;,&quot;autoplay&quot;:true,&quot;loop&quot;:true,&quot;muted&quot;:true,&quot;controls&quot;:false,&quot;preload&quot;:&quot;metadata&quot;}\"><noscript><video playsinline  autoplay muted loop><source src=\"https:\/\/cabopol.kobudev.com\/files\/uploads\/2025\/08\/Cabopol_Normal.mp4\" type=\"video\/mp4\" \/><\/video><\/noscript><\/figure>        <\/div>\n        <div class=\"content-wrapper\">\n                            <h3 class=\"wp-block-heading alignwide has-large-2-font-size\">Applications<\/h3>\n                                        <p class=\"alignwide has-text-align-wide\"><br>Our dedicated teams of engineers and scientists collaborate closely with clients worldwide, developing cutting-edge solutions that are stronger, safer, lighter, and more durable. Together, we drive innovation to power the future. At Cabopol, we continually push the boundaries to deliver smarter, greener solutions for the challenges of tomorrow.<\/p>\n                        <div class=\"homepage-cards-highlights\">\n                                    <div class=\"card sector\">\n                        <div class=\"card-inner-wrapper\">\n                                                            <div class=\"featured-img\">\n                                    <div class=\"featured-img-inner\">\n                                        <img loading=\"lazy\" decoding=\"async\" width=\"640\" height=\"353\" src=\"https:\/\/cabopol.kobudev.com\/files\/uploads\/2025\/11\/Wire-and-Cable-768x424.webp\" class=\"coverimg\" alt=\"\" sizes=\"auto, (min-width: 993px) 33vw, (min-width: 601px) 50vw, 100vw\" srcset=\"https:\/\/cabopol.kobudev.com\/files\/uploads\/2025\/11\/Wire-and-Cable-768x424.webp 768w, https:\/\/cabopol.kobudev.com\/files\/uploads\/2025\/11\/Wire-and-Cable-300x166.webp 300w, https:\/\/cabopol.kobudev.com\/files\/uploads\/2025\/11\/Wire-and-Cable.webp 901w\" \/>                                    <\/div>\n                                <\/div>\n                                                        <div class=\"content-wrapper\">\n                                                                    <h3 class=\"post-title\">Fils et c\u00e2bles<\/h3>\n                                                                                                    <div class=\"description\">Compos\u00e9s fiables et conformes, con\u00e7us pour les applications exigeantes de c\u00e2bles automobiles, d\u2019\u00e9nergie et de t\u00e9l\u00e9communications.<\/div>\n                                                                                                    <a href=\"https:\/\/cabopol.kobudev.com\/fr\/applications\/fils-et-cables\/\" class=\"btn ghost-white arrow-btn\"><span>D\u00e9couvrir<\/span><\/a>\n                                                            <\/div>\n                        <\/div>\n                    <\/div>\n                                    <div class=\"card sector\">\n                        <div class=\"card-inner-wrapper\">\n                                                            <div class=\"featured-img\">\n                                    <div class=\"featured-img-inner\">\n                                        <img loading=\"lazy\" decoding=\"async\" width=\"640\" height=\"353\" src=\"https:\/\/cabopol.kobudev.com\/files\/uploads\/2025\/11\/Injection-and-Extrusion-Moulding-768x424.webp\" class=\"coverimg\" alt=\"\" sizes=\"auto, (min-width: 993px) 33vw, (min-width: 601px) 50vw, 100vw\" srcset=\"https:\/\/cabopol.kobudev.com\/files\/uploads\/2025\/11\/Injection-and-Extrusion-Moulding-768x424.webp 768w, https:\/\/cabopol.kobudev.com\/files\/uploads\/2025\/11\/Injection-and-Extrusion-Moulding-300x166.webp 300w, https:\/\/cabopol.kobudev.com\/files\/uploads\/2025\/11\/Injection-and-Extrusion-Moulding.webp 901w\" \/>                                    <\/div>\n                                <\/div>\n                                                        <div class=\"content-wrapper\">\n                                                                    <h3 class=\"post-title\">Moulage par Injection &#038; Extrusion<\/h3>\n                                                                                                    <div class=\"description\">Mat\u00e9riaux polyvalents et performants pour pi\u00e8ces automobiles, composants industriels, biens de consommation et produits de soins personnels.<\/div>\n                                                                                                    <a href=\"https:\/\/cabopol.kobudev.com\/fr\/applications\/moulage-par-injection-extrusion\/\" class=\"btn ghost-white arrow-btn\"><span>D\u00e9couvrir<\/span><\/a>\n                                                            <\/div>\n                        <\/div>\n                    <\/div>\n                                    <div class=\"card sector\">\n                        <div class=\"card-inner-wrapper\">\n                                                            <div class=\"featured-img\">\n                                    <div class=\"featured-img-inner\">\n                                        <img loading=\"lazy\" decoding=\"async\" width=\"640\" height=\"353\" src=\"https:\/\/cabopol.kobudev.com\/files\/uploads\/2025\/11\/Footwear-768x424.webp\" class=\"coverimg\" alt=\"\" sizes=\"auto, (min-width: 993px) 33vw, (min-width: 601px) 50vw, 100vw\" srcset=\"https:\/\/cabopol.kobudev.com\/files\/uploads\/2025\/11\/Footwear-768x424.webp 768w, https:\/\/cabopol.kobudev.com\/files\/uploads\/2025\/11\/Footwear-300x165.webp 300w, https:\/\/cabopol.kobudev.com\/files\/uploads\/2025\/11\/Footwear.webp 901w\" \/>                                    <\/div>\n                                <\/div>\n                                                        <div class=\"content-wrapper\">\n                                                                    <h3 class=\"post-title\">Chaussure<\/h3>\n                                                                                                    <div class=\"description\">Formulations r\u00e9sistantes avec une excellente stabilit\u00e9 des couleurs pour semelles, injection compl\u00e8te et bottes techniques durables.<\/div>\n                                                                                                    <a href=\"https:\/\/cabopol.kobudev.com\/fr\/applications\/chaussure\/\" class=\"btn ghost-white arrow-btn\"><span>D\u00e9couvrir<\/span><\/a>\n                                                            <\/div>\n                        <\/div>\n                    <\/div>\n                            <\/div>\n        <\/div>\n    <\/div>\n\n\n\n<div class=\"wp-block-kobu-custom-blocks-section-wrapper alignfull kobu-section has-background has-lightergray-background-color has-background-img\"><div class=\"bg-img\"><img loading=\"lazy\" decoding=\"async\" width=\"1600\" height=\"1067\" class=\"coverimg wp-image-195\" src=\"https:\/\/cabopol.kobudev.com\/files\/uploads\/2025\/07\/2a42a09439b30e8c8869e435ce27aa36c03c9f56.jpg\" alt=\"\" sizes=\"auto, 100vw\" style=\"object-position:center\" srcset=\"https:\/\/cabopol.kobudev.com\/files\/uploads\/2025\/07\/2a42a09439b30e8c8869e435ce27aa36c03c9f56.jpg 1600w, https:\/\/cabopol.kobudev.com\/files\/uploads\/2025\/07\/2a42a09439b30e8c8869e435ce27aa36c03c9f56-300x200.jpg 300w, https:\/\/cabopol.kobudev.com\/files\/uploads\/2025\/07\/2a42a09439b30e8c8869e435ce27aa36c03c9f56-1024x683.jpg 1024w, https:\/\/cabopol.kobudev.com\/files\/uploads\/2025\/07\/2a42a09439b30e8c8869e435ce27aa36c03c9f56-768x512.jpg 768w, https:\/\/cabopol.kobudev.com\/files\/uploads\/2025\/07\/2a42a09439b30e8c8869e435ce27aa36c03c9f56-1536x1024.jpg 1536w\" \/><\/div><div class=\"color-overlay has-lightergray-background-color\" style=\"opacity:0.8\"><\/div>\n<div class=\"wp-block-kobu-custom-blocks-responsive-spacer responsive-spacer size-large\"><\/div>\n\n\n\n<h3 class=\"wp-block-heading alignwide has-large-2-font-size\">NOS PRODUITS<\/h3>\n\n\n\n<p class=\"alignwide has-text-align-wide\"><br>Les marques de Cabopol offrent des solutions polym\u00e8res polyvalentes, applicables dans de nombreuses industries, des c\u00e2bles et fils au secteur de la chaussure, au moulage par injection et extrusion, ainsi qu\u2019\u00e0 l\u2019emballage. Chaque marque repose sur une base mat\u00e9rielle sp\u00e9cifique, garantissant performance et fiabilit\u00e9 adapt\u00e9es \u00e0 un large \u00e9ventail d\u2019applications. D\u00e9couvrez nos marques pour explorer les solutions innovantes qu\u2019elles apportent \u00e0 votre entreprise.<\/p>\n\n\n\n<div class=\"wp-block-kobu-custom-blocks-responsive-spacer responsive-spacer size-medium\"><\/div>\n\n\n    <div class=\"cards-highlights-block alignwide\">\n        <div class=\"cards-highlights\">\n                            <div class=\"card highlight\">\n                    <div class=\"img-wrapper\">\n                        <div class=\"img-inner-wrapper\">\n                            <img loading=\"lazy\" decoding=\"async\" width=\"640\" height=\"876\" src=\"https:\/\/cabopol.kobudev.com\/files\/uploads\/2025\/11\/Lacoflex.webp\" class=\"coverimg\" alt=\"\" sizes=\"auto, (min-width: 993px) 33vw, (min-width: 601px) 50vw, 100vw\" srcset=\"https:\/\/cabopol.kobudev.com\/files\/uploads\/2025\/11\/Lacoflex.webp 731w, https:\/\/cabopol.kobudev.com\/files\/uploads\/2025\/11\/Lacoflex-219x300.webp 219w\" \/>                        <\/div>\n                    <\/div>\n                    <div class=\"content-wrapper\">\n                        <div class=\"content-inner-wrapper\">\n                                                            <h3>Lacoflex\u00ae TPE | TPU | TPO<\/h3>\n                                                                                        <div class=\"description\">Compos\u00e9s polyvalents pour c\u00e2bles et fils, composants industriels, biens de consommation, produits de soins personnels, emballage et chaussures. Disponibles en versions recycl\u00e9es et biosourc\u00e9es.<\/div>\n                            \n                                                            <a href=\"https:\/\/cabopol.kobudev.com\/fr\/nos-produits\/lacoflex\/\" class=\"btn ghost-white arrow-btn\"><span>En savoir plus<\/span><\/a>\n                                                    <\/div>\n                    <\/div>\n                <\/div>\n                            <div class=\"card highlight\">\n                    <div class=\"img-wrapper\">\n                        <div class=\"img-inner-wrapper\">\n                            <img loading=\"lazy\" decoding=\"async\" width=\"640\" height=\"876\" src=\"https:\/\/cabopol.kobudev.com\/files\/uploads\/2025\/11\/Sofiplus.webp\" class=\"coverimg\" alt=\"\" sizes=\"auto, (min-width: 993px) 33vw, (min-width: 601px) 50vw, 100vw\" srcset=\"https:\/\/cabopol.kobudev.com\/files\/uploads\/2025\/11\/Sofiplus.webp 731w, https:\/\/cabopol.kobudev.com\/files\/uploads\/2025\/11\/Sofiplus-219x300.webp 219w\" \/>                        <\/div>\n                    <\/div>\n                    <div class=\"content-wrapper\">\n                        <div class=\"content-inner-wrapper\">\n                                                            <h3>Sofiplus\u00ae PP | XLPO | XLPE | HF | LSZH<\/h3>\n                                                                                        <div class=\"description\">Solutions avanc\u00e9es pour c\u00e2bles et fils dans les applications automobiles, \u00e9nergie et t\u00e9l\u00e9communications, avec des options adapt\u00e9es \u00e0 des normes strictes de s\u00e9curit\u00e9 et de performance.<\/div>\n                            \n                                                            <a href=\"https:\/\/cabopol.kobudev.com\/fr\/nos-produits\/sofiplus\/\" class=\"btn ghost-white arrow-btn\"><span>En savoir plus<\/span><\/a>\n                                                    <\/div>\n                    <\/div>\n                <\/div>\n                            <div class=\"card highlight\">\n                    <div class=\"img-wrapper\">\n                        <div class=\"img-inner-wrapper\">\n                            <img loading=\"lazy\" decoding=\"async\" width=\"640\" height=\"876\" src=\"https:\/\/cabopol.kobudev.com\/files\/uploads\/2025\/11\/Sofiprime.webp\" class=\"coverimg\" alt=\"\" sizes=\"auto, (min-width: 993px) 33vw, (min-width: 601px) 50vw, 100vw\" srcset=\"https:\/\/cabopol.kobudev.com\/files\/uploads\/2025\/11\/Sofiprime.webp 731w, https:\/\/cabopol.kobudev.com\/files\/uploads\/2025\/11\/Sofiprime-219x300.webp 219w\" \/>                        <\/div>\n                    <\/div>\n                    <div class=\"content-wrapper\">\n                        <div class=\"content-inner-wrapper\">\n                                                            <h3>Sofiprime\u00ae PP | PE<\/h3>\n                                                                                        <div class=\"description\">Compos\u00e9s efficaces et faciles \u00e0 transformer pour applications automobiles, pi\u00e8ces industrielles, biens de consommation, produits de soins personnels et emballage. Con\u00e7us pour un rendement constant, y compris avec options \u00e0 contenu recycl\u00e9.<\/div>\n                            \n                                                            <a href=\"https:\/\/cabopol.kobudev.com\/fr\/nos-produits\/sofiprime\/\" class=\"btn ghost-white arrow-btn\"><span>En savoir plus<\/span><\/a>\n                                                    <\/div>\n                    <\/div>\n                <\/div>\n                            <div class=\"card highlight\">\n                    <div class=\"img-wrapper\">\n                        <div class=\"img-inner-wrapper\">\n                            <img loading=\"lazy\" decoding=\"async\" width=\"640\" height=\"876\" src=\"https:\/\/cabopol.kobudev.com\/files\/uploads\/2025\/11\/Polyprime.webp\" class=\"coverimg\" alt=\"\" sizes=\"auto, (min-width: 993px) 33vw, (min-width: 601px) 50vw, 100vw\" srcset=\"https:\/\/cabopol.kobudev.com\/files\/uploads\/2025\/11\/Polyprime.webp 731w, https:\/\/cabopol.kobudev.com\/files\/uploads\/2025\/11\/Polyprime-219x300.webp 219w\" \/>                        <\/div>\n                    <\/div>\n                    <div class=\"content-wrapper\">\n                        <div class=\"content-inner-wrapper\">\n                                                            <h3>Polyprime\u00ae PVC<\/h3>\n                                                                                        <div class=\"description\">Compos\u00e9s fiables \u00e0 base de PVC pour c\u00e2bles et fils (automobile, \u00e9nergie, t\u00e9l\u00e9communications), composants industriels, biens de consommation, produits de soins personnels et chaussures. Disponibles en versions recycl\u00e9es.<\/div>\n                            \n                                                            <a href=\"https:\/\/cabopol.kobudev.com\/fr\/nos-produits\/polyprime\/\" class=\"btn ghost-white arrow-btn\"><span>En savoir plus<\/span><\/a>\n                                                    <\/div>\n                    <\/div>\n                <\/div>\n                            <div class=\"card highlight\">\n                    <div class=\"img-wrapper\">\n                        <div class=\"img-inner-wrapper\">\n                            <img loading=\"lazy\" decoding=\"async\" width=\"640\" height=\"876\" src=\"https:\/\/cabopol.kobudev.com\/files\/uploads\/2025\/11\/Polyamis.webp\" class=\"coverimg\" alt=\"\" sizes=\"auto, (min-width: 993px) 33vw, (min-width: 601px) 50vw, 100vw\" srcset=\"https:\/\/cabopol.kobudev.com\/files\/uploads\/2025\/11\/Polyamis.webp 731w, https:\/\/cabopol.kobudev.com\/files\/uploads\/2025\/11\/Polyamis-219x300.webp 219w\" \/>                        <\/div>\n                    <\/div>\n                    <div class=\"content-wrapper\">\n                        <div class=\"content-inner-wrapper\">\n                                                            <h3>Polyamis PA6 | PA6.6<\/h3>\n                                                                                        <div class=\"description\">Compos\u00e9s de polyamide haute performance pour applications automobiles, industrielles et biens de consommation. \u00c9galement disponibles avec options \u00e0 contenu recycl\u00e9.<\/div>\n                            \n                                                            <a href=\"https:\/\/cabopol.kobudev.com\/fr\/nos-produits\/polyamis\/\" class=\"btn ghost-white arrow-btn\"><span>En savoir plus<\/span><\/a>\n                                                    <\/div>\n                    <\/div>\n                <\/div>\n                            <div class=\"card highlight\">\n                    <div class=\"img-wrapper\">\n                        <div class=\"img-inner-wrapper\">\n                            <img loading=\"lazy\" decoding=\"async\" width=\"640\" height=\"360\" src=\"https:\/\/cabopol.kobudev.com\/files\/uploads\/2025\/07\/ebef20fc1b68b541e0e492f3a3179a2193c45b90-768x432.jpg\" class=\"coverimg\" alt=\"\" sizes=\"auto, (min-width: 993px) 33vw, (min-width: 601px) 50vw, 100vw\" srcset=\"https:\/\/cabopol.kobudev.com\/files\/uploads\/2025\/07\/ebef20fc1b68b541e0e492f3a3179a2193c45b90-768x432.jpg 768w, https:\/\/cabopol.kobudev.com\/files\/uploads\/2025\/07\/ebef20fc1b68b541e0e492f3a3179a2193c45b90-300x169.jpg 300w, https:\/\/cabopol.kobudev.com\/files\/uploads\/2025\/07\/ebef20fc1b68b541e0e492f3a3179a2193c45b90-1024x576.jpg 1024w, https:\/\/cabopol.kobudev.com\/files\/uploads\/2025\/07\/ebef20fc1b68b541e0e492f3a3179a2193c45b90.jpg 1315w\" \/>                        <\/div>\n                    <\/div>\n                    <div class=\"content-wrapper\">\n                        <div class=\"content-inner-wrapper\">\n                                                            <h3>Solutions Durables<\/h3>\n                                                                                        <div class=\"description\">Compos\u00e9s recycl\u00e9s et biosourc\u00e9s qui r\u00e9duisent les d\u00e9chets, soutiennent l\u2019\u00e9conomie circulaire et offrent des mat\u00e9riaux haute performance pour la fabrication moderne.<\/div>\n                            \n                                                            <a href=\"https:\/\/cabopol.kobudev.com\/fr\/strategie-de-durabilite\/\" class=\"btn ghost-white arrow-btn\"><span>En savoir plus<\/span><\/a>\n                                                    <\/div>\n                    <\/div>\n                <\/div>\n                    <\/div>\n                    <div class=\"container large\">\n                <a href=\"https:\/\/cabopol.kobudev.com\/fr\/applications\/\" class=\"taxonomy-page-link arrow-link\"><span>D\u00e9couvrez nos Solutions<\/span><\/a>\n            <\/div>\n            <\/div>\n\n\n\n<div class=\"wp-block-kobu-custom-blocks-responsive-spacer responsive-spacer size-large\"><\/div>\n<\/div>\n\n\n\n<p><\/p>\n","protected":false},"excerpt":{"rendered":"","protected":false},"author":1,"featured_media":0,"parent":0,"menu_order":0,"comment_status":"closed","ping_status":"closed","template":"templates\/homepage.php","meta":{"_acf_changed":false,"inline_featured_image":false,"footnotes":""},"class_list":["post-87","page","type-page","status-publish","hentry"],"acf":[],"_links":{"self":[{"href":"https:\/\/cabopol.kobudev.com\/fr\/wp-json\/wp\/v2\/pages\/87","targetHints":{"allow":["GET"]}}],"collection":[{"href":"https:\/\/cabopol.kobudev.com\/fr\/wp-json\/wp\/v2\/pages"}],"about":[{"href":"https:\/\/cabopol.kobudev.com\/fr\/wp-json\/wp\/v2\/types\/page"}],"author":[{"embeddable":true,"href":"https:\/\/cabopol.kobudev.com\/fr\/wp-json\/wp\/v2\/users\/1"}],"replies":[{"embeddable":true,"href":"https:\/\/cabopol.kobudev.com\/fr\/wp-json\/wp\/v2\/comments?post=87"}],"version-history":[{"count":27,"href":"https:\/\/cabopol.kobudev.com\/fr\/wp-json\/wp\/v2\/pages\/87\/revisions"}],"predecessor-version":[{"id":2882,"href":"https:\/\/cabopol.kobudev.com\/fr\/wp-json\/wp\/v2\/pages\/87\/revisions\/2882"}],"wp:attachment":[{"href":"https:\/\/cabopol.kobudev.com\/fr\/wp-json\/wp\/v2\/media?parent=87"}],"curies":[{"name":"wp","href":"https:\/\/api.w.org\/{rel}","templated":true}]}}