{"id":2807,"date":"2025-11-21T10:50:10","date_gmt":"2025-11-21T10:50:10","guid":{"rendered":"https:\/\/cabopol.kobudev.com\/projets\/packaging-of-the-future\/"},"modified":"2025-12-17T13:02:50","modified_gmt":"2025-12-17T13:02:50","slug":"emballage-du-futur","status":"publish","type":"page","link":"https:\/\/cabopol.kobudev.com\/fr\/projets\/emballage-du-futur\/","title":{"rendered":"Emballage du futur | + \u00c9cologique + Num\u00e9rique + Inclusif\u00ae"},"content":{"rendered":"\n<p>L\u2019Agenda Verte pour l\u2019Innovation Entreprise \u201cEmbalagem do Futuro\u00ae\u201d vise \u00e0 rechercher, d\u00e9velopper, produire et commercialiser \u00e0 l\u2019\u00e9chelle mondiale des solutions d\u2019emballage plus \u00e9cologiques, num\u00e9riques et inclusives, contribuant \u00e0 la sp\u00e9cialisation du profil productif des entreprises op\u00e9rant dans le secteur de l\u2019emballage.<\/p>\n\n\n\n<div class=\"wp-block-kobu-custom-blocks-responsive-spacer responsive-spacer size-large\"><\/div>\n\n\n<noscript class=\"loading-lazy\">\n<figure class=\"wp-block-image size-full\"><img loading=\"lazy\" decoding=\"async\" width=\"901\" height=\"498\" src=\"https:\/\/cabopol.kobudev.com\/files\/uploads\/2025\/11\/Wire-and-Cable.webp\" alt=\"\" class=\"wp-image-1355\" srcset=\"https:\/\/cabopol.kobudev.com\/files\/uploads\/2025\/11\/Wire-and-Cable.webp 901w, https:\/\/cabopol.kobudev.com\/files\/uploads\/2025\/11\/Wire-and-Cable-300x166.webp 300w, https:\/\/cabopol.kobudev.com\/files\/uploads\/2025\/11\/Wire-and-Cable-768x424.webp 768w\" sizes=\"auto, (max-width: 901px) 100vw, 901px\" \/><\/figure>\n<\/noscript>\n\n\n<div class=\"wp-block-kobu-custom-blocks-responsive-spacer responsive-spacer size-large\"><\/div>\n\n\n\n<h2 class=\"wp-block-heading\">Objectifs<\/h2>\n\n\n\n<p>Promouvoir une modification du profil de sp\u00e9cialisation du secteur national de l\u2019emballage en encourageant des activit\u00e9s \u00e0 plus forte valeur ajout\u00e9e et intensives en connaissances ; Pr\u00e9senter au march\u00e9 des produits, processus et services innovants contribuant \u00e0 un secteur de l\u2019emballage plus \u00e9cologique, num\u00e9rique et inclusif.<\/p>\n\n\n\n<div class=\"wp-block-kobu-custom-blocks-responsive-spacer responsive-spacer size-small\"><\/div>\n\n\n\n<h3 class=\"wp-block-heading\">Chef de consortium<\/h3>\n\n\n\n<p>VANGEST &#8211; Engenharia Financeira e Gest\u00e3o, S.A.<\/p>\n\n\n\n<div class=\"wp-block-kobu-custom-blocks-responsive-spacer responsive-spacer size-small\"><\/div>\n\n\n\n<h3 class=\"wp-block-heading\">Entit\u00e9 b\u00e9n\u00e9ficiaire<\/h3>\n\n\n\n<p>Cabopol &#8211; Polymer Compounds, S.A.<\/p>\n\n\n\n<div class=\"wp-block-kobu-custom-blocks-responsive-spacer responsive-spacer size-small\"><\/div>\n\n\n\n<h3 class=\"wp-block-heading\">Date de d\u00e9but<\/h3>\n\n\n\n<p>01-04-2022<\/p>\n\n\n\n<div class=\"wp-block-kobu-custom-blocks-responsive-spacer responsive-spacer size-small\"><\/div>\n\n\n\n<h3 class=\"wp-block-heading\">Date de fin<\/h3>\n\n\n\n<p>31-12-2025<\/p>\n\n\n\n<div class=\"wp-block-kobu-custom-blocks-responsive-spacer responsive-spacer size-small\"><\/div>\n\n\n\n<h3 class=\"wp-block-heading\">Investissement de l\u2019Agenda<\/h3>\n\n\n\n<p>104 113 760,36\u20ac<\/p>\n\n\n\n<div class=\"wp-block-kobu-custom-blocks-responsive-spacer responsive-spacer size-small\"><\/div>\n\n\n\n<h3 class=\"wp-block-heading\">Investissement<\/h3>\n\n\n\n<p>1.022.250 \u20ac<\/p>\n\n\n\n<div class=\"wp-block-kobu-custom-blocks-responsive-spacer responsive-spacer size-large\"><\/div>\n\n\n\n<div class=\"wp-block-kobu-custom-blocks-slider-gallery\"><div class=\"slider-gallery gallery-container hidden  \"><div class=\"gallery \" role=\"list\"><div class=\"slide\" role=\"listitem\"><div class=\"figure-wrapper\"><figure><img loading=\"lazy\" decoding=\"async\" width=\"1323\" height=\"882\" class=\"wp-image-295\" src=\"https:\/\/cabopol.kobudev.com\/files\/uploads\/2025\/07\/aed01efdf981ddc443431b3bdf672492302a9289.jpg\" alt=\"\" sizes=\"auto, 100vw\" srcset=\"https:\/\/cabopol.kobudev.com\/files\/uploads\/2025\/07\/aed01efdf981ddc443431b3bdf672492302a9289.jpg 1323w, https:\/\/cabopol.kobudev.com\/files\/uploads\/2025\/07\/aed01efdf981ddc443431b3bdf672492302a9289-300x200.jpg 300w, https:\/\/cabopol.kobudev.com\/files\/uploads\/2025\/07\/aed01efdf981ddc443431b3bdf672492302a9289-1024x683.jpg 1024w, https:\/\/cabopol.kobudev.com\/files\/uploads\/2025\/07\/aed01efdf981ddc443431b3bdf672492302a9289-768x512.jpg 768w\" \/><\/figure><\/div><\/div><div class=\"slide\" role=\"listitem\"><div class=\"figure-wrapper\"><figure><img loading=\"lazy\" decoding=\"async\" width=\"1600\" height=\"1067\" class=\"wp-image-311\" src=\"https:\/\/cabopol.kobudev.com\/files\/uploads\/2025\/07\/baa889b35f9492a36a410d3d9c650514aca13748.jpg\" alt=\"\" sizes=\"auto, 100vw\" srcset=\"https:\/\/cabopol.kobudev.com\/files\/uploads\/2025\/07\/baa889b35f9492a36a410d3d9c650514aca13748.jpg 1600w, https:\/\/cabopol.kobudev.com\/files\/uploads\/2025\/07\/baa889b35f9492a36a410d3d9c650514aca13748-300x200.jpg 300w, https:\/\/cabopol.kobudev.com\/files\/uploads\/2025\/07\/baa889b35f9492a36a410d3d9c650514aca13748-1024x683.jpg 1024w, https:\/\/cabopol.kobudev.com\/files\/uploads\/2025\/07\/baa889b35f9492a36a410d3d9c650514aca13748-768x512.jpg 768w, https:\/\/cabopol.kobudev.com\/files\/uploads\/2025\/07\/baa889b35f9492a36a410d3d9c650514aca13748-1536x1024.jpg 1536w\" \/><\/figure><\/div><\/div><div class=\"slide\" role=\"listitem\"><div class=\"figure-wrapper\"><figure><img loading=\"lazy\" decoding=\"async\" width=\"8512\" height=\"5682\" class=\"wp-image-1433\" src=\"https:\/\/cabopol.kobudev.com\/files\/uploads\/2025\/11\/Wire-Cable-Press-R.png\" alt=\"\" sizes=\"auto, 100vw\" srcset=\"https:\/\/cabopol.kobudev.com\/files\/uploads\/2025\/11\/Wire-Cable-Press-R.png 8512w, https:\/\/cabopol.kobudev.com\/files\/uploads\/2025\/11\/Wire-Cable-Press-R-300x200.png 300w, https:\/\/cabopol.kobudev.com\/files\/uploads\/2025\/11\/Wire-Cable-Press-R-1024x684.png 1024w, https:\/\/cabopol.kobudev.com\/files\/uploads\/2025\/11\/Wire-Cable-Press-R-768x513.png 768w\" \/><\/figure><\/div><\/div><\/div><\/div><\/div>\n\n\n\n<div class=\"wp-block-kobu-custom-blocks-responsive-spacer responsive-spacer size-large\"><\/div>\n\n\n\n<h3 class=\"wp-block-heading\">T\u00c9L\u00c9CHARGER LES INFORMATIONS DU PROJET<\/h3>\n\n\n\n<div class=\"wp-block-buttons is-layout-flex wp-block-buttons-is-layout-flex\">\n<div class=\"wp-block-button is-style-download-btn\"><a class=\"wp-block-button__link wp-element-button\" href=\"https:\/\/cabopol.kobudev.com\/files\/uploads\/2025\/12\/Ficha-de-Projeto-Embalagem-do-Futuro-Cabopol-V2-1.pdf\">T\u00e9l\u00e9charger PDF<\/a><\/div>\n<\/div>\n\n\n\n<div class=\"wp-block-kobu-custom-blocks-responsive-spacer responsive-spacer size-medium\"><\/div>\n\n\n\n<h3 class=\"wp-block-heading\">En savoir plus sur le projet<\/h3>\n\n\n\n<div class=\"wp-block-buttons is-layout-flex wp-block-buttons-is-layout-flex\">\n<div class=\"wp-block-button\"><a class=\"wp-block-button__link wp-element-button\" href=\"https:\/\/embalagemdofuturo.pt\/\" target=\"_blank\" rel=\"noreferrer noopener\">Visiter le site du projet<\/a><\/div>\n<\/div>\n\n\n\n<div class=\"wp-block-kobu-custom-blocks-responsive-spacer responsive-spacer size-medium\"><\/div>\n\n\n\n<div class=\"wp-block-buttons is-layout-flex wp-block-buttons-is-layout-flex\">\n<div class=\"wp-block-button is-style-arrow-btn-underline\"><a class=\"wp-block-button__link wp-element-button\" href=\"https:\/\/cabopol.kobudev.com\/fr\/projets\/\">PLUS DE PROJETS<\/a><\/div>\n<\/div>\n\n\n\n<p><\/p>\n","protected":false},"excerpt":{"rendered":"<p>L\u2019Agenda Verte pour l\u2019Innovation Entreprise \u201cEmbalagem do Futuro\u00ae\u201d vise \u00e0 rechercher, d\u00e9velopper, produire et commercialiser \u00e0 l\u2019\u00e9chelle mondiale des solutions d\u2019emballage plus \u00e9cologiques, num\u00e9riques et [&hellip;]<\/p>\n","protected":false},"author":2,"featured_media":0,"parent":2714,"menu_order":25,"comment_status":"closed","ping_status":"closed","template":"","meta":{"_acf_changed":false,"inline_featured_image":false,"footnotes":""},"class_list":["post-2807","page","type-page","status-publish","hentry"],"acf":[],"_links":{"self":[{"href":"https:\/\/cabopol.kobudev.com\/fr\/wp-json\/wp\/v2\/pages\/2807","targetHints":{"allow":["GET"]}}],"collection":[{"href":"https:\/\/cabopol.kobudev.com\/fr\/wp-json\/wp\/v2\/pages"}],"about":[{"href":"https:\/\/cabopol.kobudev.com\/fr\/wp-json\/wp\/v2\/types\/page"}],"author":[{"embeddable":true,"href":"https:\/\/cabopol.kobudev.com\/fr\/wp-json\/wp\/v2\/users\/2"}],"replies":[{"embeddable":true,"href":"https:\/\/cabopol.kobudev.com\/fr\/wp-json\/wp\/v2\/comments?post=2807"}],"version-history":[{"count":6,"href":"https:\/\/cabopol.kobudev.com\/fr\/wp-json\/wp\/v2\/pages\/2807\/revisions"}],"predecessor-version":[{"id":2934,"href":"https:\/\/cabopol.kobudev.com\/fr\/wp-json\/wp\/v2\/pages\/2807\/revisions\/2934"}],"up":[{"embeddable":true,"href":"https:\/\/cabopol.kobudev.com\/fr\/wp-json\/wp\/v2\/pages\/2714"}],"wp:attachment":[{"href":"https:\/\/cabopol.kobudev.com\/fr\/wp-json\/wp\/v2\/media?parent=2807"}],"curies":[{"name":"wp","href":"https:\/\/api.w.org\/{rel}","templated":true}]}}