{"id":2793,"date":"2025-11-21T11:47:53","date_gmt":"2025-11-21T11:47:53","guid":{"rendered":"https:\/\/cabopol.kobudev.com\/projets\/nanopoli\/"},"modified":"2025-12-16T13:41:31","modified_gmt":"2025-12-16T13:41:31","slug":"nanopoli","status":"publish","type":"page","link":"https:\/\/cabopol.kobudev.com\/fr\/projets\/nanopoli\/","title":{"rendered":"Nanopoli"},"content":{"rendered":"\n<p>Au cours des deux derni\u00e8res ann\u00e9es, Cabopol a d\u00e9velopp\u00e9, dans le cadre du projet NanoPoli, une solution innovante pour le rev\u00eatement et l\u2019isolation de c\u00e2bles destin\u00e9e \u00e0 une int\u00e9gration dans diverses industries.<br><br>Ce projet, financ\u00e9 par l\u2019Union europ\u00e9enne, a permis \u00e0 l\u2019\u00e9quipe de recherche et d\u00e9veloppement de Cabopol de se consacrer \u00e0 la cr\u00e9ation d\u2019un nanocomposite compos\u00e9 d\u2019une matrice \u00e0 base d\u2019ol\u00e9fines, offrant \u00e0 la fois une r\u00e9sistance au feu par c\u00e9ramisation et d\u2019excellentes propri\u00e9t\u00e9s thermiques et m\u00e9caniques.<br><br>La r\u00e9alisation de ce projet innovant a permis l\u2019acquisition de nouvelles connaissances et comp\u00e9tences techniques, essentielles dans un domaine o\u00f9 Cabopol n\u2019avait pas encore d\u2019exp\u00e9rience consolid\u00e9e, impactant significativement la croissance et le d\u00e9veloppement de l\u2019entreprise.<\/p>\n\n\n\n<div class=\"wp-block-kobu-custom-blocks-responsive-spacer responsive-spacer size-large\"><\/div>\n\n\n<noscript class=\"loading-lazy\">\n<figure class=\"wp-block-image size-full\"><img loading=\"lazy\" decoding=\"async\" width=\"901\" height=\"498\" src=\"https:\/\/cabopol.kobudev.com\/files\/uploads\/2025\/11\/Wire-and-Cable.webp\" alt=\"\" class=\"wp-image-1355\" srcset=\"https:\/\/cabopol.kobudev.com\/files\/uploads\/2025\/11\/Wire-and-Cable.webp 901w, https:\/\/cabopol.kobudev.com\/files\/uploads\/2025\/11\/Wire-and-Cable-300x166.webp 300w, https:\/\/cabopol.kobudev.com\/files\/uploads\/2025\/11\/Wire-and-Cable-768x424.webp 768w\" sizes=\"auto, (max-width: 901px) 100vw, 901px\" \/><\/figure>\n<\/noscript>\n\n\n<div class=\"wp-block-kobu-custom-blocks-responsive-spacer responsive-spacer size-large\"><\/div>\n\n\n\n<h2 class=\"wp-block-heading\">Intitul\u00e9 du Projet<\/h2>\n\n\n\n<p>Recherche et D\u00e9veloppement Technologique \u2013 Projets de R&amp;D \u2013 Individuels \u2013 Nanopoli : Nanocomposite r\u00e9sistant aux flammes<\/p>\n\n\n\n<div class=\"wp-block-kobu-custom-blocks-responsive-spacer responsive-spacer size-small\"><\/div>\n\n\n\n<h3 class=\"wp-block-heading\">Code du Projet<\/h3>\n\n\n\n<p>POCI-01-0247-FEDER-010228<\/p>\n\n\n\n<div class=\"wp-block-kobu-custom-blocks-responsive-spacer responsive-spacer size-small\"><\/div>\n\n\n\n<h3 class=\"wp-block-heading\">Objectif Principal<\/h3>\n\n\n\n<p>Renforcer la recherche, le d\u00e9veloppement technologique et l\u2019innovation<\/p>\n\n\n\n<div class=\"wp-block-kobu-custom-blocks-responsive-spacer responsive-spacer size-small\"><\/div>\n\n\n\n<h3 class=\"wp-block-heading\">Date d\u2019Approbation<\/h3>\n\n\n\n<p>11-05-2016<\/p>\n\n\n\n<div class=\"wp-block-kobu-custom-blocks-responsive-spacer responsive-spacer size-small\"><\/div>\n\n\n\n<h3 class=\"wp-block-heading\">Date de D\u00e9but<\/h3>\n\n\n\n<p>01-01-2016<\/p>\n\n\n\n<div class=\"wp-block-kobu-custom-blocks-responsive-spacer responsive-spacer size-small\"><\/div>\n\n\n\n<h3 class=\"wp-block-heading\">Date d\u2019Ach\u00e8vement de l\u2019Investissement<\/h3>\n\n\n\n<p>31-12-2017<\/p>\n\n\n\n<div class=\"wp-block-kobu-custom-blocks-responsive-spacer responsive-spacer size-small\"><\/div>\n\n\n\n<h3 class=\"wp-block-heading\">Co\u00fbt Total \u00c9ligible<\/h3>\n\n\n\n<p>2.569.606,52\u20ac<\/p>\n\n\n\n<div class=\"wp-block-kobu-custom-blocks-responsive-spacer responsive-spacer size-small\"><\/div>\n\n\n\n<h3 class=\"wp-block-heading\">Fonds Total<\/h3>\n\n\n\n<p>1.454.945,72\u20ac<\/p>\n\n\n\n<div class=\"wp-block-kobu-custom-blocks-responsive-spacer responsive-spacer size-small\"><\/div>\n\n\n\n<h3 class=\"wp-block-heading\">Investissement R\u00e9alis\u00e9<\/h3>\n\n\n\n<p>4.088.089,50\u20ac<\/p>\n\n\n\n<div class=\"wp-block-kobu-custom-blocks-responsive-spacer responsive-spacer size-large\"><\/div>\n\n\n\n<div class=\"wp-block-kobu-custom-blocks-slider-gallery\"><div class=\"slider-gallery gallery-container hidden  \"><div class=\"gallery \" role=\"list\"><div class=\"slide\" role=\"listitem\"><div class=\"figure-wrapper\"><figure><img loading=\"lazy\" decoding=\"async\" width=\"1323\" height=\"882\" class=\"wp-image-295\" src=\"https:\/\/cabopol.kobudev.com\/files\/uploads\/2025\/07\/aed01efdf981ddc443431b3bdf672492302a9289.jpg\" alt=\"\" sizes=\"auto, 100vw\" srcset=\"https:\/\/cabopol.kobudev.com\/files\/uploads\/2025\/07\/aed01efdf981ddc443431b3bdf672492302a9289.jpg 1323w, https:\/\/cabopol.kobudev.com\/files\/uploads\/2025\/07\/aed01efdf981ddc443431b3bdf672492302a9289-300x200.jpg 300w, https:\/\/cabopol.kobudev.com\/files\/uploads\/2025\/07\/aed01efdf981ddc443431b3bdf672492302a9289-1024x683.jpg 1024w, https:\/\/cabopol.kobudev.com\/files\/uploads\/2025\/07\/aed01efdf981ddc443431b3bdf672492302a9289-768x512.jpg 768w\" \/><\/figure><\/div><\/div><div class=\"slide\" role=\"listitem\"><div class=\"figure-wrapper\"><figure><img loading=\"lazy\" decoding=\"async\" width=\"1600\" height=\"1067\" class=\"wp-image-311\" src=\"https:\/\/cabopol.kobudev.com\/files\/uploads\/2025\/07\/baa889b35f9492a36a410d3d9c650514aca13748.jpg\" alt=\"\" sizes=\"auto, 100vw\" srcset=\"https:\/\/cabopol.kobudev.com\/files\/uploads\/2025\/07\/baa889b35f9492a36a410d3d9c650514aca13748.jpg 1600w, https:\/\/cabopol.kobudev.com\/files\/uploads\/2025\/07\/baa889b35f9492a36a410d3d9c650514aca13748-300x200.jpg 300w, https:\/\/cabopol.kobudev.com\/files\/uploads\/2025\/07\/baa889b35f9492a36a410d3d9c650514aca13748-1024x683.jpg 1024w, https:\/\/cabopol.kobudev.com\/files\/uploads\/2025\/07\/baa889b35f9492a36a410d3d9c650514aca13748-768x512.jpg 768w, https:\/\/cabopol.kobudev.com\/files\/uploads\/2025\/07\/baa889b35f9492a36a410d3d9c650514aca13748-1536x1024.jpg 1536w\" \/><\/figure><\/div><\/div><div class=\"slide\" role=\"listitem\"><div class=\"figure-wrapper\"><figure><img loading=\"lazy\" decoding=\"async\" width=\"8512\" height=\"5682\" class=\"wp-image-1433\" src=\"https:\/\/cabopol.kobudev.com\/files\/uploads\/2025\/11\/Wire-Cable-Press-R.png\" alt=\"\" sizes=\"auto, 100vw\" srcset=\"https:\/\/cabopol.kobudev.com\/files\/uploads\/2025\/11\/Wire-Cable-Press-R.png 8512w, https:\/\/cabopol.kobudev.com\/files\/uploads\/2025\/11\/Wire-Cable-Press-R-300x200.png 300w, https:\/\/cabopol.kobudev.com\/files\/uploads\/2025\/11\/Wire-Cable-Press-R-1024x684.png 1024w, https:\/\/cabopol.kobudev.com\/files\/uploads\/2025\/11\/Wire-Cable-Press-R-768x513.png 768w\" \/><\/figure><\/div><\/div><\/div><\/div><\/div>\n\n\n\n<div class=\"wp-block-kobu-custom-blocks-responsive-spacer responsive-spacer size-large\"><\/div>\n\n\n\n<div class=\"wp-block-buttons is-layout-flex wp-block-buttons-is-layout-flex\">\n<div class=\"wp-block-button is-style-arrow-btn-underline\"><a class=\"wp-block-button__link wp-element-button\" href=\"https:\/\/cabopol.kobudev.com\/fr\/projets\/\">PLUS DE PROJETS<\/a><\/div>\n<\/div>\n\n\n\n<p><\/p>\n","protected":false},"excerpt":{"rendered":"<p>Au cours des deux derni\u00e8res ann\u00e9es, Cabopol a d\u00e9velopp\u00e9, dans le cadre du projet NanoPoli, une solution innovante pour le rev\u00eatement et l\u2019isolation de c\u00e2bles [&hellip;]<\/p>\n","protected":false},"author":2,"featured_media":0,"parent":2714,"menu_order":24,"comment_status":"closed","ping_status":"closed","template":"","meta":{"_acf_changed":false,"inline_featured_image":false,"footnotes":""},"class_list":["post-2793","page","type-page","status-publish","hentry"],"acf":[],"_links":{"self":[{"href":"https:\/\/cabopol.kobudev.com\/fr\/wp-json\/wp\/v2\/pages\/2793","targetHints":{"allow":["GET"]}}],"collection":[{"href":"https:\/\/cabopol.kobudev.com\/fr\/wp-json\/wp\/v2\/pages"}],"about":[{"href":"https:\/\/cabopol.kobudev.com\/fr\/wp-json\/wp\/v2\/types\/page"}],"author":[{"embeddable":true,"href":"https:\/\/cabopol.kobudev.com\/fr\/wp-json\/wp\/v2\/users\/2"}],"replies":[{"embeddable":true,"href":"https:\/\/cabopol.kobudev.com\/fr\/wp-json\/wp\/v2\/comments?post=2793"}],"version-history":[{"count":2,"href":"https:\/\/cabopol.kobudev.com\/fr\/wp-json\/wp\/v2\/pages\/2793\/revisions"}],"predecessor-version":[{"id":2800,"href":"https:\/\/cabopol.kobudev.com\/fr\/wp-json\/wp\/v2\/pages\/2793\/revisions\/2800"}],"up":[{"embeddable":true,"href":"https:\/\/cabopol.kobudev.com\/fr\/wp-json\/wp\/v2\/pages\/2714"}],"wp:attachment":[{"href":"https:\/\/cabopol.kobudev.com\/fr\/wp-json\/wp\/v2\/media?parent=2793"}],"curies":[{"name":"wp","href":"https:\/\/api.w.org\/{rel}","templated":true}]}}