{"id":2730,"date":"2025-11-21T11:39:07","date_gmt":"2025-11-21T11:39:07","guid":{"rendered":"https:\/\/cabopol.kobudev.com\/projets\/bioprime\/"},"modified":"2025-12-16T11:21:06","modified_gmt":"2025-12-16T11:21:06","slug":"bioprime","status":"publish","type":"page","link":"https:\/\/cabopol.kobudev.com\/fr\/projets\/bioprime\/","title":{"rendered":"Bioprime"},"content":{"rendered":"\n<p class=\"is-style-top-red-line\">La nouvelle initiative de R&amp;D de Cabopol se concentre sur le d\u00e9veloppement et la conception d\u2019un compos\u00e9 polym\u00e8re innovant, biod\u00e9gradable et adapt\u00e9 au compostage domestique, r\u00e9sistant \u00e0 des temp\u00e9ratures \u00e9lev\u00e9es et dot\u00e9 d\u2019excellentes propri\u00e9t\u00e9s barri\u00e8res (notamment \u00e0 l\u2019oxyg\u00e8ne et \u00e0 la vapeur d\u2019eau). Afin de promouvoir sa durabilit\u00e9, ce produit innovant est con\u00e7u pour \u00eatre d\u2019origine renouvelable (\u00e0 base d\u2019acide polylactique \u2013 \u201cPLA\u201d).<\/p>\n\n\n\n<p>Il s\u2019agira d\u2019une solution totalement innovante sur le march\u00e9 mondial, visant \u00e0 d\u00e9velopper une solution polyvalente et \u00e9volutive permettant son application dans la fabrication d\u2019emballages rigides et flexibles dans diff\u00e9rents secteurs.<\/p>\n\n\n\n<p>Le d\u00e9veloppement de ce projet aura \u00e9galement un impact environnemental tr\u00e8s positif, car il permettra la cr\u00e9ation d\u2019une solution durable, importante dans tous les secteurs, mais surtout dans le march\u00e9 des produits remplis \u00e0 chaud (\u201chot filled\u201d), caract\u00e9ris\u00e9 par une grande quantit\u00e9 de d\u00e9chets plastiques qui mettent de nombreuses ann\u00e9es \u00e0 se d\u00e9composer dans la nature.<\/p>\n\n\n\n<p>Avec ce produit, Cabopol offrira au march\u00e9 une solution plus durable que celles existantes (source renouvelable et compostable \u00e0 domicile) tout en fournissant simultan\u00e9ment des propri\u00e9t\u00e9s techniques nettement sup\u00e9rieures \u00e0 celles des compos\u00e9s alternatifs, notamment en termes de r\u00e9sistance m\u00e9canique, r\u00e9sistance thermique, processabilit\u00e9, flexibilit\u00e9 et propri\u00e9t\u00e9s barri\u00e8res.<br><br>Des r\u00e9sultats tr\u00e8s prometteurs ont \u00e9t\u00e9 obtenus en termes de biod\u00e9gradabilit\u00e9, ouvrant de nouveaux horizons pour l\u2019applicabilit\u00e9 de cette technologie dans le domaine de l\u2019emballage.<\/p>\n\n\n\n<div class=\"wp-block-kobu-custom-blocks-responsive-spacer responsive-spacer size-large\"><\/div>\n\n\n<noscript class=\"loading-lazy\">\n<figure class=\"wp-block-image size-full\"><img loading=\"lazy\" decoding=\"async\" width=\"901\" height=\"498\" src=\"https:\/\/cabopol.kobudev.com\/files\/uploads\/2025\/11\/Wire-and-Cable.webp\" alt=\"\" class=\"wp-image-1355\" srcset=\"https:\/\/cabopol.kobudev.com\/files\/uploads\/2025\/11\/Wire-and-Cable.webp 901w, https:\/\/cabopol.kobudev.com\/files\/uploads\/2025\/11\/Wire-and-Cable-300x166.webp 300w, https:\/\/cabopol.kobudev.com\/files\/uploads\/2025\/11\/Wire-and-Cable-768x424.webp 768w\" sizes=\"auto, (max-width: 901px) 100vw, 901px\" \/><\/figure>\n<\/noscript>\n\n\n<div class=\"wp-block-kobu-custom-blocks-responsive-spacer responsive-spacer size-large\"><\/div>\n\n\n\n<h2 class=\"wp-block-heading\">Intitul\u00e9 du Projet<\/h2>\n\n\n\n<p>Recherche et D\u00e9veloppement Technologique \u2013 Projets de R&amp;D \u2013 Individuels \u2013 Bioprime<\/p>\n\n\n\n<div class=\"wp-block-kobu-custom-blocks-responsive-spacer responsive-spacer size-small\"><\/div>\n\n\n\n<h3 class=\"wp-block-heading\">Code du Projet<\/h3>\n\n\n\n<p>POCI-01-0247-FEDER-038333<\/p>\n\n\n\n<div class=\"wp-block-kobu-custom-blocks-responsive-spacer responsive-spacer size-small\"><\/div>\n\n\n\n<h3 class=\"wp-block-heading\">Objectif Principal<\/h3>\n\n\n\n<p>Strengthen research, technological development, and innovation<\/p>\n\n\n\n<div class=\"wp-block-kobu-custom-blocks-responsive-spacer responsive-spacer size-small\"><\/div>\n\n\n\n<h3 class=\"wp-block-heading\">Date d\u2019Approbation<\/h3>\n\n\n\n<p>08-01-2019<\/p>\n\n\n\n<div class=\"wp-block-kobu-custom-blocks-responsive-spacer responsive-spacer size-small\"><\/div>\n\n\n\n<h3 class=\"wp-block-heading\">Date de D\u00e9but<\/h3>\n\n\n\n<p>12-02-2019<\/p>\n\n\n\n<div class=\"wp-block-kobu-custom-blocks-responsive-spacer responsive-spacer size-small\"><\/div>\n\n\n\n<h3 class=\"wp-block-heading\">Date d\u2019Ach\u00e8vement de l\u2019Investissement<\/h3>\n\n\n\n<p>12-10-2021<\/p>\n\n\n\n<div class=\"wp-block-kobu-custom-blocks-responsive-spacer responsive-spacer size-small\"><\/div>\n\n\n\n<h3 class=\"wp-block-heading\">Co\u00fbt Total \u00c9ligible<\/h3>\n\n\n\n<p>2.285.094,70\u20ac<\/p>\n\n\n\n<div class=\"wp-block-kobu-custom-blocks-responsive-spacer responsive-spacer size-small\"><\/div>\n\n\n\n<h3 class=\"wp-block-heading\">Fonds Total<\/h3>\n\n\n\n<p>1.389.758,24\u20ac<\/p>\n\n\n\n<div class=\"wp-block-kobu-custom-blocks-responsive-spacer responsive-spacer size-small\"><\/div>\n\n\n\n<h3 class=\"wp-block-heading\">Investissement R\u00e9alis\u00e9<\/h3>\n\n\n\n<p>2.786.339,04\u20ac<\/p>\n\n\n\n<div class=\"wp-block-kobu-custom-blocks-responsive-spacer responsive-spacer size-large\"><\/div>\n\n\n\n<div class=\"wp-block-kobu-custom-blocks-slider-gallery\"><div class=\"slider-gallery gallery-container hidden  \"><div class=\"gallery \" role=\"list\"><div class=\"slide\" role=\"listitem\"><div class=\"figure-wrapper\"><figure><img loading=\"lazy\" decoding=\"async\" width=\"1323\" height=\"882\" class=\"wp-image-295\" src=\"https:\/\/cabopol.kobudev.com\/files\/uploads\/2025\/07\/aed01efdf981ddc443431b3bdf672492302a9289.jpg\" alt=\"\" sizes=\"auto, 100vw\" srcset=\"https:\/\/cabopol.kobudev.com\/files\/uploads\/2025\/07\/aed01efdf981ddc443431b3bdf672492302a9289.jpg 1323w, https:\/\/cabopol.kobudev.com\/files\/uploads\/2025\/07\/aed01efdf981ddc443431b3bdf672492302a9289-300x200.jpg 300w, https:\/\/cabopol.kobudev.com\/files\/uploads\/2025\/07\/aed01efdf981ddc443431b3bdf672492302a9289-1024x683.jpg 1024w, https:\/\/cabopol.kobudev.com\/files\/uploads\/2025\/07\/aed01efdf981ddc443431b3bdf672492302a9289-768x512.jpg 768w\" \/><\/figure><\/div><\/div><div class=\"slide\" role=\"listitem\"><div class=\"figure-wrapper\"><figure><img loading=\"lazy\" decoding=\"async\" width=\"1600\" height=\"1067\" class=\"wp-image-311\" src=\"https:\/\/cabopol.kobudev.com\/files\/uploads\/2025\/07\/baa889b35f9492a36a410d3d9c650514aca13748.jpg\" alt=\"\" sizes=\"auto, 100vw\" srcset=\"https:\/\/cabopol.kobudev.com\/files\/uploads\/2025\/07\/baa889b35f9492a36a410d3d9c650514aca13748.jpg 1600w, https:\/\/cabopol.kobudev.com\/files\/uploads\/2025\/07\/baa889b35f9492a36a410d3d9c650514aca13748-300x200.jpg 300w, https:\/\/cabopol.kobudev.com\/files\/uploads\/2025\/07\/baa889b35f9492a36a410d3d9c650514aca13748-1024x683.jpg 1024w, https:\/\/cabopol.kobudev.com\/files\/uploads\/2025\/07\/baa889b35f9492a36a410d3d9c650514aca13748-768x512.jpg 768w, https:\/\/cabopol.kobudev.com\/files\/uploads\/2025\/07\/baa889b35f9492a36a410d3d9c650514aca13748-1536x1024.jpg 1536w\" \/><\/figure><\/div><\/div><div class=\"slide\" role=\"listitem\"><div class=\"figure-wrapper\"><figure><img loading=\"lazy\" decoding=\"async\" width=\"8512\" height=\"5682\" class=\"wp-image-1433\" src=\"https:\/\/cabopol.kobudev.com\/files\/uploads\/2025\/11\/Wire-Cable-Press-R.png\" alt=\"\" sizes=\"auto, 100vw\" srcset=\"https:\/\/cabopol.kobudev.com\/files\/uploads\/2025\/11\/Wire-Cable-Press-R.png 8512w, https:\/\/cabopol.kobudev.com\/files\/uploads\/2025\/11\/Wire-Cable-Press-R-300x200.png 300w, https:\/\/cabopol.kobudev.com\/files\/uploads\/2025\/11\/Wire-Cable-Press-R-1024x684.png 1024w, https:\/\/cabopol.kobudev.com\/files\/uploads\/2025\/11\/Wire-Cable-Press-R-768x513.png 768w\" \/><\/figure><\/div><\/div><\/div><\/div><\/div>\n\n\n\n<div class=\"wp-block-kobu-custom-blocks-responsive-spacer responsive-spacer size-large\"><\/div>\n\n\n\n<div class=\"wp-block-buttons is-layout-flex wp-block-buttons-is-layout-flex\">\n<div class=\"wp-block-button is-style-arrow-btn-underline\"><a class=\"wp-block-button__link wp-element-button\" href=\"https:\/\/cabopol.kobudev.com\/fr\/projets\/\">PLUS DE PROJETS<\/a><\/div>\n<\/div>\n\n\n\n<p><\/p>\n","protected":false},"excerpt":{"rendered":"<p>La nouvelle initiative de R&amp;D de Cabopol se concentre sur le d\u00e9veloppement et la conception d\u2019un compos\u00e9 polym\u00e8re innovant, biod\u00e9gradable et adapt\u00e9 au compostage domestique, [&hellip;]<\/p>\n","protected":false},"author":2,"featured_media":0,"parent":2714,"menu_order":21,"comment_status":"closed","ping_status":"closed","template":"","meta":{"_acf_changed":false,"inline_featured_image":false,"footnotes":""},"class_list":["post-2730","page","type-page","status-publish","hentry"],"acf":[],"_links":{"self":[{"href":"https:\/\/cabopol.kobudev.com\/fr\/wp-json\/wp\/v2\/pages\/2730","targetHints":{"allow":["GET"]}}],"collection":[{"href":"https:\/\/cabopol.kobudev.com\/fr\/wp-json\/wp\/v2\/pages"}],"about":[{"href":"https:\/\/cabopol.kobudev.com\/fr\/wp-json\/wp\/v2\/types\/page"}],"author":[{"embeddable":true,"href":"https:\/\/cabopol.kobudev.com\/fr\/wp-json\/wp\/v2\/users\/2"}],"replies":[{"embeddable":true,"href":"https:\/\/cabopol.kobudev.com\/fr\/wp-json\/wp\/v2\/comments?post=2730"}],"version-history":[{"count":4,"href":"https:\/\/cabopol.kobudev.com\/fr\/wp-json\/wp\/v2\/pages\/2730\/revisions"}],"predecessor-version":[{"id":2770,"href":"https:\/\/cabopol.kobudev.com\/fr\/wp-json\/wp\/v2\/pages\/2730\/revisions\/2770"}],"up":[{"embeddable":true,"href":"https:\/\/cabopol.kobudev.com\/fr\/wp-json\/wp\/v2\/pages\/2714"}],"wp:attachment":[{"href":"https:\/\/cabopol.kobudev.com\/fr\/wp-json\/wp\/v2\/media?parent=2730"}],"curies":[{"name":"wp","href":"https:\/\/api.w.org\/{rel}","templated":true}]}}