{"id":2714,"date":"2025-06-04T13:49:23","date_gmt":"2025-06-04T13:49:23","guid":{"rendered":"https:\/\/cabopol.kobudev.com\/projects\/"},"modified":"2025-12-17T12:55:39","modified_gmt":"2025-12-17T12:55:39","slug":"projets","status":"publish","type":"page","link":"https:\/\/cabopol.kobudev.com\/fr\/projets\/","title":{"rendered":"Projets"},"content":{"rendered":"\n<p class=\"is-style-top-red-line\">Dans cette section, vous trouverez des informations sur les projets cofinanc\u00e9s par des programmes de soutien r\u00e9gionaux, nationaux ou europ\u00e9ens. Ces projets illustrent notre engagement envers l\u2019innovation, la durabilit\u00e9 et le d\u00e9veloppement continu de nos capacit\u00e9s de production et de nos technologies.<br><br>Gr\u00e2ce \u00e0 ces financements, nous avons pu progresser dans des domaines cl\u00e9s tels que l\u2019efficacit\u00e9 \u00e9nerg\u00e9tique, l\u2019internationalisation, la transformation num\u00e9rique et le renforcement de la comp\u00e9titivit\u00e9. D\u00e9couvrez ici les d\u00e9tails de chaque initiative et comment nous continuons \u00e0 construire l\u2019avenir de mani\u00e8re responsable.<\/p>\n\n\n\n<p class=\"is-style-top-red-line\">.<\/p>\n\n\n\n<div class=\"wp-block-kobu-custom-blocks-responsive-spacer responsive-spacer size-large\"><\/div>\n\n\n<div class=\"columns-group-block alignfull\">\n                <div class=\"columns-group-row\">\n            <div class=\"column columns-group-column\">\n                                    <div class=\"img-wrapper\">\n                        <img loading=\"lazy\" decoding=\"async\" width=\"640\" height=\"360\" src=\"https:\/\/cabopol.kobudev.com\/files\/uploads\/2025\/11\/Painel-F-768x432.jpg\" class=\"coverimg\" alt=\"\" sizes=\"auto, (min-width: 601px) 50vw, 100vw\" srcset=\"https:\/\/cabopol.kobudev.com\/files\/uploads\/2025\/11\/Painel-F-768x432.jpg 768w, https:\/\/cabopol.kobudev.com\/files\/uploads\/2025\/11\/Painel-F-300x169.jpg 300w, https:\/\/cabopol.kobudev.com\/files\/uploads\/2025\/11\/Painel-F-1024x576.jpg 1024w, https:\/\/cabopol.kobudev.com\/files\/uploads\/2025\/11\/Painel-F-1536x864.jpg 1536w, https:\/\/cabopol.kobudev.com\/files\/uploads\/2025\/11\/Painel-F-2048x1152.jpg 2048w\" \/>                    <\/div>\n                                <div class=\"content-wrapper\">\n                    <h3 class=\"title\">Projet de D\u00e9carbonisation de Cabopol<\/h3>\n                                            <div class=\"description\"><p class=\"p1\">Le projet de d\u00e9carbonisation de Cabopol \u00e0 Porto de M\u00f3s vise \u00e0 r\u00e9duire les \u00e9missions de gaz \u00e0 effet de serre et \u00e0 am\u00e9liorer l\u2019efficacit\u00e9 \u00e9nerg\u00e9tique gr\u00e2ce \u00e0 une centrale photovolta\u00efque pour autoconsommation et \u00e0 l\u2019optimisation des syst\u00e8mes \u00e9nerg\u00e9tiques.<\/p>\n<\/div>\n                    \n                    <a href=\"https:\/\/cabopol.kobudev.com\/fr\/projets\/projet-de-decarbonisation-de-cabopol\/\" class=\"btn\" target=\"_blank\">en savoir plus<\/a>                <\/div>\n            <\/div>\n\n                            \n            <div class=\"column columns-group-column\">\n                                    <div class=\"img-wrapper\">\n                        <img loading=\"lazy\" decoding=\"async\" width=\"640\" height=\"960\" src=\"https:\/\/cabopol.kobudev.com\/files\/uploads\/2025\/11\/embalagem-do-futuro.jpg\" class=\"coverimg\" alt=\"\" sizes=\"auto, (min-width: 601px) 50vw, 100vw\" srcset=\"https:\/\/cabopol.kobudev.com\/files\/uploads\/2025\/11\/embalagem-do-futuro.jpg 683w, https:\/\/cabopol.kobudev.com\/files\/uploads\/2025\/11\/embalagem-do-futuro-200x300.jpg 200w\" \/>                    <\/div>\n                                <div class=\"content-wrapper\">\n                    <h3 class=\"title\">Emballage du Futur<\/h3>\n                                            <div class=\"description\"><p class=\"p1\">Projet innovant visant la production et la commercialisation \u00e0 l\u2019\u00e9chelle mondiale de solutions d\u2019emballage plus \u00e9cologiques, plus num\u00e9riques et plus inclusives<\/p>\n<\/div>\n                    \n                    <a href=\"https:\/\/cabopol.kobudev.com\/fr\/projets\/emballage-du-futur\/\" class=\"btn\" target=\"_blank\">en savoir plus<\/a>                <\/div>\n            <\/div>\n\n            <\/div>                <div class=\"columns-group-row\">\n            <div class=\"column columns-group-column\">\n                                    <div class=\"img-wrapper\">\n                        <img loading=\"lazy\" decoding=\"async\" width=\"640\" height=\"335\" src=\"https:\/\/cabopol.kobudev.com\/files\/uploads\/2025\/11\/S4PLAST-768x402.jpg\" class=\"coverimg\" alt=\"\" sizes=\"auto, (min-width: 601px) 50vw, 100vw\" srcset=\"https:\/\/cabopol.kobudev.com\/files\/uploads\/2025\/11\/S4PLAST-768x402.jpg 768w, https:\/\/cabopol.kobudev.com\/files\/uploads\/2025\/11\/S4PLAST-300x157.jpg 300w, https:\/\/cabopol.kobudev.com\/files\/uploads\/2025\/11\/S4PLAST-1024x536.jpg 1024w, https:\/\/cabopol.kobudev.com\/files\/uploads\/2025\/11\/S4PLAST-1536x804.jpg 1536w, https:\/\/cabopol.kobudev.com\/files\/uploads\/2025\/11\/S4PLAST.jpg 2000w\" \/>                    <\/div>\n                                <div class=\"content-wrapper\">\n                    <h3 class=\"title\">S4PLAST<\/h3>\n                                            <div class=\"description\"><p class=\"p1\">Le projet S4PLAST vise \u00e0 d\u00e9velopper des produits polym\u00e9riques durables et diff\u00e9renciants, avec un design circulaire, des pi\u00e8ces m\u00e9tallis\u00e9es, des composants multifonctionnels et la valorisation des mat\u00e9riaux recycl\u00e9s.<\/p>\n<\/div>\n                    \n                    <a href=\"https:\/\/cabopol.kobudev.com\/fr\/projets\/s4plast\/\" class=\"btn\" target=\"_blank\">en savoir plus<\/a>                <\/div>\n            <\/div>\n\n                            \n            <div class=\"column columns-group-column\">\n                                    <div class=\"img-wrapper\">\n                        <img loading=\"lazy\" decoding=\"async\" width=\"640\" height=\"427\" src=\"https:\/\/cabopol.kobudev.com\/files\/uploads\/2025\/11\/Nanopoli-768x512.jpeg\" class=\"coverimg\" alt=\"\" sizes=\"auto, (min-width: 601px) 50vw, 100vw\" srcset=\"https:\/\/cabopol.kobudev.com\/files\/uploads\/2025\/11\/Nanopoli-768x512.jpeg 768w, https:\/\/cabopol.kobudev.com\/files\/uploads\/2025\/11\/Nanopoli-300x200.jpeg 300w, https:\/\/cabopol.kobudev.com\/files\/uploads\/2025\/11\/Nanopoli-1024x683.jpeg 1024w, https:\/\/cabopol.kobudev.com\/files\/uploads\/2025\/11\/Nanopoli-1536x1024.jpeg 1536w, https:\/\/cabopol.kobudev.com\/files\/uploads\/2025\/11\/Nanopoli-2048x1365.jpeg 2048w\" \/>                    <\/div>\n                                <div class=\"content-wrapper\">\n                    <h3 class=\"title\">ReCAP<\/h3>\n                                            <div class=\"description\"><p class=\"p1\">Le projet ReCAP, d\u00e9velopp\u00e9 en consortium par MPTooL, INEGI, Cadflow et Cabopol, vise \u00e0 produire des composants a\u00e9ronautiques en composites \u00e0 matrice thermoplastique renforc\u00e9e de fibres de carbone, valorisant les d\u00e9chets industriels et minimisant les mati\u00e8res premi\u00e8res vierges. Le projet se concentre sur la r\u00e9duction du poids et des co\u00fbts, des technologies durables et innovantes, ainsi que sur le d\u00e9veloppement de prototypes comme d\u00e9monstrateurs des comp\u00e9tences du consortium.<\/p>\n<\/div>\n                    \n                    <a href=\"https:\/\/cabopol.kobudev.com\/fr\/projets\/recap\/\" class=\"btn\" target=\"_blank\">en savoir plus<\/a>                <\/div>\n            <\/div>\n\n            <\/div>                <div class=\"columns-group-row\">\n            <div class=\"column columns-group-column\">\n                                    <div class=\"img-wrapper\">\n                        <img loading=\"lazy\" decoding=\"async\" width=\"640\" height=\"428\" src=\"https:\/\/cabopol.kobudev.com\/files\/uploads\/2025\/11\/Bioprime-768x513.jpg\" class=\"coverimg\" alt=\"\" sizes=\"auto, (min-width: 601px) 50vw, 100vw\" srcset=\"https:\/\/cabopol.kobudev.com\/files\/uploads\/2025\/11\/Bioprime-768x513.jpg 768w, https:\/\/cabopol.kobudev.com\/files\/uploads\/2025\/11\/Bioprime-300x200.jpg 300w, https:\/\/cabopol.kobudev.com\/files\/uploads\/2025\/11\/Bioprime-1024x684.jpg 1024w, https:\/\/cabopol.kobudev.com\/files\/uploads\/2025\/11\/Bioprime-1536x1025.jpg 1536w, https:\/\/cabopol.kobudev.com\/files\/uploads\/2025\/11\/Bioprime-2048x1367.jpg 2048w\" \/>                    <\/div>\n                                <div class=\"content-wrapper\">\n                    <h3 class=\"title\">Bioprime<\/h3>\n                                            <div class=\"description\"><p class=\"p1\">Le projet Bioprime vise \u00e0 d\u00e9velopper un nouveau compos\u00e9 polym\u00e8re biod\u00e9gradable et compostable, avec des propri\u00e9t\u00e9s techniques avanc\u00e9es et une origine renouvelable (PLA). La solution est destin\u00e9e \u00e0 des applications dans les emballages rigides et flexibles, favorisant la durabilit\u00e9 et la r\u00e9duction de l\u2019impact environnemental.<\/p>\n<\/div>\n                    \n                    <a href=\"https:\/\/cabopol.kobudev.com\/fr\/projets\/bioprime\/\" class=\"btn\" target=\"_blank\">en savoir plus<\/a>                <\/div>\n            <\/div>\n\n                            \n            <div class=\"column columns-group-column\">\n                                    <div class=\"img-wrapper\">\n                        <img loading=\"lazy\" decoding=\"async\" width=\"640\" height=\"360\" src=\"https:\/\/cabopol.kobudev.com\/files\/uploads\/2025\/11\/Elastomereg-768x432.jpg\" class=\"coverimg\" alt=\"\" sizes=\"auto, (min-width: 601px) 50vw, 100vw\" srcset=\"https:\/\/cabopol.kobudev.com\/files\/uploads\/2025\/11\/Elastomereg-768x432.jpg 768w, https:\/\/cabopol.kobudev.com\/files\/uploads\/2025\/11\/Elastomereg-300x169.jpg 300w, https:\/\/cabopol.kobudev.com\/files\/uploads\/2025\/11\/Elastomereg-1024x576.jpg 1024w, https:\/\/cabopol.kobudev.com\/files\/uploads\/2025\/11\/Elastomereg-1536x864.jpg 1536w, https:\/\/cabopol.kobudev.com\/files\/uploads\/2025\/11\/Elastomereg-2048x1152.jpg 2048w\" \/>                    <\/div>\n                                <div class=\"content-wrapper\">\n                    <h3 class=\"title\">Elastomereg<\/h3>\n                                            <div class=\"description\"><p class=\"p1\">Le projet Elastomereg a permis le d\u00e9veloppement d\u2019une nouvelle g\u00e9n\u00e9ration de TPV dot\u00e9s de capacit\u00e9s d\u2019auto-r\u00e9g\u00e9n\u00e9ration et d\u2019une r\u00e9sistance thermique et chimique accrue. Une innovation qui positionne Cabopol \u00e0 l\u2019avant-garde du secteur international des compos\u00e9s polym\u00e8res.<\/p>\n<\/div>\n                    \n                    <a href=\"https:\/\/cabopol.kobudev.com\/fr\/projets\/elastomereg\/\" class=\"btn\" target=\"_blank\">en savoir plus<\/a>                <\/div>\n            <\/div>\n\n            <\/div>                <div class=\"columns-group-row\">\n            <div class=\"column columns-group-column\">\n                                    <div class=\"img-wrapper\">\n                        <img loading=\"lazy\" decoding=\"async\" width=\"640\" height=\"428\" src=\"https:\/\/cabopol.kobudev.com\/files\/uploads\/2025\/11\/Wire-Cable-Press-R-768x513.png\" class=\"coverimg\" alt=\"\" sizes=\"auto, (min-width: 601px) 50vw, 100vw\" srcset=\"https:\/\/cabopol.kobudev.com\/files\/uploads\/2025\/11\/Wire-Cable-Press-R-768x513.png 768w, https:\/\/cabopol.kobudev.com\/files\/uploads\/2025\/11\/Wire-Cable-Press-R-300x200.png 300w, https:\/\/cabopol.kobudev.com\/files\/uploads\/2025\/11\/Wire-Cable-Press-R-1024x684.png 1024w\" \/>                    <\/div>\n                                <div class=\"content-wrapper\">\n                    <h3 class=\"title\">Nanopoli<\/h3>\n                                            <div class=\"description\"><p>Le projet Nanopoli a permis le d\u00e9veloppement d\u2019un nanocomposite innovant, r\u00e9sistant au feu, avec d\u2019excellentes propri\u00e9t\u00e9s thermiques et m\u00e9caniques, destin\u00e9 aux applications de rev\u00eatement et d\u2019isolation de c\u00e2bles. Une solution qui a eu un impact direct sur la consolidation technique et scientifique de Cabopol.<\/p>\n<\/div>\n                    \n                    <a href=\"https:\/\/cabopol.kobudev.com\/fr\/projets\/nanopoli\/\" class=\"btn\" target=\"_blank\">en savoir plus<\/a>                <\/div>\n            <\/div>\n\n            <\/div>    <\/div>","protected":false},"excerpt":{"rendered":"<p>Dans cette section, vous trouverez des informations sur les projets cofinanc\u00e9s par des programmes de soutien r\u00e9gionaux, nationaux ou europ\u00e9ens. Ces projets illustrent notre engagement [&hellip;]<\/p>\n","protected":false},"author":1,"featured_media":0,"parent":0,"menu_order":20,"comment_status":"closed","ping_status":"closed","template":"templates\/compete-2020.php","meta":{"_acf_changed":false,"inline_featured_image":false,"footnotes":""},"class_list":["post-2714","page","type-page","status-publish","hentry"],"acf":[],"_links":{"self":[{"href":"https:\/\/cabopol.kobudev.com\/fr\/wp-json\/wp\/v2\/pages\/2714","targetHints":{"allow":["GET"]}}],"collection":[{"href":"https:\/\/cabopol.kobudev.com\/fr\/wp-json\/wp\/v2\/pages"}],"about":[{"href":"https:\/\/cabopol.kobudev.com\/fr\/wp-json\/wp\/v2\/types\/page"}],"author":[{"embeddable":true,"href":"https:\/\/cabopol.kobudev.com\/fr\/wp-json\/wp\/v2\/users\/1"}],"replies":[{"embeddable":true,"href":"https:\/\/cabopol.kobudev.com\/fr\/wp-json\/wp\/v2\/comments?post=2714"}],"version-history":[{"count":7,"href":"https:\/\/cabopol.kobudev.com\/fr\/wp-json\/wp\/v2\/pages\/2714\/revisions"}],"predecessor-version":[{"id":2899,"href":"https:\/\/cabopol.kobudev.com\/fr\/wp-json\/wp\/v2\/pages\/2714\/revisions\/2899"}],"wp:attachment":[{"href":"https:\/\/cabopol.kobudev.com\/fr\/wp-json\/wp\/v2\/media?parent=2714"}],"curies":[{"name":"wp","href":"https:\/\/api.w.org\/{rel}","templated":true}]}}