{"id":2663,"date":"2025-08-08T11:03:38","date_gmt":"2025-08-08T11:03:38","guid":{"rendered":"https:\/\/cabopol.kobudev.com\/contactez-nous\/moulage-par-injection-extrusion\/consumer-goods-personal-care\/"},"modified":"2025-12-15T12:27:45","modified_gmt":"2025-12-15T12:27:45","slug":"biens-de-consommation-soins-personnels","status":"publish","type":"page","link":"https:\/\/cabopol.kobudev.com\/fr\/applications\/moulage-par-injection-extrusion\/biens-de-consommation-soins-personnels\/","title":{"rendered":"Biens de Consommation &amp; Soins Personnels"},"content":{"rendered":"\n<div class=\"wp-block-kobu-custom-blocks-inner-content-img alignwide media-content-group child-item align-right valign-start img-first\"><div class=\"media-col\"><figure><img loading=\"lazy\" decoding=\"async\" width=\"1301\" height=\"1301\" class=\"wp-image-1762\" src=\"https:\/\/cabopol.kobudev.com\/files\/uploads\/2025\/11\/Injection-Extrusion-Moulding-Consumer-goods-and-personal-care.webp\" alt=\"\" title=\"Injection &amp; Extrusion Moulding Consumer goods and personal care\" sizes=\"auto, (min-width: 1201px) 35vw, (min-width: 601px) 50vw, 100vw\" srcset=\"https:\/\/cabopol.kobudev.com\/files\/uploads\/2025\/11\/Injection-Extrusion-Moulding-Consumer-goods-and-personal-care.webp 1301w, https:\/\/cabopol.kobudev.com\/files\/uploads\/2025\/11\/Injection-Extrusion-Moulding-Consumer-goods-and-personal-care-300x300.webp 300w, https:\/\/cabopol.kobudev.com\/files\/uploads\/2025\/11\/Injection-Extrusion-Moulding-Consumer-goods-and-personal-care-1024x1024.webp 1024w, https:\/\/cabopol.kobudev.com\/files\/uploads\/2025\/11\/Injection-Extrusion-Moulding-Consumer-goods-and-personal-care-150x150.webp 150w, https:\/\/cabopol.kobudev.com\/files\/uploads\/2025\/11\/Injection-Extrusion-Moulding-Consumer-goods-and-personal-care-768x768.webp 768w\" \/><\/figure><\/div><div class=\"content-col\"><div class=\"content-col-wrapper\">\n<h2 class=\"wp-block-heading\">Soins Personnels &amp; Medical TPE-S | PVC<\/h2>\n\n\n\n<p>Pour les applications de soins personnels et m\u00e9dicaux, les compos\u00e9s Lacoflex\u00ae TPE-S offrent douceur, flexibilit\u00e9 et durabilit\u00e9 pour des produits tels que rasoirs, brosses \u00e0 dents, films \u00e9lastiques pour couches, cordons de masques et baignoires pliables pour b\u00e9b\u00e9s.<\/p>\n\n\n\n<p>Polyprime\u00ae PVC assure r\u00e9sistance chimique et transparence pour les tubes de dialyse et les pi\u00e8ces d\u2019injection de masques.<\/p>\n\n\n\n<p>Ces mat\u00e9riaux illustrent notre engagement envers une performance fiable, le confort de l\u2019utilisateur et une qualit\u00e9 constante dans la fabrication des soins personnels et des dispositifs m\u00e9dicaux.<\/p>\n<\/div><\/div><\/div>\n\n\n\n<div class=\"wp-block-kobu-custom-blocks-responsive-spacer responsive-spacer size-large\"><\/div>\n\n\n\n<div class=\"wp-block-kobu-custom-blocks-inner-content-img alignwide media-content-group child-item align-left valign-start img-first\"><div class=\"media-col\"><figure><img loading=\"lazy\" decoding=\"async\" width=\"1301\" height=\"1301\" class=\"wp-image-1815\" src=\"https:\/\/cabopol.kobudev.com\/files\/uploads\/2025\/11\/Consumer-Goods-Toys.webp\" alt=\"\" title=\"Consumer Goods Toys\" sizes=\"auto, (min-width: 1201px) 35vw, (min-width: 601px) 50vw, 100vw\" srcset=\"https:\/\/cabopol.kobudev.com\/files\/uploads\/2025\/11\/Consumer-Goods-Toys.webp 1301w, https:\/\/cabopol.kobudev.com\/files\/uploads\/2025\/11\/Consumer-Goods-Toys-300x300.webp 300w, https:\/\/cabopol.kobudev.com\/files\/uploads\/2025\/11\/Consumer-Goods-Toys-1024x1024.webp 1024w, https:\/\/cabopol.kobudev.com\/files\/uploads\/2025\/11\/Consumer-Goods-Toys-150x150.webp 150w, https:\/\/cabopol.kobudev.com\/files\/uploads\/2025\/11\/Consumer-Goods-Toys-768x768.webp 768w\" \/><\/figure><\/div><div class=\"content-col\"><div class=\"content-col-wrapper\">\n<h2 class=\"wp-block-heading\">Jouets, Sports &amp; Outils | TPE-S | PA6 | PA6.6 | PP | PVC<\/h2>\n\n\n\n<p>Pour les applications jouets, sport et outils, les compos\u00e9s Lacoflex\u00ae TPE-S offrent flexibilit\u00e9, r\u00e9silience et s\u00e9curit\u00e9, id\u00e9aux pour des produits tels que poign\u00e9es de v\u00e9lo, figurines et accessoires sportifs.<\/p>\n\n\n\n<p>Polyamis PA6 et PA6.6 apportent rigidit\u00e9 exceptionnelle et r\u00e9sistance aux chocs pour les skis, bases de chaises de bureau et poign\u00e9es de chariots, renforc\u00e9es en fibres de verre pour une meilleure solidit\u00e9.<\/p>\n\n\n\n<p>Sofiprime\u00ae PP fournit durabilit\u00e9 l\u00e9g\u00e8re et polyvalence de conception pour les produits grand public comme plateaux, bancs et bacs, tandis que Polyprime\u00ae PVC assure des performances fiables de scellement pour les fermetures \u00e9clair de valises.<\/p>\n\n\n\n<p>Ces exemples illustrent nos solutions de mat\u00e9riaux polyvalentes pour des produits de consommation durables, s\u00fbrs et de haute qualit\u00e9.<\/p>\n<\/div><\/div><\/div>\n\n\n\n<div class=\"wp-block-kobu-custom-blocks-responsive-spacer responsive-spacer size-large\"><\/div>\n\n\n\n<div class=\"wp-block-kobu-custom-blocks-inner-content-img alignwide media-content-group child-item align-right valign-start img-first\"><div class=\"media-col\"><figure><img loading=\"lazy\" decoding=\"async\" width=\"1301\" height=\"1301\" class=\"wp-image-1819\" src=\"https:\/\/cabopol.kobudev.com\/files\/uploads\/2025\/11\/Consumer-goods-Whitegoods.webp\" alt=\"\" title=\"Consumer goods Whitegoods\" sizes=\"auto, (min-width: 1201px) 35vw, (min-width: 601px) 50vw, 100vw\" srcset=\"https:\/\/cabopol.kobudev.com\/files\/uploads\/2025\/11\/Consumer-goods-Whitegoods.webp 1301w, https:\/\/cabopol.kobudev.com\/files\/uploads\/2025\/11\/Consumer-goods-Whitegoods-300x300.webp 300w, https:\/\/cabopol.kobudev.com\/files\/uploads\/2025\/11\/Consumer-goods-Whitegoods-1024x1024.webp 1024w, https:\/\/cabopol.kobudev.com\/files\/uploads\/2025\/11\/Consumer-goods-Whitegoods-150x150.webp 150w, https:\/\/cabopol.kobudev.com\/files\/uploads\/2025\/11\/Consumer-goods-Whitegoods-768x768.webp 768w\" \/><\/figure><\/div><div class=\"content-col\"><div class=\"content-col-wrapper\">\n<h2 class=\"wp-block-heading\">\u00c9lectrom\u00e9nager &amp; Ustensiles de Cuisine TPE-S | PA6.6 | PP<\/h2>\n\n\n\n<p>Ces exemples illustrent notre engagement \u00e0 fournir des mat\u00e9riaux fiables et performants pour les appareils \u00e9lectrom\u00e9nagers modernes.<\/p>\n\n\n\n<p>Les compos\u00e9s Sofiprime\u00ae PP garantissent durabilit\u00e9 et stabilit\u00e9 dimensionnelle dans les pi\u00e8ces d\u2019aspirateurs et de s\u00e8che-linge, ventilateurs, paniers de lave-vaisselle et tiroirs de r\u00e9frig\u00e9rateur.<\/p>\n\n\n\n<p>Polyamis PA6.6 offre r\u00e9sistance et stabilit\u00e9 thermique pour les couvercles de cocottes-minute, composants de chauffe-eau et ustensiles de cuisine.<\/p>\n\n\n\n<p>Les solutions Lacoflex\u00ae TPE-S assurent flexibilit\u00e9 et performance de scellement s\u00e9curis\u00e9e dans les r\u00e9cipients alimentaires, joints de cafeti\u00e8res et joints de portes de lave-linge, garantissant qualit\u00e9 et fonctionnalit\u00e9 dans chaque application.<\/p>\n<\/div><\/div><\/div>\n\n\n\n<div class=\"wp-block-kobu-custom-blocks-responsive-spacer responsive-spacer size-large\"><\/div>\n\n\n\n\n\n<div class=\"wp-block-kobu-custom-blocks-responsive-spacer responsive-spacer size-large\"><\/div>\n\n\n    <div class=\"taxonomy-slider-block alignfull container-wrapper\">\n        <div class=\"container large\">\n                            <h2>Autre Applications<\/h2>\n                    <\/div>\n        <div class=\"container full\">\n            <div class=\"taxonomy-slider\" data-width=\"large\">\n                \n    <div class=\"card sector slide \">\n        <div class=\"card-inner-wrapper\">\n                            <div class=\"featured-img\">\n                    <div class=\"featured-img-inner\">\n                        <img loading=\"lazy\" decoding=\"async\" width=\"640\" height=\"427\" src=\"https:\/\/cabopol.kobudev.com\/files\/uploads\/2025\/07\/7b6a80ce83931b3453b814e82f83ef7a33a5ddf5-768x512.jpg\" class=\"coverimg\" alt=\"\" sizes=\"auto, (min-width: 993px) 33vw, (min-width: 601px) 50vw, 100vw\" srcset=\"https:\/\/cabopol.kobudev.com\/files\/uploads\/2025\/07\/7b6a80ce83931b3453b814e82f83ef7a33a5ddf5-768x512.jpg 768w, https:\/\/cabopol.kobudev.com\/files\/uploads\/2025\/07\/7b6a80ce83931b3453b814e82f83ef7a33a5ddf5-300x200.jpg 300w, https:\/\/cabopol.kobudev.com\/files\/uploads\/2025\/07\/7b6a80ce83931b3453b814e82f83ef7a33a5ddf5-1024x682.jpg 1024w, https:\/\/cabopol.kobudev.com\/files\/uploads\/2025\/07\/7b6a80ce83931b3453b814e82f83ef7a33a5ddf5.jpg 1400w\" \/>                    <\/div>\n                <\/div>\n                        <div class=\"content-wrapper\">\n                <h3 class=\"post-title\">Chaussure<\/h3>\n                                <a href=\"https:\/\/cabopol.kobudev.com\/fr\/applications\/chaussure\/\" class=\"btn ghost-white arrow-btn\">En savoir plus<\/a>\n            <\/div>\n        <\/div>\n    <\/div>\n\n    <div class=\"card sector slide \">\n        <div class=\"card-inner-wrapper\">\n                            <div class=\"featured-img\">\n                    <div class=\"featured-img-inner\">\n                        <img loading=\"lazy\" decoding=\"async\" width=\"640\" height=\"427\" src=\"https:\/\/cabopol.kobudev.com\/files\/uploads\/2025\/07\/f6ffe5aa5e97c7e650c351885bb9fc23150b4485-768x512.jpg\" class=\"coverimg\" alt=\"\" sizes=\"auto, (min-width: 993px) 33vw, (min-width: 601px) 50vw, 100vw\" srcset=\"https:\/\/cabopol.kobudev.com\/files\/uploads\/2025\/07\/f6ffe5aa5e97c7e650c351885bb9fc23150b4485-768x512.jpg 768w, https:\/\/cabopol.kobudev.com\/files\/uploads\/2025\/07\/f6ffe5aa5e97c7e650c351885bb9fc23150b4485-300x200.jpg 300w, https:\/\/cabopol.kobudev.com\/files\/uploads\/2025\/07\/f6ffe5aa5e97c7e650c351885bb9fc23150b4485-1024x683.jpg 1024w, https:\/\/cabopol.kobudev.com\/files\/uploads\/2025\/07\/f6ffe5aa5e97c7e650c351885bb9fc23150b4485-1536x1024.jpg 1536w, https:\/\/cabopol.kobudev.com\/files\/uploads\/2025\/07\/f6ffe5aa5e97c7e650c351885bb9fc23150b4485.jpg 1800w\" \/>                    <\/div>\n                <\/div>\n                        <div class=\"content-wrapper\">\n                <h3 class=\"post-title\">Moulage par Injection &amp; Extrusion<\/h3>\n                                <a href=\"https:\/\/cabopol.kobudev.com\/fr\/applications\/moulage-par-injection-extrusion\/\" class=\"btn ghost-white arrow-btn\">En savoir plus<\/a>\n            <\/div>\n        <\/div>\n    <\/div>\n\n    <div class=\"card sector slide \">\n        <div class=\"card-inner-wrapper\">\n                            <div class=\"featured-img\">\n                    <div class=\"featured-img-inner\">\n                        <img loading=\"lazy\" decoding=\"async\" width=\"640\" height=\"320\" src=\"https:\/\/cabopol.kobudev.com\/files\/uploads\/2025\/07\/1d1e0cb300442da38f7dab2578a3c85f7a38606a-768x384.jpg\" class=\"coverimg\" alt=\"\" sizes=\"auto, (min-width: 993px) 33vw, (min-width: 601px) 50vw, 100vw\" srcset=\"https:\/\/cabopol.kobudev.com\/files\/uploads\/2025\/07\/1d1e0cb300442da38f7dab2578a3c85f7a38606a-768x384.jpg 768w, https:\/\/cabopol.kobudev.com\/files\/uploads\/2025\/07\/1d1e0cb300442da38f7dab2578a3c85f7a38606a-300x150.jpg 300w, https:\/\/cabopol.kobudev.com\/files\/uploads\/2025\/07\/1d1e0cb300442da38f7dab2578a3c85f7a38606a-1024x512.jpg 1024w, https:\/\/cabopol.kobudev.com\/files\/uploads\/2025\/07\/1d1e0cb300442da38f7dab2578a3c85f7a38606a-1536x768.jpg 1536w, https:\/\/cabopol.kobudev.com\/files\/uploads\/2025\/07\/1d1e0cb300442da38f7dab2578a3c85f7a38606a.jpg 1600w\" \/>                    <\/div>\n                <\/div>\n                        <div class=\"content-wrapper\">\n                <h3 class=\"post-title\">Fils et c\u00e2bles<\/h3>\n                                    <div class=\"description\">Lorem ipsum dolor sit amet, consectetur adipiscing elit. Mauris id venenatis sem. <\/div>\n                                <a href=\"https:\/\/cabopol.kobudev.com\/fr\/applications\/fils-et-cables\/\" class=\"btn ghost-white arrow-btn\">En savoir plus<\/a>\n            <\/div>\n        <\/div>\n    <\/div>\n            <\/div>\n        <\/div>\n                    <div class=\"container large\">\n                <a href=\"https:\/\/cabopol.kobudev.com\/fr\/applications\/\" class=\"taxonomy-page-link arrow-link\"><span>D\u00e9couvrir nos Applications<\/span><\/a>\n            <\/div>\n            <\/div>\n","protected":false},"excerpt":{"rendered":"","protected":false},"author":1,"featured_media":1683,"parent":2604,"menu_order":12,"comment_status":"closed","ping_status":"closed","template":"templates\/application.php","meta":{"_acf_changed":false,"inline_featured_image":false,"footnotes":""},"class_list":["post-2663","page","type-page","status-publish","has-post-thumbnail","hentry"],"acf":[],"_links":{"self":[{"href":"https:\/\/cabopol.kobudev.com\/fr\/wp-json\/wp\/v2\/pages\/2663","targetHints":{"allow":["GET"]}}],"collection":[{"href":"https:\/\/cabopol.kobudev.com\/fr\/wp-json\/wp\/v2\/pages"}],"about":[{"href":"https:\/\/cabopol.kobudev.com\/fr\/wp-json\/wp\/v2\/types\/page"}],"author":[{"embeddable":true,"href":"https:\/\/cabopol.kobudev.com\/fr\/wp-json\/wp\/v2\/users\/1"}],"replies":[{"embeddable":true,"href":"https:\/\/cabopol.kobudev.com\/fr\/wp-json\/wp\/v2\/comments?post=2663"}],"version-history":[{"count":3,"href":"https:\/\/cabopol.kobudev.com\/fr\/wp-json\/wp\/v2\/pages\/2663\/revisions"}],"predecessor-version":[{"id":2689,"href":"https:\/\/cabopol.kobudev.com\/fr\/wp-json\/wp\/v2\/pages\/2663\/revisions\/2689"}],"up":[{"embeddable":true,"href":"https:\/\/cabopol.kobudev.com\/fr\/wp-json\/wp\/v2\/pages\/2604"}],"wp:featuredmedia":[{"embeddable":true,"href":"https:\/\/cabopol.kobudev.com\/fr\/wp-json\/wp\/v2\/media\/1683"}],"wp:attachment":[{"href":"https:\/\/cabopol.kobudev.com\/fr\/wp-json\/wp\/v2\/media?parent=2663"}],"curies":[{"name":"wp","href":"https:\/\/api.w.org\/{rel}","templated":true}]}}