{"id":2657,"date":"2025-08-08T11:00:34","date_gmt":"2025-08-08T11:00:34","guid":{"rendered":"https:\/\/cabopol.kobudev.com\/contactez-nous\/moulage-par-injection-extrusion\/automotive\/"},"modified":"2025-12-15T12:22:04","modified_gmt":"2025-12-15T12:22:04","slug":"automobile","status":"publish","type":"page","link":"https:\/\/cabopol.kobudev.com\/fr\/applications\/moulage-par-injection-extrusion\/automobile\/","title":{"rendered":"Automobile"},"content":{"rendered":"\n<div class=\"wp-block-kobu-custom-blocks-inner-content-img alignwide media-content-group child-item align-right valign-start img-first\"><div class=\"media-col\"><figure><img loading=\"lazy\" decoding=\"async\" width=\"1301\" height=\"1301\" class=\"wp-image-1794\" src=\"https:\/\/cabopol.kobudev.com\/files\/uploads\/2025\/11\/Automotive-Interior.webp\" alt=\"\" title=\"Automotive Interior\" sizes=\"auto, (min-width: 1201px) 35vw, (min-width: 601px) 50vw, 100vw\" srcset=\"https:\/\/cabopol.kobudev.com\/files\/uploads\/2025\/11\/Automotive-Interior.webp 1301w, https:\/\/cabopol.kobudev.com\/files\/uploads\/2025\/11\/Automotive-Interior-300x300.webp 300w, https:\/\/cabopol.kobudev.com\/files\/uploads\/2025\/11\/Automotive-Interior-1024x1024.webp 1024w, https:\/\/cabopol.kobudev.com\/files\/uploads\/2025\/11\/Automotive-Interior-150x150.webp 150w, https:\/\/cabopol.kobudev.com\/files\/uploads\/2025\/11\/Automotive-Interior-768x768.webp 768w\" \/><\/figure><\/div><div class=\"content-col\"><div class=\"content-col-wrapper\">\n<h2 class=\"wp-block-heading\">Int\u00e9rieur Automobile TPE-S | PA6 | PP<\/h2>\n\n\n\n<p>Pour les composants int\u00e9rieurs automobiles, les compos\u00e9s Lacoflex\u00ae TPE-S offrent flexibilit\u00e9 et r\u00e9sistance aux chocs pour les tapis, tapis d\u2019incrustation, porte-gobelets et profils de si\u00e8ges, adapt\u00e9s aux proc\u00e9d\u00e9s d\u2019injection et d\u2019extrusion avec options de contenu recycl\u00e9.<\/p>\n\n\n\n<p>Les plastiques techniques Polyamis PA6 apportent r\u00e9sistance m\u00e9canique pour les pi\u00e8ces structurelles, poign\u00e9es de portes et si\u00e8ges et structures de p\u00e9dales.<\/p>\n\n\n\n<p>Les thermoplastiques Sofiprime\u00ae PP assurent la stabilit\u00e9 dimensionnelle des pi\u00e8ces structurelles de cockpit, consoles centrales et garnitures int\u00e9rieures, garantissant une production efficace et des int\u00e9rieurs automobiles de haute qualit\u00e9.<\/p>\n<\/div><\/div><\/div>\n\n\n\n<div class=\"wp-block-kobu-custom-blocks-responsive-spacer responsive-spacer size-large\"><\/div>\n\n\n\n<div class=\"wp-block-kobu-custom-blocks-inner-content-img alignwide media-content-group child-item align-left valign-start img-first\"><div class=\"media-col\"><figure><img loading=\"lazy\" decoding=\"async\" width=\"1301\" height=\"1301\" class=\"wp-image-1790\" src=\"https:\/\/cabopol.kobudev.com\/files\/uploads\/2025\/11\/Automotive-Exterior.webp\" alt=\"\" title=\"Automotive Exterior\" sizes=\"auto, (min-width: 1201px) 35vw, (min-width: 601px) 50vw, 100vw\" srcset=\"https:\/\/cabopol.kobudev.com\/files\/uploads\/2025\/11\/Automotive-Exterior.webp 1301w, https:\/\/cabopol.kobudev.com\/files\/uploads\/2025\/11\/Automotive-Exterior-300x300.webp 300w, https:\/\/cabopol.kobudev.com\/files\/uploads\/2025\/11\/Automotive-Exterior-1024x1024.webp 1024w, https:\/\/cabopol.kobudev.com\/files\/uploads\/2025\/11\/Automotive-Exterior-150x150.webp 150w, https:\/\/cabopol.kobudev.com\/files\/uploads\/2025\/11\/Automotive-Exterior-768x768.webp 768w\" \/><\/figure><\/div><div class=\"content-col\"><div class=\"content-col-wrapper\">\n<h2 class=\"wp-block-heading\">Ext\u00e9rieur Automobile TPE-S | PA66 | PP<\/h2>\n\n\n\n<p>Pour les composants ext\u00e9rieurs automobiles, les compos\u00e9s Lacoflex\u00ae TPE-S offrent flexibilit\u00e9, r\u00e9sistance aux chocs et options avec contenu recycl\u00e9 pour l\u2019encapsulation de verre, les bavettes et les poign\u00e9es de prise pour v\u00e9hicules \u00e9lectriques.<\/p>\n\n\n\n<p>Les plastiques techniques Polyamis PA66 apportent r\u00e9sistance m\u00e9canique pour les noyaux des poign\u00e9es de prise VE.<\/p>\n\n\n\n<p>Les thermoplastiques Sofiprime\u00ae PP assurent stabilit\u00e9 dimensionnelle et r\u00e9sistance thermique pour les structures avant, ch\u00e2ssis, syst\u00e8mes HVAC et bo\u00eetiers de phares avant et arri\u00e8re, garantissant une production efficace et des ext\u00e9rieurs automobiles durables.<\/p>\n<\/div><\/div><\/div>\n\n\n\n<div class=\"wp-block-kobu-custom-blocks-responsive-spacer responsive-spacer size-large\"><\/div>\n\n\n\n<div class=\"wp-block-kobu-custom-blocks-inner-content-img alignwide media-content-group child-item align-right valign-start img-first\"><div class=\"media-col\"><figure><img loading=\"lazy\" decoding=\"async\" width=\"1301\" height=\"1301\" class=\"wp-image-1798\" src=\"https:\/\/cabopol.kobudev.com\/files\/uploads\/2025\/11\/Automotive-Under-the-Hood.webp\" alt=\"\" title=\"Automotive Under the Hood\" sizes=\"auto, (min-width: 1201px) 35vw, (min-width: 601px) 50vw, 100vw\" srcset=\"https:\/\/cabopol.kobudev.com\/files\/uploads\/2025\/11\/Automotive-Under-the-Hood.webp 1301w, https:\/\/cabopol.kobudev.com\/files\/uploads\/2025\/11\/Automotive-Under-the-Hood-300x300.webp 300w, https:\/\/cabopol.kobudev.com\/files\/uploads\/2025\/11\/Automotive-Under-the-Hood-1024x1024.webp 1024w, https:\/\/cabopol.kobudev.com\/files\/uploads\/2025\/11\/Automotive-Under-the-Hood-150x150.webp 150w, https:\/\/cabopol.kobudev.com\/files\/uploads\/2025\/11\/Automotive-Under-the-Hood-768x768.webp 768w\" \/><\/figure><\/div><div class=\"content-col\"><div class=\"content-col-wrapper\">\n<h2 class=\"wp-block-heading\">Sous le Capot Automobile TPE-S | TPU | PA6 | PA6.6 | PP<\/h2>\n\n\n\n<p>Pour les applications automobiles sous le capot, les compos\u00e9s Lacoflex\u00ae TPE-S\/TPU offrent flexibilit\u00e9 et r\u00e9sistance chimique pour les guides de c\u00e2bles, l\u2019\u00e9tanch\u00e9it\u00e9 des conduits d\u2019air et les soufflets de direction, avec des options \u00e0 contenu recycl\u00e9.<\/p>\n\n\n\n<p>Les plastiques techniques Polyamis PA6\/PA6.6 assurent r\u00e9sistance m\u00e9canique et stabilit\u00e9 thermique pour les structures de filtres \u00e0 air, conduits d\u2019air, lignes de carburant et de lavage, et supports \u00e9lectroniques.<\/p>\n\n\n\n<p>Les thermoplastiques Sofiprime\u00ae PP garantissent contr\u00f4le dimensionnel et durabilit\u00e9 pour les couvercles de moteur et guides de c\u00e2bles, soutenant une performance fiable dans des environnements automobiles exigeants.<\/p>\n<\/div><\/div><\/div>\n\n\n\n<div class=\"wp-block-kobu-custom-blocks-responsive-spacer responsive-spacer size-large\"><\/div>\n\n\n\n\n\n<div class=\"wp-block-kobu-custom-blocks-responsive-spacer responsive-spacer size-large\"><\/div>\n\n\n    <div class=\"taxonomy-slider-block alignfull container-wrapper\">\n        <div class=\"container large\">\n                            <h2>Autre Applications<\/h2>\n                    <\/div>\n        <div class=\"container full\">\n            <div class=\"taxonomy-slider\" data-width=\"large\">\n                \n    <div class=\"card sector slide \">\n        <div class=\"card-inner-wrapper\">\n                            <div class=\"featured-img\">\n                    <div class=\"featured-img-inner\">\n                        <img loading=\"lazy\" decoding=\"async\" width=\"640\" height=\"427\" src=\"https:\/\/cabopol.kobudev.com\/files\/uploads\/2025\/07\/7b6a80ce83931b3453b814e82f83ef7a33a5ddf5-768x512.jpg\" class=\"coverimg\" alt=\"\" sizes=\"auto, (min-width: 993px) 33vw, (min-width: 601px) 50vw, 100vw\" srcset=\"https:\/\/cabopol.kobudev.com\/files\/uploads\/2025\/07\/7b6a80ce83931b3453b814e82f83ef7a33a5ddf5-768x512.jpg 768w, https:\/\/cabopol.kobudev.com\/files\/uploads\/2025\/07\/7b6a80ce83931b3453b814e82f83ef7a33a5ddf5-300x200.jpg 300w, https:\/\/cabopol.kobudev.com\/files\/uploads\/2025\/07\/7b6a80ce83931b3453b814e82f83ef7a33a5ddf5-1024x682.jpg 1024w, https:\/\/cabopol.kobudev.com\/files\/uploads\/2025\/07\/7b6a80ce83931b3453b814e82f83ef7a33a5ddf5.jpg 1400w\" \/>                    <\/div>\n                <\/div>\n                        <div class=\"content-wrapper\">\n                <h3 class=\"post-title\">Chaussure<\/h3>\n                                <a href=\"https:\/\/cabopol.kobudev.com\/fr\/applications\/chaussure\/\" class=\"btn ghost-white arrow-btn\">En savoir plus<\/a>\n            <\/div>\n        <\/div>\n    <\/div>\n\n    <div class=\"card sector slide \">\n        <div class=\"card-inner-wrapper\">\n                            <div class=\"featured-img\">\n                    <div class=\"featured-img-inner\">\n                        <img loading=\"lazy\" decoding=\"async\" width=\"640\" height=\"427\" src=\"https:\/\/cabopol.kobudev.com\/files\/uploads\/2025\/07\/f6ffe5aa5e97c7e650c351885bb9fc23150b4485-768x512.jpg\" class=\"coverimg\" alt=\"\" sizes=\"auto, (min-width: 993px) 33vw, (min-width: 601px) 50vw, 100vw\" srcset=\"https:\/\/cabopol.kobudev.com\/files\/uploads\/2025\/07\/f6ffe5aa5e97c7e650c351885bb9fc23150b4485-768x512.jpg 768w, https:\/\/cabopol.kobudev.com\/files\/uploads\/2025\/07\/f6ffe5aa5e97c7e650c351885bb9fc23150b4485-300x200.jpg 300w, https:\/\/cabopol.kobudev.com\/files\/uploads\/2025\/07\/f6ffe5aa5e97c7e650c351885bb9fc23150b4485-1024x683.jpg 1024w, https:\/\/cabopol.kobudev.com\/files\/uploads\/2025\/07\/f6ffe5aa5e97c7e650c351885bb9fc23150b4485-1536x1024.jpg 1536w, https:\/\/cabopol.kobudev.com\/files\/uploads\/2025\/07\/f6ffe5aa5e97c7e650c351885bb9fc23150b4485.jpg 1800w\" \/>                    <\/div>\n                <\/div>\n                        <div class=\"content-wrapper\">\n                <h3 class=\"post-title\">Moulage par Injection &amp; Extrusion<\/h3>\n                                <a href=\"https:\/\/cabopol.kobudev.com\/fr\/applications\/moulage-par-injection-extrusion\/\" class=\"btn ghost-white arrow-btn\">En savoir plus<\/a>\n            <\/div>\n        <\/div>\n    <\/div>\n\n    <div class=\"card sector slide \">\n        <div class=\"card-inner-wrapper\">\n                            <div class=\"featured-img\">\n                    <div class=\"featured-img-inner\">\n                        <img loading=\"lazy\" decoding=\"async\" width=\"640\" height=\"320\" src=\"https:\/\/cabopol.kobudev.com\/files\/uploads\/2025\/07\/1d1e0cb300442da38f7dab2578a3c85f7a38606a-768x384.jpg\" class=\"coverimg\" alt=\"\" sizes=\"auto, (min-width: 993px) 33vw, (min-width: 601px) 50vw, 100vw\" srcset=\"https:\/\/cabopol.kobudev.com\/files\/uploads\/2025\/07\/1d1e0cb300442da38f7dab2578a3c85f7a38606a-768x384.jpg 768w, https:\/\/cabopol.kobudev.com\/files\/uploads\/2025\/07\/1d1e0cb300442da38f7dab2578a3c85f7a38606a-300x150.jpg 300w, https:\/\/cabopol.kobudev.com\/files\/uploads\/2025\/07\/1d1e0cb300442da38f7dab2578a3c85f7a38606a-1024x512.jpg 1024w, https:\/\/cabopol.kobudev.com\/files\/uploads\/2025\/07\/1d1e0cb300442da38f7dab2578a3c85f7a38606a-1536x768.jpg 1536w, https:\/\/cabopol.kobudev.com\/files\/uploads\/2025\/07\/1d1e0cb300442da38f7dab2578a3c85f7a38606a.jpg 1600w\" \/>                    <\/div>\n                <\/div>\n                        <div class=\"content-wrapper\">\n                <h3 class=\"post-title\">Fils et c\u00e2bles<\/h3>\n                                    <div class=\"description\">Lorem ipsum dolor sit amet, consectetur adipiscing elit. Mauris id venenatis sem. <\/div>\n                                <a href=\"https:\/\/cabopol.kobudev.com\/fr\/applications\/fils-et-cables\/\" class=\"btn ghost-white arrow-btn\">En savoir plus<\/a>\n            <\/div>\n        <\/div>\n    <\/div>\n            <\/div>\n        <\/div>\n                    <div class=\"container large\">\n                <a href=\"https:\/\/cabopol.kobudev.com\/fr\/applications\/\" class=\"taxonomy-page-link arrow-link\"><span>D\u00e9couvrir nos Applications<\/span><\/a>\n            <\/div>\n            <\/div>\n\n\n\n<p><\/p>\n","protected":false},"excerpt":{"rendered":"","protected":false},"author":1,"featured_media":184,"parent":2604,"menu_order":8,"comment_status":"closed","ping_status":"closed","template":"templates\/application.php","meta":{"_acf_changed":false,"inline_featured_image":false,"footnotes":""},"class_list":["post-2657","page","type-page","status-publish","has-post-thumbnail","hentry"],"acf":[],"_links":{"self":[{"href":"https:\/\/cabopol.kobudev.com\/fr\/wp-json\/wp\/v2\/pages\/2657","targetHints":{"allow":["GET"]}}],"collection":[{"href":"https:\/\/cabopol.kobudev.com\/fr\/wp-json\/wp\/v2\/pages"}],"about":[{"href":"https:\/\/cabopol.kobudev.com\/fr\/wp-json\/wp\/v2\/types\/page"}],"author":[{"embeddable":true,"href":"https:\/\/cabopol.kobudev.com\/fr\/wp-json\/wp\/v2\/users\/1"}],"replies":[{"embeddable":true,"href":"https:\/\/cabopol.kobudev.com\/fr\/wp-json\/wp\/v2\/comments?post=2657"}],"version-history":[{"count":3,"href":"https:\/\/cabopol.kobudev.com\/fr\/wp-json\/wp\/v2\/pages\/2657\/revisions"}],"predecessor-version":[{"id":2686,"href":"https:\/\/cabopol.kobudev.com\/fr\/wp-json\/wp\/v2\/pages\/2657\/revisions\/2686"}],"up":[{"embeddable":true,"href":"https:\/\/cabopol.kobudev.com\/fr\/wp-json\/wp\/v2\/pages\/2604"}],"wp:featuredmedia":[{"embeddable":true,"href":"https:\/\/cabopol.kobudev.com\/fr\/wp-json\/wp\/v2\/media\/184"}],"wp:attachment":[{"href":"https:\/\/cabopol.kobudev.com\/fr\/wp-json\/wp\/v2\/media?parent=2657"}],"curies":[{"name":"wp","href":"https:\/\/api.w.org\/{rel}","templated":true}]}}