{"id":2645,"date":"2025-07-02T14:05:43","date_gmt":"2025-07-02T14:05:43","guid":{"rendered":"https:\/\/cabopol.kobudev.com\/contactez-nous\/fils-et-cables\/automotive-wire\/"},"modified":"2025-12-15T12:21:07","modified_gmt":"2025-12-15T12:21:07","slug":"automobile-cables","status":"publish","type":"page","link":"https:\/\/cabopol.kobudev.com\/fr\/applications\/fils-et-cables\/automobile-cables\/","title":{"rendered":"Automobile c\u00e2bles"},"content":{"rendered":"\n<div class=\"wp-block-kobu-custom-blocks-inner-content-img alignwide media-content-group child-item align-right valign-start img-first\"><div class=\"media-col\"><figure><img loading=\"lazy\" decoding=\"async\" width=\"1301\" height=\"1301\" class=\"wp-image-1742\" src=\"https:\/\/cabopol.kobudev.com\/files\/uploads\/2025\/11\/Wire-and-cable-Automotive.webp\" alt=\"\" title=\"Wire and cable Automotive\" sizes=\"auto, (min-width: 1201px) 35vw, (min-width: 601px) 50vw, 100vw\" srcset=\"https:\/\/cabopol.kobudev.com\/files\/uploads\/2025\/11\/Wire-and-cable-Automotive.webp 1301w, https:\/\/cabopol.kobudev.com\/files\/uploads\/2025\/11\/Wire-and-cable-Automotive-300x300.webp 300w, https:\/\/cabopol.kobudev.com\/files\/uploads\/2025\/11\/Wire-and-cable-Automotive-1024x1024.webp 1024w, https:\/\/cabopol.kobudev.com\/files\/uploads\/2025\/11\/Wire-and-cable-Automotive-150x150.webp 150w, https:\/\/cabopol.kobudev.com\/files\/uploads\/2025\/11\/Wire-and-cable-Automotive-768x768.webp 768w\" \/><\/figure><\/div><div class=\"content-col\"><div class=\"content-col-wrapper\">\n<h2 class=\"wp-block-heading\">G\u00e9n\u00e9ral TPE | TPU | PP | XLPO | PVC<\/h2>\n\n\n\n<p>Cabopol propose des compos\u00e9s thermoplastiques et r\u00e9ticulables haute performance pour les c\u00e2bles et fils automobiles. Nos grades Lacoflex\u00ae TPE\/TPU, Sofiplus\u00ae PP\/XLPO et Polyprime\u00ae PVC couvrent des applications allant de T2 \u00e0 T4, y compris la recharge de v\u00e9hicules \u00e9lectriques.<\/p>\n\n\n\n<p>Lacoflex\u00ae garantit flexibilit\u00e9 \u00e0 basse temp\u00e9rature (-40\u00baC), r\u00e9sistance \u00e0 l\u2019abrasion et options de retardement de flamme sans halog\u00e8nes. Les versions TPU offrent une excellente r\u00e9sistance m\u00e9canique et aux UV jusqu\u2019\u00e0 125\u00baC.<\/p>\n\n\n\n<p>Les compos\u00e9s r\u00e9ticulables Sofiplus\u00ae respectent les normes ISO 6722 et LV 112, assurant r\u00e9sistance aux hautes temp\u00e9ratures (&gt;125\u00baC), performance \u00e0 l\u2019abrasion et vieillissement thermique \u00e0 long terme.<\/p>\n\n\n\n<p>Les solutions Polyprime\u00ae PVC offrent un rendement \u00e9conomique pour T2, T3, JASO et CIVUS, combinant flexibilit\u00e9, r\u00e9sistance aux huiles et stabilit\u00e9 thermique.<\/p>\n<\/div><\/div><\/div>\n\n\n\n<div class=\"wp-block-kobu-custom-blocks-responsive-spacer responsive-spacer size-large\"><\/div>\n\n\n\n<div class=\"wp-block-kobu-custom-blocks-inner-content-img alignwide media-content-group child-item align-left valign-start img-first\"><div class=\"media-col\"><figure><img loading=\"lazy\" decoding=\"async\" width=\"731\" height=\"1001\" class=\"wp-image-1367\" src=\"https:\/\/cabopol.kobudev.com\/files\/uploads\/2025\/11\/Polyprime.webp\" alt=\"\" title=\"Polyprime\" sizes=\"auto, (min-width: 1201px) 35vw, (min-width: 601px) 50vw, 100vw\" srcset=\"https:\/\/cabopol.kobudev.com\/files\/uploads\/2025\/11\/Polyprime.webp 731w, https:\/\/cabopol.kobudev.com\/files\/uploads\/2025\/11\/Polyprime-219x300.webp 219w\" \/><\/figure><\/div><div class=\"content-col\"><div class=\"content-col-wrapper\">\n<h2 class=\"wp-block-heading\">COMMUNICATIONS TPE | TPU | PP | PE | XLPE<\/h2>\n\n\n\n<p>Cabopol propose des compos\u00e9s sp\u00e9cialis\u00e9s pour les c\u00e2bles de donn\u00e9es, coaxiaux, Ethernet et CAN utilis\u00e9s dans les syst\u00e8mes de communication automobile modernes. Nos solutions Lacoflex\u00ae TPE\/TPU et Sofiplus\u00ae PP\/PE\/XLPE combinent retard de flamme sans halog\u00e8nes, r\u00e9sistance aux huiles et flexibilit\u00e9 de -40\u00b0C \u00e0 +125\u00b0C.<\/p>\n\n\n\n<p>Ces mat\u00e9riaux sont con\u00e7us pour des performances \u00e9lectriques \u00e9lev\u00e9es, offrant une imp\u00e9dance stable, de faibles constantes di\u00e9lectriques et une compatibilit\u00e9 \u00e9lev\u00e9e avec le blindage. Adapt\u00e9s aux di\u00e9lectriques solides et en mousse, ils garantissent un dimensionnement coh\u00e9rent des c\u00e2bles et l\u2019int\u00e9grit\u00e9 du signal.<\/p>\n\n\n\n<p>Les compos\u00e9s Cabopol offrent \u00e9galement r\u00e9sistance \u00e0 l\u2019abrasion, recyclabilit\u00e9 et faibles \u00e9missions de fum\u00e9e, r\u00e9pondant aux exigences des environnements automobiles s\u00e9v\u00e8res. Des grades standard ou sur mesure sont disponibles pour r\u00e9pondre pr\u00e9cis\u00e9ment \u00e0 vos besoins.<\/p>\n<\/div><\/div><\/div>\n\n\n\n<div class=\"wp-block-kobu-custom-blocks-responsive-spacer responsive-spacer size-large\"><\/div>\n\n\n\n\n\n<div class=\"wp-block-kobu-custom-blocks-responsive-spacer responsive-spacer size-large\"><\/div>\n\n\n    <div class=\"taxonomy-slider-block alignfull container-wrapper\">\n        <div class=\"container large\">\n                            <h2>Autre Applications<\/h2>\n                    <\/div>\n        <div class=\"container full\">\n            <div class=\"taxonomy-slider\" data-width=\"large\">\n                \n    <div class=\"card sector slide \">\n        <div class=\"card-inner-wrapper\">\n                            <div class=\"featured-img\">\n                    <div class=\"featured-img-inner\">\n                        <img loading=\"lazy\" decoding=\"async\" width=\"640\" height=\"427\" src=\"https:\/\/cabopol.kobudev.com\/files\/uploads\/2025\/07\/7b6a80ce83931b3453b814e82f83ef7a33a5ddf5-768x512.jpg\" class=\"coverimg\" alt=\"\" sizes=\"auto, (min-width: 993px) 33vw, (min-width: 601px) 50vw, 100vw\" srcset=\"https:\/\/cabopol.kobudev.com\/files\/uploads\/2025\/07\/7b6a80ce83931b3453b814e82f83ef7a33a5ddf5-768x512.jpg 768w, https:\/\/cabopol.kobudev.com\/files\/uploads\/2025\/07\/7b6a80ce83931b3453b814e82f83ef7a33a5ddf5-300x200.jpg 300w, https:\/\/cabopol.kobudev.com\/files\/uploads\/2025\/07\/7b6a80ce83931b3453b814e82f83ef7a33a5ddf5-1024x682.jpg 1024w, https:\/\/cabopol.kobudev.com\/files\/uploads\/2025\/07\/7b6a80ce83931b3453b814e82f83ef7a33a5ddf5.jpg 1400w\" \/>                    <\/div>\n                <\/div>\n                        <div class=\"content-wrapper\">\n                <h3 class=\"post-title\">Chaussure<\/h3>\n                                <a href=\"https:\/\/cabopol.kobudev.com\/fr\/applications\/chaussure\/\" class=\"btn ghost-white arrow-btn\">En savoir plus<\/a>\n            <\/div>\n        <\/div>\n    <\/div>\n\n    <div class=\"card sector slide \">\n        <div class=\"card-inner-wrapper\">\n                            <div class=\"featured-img\">\n                    <div class=\"featured-img-inner\">\n                        <img loading=\"lazy\" decoding=\"async\" width=\"640\" height=\"427\" src=\"https:\/\/cabopol.kobudev.com\/files\/uploads\/2025\/07\/f6ffe5aa5e97c7e650c351885bb9fc23150b4485-768x512.jpg\" class=\"coverimg\" alt=\"\" sizes=\"auto, (min-width: 993px) 33vw, (min-width: 601px) 50vw, 100vw\" srcset=\"https:\/\/cabopol.kobudev.com\/files\/uploads\/2025\/07\/f6ffe5aa5e97c7e650c351885bb9fc23150b4485-768x512.jpg 768w, https:\/\/cabopol.kobudev.com\/files\/uploads\/2025\/07\/f6ffe5aa5e97c7e650c351885bb9fc23150b4485-300x200.jpg 300w, https:\/\/cabopol.kobudev.com\/files\/uploads\/2025\/07\/f6ffe5aa5e97c7e650c351885bb9fc23150b4485-1024x683.jpg 1024w, https:\/\/cabopol.kobudev.com\/files\/uploads\/2025\/07\/f6ffe5aa5e97c7e650c351885bb9fc23150b4485-1536x1024.jpg 1536w, https:\/\/cabopol.kobudev.com\/files\/uploads\/2025\/07\/f6ffe5aa5e97c7e650c351885bb9fc23150b4485.jpg 1800w\" \/>                    <\/div>\n                <\/div>\n                        <div class=\"content-wrapper\">\n                <h3 class=\"post-title\">Moulage par Injection &amp; Extrusion<\/h3>\n                                <a href=\"https:\/\/cabopol.kobudev.com\/fr\/applications\/moulage-par-injection-extrusion\/\" class=\"btn ghost-white arrow-btn\">En savoir plus<\/a>\n            <\/div>\n        <\/div>\n    <\/div>\n\n    <div class=\"card sector slide \">\n        <div class=\"card-inner-wrapper\">\n                            <div class=\"featured-img\">\n                    <div class=\"featured-img-inner\">\n                        <img loading=\"lazy\" decoding=\"async\" width=\"640\" height=\"320\" src=\"https:\/\/cabopol.kobudev.com\/files\/uploads\/2025\/07\/1d1e0cb300442da38f7dab2578a3c85f7a38606a-768x384.jpg\" class=\"coverimg\" alt=\"\" sizes=\"auto, (min-width: 993px) 33vw, (min-width: 601px) 50vw, 100vw\" srcset=\"https:\/\/cabopol.kobudev.com\/files\/uploads\/2025\/07\/1d1e0cb300442da38f7dab2578a3c85f7a38606a-768x384.jpg 768w, https:\/\/cabopol.kobudev.com\/files\/uploads\/2025\/07\/1d1e0cb300442da38f7dab2578a3c85f7a38606a-300x150.jpg 300w, https:\/\/cabopol.kobudev.com\/files\/uploads\/2025\/07\/1d1e0cb300442da38f7dab2578a3c85f7a38606a-1024x512.jpg 1024w, https:\/\/cabopol.kobudev.com\/files\/uploads\/2025\/07\/1d1e0cb300442da38f7dab2578a3c85f7a38606a-1536x768.jpg 1536w, https:\/\/cabopol.kobudev.com\/files\/uploads\/2025\/07\/1d1e0cb300442da38f7dab2578a3c85f7a38606a.jpg 1600w\" \/>                    <\/div>\n                <\/div>\n                        <div class=\"content-wrapper\">\n                <h3 class=\"post-title\">Fils et c\u00e2bles<\/h3>\n                                    <div class=\"description\">Lorem ipsum dolor sit amet, consectetur adipiscing elit. Mauris id venenatis sem. <\/div>\n                                <a href=\"https:\/\/cabopol.kobudev.com\/fr\/applications\/fils-et-cables\/\" class=\"btn ghost-white arrow-btn\">En savoir plus<\/a>\n            <\/div>\n        <\/div>\n    <\/div>\n            <\/div>\n        <\/div>\n                    <div class=\"container large\">\n                <a href=\"https:\/\/cabopol.kobudev.com\/fr\/applications\/\" class=\"taxonomy-page-link arrow-link\"><span>D\u00e9couvrir nos Applications<\/span><\/a>\n            <\/div>\n            <\/div>\n\n\n\n<p><\/p>\n","protected":false},"excerpt":{"rendered":"","protected":false},"author":1,"featured_media":184,"parent":2612,"menu_order":7,"comment_status":"closed","ping_status":"closed","template":"templates\/application.php","meta":{"_acf_changed":false,"inline_featured_image":false,"footnotes":""},"class_list":["post-2645","page","type-page","status-publish","has-post-thumbnail","hentry"],"acf":[],"_links":{"self":[{"href":"https:\/\/cabopol.kobudev.com\/fr\/wp-json\/wp\/v2\/pages\/2645","targetHints":{"allow":["GET"]}}],"collection":[{"href":"https:\/\/cabopol.kobudev.com\/fr\/wp-json\/wp\/v2\/pages"}],"about":[{"href":"https:\/\/cabopol.kobudev.com\/fr\/wp-json\/wp\/v2\/types\/page"}],"author":[{"embeddable":true,"href":"https:\/\/cabopol.kobudev.com\/fr\/wp-json\/wp\/v2\/users\/1"}],"replies":[{"embeddable":true,"href":"https:\/\/cabopol.kobudev.com\/fr\/wp-json\/wp\/v2\/comments?post=2645"}],"version-history":[{"count":4,"href":"https:\/\/cabopol.kobudev.com\/fr\/wp-json\/wp\/v2\/pages\/2645\/revisions"}],"predecessor-version":[{"id":2682,"href":"https:\/\/cabopol.kobudev.com\/fr\/wp-json\/wp\/v2\/pages\/2645\/revisions\/2682"}],"up":[{"embeddable":true,"href":"https:\/\/cabopol.kobudev.com\/fr\/wp-json\/wp\/v2\/pages\/2612"}],"wp:featuredmedia":[{"embeddable":true,"href":"https:\/\/cabopol.kobudev.com\/fr\/wp-json\/wp\/v2\/media\/184"}],"wp:attachment":[{"href":"https:\/\/cabopol.kobudev.com\/fr\/wp-json\/wp\/v2\/media?parent=2645"}],"curies":[{"name":"wp","href":"https:\/\/api.w.org\/{rel}","templated":true}]}}