{"id":2639,"date":"2025-07-02T14:05:59","date_gmt":"2025-07-02T14:05:59","guid":{"rendered":"https:\/\/cabopol.kobudev.com\/contactez-nous\/fils-et-cables\/power\/"},"modified":"2025-12-15T12:20:55","modified_gmt":"2025-12-15T12:20:55","slug":"energie","status":"publish","type":"page","link":"https:\/\/cabopol.kobudev.com\/fr\/applications\/fils-et-cables\/energie\/","title":{"rendered":"\u00c9nergie"},"content":{"rendered":"\n<div class=\"wp-block-kobu-custom-blocks-inner-content-img alignwide media-content-group child-item align-right valign-start img-first\"><div class=\"media-col\"><figure><img loading=\"lazy\" decoding=\"async\" width=\"901\" height=\"498\" class=\"wp-image-1355\" src=\"https:\/\/cabopol.kobudev.com\/files\/uploads\/2025\/11\/Wire-and-Cable.webp\" alt=\"\" title=\"Wire and Cable\" sizes=\"auto, (min-width: 1201px) 35vw, (min-width: 601px) 50vw, 100vw\" srcset=\"https:\/\/cabopol.kobudev.com\/files\/uploads\/2025\/11\/Wire-and-Cable.webp 901w, https:\/\/cabopol.kobudev.com\/files\/uploads\/2025\/11\/Wire-and-Cable-300x166.webp 300w, https:\/\/cabopol.kobudev.com\/files\/uploads\/2025\/11\/Wire-and-Cable-768x424.webp 768w\" \/><\/figure><\/div><div class=\"content-col\"><div class=\"content-col-wrapper\">\n<h2 class=\"wp-block-heading\">Basse tension C\u00e2bles LSZH | PVC<\/h2>\n\n\n\n<p>Cabopol propose une gamme compl\u00e8te de compos\u00e9s pour c\u00e2bles basse tension, con\u00e7us pour performance, protection et efficacit\u00e9 de transformation.<\/p>\n\n\n\n<p>Les solutions Sofiplus\u00ae LSZH conviennent aux c\u00e2bles CPR et usage g\u00e9n\u00e9ral, offrant flexibilit\u00e9, r\u00e9sistance \u00e0 l\u2019hydrolyse et aux fissures sous contrainte, pour isolation, gainage et matelas avec retard de flamme, faible \u00e9mission de fum\u00e9e et bonne processabilit\u00e9.<\/p>\n\n\n\n<p>Les compos\u00e9s Polyprime\u00ae PVC assurent une protection robuste, r\u00e9sistance aux insectes, aux huiles et aux UV, avec performance sur toute la plage de temp\u00e9ratures, y compris flexibilit\u00e9 \u00e0 basse temp\u00e9rature. Cabopol fournit la solution adapt\u00e9e pour des c\u00e2bles basse tension fiables et efficaces.<\/p>\n<\/div><\/div><\/div>\n\n\n\n<div class=\"wp-block-kobu-custom-blocks-responsive-spacer responsive-spacer size-large\"><\/div>\n\n\n\n<div class=\"wp-block-kobu-custom-blocks-inner-content-img alignwide media-content-group child-item align-left valign-start img-first\"><div class=\"media-col\"><figure><img loading=\"lazy\" decoding=\"async\" width=\"2560\" height=\"1440\" class=\"wp-image-1425\" src=\"https:\/\/cabopol.kobudev.com\/files\/uploads\/2025\/11\/Painel-F-scaled.jpg\" alt=\"\" title=\"Painel F\" sizes=\"auto, (min-width: 1201px) 35vw, (min-width: 601px) 50vw, 100vw\" srcset=\"https:\/\/cabopol.kobudev.com\/files\/uploads\/2025\/11\/Painel-F-scaled.jpg 2560w, https:\/\/cabopol.kobudev.com\/files\/uploads\/2025\/11\/Painel-F-300x169.jpg 300w, https:\/\/cabopol.kobudev.com\/files\/uploads\/2025\/11\/Painel-F-1024x576.jpg 1024w, https:\/\/cabopol.kobudev.com\/files\/uploads\/2025\/11\/Painel-F-768x432.jpg 768w, https:\/\/cabopol.kobudev.com\/files\/uploads\/2025\/11\/Painel-F-1536x864.jpg 1536w, https:\/\/cabopol.kobudev.com\/files\/uploads\/2025\/11\/Painel-F-2048x1152.jpg 2048w\" \/><\/figure><\/div><div class=\"content-col\"><div class=\"content-col-wrapper\">\n<h2 class=\"wp-block-heading\">C\u00e2bles Solaires et Photovolta\u00efques<br>XLPO | HF<\/h2>\n\n\n\n<p>Cabopol propose des compos\u00e9s XLPO et sans halog\u00e8ne, con\u00e7us pour des applications solaires de longue dur\u00e9e.<\/p>\n\n\n\n<p>Sofiplus\u00ae prend en charge les m\u00e9thodes de r\u00e9ticulation par faisceau d\u2019\u00e9lectrons, silane et peroxyde, assurant r\u00e9sistance aux UV, retard de flamme et flexibilit\u00e9 pour l\u2019isolation et le gainage en environnements ext\u00e9rieurs exigeants.<\/p>\n<\/div><\/div><\/div>\n\n\n\n<div class=\"wp-block-kobu-custom-blocks-responsive-spacer responsive-spacer size-large\"><\/div>\n\n\n\n<div class=\"wp-block-kobu-custom-blocks-inner-content-img alignwide media-content-group child-item align-right valign-start img-first\"><div class=\"media-col\"><figure><img loading=\"lazy\" decoding=\"async\" width=\"1201\" height=\"938\" class=\"wp-image-1670\" src=\"https:\/\/cabopol.kobudev.com\/files\/uploads\/2025\/11\/Lacoflex-Wire-Power.webp\" alt=\"\" title=\"Lacoflex Wire Power\" sizes=\"auto, (min-width: 1201px) 35vw, (min-width: 601px) 50vw, 100vw\" srcset=\"https:\/\/cabopol.kobudev.com\/files\/uploads\/2025\/11\/Lacoflex-Wire-Power.webp 1201w, https:\/\/cabopol.kobudev.com\/files\/uploads\/2025\/11\/Lacoflex-Wire-Power-300x234.webp 300w, https:\/\/cabopol.kobudev.com\/files\/uploads\/2025\/11\/Lacoflex-Wire-Power-1024x800.webp 1024w, https:\/\/cabopol.kobudev.com\/files\/uploads\/2025\/11\/Lacoflex-Wire-Power-768x600.webp 768w\" \/><\/figure><\/div><div class=\"content-col\"><div class=\"content-col-wrapper\">\n<h2 class=\"wp-block-heading\">C\u00e2bles Sp\u00e9cialis\u00e9s TPU<\/h2>\n\n\n\n<p>Con\u00e7us pour les c\u00e2bles industriels, miniers et de recharge de v\u00e9hicules \u00e9lectriques, les compos\u00e9s Lacoflex\u00ae TPU allient retardateur de flamme sans halog\u00e8ne, excellente flexibilit\u00e9, r\u00e9sistance aux huiles et aux UV. Id\u00e9al pour les environnements exigeants o\u00f9 performance et durabilit\u00e9 sont essentielles.<\/p>\n<\/div><\/div><\/div>\n\n\n\n<div class=\"wp-block-kobu-custom-blocks-responsive-spacer responsive-spacer size-large\"><\/div>\n\n\n\n<div class=\"wp-block-kobu-custom-blocks-inner-content-img alignwide media-content-group child-item align-left valign-start img-first\"><div class=\"media-col\"><figure><img loading=\"lazy\" decoding=\"async\" width=\"1301\" height=\"1301\" class=\"wp-image-1782\" src=\"https:\/\/cabopol.kobudev.com\/files\/uploads\/2025\/11\/Power-Oil-Resistant.webp\" alt=\"\" title=\"Power Oil Resistant\" sizes=\"auto, (min-width: 1201px) 35vw, (min-width: 601px) 50vw, 100vw\" srcset=\"https:\/\/cabopol.kobudev.com\/files\/uploads\/2025\/11\/Power-Oil-Resistant.webp 1301w, https:\/\/cabopol.kobudev.com\/files\/uploads\/2025\/11\/Power-Oil-Resistant-300x300.webp 300w, https:\/\/cabopol.kobudev.com\/files\/uploads\/2025\/11\/Power-Oil-Resistant-1024x1024.webp 1024w, https:\/\/cabopol.kobudev.com\/files\/uploads\/2025\/11\/Power-Oil-Resistant-150x150.webp 150w, https:\/\/cabopol.kobudev.com\/files\/uploads\/2025\/11\/Power-Oil-Resistant-768x768.webp 768w\" \/><\/figure><\/div><div class=\"content-col\"><div class=\"content-col-wrapper\">\n<h2 class=\"wp-block-heading\">C\u00e2bles R\u00e9sistants \u00e0 l\u2019Huile TPE<\/h2>\n\n\n\n<p>Con\u00e7us pour une r\u00e9sistance chimique extr\u00eame, les compos\u00e9s Lacoflex\u00ae TPE r\u00e9pondent aux normes UL 94 V0, V2 et HB. Avec r\u00e9ticulation au silane et retardateur de flamme sans halog\u00e8ne, ils assurent une isolation et un gainage fiables dans des conditions s\u00e9v\u00e8res expos\u00e9es aux huiles.<\/p>\n<\/div><\/div><\/div>\n\n\n\n<div class=\"wp-block-kobu-custom-blocks-responsive-spacer responsive-spacer size-large\"><\/div>\n\n\n\n<div class=\"wp-block-kobu-custom-blocks-inner-content-img alignwide media-content-group child-item align-right valign-start img-first\"><div class=\"media-col\"><figure><img loading=\"lazy\" decoding=\"async\" width=\"1301\" height=\"1301\" class=\"wp-image-1778\" src=\"https:\/\/cabopol.kobudev.com\/files\/uploads\/2025\/11\/Power-Flexible.webp\" alt=\"\" title=\"Power Flexible\" sizes=\"auto, (min-width: 1201px) 35vw, (min-width: 601px) 50vw, 100vw\" srcset=\"https:\/\/cabopol.kobudev.com\/files\/uploads\/2025\/11\/Power-Flexible.webp 1301w, https:\/\/cabopol.kobudev.com\/files\/uploads\/2025\/11\/Power-Flexible-300x300.webp 300w, https:\/\/cabopol.kobudev.com\/files\/uploads\/2025\/11\/Power-Flexible-1024x1024.webp 1024w, https:\/\/cabopol.kobudev.com\/files\/uploads\/2025\/11\/Power-Flexible-150x150.webp 150w, https:\/\/cabopol.kobudev.com\/files\/uploads\/2025\/11\/Power-Flexible-768x768.webp 768w\" \/><\/figure><\/div><div class=\"content-col\"><div class=\"content-col-wrapper\">\n<h2 class=\"wp-block-heading\">C\u00e2bles Flexibles TPE<\/h2>\n\n\n\n<p>Les compos\u00e9s Lacoflex\u00ae TPE offrent une flexibilit\u00e9 \u00e0 basse temp\u00e9rature et des performances thermiques robustes pour les c\u00e2bles d\u2019\u00e9nergie, ferroviaires, \u00e0 batterie ruban et d\u2019ascenseurs. Ces mat\u00e9riaux sans halog\u00e8ne assurent une isolation et un gainage durables avec r\u00e9sistance aux huiles et aux UV.<\/p>\n<\/div><\/div><\/div>\n\n\n\n<div class=\"wp-block-kobu-custom-blocks-responsive-spacer responsive-spacer size-large\"><\/div>\n\n\n\n\n\n<div class=\"wp-block-kobu-custom-blocks-responsive-spacer responsive-spacer size-large\"><\/div>\n\n\n    <div class=\"taxonomy-slider-block alignfull container-wrapper\">\n        <div class=\"container large\">\n                            <h2>Autre Applications<\/h2>\n                    <\/div>\n        <div class=\"container full\">\n            <div class=\"taxonomy-slider\" data-width=\"large\">\n                \n    <div class=\"card sector slide \">\n        <div class=\"card-inner-wrapper\">\n                            <div class=\"featured-img\">\n                    <div class=\"featured-img-inner\">\n                        <img loading=\"lazy\" decoding=\"async\" width=\"640\" height=\"427\" src=\"https:\/\/cabopol.kobudev.com\/files\/uploads\/2025\/07\/7b6a80ce83931b3453b814e82f83ef7a33a5ddf5-768x512.jpg\" class=\"coverimg\" alt=\"\" sizes=\"auto, (min-width: 993px) 33vw, (min-width: 601px) 50vw, 100vw\" srcset=\"https:\/\/cabopol.kobudev.com\/files\/uploads\/2025\/07\/7b6a80ce83931b3453b814e82f83ef7a33a5ddf5-768x512.jpg 768w, https:\/\/cabopol.kobudev.com\/files\/uploads\/2025\/07\/7b6a80ce83931b3453b814e82f83ef7a33a5ddf5-300x200.jpg 300w, https:\/\/cabopol.kobudev.com\/files\/uploads\/2025\/07\/7b6a80ce83931b3453b814e82f83ef7a33a5ddf5-1024x682.jpg 1024w, https:\/\/cabopol.kobudev.com\/files\/uploads\/2025\/07\/7b6a80ce83931b3453b814e82f83ef7a33a5ddf5.jpg 1400w\" \/>                    <\/div>\n                <\/div>\n                        <div class=\"content-wrapper\">\n                <h3 class=\"post-title\">Chaussure<\/h3>\n                                <a href=\"https:\/\/cabopol.kobudev.com\/fr\/applications\/chaussure\/\" class=\"btn ghost-white arrow-btn\">En savoir plus<\/a>\n            <\/div>\n        <\/div>\n    <\/div>\n\n    <div class=\"card sector slide \">\n        <div class=\"card-inner-wrapper\">\n                            <div class=\"featured-img\">\n                    <div class=\"featured-img-inner\">\n                        <img loading=\"lazy\" decoding=\"async\" width=\"640\" height=\"427\" src=\"https:\/\/cabopol.kobudev.com\/files\/uploads\/2025\/07\/f6ffe5aa5e97c7e650c351885bb9fc23150b4485-768x512.jpg\" class=\"coverimg\" alt=\"\" sizes=\"auto, (min-width: 993px) 33vw, (min-width: 601px) 50vw, 100vw\" srcset=\"https:\/\/cabopol.kobudev.com\/files\/uploads\/2025\/07\/f6ffe5aa5e97c7e650c351885bb9fc23150b4485-768x512.jpg 768w, https:\/\/cabopol.kobudev.com\/files\/uploads\/2025\/07\/f6ffe5aa5e97c7e650c351885bb9fc23150b4485-300x200.jpg 300w, https:\/\/cabopol.kobudev.com\/files\/uploads\/2025\/07\/f6ffe5aa5e97c7e650c351885bb9fc23150b4485-1024x683.jpg 1024w, https:\/\/cabopol.kobudev.com\/files\/uploads\/2025\/07\/f6ffe5aa5e97c7e650c351885bb9fc23150b4485-1536x1024.jpg 1536w, https:\/\/cabopol.kobudev.com\/files\/uploads\/2025\/07\/f6ffe5aa5e97c7e650c351885bb9fc23150b4485.jpg 1800w\" \/>                    <\/div>\n                <\/div>\n                        <div class=\"content-wrapper\">\n                <h3 class=\"post-title\">Moulage par Injection &amp; Extrusion<\/h3>\n                                <a href=\"https:\/\/cabopol.kobudev.com\/fr\/applications\/moulage-par-injection-extrusion\/\" class=\"btn ghost-white arrow-btn\">En savoir plus<\/a>\n            <\/div>\n        <\/div>\n    <\/div>\n\n    <div class=\"card sector slide \">\n        <div class=\"card-inner-wrapper\">\n                            <div class=\"featured-img\">\n                    <div class=\"featured-img-inner\">\n                        <img loading=\"lazy\" decoding=\"async\" width=\"640\" height=\"320\" src=\"https:\/\/cabopol.kobudev.com\/files\/uploads\/2025\/07\/1d1e0cb300442da38f7dab2578a3c85f7a38606a-768x384.jpg\" class=\"coverimg\" alt=\"\" sizes=\"auto, (min-width: 993px) 33vw, (min-width: 601px) 50vw, 100vw\" srcset=\"https:\/\/cabopol.kobudev.com\/files\/uploads\/2025\/07\/1d1e0cb300442da38f7dab2578a3c85f7a38606a-768x384.jpg 768w, https:\/\/cabopol.kobudev.com\/files\/uploads\/2025\/07\/1d1e0cb300442da38f7dab2578a3c85f7a38606a-300x150.jpg 300w, https:\/\/cabopol.kobudev.com\/files\/uploads\/2025\/07\/1d1e0cb300442da38f7dab2578a3c85f7a38606a-1024x512.jpg 1024w, https:\/\/cabopol.kobudev.com\/files\/uploads\/2025\/07\/1d1e0cb300442da38f7dab2578a3c85f7a38606a-1536x768.jpg 1536w, https:\/\/cabopol.kobudev.com\/files\/uploads\/2025\/07\/1d1e0cb300442da38f7dab2578a3c85f7a38606a.jpg 1600w\" \/>                    <\/div>\n                <\/div>\n                        <div class=\"content-wrapper\">\n                <h3 class=\"post-title\">Fils et c\u00e2bles<\/h3>\n                                    <div class=\"description\">Lorem ipsum dolor sit amet, consectetur adipiscing elit. Mauris id venenatis sem. <\/div>\n                                <a href=\"https:\/\/cabopol.kobudev.com\/fr\/applications\/fils-et-cables\/\" class=\"btn ghost-white arrow-btn\">En savoir plus<\/a>\n            <\/div>\n        <\/div>\n    <\/div>\n            <\/div>\n        <\/div>\n                    <div class=\"container large\">\n                <a href=\"https:\/\/cabopol.kobudev.com\/fr\/applications\/\" class=\"taxonomy-page-link arrow-link\"><span>D\u00e9couvrir nos Applications<\/span><\/a>\n            <\/div>\n            <\/div>\n","protected":false},"excerpt":{"rendered":"","protected":false},"author":1,"featured_media":1724,"parent":2612,"menu_order":9,"comment_status":"closed","ping_status":"closed","template":"templates\/application.php","meta":{"_acf_changed":false,"inline_featured_image":false,"footnotes":""},"class_list":["post-2639","page","type-page","status-publish","has-post-thumbnail","hentry"],"acf":[],"_links":{"self":[{"href":"https:\/\/cabopol.kobudev.com\/fr\/wp-json\/wp\/v2\/pages\/2639","targetHints":{"allow":["GET"]}}],"collection":[{"href":"https:\/\/cabopol.kobudev.com\/fr\/wp-json\/wp\/v2\/pages"}],"about":[{"href":"https:\/\/cabopol.kobudev.com\/fr\/wp-json\/wp\/v2\/types\/page"}],"author":[{"embeddable":true,"href":"https:\/\/cabopol.kobudev.com\/fr\/wp-json\/wp\/v2\/users\/1"}],"replies":[{"embeddable":true,"href":"https:\/\/cabopol.kobudev.com\/fr\/wp-json\/wp\/v2\/comments?post=2639"}],"version-history":[{"count":3,"href":"https:\/\/cabopol.kobudev.com\/fr\/wp-json\/wp\/v2\/pages\/2639\/revisions"}],"predecessor-version":[{"id":2681,"href":"https:\/\/cabopol.kobudev.com\/fr\/wp-json\/wp\/v2\/pages\/2639\/revisions\/2681"}],"up":[{"embeddable":true,"href":"https:\/\/cabopol.kobudev.com\/fr\/wp-json\/wp\/v2\/pages\/2612"}],"wp:featuredmedia":[{"embeddable":true,"href":"https:\/\/cabopol.kobudev.com\/fr\/wp-json\/wp\/v2\/media\/1724"}],"wp:attachment":[{"href":"https:\/\/cabopol.kobudev.com\/fr\/wp-json\/wp\/v2\/media?parent=2639"}],"curies":[{"name":"wp","href":"https:\/\/api.w.org\/{rel}","templated":true}]}}