{"id":2633,"date":"2025-07-02T14:06:16","date_gmt":"2025-07-02T14:06:16","guid":{"rendered":"https:\/\/cabopol.kobudev.com\/contactez-nous\/fils-et-cables\/telecom\/"},"modified":"2025-12-15T12:21:53","modified_gmt":"2025-12-15T12:21:53","slug":"telecom","status":"publish","type":"page","link":"https:\/\/cabopol.kobudev.com\/fr\/applications\/fils-et-cables\/telecom\/","title":{"rendered":"Telecom"},"content":{"rendered":"\n<div class=\"wp-block-kobu-custom-blocks-inner-content-img alignwide media-content-group child-item align-right valign-start img-first\"><div class=\"media-col\"><figure><img loading=\"lazy\" decoding=\"async\" width=\"1301\" height=\"1301\" class=\"wp-image-1750\" src=\"https:\/\/cabopol.kobudev.com\/files\/uploads\/2025\/11\/Wire-and-Cable-Telecom.webp\" alt=\"\" title=\"Wire and Cable Telecom\" sizes=\"auto, (min-width: 1201px) 35vw, (min-width: 601px) 50vw, 100vw\" srcset=\"https:\/\/cabopol.kobudev.com\/files\/uploads\/2025\/11\/Wire-and-Cable-Telecom.webp 1301w, https:\/\/cabopol.kobudev.com\/files\/uploads\/2025\/11\/Wire-and-Cable-Telecom-300x300.webp 300w, https:\/\/cabopol.kobudev.com\/files\/uploads\/2025\/11\/Wire-and-Cable-Telecom-1024x1024.webp 1024w, https:\/\/cabopol.kobudev.com\/files\/uploads\/2025\/11\/Wire-and-Cable-Telecom-150x150.webp 150w, https:\/\/cabopol.kobudev.com\/files\/uploads\/2025\/11\/Wire-and-Cable-Telecom-768x768.webp 768w\" \/><\/figure><\/div><div class=\"content-col\"><div class=\"content-col-wrapper\">\n<h2 class=\"wp-block-heading\">C\u00e2bles \u00e0 Fibre Optique TPE | LSZH<\/h2>\n\n\n\n<p>Pour les applications de c\u00e2bles et fils de t\u00e9l\u00e9communications, les compos\u00e9s polym\u00e8res Lacoflex\u00ae TPE et Sofiplus\u00ae LSZH fournissent des solutions con\u00e7ues pour les c\u00e2bles \u00e0 fibre optique.<\/p>\n\n\n\n<p>Le Lacoflex\u00ae TPE assure des tubes \u00e0 faible friction, une excellente r\u00e9sistance chimique et de solides propri\u00e9t\u00e9s m\u00e9caniques pour une installation fluide et des performances durables.<\/p>\n\n\n\n<p>Le Sofiplus\u00ae LSZH offre une r\u00e9sistance au tracking et au gel, un faible d\u00e9gouttement, une compatibilit\u00e9 avec les tampons serr\u00e9s et les micromodules, avec retard \u00e0 la flamme, flexibilit\u00e9, r\u00e9sistance aux UV et traitement \u00e0 grande vitesse, garantissant un isolement fiable et durable pour les r\u00e9seaux de t\u00e9l\u00e9communications modernes.<\/p>\n<\/div><\/div><\/div>\n\n\n\n<div class=\"wp-block-kobu-custom-blocks-responsive-spacer responsive-spacer size-large\"><\/div>\n\n\n\n<div class=\"wp-block-kobu-custom-blocks-inner-content-img alignwide media-content-group child-item align-left valign-start img-first\"><div class=\"media-col\"><figure><img loading=\"lazy\" decoding=\"async\" width=\"1201\" height=\"938\" class=\"wp-image-1727\" src=\"https:\/\/cabopol.kobudev.com\/files\/uploads\/2025\/11\/Polyprime-Telecom-Wire.webp\" alt=\"\" title=\"Polyprime Telecom Wire\" sizes=\"auto, (min-width: 1201px) 35vw, (min-width: 601px) 50vw, 100vw\" srcset=\"https:\/\/cabopol.kobudev.com\/files\/uploads\/2025\/11\/Polyprime-Telecom-Wire.webp 1201w, https:\/\/cabopol.kobudev.com\/files\/uploads\/2025\/11\/Polyprime-Telecom-Wire-300x234.webp 300w, https:\/\/cabopol.kobudev.com\/files\/uploads\/2025\/11\/Polyprime-Telecom-Wire-1024x800.webp 1024w, https:\/\/cabopol.kobudev.com\/files\/uploads\/2025\/11\/Polyprime-Telecom-Wire-768x600.webp 768w\" \/><\/figure><\/div><div class=\"content-col\"><div class=\"content-col-wrapper\">\n<h2 class=\"wp-block-heading\">Data &amp; LAN LSZH | PVC<\/h2>\n\n\n\n<p>Pour le c\u00e2blage de donn\u00e9es et LAN en t\u00e9l\u00e9communications, les compos\u00e9s polym\u00e8res Sofiplus\u00ae LSZH offrent un gainage et un isolement flexibles, retardateurs de flamme et conformes aux normes CPR, assurant des performances s\u00fbres et durables pour les r\u00e9seaux de communication modernes.<\/p>\n\n\n\n<p>Les compos\u00e9s Polyprime\u00ae PVC prennent en charge un isolement ultrafin avec une grande r\u00e9sistance m\u00e9canique, une stabilit\u00e9 dimensionnelle et une r\u00e9sistance aux UV, permettant un gainage pr\u00e9cis et des performances durables pour les c\u00e2bles de donn\u00e9es, LAN et t\u00e9l\u00e9communications.<\/p>\n<\/div><\/div><\/div>\n\n\n\n<div class=\"wp-block-kobu-custom-blocks-responsive-spacer responsive-spacer size-large\"><\/div>\n\n\n\n\n\n<div class=\"wp-block-kobu-custom-blocks-responsive-spacer responsive-spacer size-large\"><\/div>\n\n\n    <div class=\"taxonomy-slider-block alignfull container-wrapper\">\n        <div class=\"container large\">\n                            <h2>Autre Applications<\/h2>\n                    <\/div>\n        <div class=\"container full\">\n            <div class=\"taxonomy-slider\" data-width=\"large\">\n                \n    <div class=\"card sector slide \">\n        <div class=\"card-inner-wrapper\">\n                            <div class=\"featured-img\">\n                    <div class=\"featured-img-inner\">\n                        <img loading=\"lazy\" decoding=\"async\" width=\"640\" height=\"427\" src=\"https:\/\/cabopol.kobudev.com\/files\/uploads\/2025\/07\/7b6a80ce83931b3453b814e82f83ef7a33a5ddf5-768x512.jpg\" class=\"coverimg\" alt=\"\" sizes=\"auto, (min-width: 993px) 33vw, (min-width: 601px) 50vw, 100vw\" srcset=\"https:\/\/cabopol.kobudev.com\/files\/uploads\/2025\/07\/7b6a80ce83931b3453b814e82f83ef7a33a5ddf5-768x512.jpg 768w, https:\/\/cabopol.kobudev.com\/files\/uploads\/2025\/07\/7b6a80ce83931b3453b814e82f83ef7a33a5ddf5-300x200.jpg 300w, https:\/\/cabopol.kobudev.com\/files\/uploads\/2025\/07\/7b6a80ce83931b3453b814e82f83ef7a33a5ddf5-1024x682.jpg 1024w, https:\/\/cabopol.kobudev.com\/files\/uploads\/2025\/07\/7b6a80ce83931b3453b814e82f83ef7a33a5ddf5.jpg 1400w\" \/>                    <\/div>\n                <\/div>\n                        <div class=\"content-wrapper\">\n                <h3 class=\"post-title\">Chaussure<\/h3>\n                                <a href=\"https:\/\/cabopol.kobudev.com\/fr\/applications\/chaussure\/\" class=\"btn ghost-white arrow-btn\">En savoir plus<\/a>\n            <\/div>\n        <\/div>\n    <\/div>\n\n    <div class=\"card sector slide \">\n        <div class=\"card-inner-wrapper\">\n                            <div class=\"featured-img\">\n                    <div class=\"featured-img-inner\">\n                        <img loading=\"lazy\" decoding=\"async\" width=\"640\" height=\"427\" src=\"https:\/\/cabopol.kobudev.com\/files\/uploads\/2025\/07\/f6ffe5aa5e97c7e650c351885bb9fc23150b4485-768x512.jpg\" class=\"coverimg\" alt=\"\" sizes=\"auto, (min-width: 993px) 33vw, (min-width: 601px) 50vw, 100vw\" srcset=\"https:\/\/cabopol.kobudev.com\/files\/uploads\/2025\/07\/f6ffe5aa5e97c7e650c351885bb9fc23150b4485-768x512.jpg 768w, https:\/\/cabopol.kobudev.com\/files\/uploads\/2025\/07\/f6ffe5aa5e97c7e650c351885bb9fc23150b4485-300x200.jpg 300w, https:\/\/cabopol.kobudev.com\/files\/uploads\/2025\/07\/f6ffe5aa5e97c7e650c351885bb9fc23150b4485-1024x683.jpg 1024w, https:\/\/cabopol.kobudev.com\/files\/uploads\/2025\/07\/f6ffe5aa5e97c7e650c351885bb9fc23150b4485-1536x1024.jpg 1536w, https:\/\/cabopol.kobudev.com\/files\/uploads\/2025\/07\/f6ffe5aa5e97c7e650c351885bb9fc23150b4485.jpg 1800w\" \/>                    <\/div>\n                <\/div>\n                        <div class=\"content-wrapper\">\n                <h3 class=\"post-title\">Moulage par Injection &amp; Extrusion<\/h3>\n                                <a href=\"https:\/\/cabopol.kobudev.com\/fr\/applications\/moulage-par-injection-extrusion\/\" class=\"btn ghost-white arrow-btn\">En savoir plus<\/a>\n            <\/div>\n        <\/div>\n    <\/div>\n\n    <div class=\"card sector slide \">\n        <div class=\"card-inner-wrapper\">\n                            <div class=\"featured-img\">\n                    <div class=\"featured-img-inner\">\n                        <img loading=\"lazy\" decoding=\"async\" width=\"640\" height=\"320\" src=\"https:\/\/cabopol.kobudev.com\/files\/uploads\/2025\/07\/1d1e0cb300442da38f7dab2578a3c85f7a38606a-768x384.jpg\" class=\"coverimg\" alt=\"\" sizes=\"auto, (min-width: 993px) 33vw, (min-width: 601px) 50vw, 100vw\" srcset=\"https:\/\/cabopol.kobudev.com\/files\/uploads\/2025\/07\/1d1e0cb300442da38f7dab2578a3c85f7a38606a-768x384.jpg 768w, https:\/\/cabopol.kobudev.com\/files\/uploads\/2025\/07\/1d1e0cb300442da38f7dab2578a3c85f7a38606a-300x150.jpg 300w, https:\/\/cabopol.kobudev.com\/files\/uploads\/2025\/07\/1d1e0cb300442da38f7dab2578a3c85f7a38606a-1024x512.jpg 1024w, https:\/\/cabopol.kobudev.com\/files\/uploads\/2025\/07\/1d1e0cb300442da38f7dab2578a3c85f7a38606a-1536x768.jpg 1536w, https:\/\/cabopol.kobudev.com\/files\/uploads\/2025\/07\/1d1e0cb300442da38f7dab2578a3c85f7a38606a.jpg 1600w\" \/>                    <\/div>\n                <\/div>\n                        <div class=\"content-wrapper\">\n                <h3 class=\"post-title\">Fils et c\u00e2bles<\/h3>\n                                    <div class=\"description\">Lorem ipsum dolor sit amet, consectetur adipiscing elit. Mauris id venenatis sem. <\/div>\n                                <a href=\"https:\/\/cabopol.kobudev.com\/fr\/applications\/fils-et-cables\/\" class=\"btn ghost-white arrow-btn\">En savoir plus<\/a>\n            <\/div>\n        <\/div>\n    <\/div>\n            <\/div>\n        <\/div>\n                    <div class=\"container large\">\n                <a href=\"https:\/\/cabopol.kobudev.com\/fr\/applications\/\" class=\"taxonomy-page-link arrow-link\"><span>D\u00e9couvrir nos Applications<\/span><\/a>\n            <\/div>\n            <\/div>\n","protected":false},"excerpt":{"rendered":"","protected":false},"author":1,"featured_media":1675,"parent":2612,"menu_order":10,"comment_status":"closed","ping_status":"closed","template":"templates\/application.php","meta":{"_acf_changed":false,"inline_featured_image":false,"footnotes":""},"class_list":["post-2633","page","type-page","status-publish","has-post-thumbnail","hentry"],"acf":[],"_links":{"self":[{"href":"https:\/\/cabopol.kobudev.com\/fr\/wp-json\/wp\/v2\/pages\/2633","targetHints":{"allow":["GET"]}}],"collection":[{"href":"https:\/\/cabopol.kobudev.com\/fr\/wp-json\/wp\/v2\/pages"}],"about":[{"href":"https:\/\/cabopol.kobudev.com\/fr\/wp-json\/wp\/v2\/types\/page"}],"author":[{"embeddable":true,"href":"https:\/\/cabopol.kobudev.com\/fr\/wp-json\/wp\/v2\/users\/1"}],"replies":[{"embeddable":true,"href":"https:\/\/cabopol.kobudev.com\/fr\/wp-json\/wp\/v2\/comments?post=2633"}],"version-history":[{"count":3,"href":"https:\/\/cabopol.kobudev.com\/fr\/wp-json\/wp\/v2\/pages\/2633\/revisions"}],"predecessor-version":[{"id":2685,"href":"https:\/\/cabopol.kobudev.com\/fr\/wp-json\/wp\/v2\/pages\/2633\/revisions\/2685"}],"up":[{"embeddable":true,"href":"https:\/\/cabopol.kobudev.com\/fr\/wp-json\/wp\/v2\/pages\/2612"}],"wp:featuredmedia":[{"embeddable":true,"href":"https:\/\/cabopol.kobudev.com\/fr\/wp-json\/wp\/v2\/media\/1675"}],"wp:attachment":[{"href":"https:\/\/cabopol.kobudev.com\/fr\/wp-json\/wp\/v2\/media?parent=2633"}],"curies":[{"name":"wp","href":"https:\/\/api.w.org\/{rel}","templated":true}]}}