{"id":2534,"date":"2025-11-25T11:25:27","date_gmt":"2025-11-25T11:25:27","guid":{"rendered":"https:\/\/cabopol.kobudev.com\/sustainability\/"},"modified":"2025-12-17T19:17:26","modified_gmt":"2025-12-17T19:17:26","slug":"strategie-de-durabilite","status":"publish","type":"page","link":"https:\/\/cabopol.kobudev.com\/fr\/strategie-de-durabilite\/","title":{"rendered":"Strat\u00e9gie de Durabilit\u00e9"},"content":{"rendered":"\n<div class=\"wp-block-kobu-custom-blocks-section-wrapper alignfull kobu-section has-background has-lightergray-background-color\">\n<div class=\"wp-block-kobu-custom-blocks-responsive-spacer responsive-spacer size-large\"><\/div>\n\n\n\n<p class=\"is-style-top-red-line\">Chez Cabopol, nous reconnaissons l\u2019urgence mondiale d\u2019am\u00e9liorer le bien-\u00eatre humain et environnemental. Alors que le monde \u00e9volue vers une \u00e9conomie circulaire et r\u00e9duit les \u00e9missions de gaz \u00e0 effet de serre, nous contribuons fi\u00e8rement \u00e0 cette transition. Guid\u00e9s par le Pacte Mondial des Nations Unies, nous alignons nos strat\u00e9gies sur ses Dix Principes et sur les Objectifs de D\u00e9veloppement Durable, refl\u00e9tant ainsi notre engagement envers des pratiques responsables.<\/p>\n\n\n\n<p class=\"is-style-top-red-line\">Face \u00e0 la prise de conscience croissante des consommateurs et \u00e0 la demande de solutions respectueuses de l\u2019environnement, l\u2019industrie des plastiques \u00e9volue. Chez Cabopol, nous avons adopt\u00e9 ce changement en d\u00e9veloppant des compounds polym\u00e8res durables qui allient performance et responsabilit\u00e9 environnementale. Proposer des mat\u00e9riaux \u00e9cologiques n\u2019est plus une option, c\u2019est notre standard. Nos solutions durables favorisent une \u00e9conomie circulaire et prot\u00e8gent la plan\u00e8te pour les g\u00e9n\u00e9rations futures.<\/p>\n\n\n\n<div class=\"wp-block-kobu-custom-blocks-responsive-spacer responsive-spacer size-large\"><\/div>\n<\/div>\n\n\n\n<div class=\"wp-block-kobu-custom-blocks-inner-content-img alignfull media-content-group child-item align-right valign-start img-first\"><div class=\"media-col\"><figure><img loading=\"lazy\" decoding=\"async\" width=\"1059\" height=\"1059\" class=\"wp-image-1528\" src=\"https:\/\/cabopol.kobudev.com\/files\/uploads\/2025\/11\/CoP.webp\" alt=\"\" title=\"CoP\" sizes=\"auto, (min-width: 601px) 50vw, 100vw\" srcset=\"https:\/\/cabopol.kobudev.com\/files\/uploads\/2025\/11\/CoP.webp 1059w, https:\/\/cabopol.kobudev.com\/files\/uploads\/2025\/11\/CoP-300x300.webp 300w, https:\/\/cabopol.kobudev.com\/files\/uploads\/2025\/11\/CoP-1024x1024.webp 1024w, https:\/\/cabopol.kobudev.com\/files\/uploads\/2025\/11\/CoP-150x150.webp 150w, https:\/\/cabopol.kobudev.com\/files\/uploads\/2025\/11\/CoP-768x768.webp 768w\" \/><\/figure><\/div><div class=\"content-col\"><div class=\"content-col-wrapper\">\n<h2 class=\"wp-block-heading\">CoP &#8211; Communication sur les Progr\u00e8s<\/h2>\n\n\n\n<p>Notre engagement se refl\u00e8te dans la Communication sur les Progr\u00e8s (CoP) 2024, qui pr\u00e9sente en d\u00e9tail les initiatives et actions mises en \u0153uvre, permettant aux parties prenantes de suivre nos performances en mati\u00e8re de durabilit\u00e9 et de les comparer \u00e0 celles d\u2019autres entreprises du secteur. Nous vous invitons \u00e0 consulter notre rapport complet sur le portail officiel du Pacte Mondial des Nations Unies en scannant le code QR ci-dessous.<\/p>\n\n\n\n<div class=\"wp-block-kobu-custom-blocks-responsive-spacer responsive-spacer size-small\"><\/div>\n\n\n\n<div class=\"wp-block-buttons is-layout-flex wp-block-buttons-is-layout-flex\">\n<div class=\"wp-block-button is-style-arrow-btn\"><a class=\"wp-block-button__link wp-element-button\" href=\"https:\/\/unglobalcompact.org\/what-is-gc\/participants\/153543-CABOPOL-POLYMER-COMPOUNDS-S-A-\" target=\"_blank\" rel=\"noreferrer noopener\">Rapport complet<\/a><\/div>\n<\/div>\n<\/div><\/div><\/div>\n\n\n\n<div class=\"wp-block-kobu-custom-blocks-responsive-spacer responsive-spacer size-large\"><\/div>\n\n\n\n<h2 class=\"wp-block-heading alignmediumwide\">Produits Durables<\/h2>\n\n\n\n<div class=\"wp-block-kobu-custom-blocks-responsive-spacer responsive-spacer size-medium\"><\/div>\n\n\n<div class=\"columns-group-block alignfull\">\n                <div class=\"columns-group-row\">\n            <div class=\"column columns-group-column\">\n                                    <div class=\"img-wrapper\">\n                        <img loading=\"lazy\" decoding=\"async\" width=\"493\" height=\"476\" src=\"https:\/\/cabopol.kobudev.com\/files\/uploads\/2025\/11\/Action1.png\" class=\"coverimg\" alt=\"\" sizes=\"auto, (min-width: 601px) 50vw, 100vw\" srcset=\"https:\/\/cabopol.kobudev.com\/files\/uploads\/2025\/11\/Action1.png 493w, https:\/\/cabopol.kobudev.com\/files\/uploads\/2025\/11\/Action1-300x290.png 300w\" \/>                    <\/div>\n                                <div class=\"content-wrapper\">\n                    <h3 class=\"title\">Mat\u00e9riaux recycl\u00e9s<\/h3>\n                                            <div class=\"description\"><p class=\"p1\">R\u00e9cup\u00e9ration et recyclage des d\u00e9chets plastiques post-consommation et post-industriels, favorisant la circularit\u00e9 et r\u00e9duisant l\u2019impact environnemental.<\/p>\n<\/div>\n                    \n                    <a href=\"https:\/\/cabopol.kobudev.com\/fr\/strategie-de-durabilite\/materiaux-recycles\/\" class=\"btn\" >En savoir plus<\/a>                <\/div>\n            <\/div>\n\n                            \n            <div class=\"column columns-group-column\">\n                                    <div class=\"img-wrapper\">\n                        <img loading=\"lazy\" decoding=\"async\" width=\"504\" height=\"476\" src=\"https:\/\/cabopol.kobudev.com\/files\/uploads\/2025\/11\/Action2.png\" class=\"coverimg\" alt=\"\" sizes=\"auto, (min-width: 601px) 50vw, 100vw\" srcset=\"https:\/\/cabopol.kobudev.com\/files\/uploads\/2025\/11\/Action2.png 504w, https:\/\/cabopol.kobudev.com\/files\/uploads\/2025\/11\/Action2-300x283.png 300w\" \/>                    <\/div>\n                                <div class=\"content-wrapper\">\n                    <h3 class=\"title\">Solutions Bio<\/h3>\n                                            <div class=\"description\"><p class=\"p1\">Polym\u00e8res compostables et biod\u00e9gradables issus de biomasse v\u00e9g\u00e9tale et solutions biosourc\u00e9es, tout en respectant les normes esth\u00e9tiques, m\u00e9caniques, \u00e9lectriques et de r\u00e9sistance au feu.<\/p>\n<\/div>\n                    \n                    <a href=\"https:\/\/cabopol.kobudev.com\/fr\/strategie-de-durabilite\/solutions-bio\/\" class=\"btn\" >En savoir plus<\/a>                <\/div>\n            <\/div>\n\n            <\/div>                <div class=\"columns-group-row\">\n            <div class=\"column columns-group-column\">\n                                    <div class=\"img-wrapper\">\n                        <img loading=\"lazy\" decoding=\"async\" width=\"476\" height=\"476\" src=\"https:\/\/cabopol.kobudev.com\/files\/uploads\/2025\/11\/Action-3.png\" class=\"coverimg\" alt=\"\" sizes=\"auto, (min-width: 601px) 50vw, 100vw\" srcset=\"https:\/\/cabopol.kobudev.com\/files\/uploads\/2025\/11\/Action-3.png 476w, https:\/\/cabopol.kobudev.com\/files\/uploads\/2025\/11\/Action-3-300x300.png 300w, https:\/\/cabopol.kobudev.com\/files\/uploads\/2025\/11\/Action-3-150x150.png 150w\" \/>                    <\/div>\n                                <div class=\"content-wrapper\">\n                    <h3 class=\"title\">Seconde vie<\/h3>\n                                            <div class=\"description\"><p class=\"p1\">Bouclage des cycles au sein de l\u2019entreprise et en partenariat avec nos clients afin de prolonger le cycle de vie des produits : r\u00e9introduction, dans le processus de production, des rebuts issus des fabrications internes et externes.<\/p>\n<\/div>\n                    \n                                    <\/div>\n            <\/div>\n\n                            \n            <div class=\"column columns-group-column\">\n                                    <div class=\"img-wrapper\">\n                        <img loading=\"lazy\" decoding=\"async\" width=\"214\" height=\"476\" src=\"https:\/\/cabopol.kobudev.com\/files\/uploads\/2025\/11\/Action-4.png\" class=\"coverimg\" alt=\"\" sizes=\"auto, (min-width: 601px) 50vw, 100vw\" srcset=\"https:\/\/cabopol.kobudev.com\/files\/uploads\/2025\/11\/Action-4.png 214w, https:\/\/cabopol.kobudev.com\/files\/uploads\/2025\/11\/Action-4-135x300.png 135w\" \/>                    <\/div>\n                                <div class=\"content-wrapper\">\n                    <h3 class=\"title\">Empreinte carbone du produit<\/h3>\n                                            <div class=\"description\"><p class=\"p1\">Des \u00e9tudes d\u2019Analyse du Cycle de Vie (ACV), conformes aux normes ISO 14067 et 14040, sont men\u00e9es afin de d\u00e9terminer l\u2019empreinte carbone de nos produits, d\u2019identifier les mat\u00e9riaux les plus impactants et de mettre en \u0153uvre des actions pour la r\u00e9duire.<\/p>\n<\/div>\n                    \n                                    <\/div>\n            <\/div>\n\n            <\/div>    <\/div>\n\n\n<div class=\"wp-block-kobu-custom-blocks-responsive-spacer responsive-spacer size-large\"><\/div>\n\n\n\n<h2 class=\"wp-block-heading alignmediumwide\">PROCESSUS DURABLE<\/h2>\n\n\n<div class=\"columns-group-block alignfull\">\n                <div class=\"columns-group-row\">\n            <div class=\"column columns-group-column\">\n                                    <div class=\"img-wrapper\">\n                        <img loading=\"lazy\" decoding=\"async\" width=\"476\" height=\"477\" src=\"https:\/\/cabopol.kobudev.com\/files\/uploads\/2025\/11\/Action11-1.png\" class=\"coverimg\" alt=\"\" sizes=\"auto, (min-width: 601px) 50vw, 100vw\" srcset=\"https:\/\/cabopol.kobudev.com\/files\/uploads\/2025\/11\/Action11-1.png 476w, https:\/\/cabopol.kobudev.com\/files\/uploads\/2025\/11\/Action11-1-300x300.png 300w, https:\/\/cabopol.kobudev.com\/files\/uploads\/2025\/11\/Action11-1-150x150.png 150w\" \/>                    <\/div>\n                                <div class=\"content-wrapper\">\n                    <h3 class=\"title\">Efficacit\u00e9 \u00e9nerg\u00e9tique<\/h3>\n                                            <div class=\"description\"><p class=\"p1\">Mise en \u0153uvre de mesures d\u2019efficacit\u00e9 \u00e9nerg\u00e9tique afin d\u2019am\u00e9liorer la performance des \u00e9quipements.<\/p>\n<\/div>\n                    \n                                    <\/div>\n            <\/div>\n\n                            \n            <div class=\"column columns-group-column\">\n                                    <div class=\"img-wrapper\">\n                        <img loading=\"lazy\" decoding=\"async\" width=\"530\" height=\"443\" src=\"https:\/\/cabopol.kobudev.com\/files\/uploads\/2025\/11\/Action-22-1.png\" class=\"coverimg\" alt=\"\" sizes=\"auto, (min-width: 601px) 50vw, 100vw\" srcset=\"https:\/\/cabopol.kobudev.com\/files\/uploads\/2025\/11\/Action-22-1.png 530w, https:\/\/cabopol.kobudev.com\/files\/uploads\/2025\/11\/Action-22-1-300x251.png 300w\" \/>                    <\/div>\n                                <div class=\"content-wrapper\">\n                    <h3 class=\"title\">\u00c9nergie verte<\/h3>\n                                            <div class=\"description\"><p>Notre centrale solaire de 1,22 MWp, op\u00e9rationnelle depuis la seconde moiti\u00e9 de 2024, soutient notre strat\u00e9gie de d\u00e9carbonation en r\u00e9duisant environ 235,5 tCO2eq d\u2019\u00e9missions du Scope 2.<\/p>\n<\/div>\n                    \n                                    <\/div>\n            <\/div>\n\n            <\/div>                <div class=\"columns-group-row\">\n            <div class=\"column columns-group-column\">\n                                    <div class=\"img-wrapper\">\n                        <img loading=\"lazy\" decoding=\"async\" width=\"435\" height=\"477\" src=\"https:\/\/cabopol.kobudev.com\/files\/uploads\/2025\/11\/Action33-1.png\" class=\"coverimg\" alt=\"\" sizes=\"auto, (min-width: 601px) 50vw, 100vw\" srcset=\"https:\/\/cabopol.kobudev.com\/files\/uploads\/2025\/11\/Action33-1.png 435w, https:\/\/cabopol.kobudev.com\/files\/uploads\/2025\/11\/Action33-1-274x300.png 274w\" \/>                    <\/div>\n                                <div class=\"content-wrapper\">\n                    <h3 class=\"title\">Recompounding<\/h3>\n                                            <div class=\"description\"><p>Renforcer les efforts de recyclage de l\u2019entreprise en investissant dans des \u00e9quipements permettant le retraitement des mat\u00e9riaux PIR et PCR.<\/p>\n<\/div>\n                    \n                                    <\/div>\n            <\/div>\n\n                            \n            <div class=\"column columns-group-column\">\n                                    <div class=\"img-wrapper\">\n                        <img loading=\"lazy\" decoding=\"async\" width=\"586\" height=\"476\" src=\"https:\/\/cabopol.kobudev.com\/files\/uploads\/2025\/11\/Action-44-1.png\" class=\"coverimg\" alt=\"\" sizes=\"auto, (min-width: 601px) 50vw, 100vw\" srcset=\"https:\/\/cabopol.kobudev.com\/files\/uploads\/2025\/11\/Action-44-1.png 586w, https:\/\/cabopol.kobudev.com\/files\/uploads\/2025\/11\/Action-44-1-300x244.png 300w\" \/>                    <\/div>\n                                <div class=\"content-wrapper\">\n                    <h3 class=\"title\">ISO 14001:2015<\/h3>\n                                            <div class=\"description\"><p>Identifier et r\u00e9duire syst\u00e9matiquement les impacts environnementaux, favorisant une am\u00e9lioration continue des performances environnementales et assurant la durabilit\u00e9 et la r\u00e9silience \u00e0 long terme.<\/p>\n<\/div>\n                    \n                                    <\/div>\n            <\/div>\n\n            <\/div>    <\/div>\n\n\n<div class=\"wp-block-kobu-custom-blocks-responsive-spacer responsive-spacer size-medium\"><\/div>\n\n\n\n<div class=\"wp-block-kobu-custom-blocks-responsive-spacer responsive-spacer size-large\"><\/div>\n\n\n\n<div class=\"wp-block-kobu-custom-blocks-inner-content-img alignfull media-content-group child-item align-right valign-start img-first\"><div class=\"media-col\"><figure><img loading=\"lazy\" decoding=\"async\" width=\"1059\" height=\"1059\" class=\"wp-image-1532\" src=\"https:\/\/cabopol.kobudev.com\/files\/uploads\/2025\/11\/Internal-Life-Cycle-Assesment-Calculations.webp\" alt=\"\" title=\"Internal Life Cycle Assesment Calculations\" sizes=\"auto, (min-width: 601px) 50vw, 100vw\" srcset=\"https:\/\/cabopol.kobudev.com\/files\/uploads\/2025\/11\/Internal-Life-Cycle-Assesment-Calculations.webp 1059w, https:\/\/cabopol.kobudev.com\/files\/uploads\/2025\/11\/Internal-Life-Cycle-Assesment-Calculations-300x300.webp 300w, https:\/\/cabopol.kobudev.com\/files\/uploads\/2025\/11\/Internal-Life-Cycle-Assesment-Calculations-1024x1024.webp 1024w, https:\/\/cabopol.kobudev.com\/files\/uploads\/2025\/11\/Internal-Life-Cycle-Assesment-Calculations-150x150.webp 150w, https:\/\/cabopol.kobudev.com\/files\/uploads\/2025\/11\/Internal-Life-Cycle-Assesment-Calculations-768x768.webp 768w\" \/><\/figure><\/div><div class=\"content-col\"><div class=\"content-col-wrapper\">\n<h2 class=\"wp-block-heading\">\u00c9VALUATIONS INTERNES DU CYCLE DE VIE (ACV)<\/h2>\n\n\n\n<p>Conformes aux normes ISO 14067 et 14040, nos calculs soutiennent l\u2019\u00e9laboration des Fiches d\u2019Information Environnementale des Produits. Ces documents pr\u00e9sentent l\u2019Empreinte Carbone du Produit en \u00e9quivalent CO2, nous permettant de communiquer de mani\u00e8re transparente l\u2019impact environnemental de nos formulations actuelles aux clients.<\/p>\n\n\n\n<p>Ci-dessous, nous pr\u00e9sentons deux sc\u00e9narios de produit: une formulation de r\u00e9f\u00e9rence standard et une version am\u00e9lior\u00e9e int\u00e9grant un pourcentage s\u00e9lectionn\u00e9 de contenu recycl\u00e9, illustrant l\u2019impact positif de l\u2019innovation durable.<\/p>\n\n\n\n<div class=\"wp-block-kobu-custom-blocks-responsive-spacer responsive-spacer size-small\"><\/div>\n<\/div><\/div><\/div>\n\n\n\n<div class=\"wp-block-kobu-custom-blocks-section-wrapper alignfull kobu-section has-text-color has-foreground-color has-background has-lightergray-background-color is-style-cta-section has-link-color wp-elements-f0425a21383884a2ed3e3384da16eb04\">\n<div class=\"wp-block-kobu-custom-blocks-responsive-spacer responsive-spacer size-medium\"><\/div>\n\n\n\n<div class=\"wp-block-group alignmediumwide is-layout-flow wp-block-group-is-layout-flow\">\n<h2 class=\"wp-block-heading has-large-font-size\">Vous cherchez autre chose? Nous sommes l\u00e0 pour vous aider.<\/h2>\n\n\n\n<div class=\"wp-block-buttons is-layout-flex wp-block-buttons-is-layout-flex\">\n<div class=\"wp-block-button is-style-arrow-btn\"><a class=\"wp-block-button__link wp-element-button\" href=\"https:\/\/cabopol.kobudev.com\/fr\/contacts\/\">Contactez nous<\/a><\/div>\n<\/div>\n<\/div>\n\n\n\n<div class=\"wp-block-kobu-custom-blocks-responsive-spacer responsive-spacer size-medium\"><\/div>\n<\/div>\n\n\n\n<div class=\"wp-block-kobu-custom-blocks-responsive-spacer responsive-spacer size-large\"><\/div>\n\n\n","protected":false},"excerpt":{"rendered":"<p>Produits Durables PROCESSUS DURABLE<\/p>\n","protected":false},"author":1,"featured_media":1537,"parent":0,"menu_order":11,"comment_status":"closed","ping_status":"closed","template":"templates\/brand.php","meta":{"_acf_changed":false,"inline_featured_image":false,"footnotes":""},"class_list":["post-2534","page","type-page","status-publish","has-post-thumbnail","hentry"],"acf":[],"_links":{"self":[{"href":"https:\/\/cabopol.kobudev.com\/fr\/wp-json\/wp\/v2\/pages\/2534","targetHints":{"allow":["GET"]}}],"collection":[{"href":"https:\/\/cabopol.kobudev.com\/fr\/wp-json\/wp\/v2\/pages"}],"about":[{"href":"https:\/\/cabopol.kobudev.com\/fr\/wp-json\/wp\/v2\/types\/page"}],"author":[{"embeddable":true,"href":"https:\/\/cabopol.kobudev.com\/fr\/wp-json\/wp\/v2\/users\/1"}],"replies":[{"embeddable":true,"href":"https:\/\/cabopol.kobudev.com\/fr\/wp-json\/wp\/v2\/comments?post=2534"}],"version-history":[{"count":5,"href":"https:\/\/cabopol.kobudev.com\/fr\/wp-json\/wp\/v2\/pages\/2534\/revisions"}],"predecessor-version":[{"id":2949,"href":"https:\/\/cabopol.kobudev.com\/fr\/wp-json\/wp\/v2\/pages\/2534\/revisions\/2949"}],"wp:featuredmedia":[{"embeddable":true,"href":"https:\/\/cabopol.kobudev.com\/fr\/wp-json\/wp\/v2\/media\/1537"}],"wp:attachment":[{"href":"https:\/\/cabopol.kobudev.com\/fr\/wp-json\/wp\/v2\/media?parent=2534"}],"curies":[{"name":"wp","href":"https:\/\/api.w.org\/{rel}","templated":true}]}}