{"id":2522,"date":"2025-06-04T13:52:01","date_gmt":"2025-06-04T13:52:01","guid":{"rendered":"https:\/\/cabopol.kobudev.com\/about-cabopol\/"},"modified":"2025-12-17T12:21:06","modified_gmt":"2025-12-17T12:21:06","slug":"a-propos-de-cabopol","status":"publish","type":"page","link":"https:\/\/cabopol.kobudev.com\/fr\/a-propos-de-cabopol\/","title":{"rendered":"\u00c0 Propos de Cabopol"},"content":{"rendered":"\n<div class=\"wp-block-kobu-custom-blocks-section-wrapper alignfull kobu-section has-background has-lightergray-background-color\">\n<div class=\"wp-block-kobu-custom-blocks-responsive-spacer responsive-spacer size-large\"><\/div>\n\n\n\n<p><strong>COMMENT POUVONS-NOUS BOOSTER VOTRE ACTIVIT\u00c9 AUJOURD\u2019HUI?<\/strong><\/p>\n\n\n\n<p>Cabopol est sp\u00e9cialis\u00e9e dans la recherche, le d\u00e9veloppement et la production de polym\u00e8res haute performance, incluant les compos\u00e9s thermoplastiques et r\u00e9ticul\u00e9s. Forts de plus de 60 ans d\u2019expertise, nous proposons des solutions innovantes alliant excellence technique, qualit\u00e9 et fiabilit\u00e9 pour un large \u00e9ventail d\u2019applications industrielles.<\/p>\n\n\n\n<p><strong>SOLUTIONS INNOVANTES, UN MONDE DE POSSIBILIT\u00c9S<\/strong><\/p>\n\n\n\n<p>Nos 5 sites de production avanc\u00e9s, 2 au Portugal, 1 au Maroc, 1 en Serbie et 1 au Mexique, offrent une capacit\u00e9 totale de 130 000 tonnes par an r\u00e9parties sur 25 lignes de production, garantissant qualit\u00e9 constante et \u00e9volutivit\u00e9 pour chaque projet.<\/p>\n\n\n\n<p>Du concept \u00e0 la production, Cabopol s\u2019engage \u00e0 fournir des solutions polym\u00e8res innovantes qui renforcent votre activit\u00e9 et ouvrent un monde de possibilit\u00e9s dans les thermoplastiques et compos\u00e9s r\u00e9ticul\u00e9s.<\/p>\n\n\n\n<div class=\"wp-block-kobu-custom-blocks-responsive-spacer responsive-spacer size-large\"><\/div>\n<\/div>\n\n\n\n<div class=\"wp-block-kobu-custom-blocks-responsive-spacer responsive-spacer size-large\"><\/div>\n\n\n\n<div class=\"wp-block-kobu-custom-blocks-inner-content-img alignwide media-content-group child-item align-right valign-start img-first\"><div class=\"media-col\"><figure><img loading=\"lazy\" decoding=\"async\" width=\"1600\" height=\"1067\" class=\"wp-image-311\" src=\"https:\/\/cabopol.kobudev.com\/files\/uploads\/2025\/07\/baa889b35f9492a36a410d3d9c650514aca13748.jpg\" alt=\"\" title=\"baa889b35f9492a36a410d3d9c650514aca13748\" sizes=\"auto, (min-width: 1201px) 35vw, (min-width: 601px) 50vw, 100vw\" srcset=\"https:\/\/cabopol.kobudev.com\/files\/uploads\/2025\/07\/baa889b35f9492a36a410d3d9c650514aca13748.jpg 1600w, https:\/\/cabopol.kobudev.com\/files\/uploads\/2025\/07\/baa889b35f9492a36a410d3d9c650514aca13748-300x200.jpg 300w, https:\/\/cabopol.kobudev.com\/files\/uploads\/2025\/07\/baa889b35f9492a36a410d3d9c650514aca13748-1024x683.jpg 1024w, https:\/\/cabopol.kobudev.com\/files\/uploads\/2025\/07\/baa889b35f9492a36a410d3d9c650514aca13748-768x512.jpg 768w, https:\/\/cabopol.kobudev.com\/files\/uploads\/2025\/07\/baa889b35f9492a36a410d3d9c650514aca13748-1536x1024.jpg 1536w\" \/><\/figure><\/div><div class=\"content-col\"><div class=\"content-col-wrapper\">\n<h2 class=\"wp-block-heading\"><strong>MISSION, VISION ET VALEURS<\/strong><\/h2>\n\n\n\n<p>D\u00e9couvrez les principes, valeurs et objectifs strat\u00e9giques qui guident Cabopol dans la fourniture de solutions polym\u00e8res innovantes \u00e0 l\u2019\u00e9chelle mondiale. T\u00e9l\u00e9chargez le document complet pour en savoir plus sur notre mission, vision et valeurs.<\/p>\n<\/div><\/div><\/div>\n\n\n\n<div class=\"wp-block-kobu-custom-blocks-responsive-spacer responsive-spacer size-large\"><\/div>\n\n\n\n<div class=\"wp-block-kobu-custom-blocks-inner-content-img alignwide media-content-group child-item align-left valign-start img-first\"><div class=\"media-col\"><figure><img loading=\"lazy\" decoding=\"async\" width=\"1400\" height=\"933\" class=\"wp-image-187\" src=\"https:\/\/cabopol.kobudev.com\/files\/uploads\/2025\/07\/0db85df5fddf7ef28b32fc9ca1cdee73219d649f.jpg\" alt=\"\" title=\"0db85df5fddf7ef28b32fc9ca1cdee73219d649f\" sizes=\"auto, (min-width: 1201px) 35vw, (min-width: 601px) 50vw, 100vw\" srcset=\"https:\/\/cabopol.kobudev.com\/files\/uploads\/2025\/07\/0db85df5fddf7ef28b32fc9ca1cdee73219d649f.jpg 1400w, https:\/\/cabopol.kobudev.com\/files\/uploads\/2025\/07\/0db85df5fddf7ef28b32fc9ca1cdee73219d649f-300x200.jpg 300w, https:\/\/cabopol.kobudev.com\/files\/uploads\/2025\/07\/0db85df5fddf7ef28b32fc9ca1cdee73219d649f-1024x682.jpg 1024w, https:\/\/cabopol.kobudev.com\/files\/uploads\/2025\/07\/0db85df5fddf7ef28b32fc9ca1cdee73219d649f-768x512.jpg 768w\" \/><\/figure><\/div><div class=\"content-col\"><div class=\"content-col-wrapper\">\n<h2 class=\"wp-block-heading\"><strong><strong>\u00c0 PROPOS DE Mekkin<\/strong><\/strong><\/h2>\n\n\n\n<p>Cabopol fait partie de Mekkin SGPS, un groupe multinational portugais de premier plan qui comprend \u00e9galement d\u2019autres soci\u00e9t\u00e9s cl\u00e9s dans les secteurs de la construction en acier et de l\u2019ing\u00e9nierie. Mekkin se distingue par ses activit\u00e9s dans ces trois domaines principaux, avec une trajectoire de croissance fond\u00e9e sur la diversification et la fourniture de solutions int\u00e9gr\u00e9es et compl\u00e8tes, caract\u00e9ris\u00e9es par l\u2019innovation et l\u2019excellence.<\/p>\n\n\n\n<p>Avec une orientation internationale affirm\u00e9e, Mekkin poss\u00e8de des sites de production strat\u00e9giquement situ\u00e9s au Portugal (si\u00e8ge), au Maroc, en Serbie et au Mexique, compl\u00e9t\u00e9s par des bureaux en Alg\u00e9rie, France, Roumanie et Royaume-Uni. Cabopol, en tant qu\u2019entreprise du groupe sp\u00e9cialis\u00e9e dans les polym\u00e8res, joue un r\u00f4le central dans la fourniture de solutions polym\u00e8res haute performance \u00e0 l\u2019\u00e9chelle mondiale.<\/p>\n\n\n\n<div style=\"height:20px\" aria-hidden=\"true\" class=\"wp-block-spacer\"><\/div>\n\n\n<noscript class=\"loading-lazy\">\n<figure class=\"wp-block-image size-full is-resized\"><img loading=\"lazy\" decoding=\"async\" width=\"191\" height=\"44\" src=\"https:\/\/cabopol.kobudev.com\/files\/uploads\/2025\/07\/mekkin-main.svg\" alt=\"\" class=\"wp-image-1008\" style=\"width:220px\"\/><\/figure>\n<\/noscript><\/div><\/div><\/div>\n\n\n\n<div class=\"wp-block-kobu-custom-blocks-responsive-spacer responsive-spacer size-large\"><\/div>\n\n\n\n<div class=\"wp-block-kobu-custom-blocks-inner-content-img alignwide media-content-group child-item align-right valign-start img-first\"><div class=\"media-col\"><figure><img loading=\"lazy\" decoding=\"async\" width=\"1599\" height=\"1066\" class=\"wp-image-315\" src=\"https:\/\/cabopol.kobudev.com\/files\/uploads\/2025\/07\/bdd2df894a508d6ee4e9510a2077fa9f46671006.jpg\" alt=\"\" title=\"bdd2df894a508d6ee4e9510a2077fa9f46671006\" sizes=\"auto, (min-width: 1201px) 35vw, (min-width: 601px) 50vw, 100vw\" srcset=\"https:\/\/cabopol.kobudev.com\/files\/uploads\/2025\/07\/bdd2df894a508d6ee4e9510a2077fa9f46671006.jpg 1599w, https:\/\/cabopol.kobudev.com\/files\/uploads\/2025\/07\/bdd2df894a508d6ee4e9510a2077fa9f46671006-300x200.jpg 300w, https:\/\/cabopol.kobudev.com\/files\/uploads\/2025\/07\/bdd2df894a508d6ee4e9510a2077fa9f46671006-1024x683.jpg 1024w, https:\/\/cabopol.kobudev.com\/files\/uploads\/2025\/07\/bdd2df894a508d6ee4e9510a2077fa9f46671006-768x512.jpg 768w, https:\/\/cabopol.kobudev.com\/files\/uploads\/2025\/07\/bdd2df894a508d6ee4e9510a2077fa9f46671006-1536x1024.jpg 1536w\" \/><\/figure><\/div><div class=\"content-col\"><div class=\"content-col-wrapper\">\n<h2 class=\"wp-block-heading\"><strong><strong>QUALIT\u00c9<\/strong><\/strong><\/h2>\n\n\n\n<p>Chez Cabopol, la qualit\u00e9 n\u2019est pas seulement une norme, c\u2019est notre engagement. Depuis 1997, notre Syst\u00e8me de Management de la Qualit\u00e9 certifi\u00e9 (NP EN ISO 9001:2015) guide chaque \u00e9tape de notre production, garantissant que nos polym\u00e8res et processus d\u00e9passent les attentes. Cabopol Maroc et Cabopol Serbie sont \u00e9galement certifi\u00e9s selon les m\u00eames normes.<\/p>\n\n\n\n<p>Excellence dans chaque d\u00e9tail, coh\u00e9rence dans chaque solution.<\/p>\n\n\n\n<div class=\"wp-block-buttons is-layout-flex wp-block-buttons-is-layout-flex\">\n<div class=\"wp-block-button is-style-download-btn\"><a class=\"wp-block-button__link wp-element-button\" href=\"https:\/\/cabopol.kobudev.com\/files\/uploads\/2025\/11\/Politica-Ambiental_GB_s-assin.pdf\">T\u00e9l\u00e9charger la Politique Qualit\u00e9<\/a><\/div>\n<\/div>\n<\/div><\/div><\/div>\n\n\n\n<div class=\"wp-block-kobu-custom-blocks-responsive-spacer responsive-spacer size-large\"><\/div>\n\n\n\n<div class=\"wp-block-kobu-custom-blocks-inner-content-img alignwide media-content-group child-item align-left valign-start img-first\"><div class=\"media-col\"><figure><img loading=\"lazy\" decoding=\"async\" width=\"1400\" height=\"934\" class=\"wp-image-199\" src=\"https:\/\/cabopol.kobudev.com\/files\/uploads\/2025\/07\/2bed607c29a09845c0ba2b8cb37f8a2c91128326.jpg\" alt=\"\" title=\"2bed607c29a09845c0ba2b8cb37f8a2c91128326\" sizes=\"auto, (min-width: 1201px) 35vw, (min-width: 601px) 50vw, 100vw\" srcset=\"https:\/\/cabopol.kobudev.com\/files\/uploads\/2025\/07\/2bed607c29a09845c0ba2b8cb37f8a2c91128326.jpg 1400w, https:\/\/cabopol.kobudev.com\/files\/uploads\/2025\/07\/2bed607c29a09845c0ba2b8cb37f8a2c91128326-300x200.jpg 300w, https:\/\/cabopol.kobudev.com\/files\/uploads\/2025\/07\/2bed607c29a09845c0ba2b8cb37f8a2c91128326-1024x683.jpg 1024w, https:\/\/cabopol.kobudev.com\/files\/uploads\/2025\/07\/2bed607c29a09845c0ba2b8cb37f8a2c91128326-768x512.jpg 768w\" \/><\/figure><\/div><div class=\"content-col\"><div class=\"content-col-wrapper\">\n<h2 class=\"wp-block-heading\"><strong><strong><strong>SANT\u00c9 ET S\u00c9CURIT\u00c9 AU TRAVAIL<\/strong><\/strong><\/strong><\/h2>\n\n\n\n<p>La Politique Sant\u00e9 et S\u00e9curit\u00e9 au Travail de Cabopol d\u00e9finit des lignes directrices strat\u00e9giques claires pour la s\u00e9curit\u00e9 sur le lieu de travail. Cette politique incarne l\u2019engagement de Cabopol et \u00e9tablit les principes qui guident nos performances. Son objectif est de garantir que tous les employ\u00e9s comprennent l\u2019engagement de l\u2019entreprise en mati\u00e8re de sant\u00e9 et s\u00e9curit\u00e9 et la mani\u00e8re dont cela influence leurs responsabilit\u00e9s individuelles.<\/p>\n\n\n\n<div class=\"wp-block-buttons is-layout-flex wp-block-buttons-is-layout-flex\">\n<div class=\"wp-block-button is-style-download-btn\"><a class=\"wp-block-button__link wp-element-button\" href=\"https:\/\/cabopol.kobudev.com\/files\/uploads\/2025\/11\/Politica-da-seguranca-e-saude-no-trabalho-ENG_-s-assin.pdf\">T\u00e9l\u00e9charger<\/a><\/div>\n<\/div>\n<\/div><\/div><\/div>\n\n\n\n<div class=\"wp-block-kobu-custom-blocks-responsive-spacer responsive-spacer size-large\"><\/div>\n\n\n\n<div class=\"wp-block-kobu-custom-blocks-inner-content-img alignwide media-content-group child-item align-right valign-start img-first\"><div class=\"media-col\"><figure><img loading=\"lazy\" decoding=\"async\" width=\"1301\" height=\"1301\" class=\"wp-image-1401\" src=\"https:\/\/cabopol.kobudev.com\/files\/uploads\/2025\/11\/Environment.webp\" alt=\"\" title=\"Environment\" sizes=\"auto, (min-width: 1201px) 35vw, (min-width: 601px) 50vw, 100vw\" srcset=\"https:\/\/cabopol.kobudev.com\/files\/uploads\/2025\/11\/Environment.webp 1301w, https:\/\/cabopol.kobudev.com\/files\/uploads\/2025\/11\/Environment-300x300.webp 300w, https:\/\/cabopol.kobudev.com\/files\/uploads\/2025\/11\/Environment-1024x1024.webp 1024w, https:\/\/cabopol.kobudev.com\/files\/uploads\/2025\/11\/Environment-150x150.webp 150w, https:\/\/cabopol.kobudev.com\/files\/uploads\/2025\/11\/Environment-768x768.webp 768w\" \/><\/figure><\/div><div class=\"content-col\"><div class=\"content-col-wrapper\">\n<h2 class=\"wp-block-heading\"><strong><strong><strong>ENVIRONNEMENT<\/strong><\/strong><\/strong><\/h2>\n\n\n\n<p>Cabopol s\u2019engage pour la protection de l\u2019environnement afin d\u2019assurer la durabilit\u00e9 de ses activit\u00e9s. Elle a mis en place une Politique Environnementale bas\u00e9e sur des directives bien d\u00e9finies, auxquelles elle adh\u00e8re.<\/p>\n\n\n\n<p>Cabopol est fi\u00e8re d\u2019\u00eatre certifi\u00e9e ISO 14001, d\u00e9montrant son engagement envers une gestion environnementale efficace. Cette certification refl\u00e8te notre volont\u00e9 de minimiser l\u2019impact environnemental, de respecter les r\u00e9glementations et d\u2019am\u00e9liorer continuellement nos efforts en mati\u00e8re de durabilit\u00e9.<\/p>\n\n\n\n<div class=\"wp-block-buttons is-layout-flex wp-block-buttons-is-layout-flex\">\n<div class=\"wp-block-button\"><a class=\"wp-block-button__link wp-element-button\" href=\"https:\/\/cabopol.kobudev.com\/files\/uploads\/2025\/11\/Politica-Ambiental_GB_s-assin.pdf\">T\u00e9l\u00e9charger<\/a><\/div>\n<\/div>\n<\/div><\/div><\/div>\n\n\n\n<div class=\"wp-block-kobu-custom-blocks-responsive-spacer responsive-spacer size-large\"><\/div>\n\n\n\n<div class=\"wp-block-kobu-custom-blocks-section-wrapper alignfull kobu-section has-background has-lightergray-background-color\">\n<div class=\"wp-block-kobu-custom-blocks-responsive-spacer responsive-spacer size-large\"><\/div>\n\n\n\n<h2 class=\"wp-block-heading alignwide\">NOS PRODUITS<\/h2>\n\n\n\n<p class=\"alignwide has-text-align-wide\">Les marques de Cabopol fournissent des solutions polym\u00e8res polyvalentes pouvant \u00eatre appliqu\u00e9es dans plusieurs industries, du c\u00e2ble et fil au secteur de la chaussure, en passant par l\u2019injection et l\u2019extrusion, et l\u2019emballage. Chaque marque est bas\u00e9e sur un mat\u00e9riau sp\u00e9cifique, offrant des performances et une fiabilit\u00e9 adapt\u00e9es \u00e0 un large \u00e9ventail d\u2019applications. D\u00e9couvrez nos marques et les solutions innovantes qu\u2019elles apportent \u00e0 votre entreprise.<\/p>\n\n\n\n<div class=\"wp-block-kobu-custom-blocks-responsive-spacer responsive-spacer size-medium\"><\/div>\n\n\n    <div class=\"cards-highlights-block alignwide\">\n        <div class=\"cards-highlights\">\n                            <div class=\"card highlight\">\n                    <div class=\"img-wrapper\">\n                        <div class=\"img-inner-wrapper\">\n                            <img loading=\"lazy\" decoding=\"async\" width=\"640\" height=\"876\" src=\"https:\/\/cabopol.kobudev.com\/files\/uploads\/2025\/11\/Lacoflex.webp\" class=\"coverimg\" alt=\"\" sizes=\"auto, (min-width: 993px) 33vw, (min-width: 601px) 50vw, 100vw\" srcset=\"https:\/\/cabopol.kobudev.com\/files\/uploads\/2025\/11\/Lacoflex.webp 731w, https:\/\/cabopol.kobudev.com\/files\/uploads\/2025\/11\/Lacoflex-219x300.webp 219w\" \/>                        <\/div>\n                    <\/div>\n                    <div class=\"content-wrapper\">\n                        <div class=\"content-inner-wrapper\">\n                                                            <h3>Lacoflex\u00ae TPE | TPU | TPO<\/h3>\n                                                                                        <div class=\"description\">Compos\u00e9s polyvalents pour c\u00e2bles et fils, composants industriels, biens de consommation, produits de soins personnels, emballage et chaussures. Disponibles en versions recycl\u00e9es et biosourc\u00e9es.<\/div>\n                            \n                                                            <a href=\"https:\/\/cabopol.kobudev.com\/fr\/nos-produits\/lacoflex\/\" class=\"btn ghost-white arrow-btn\"><span>En savoir plus<\/span><\/a>\n                                                    <\/div>\n                    <\/div>\n                <\/div>\n                            <div class=\"card highlight\">\n                    <div class=\"img-wrapper\">\n                        <div class=\"img-inner-wrapper\">\n                            <img loading=\"lazy\" decoding=\"async\" width=\"640\" height=\"876\" src=\"https:\/\/cabopol.kobudev.com\/files\/uploads\/2025\/11\/Sofiplus.webp\" class=\"coverimg\" alt=\"\" sizes=\"auto, (min-width: 993px) 33vw, (min-width: 601px) 50vw, 100vw\" srcset=\"https:\/\/cabopol.kobudev.com\/files\/uploads\/2025\/11\/Sofiplus.webp 731w, https:\/\/cabopol.kobudev.com\/files\/uploads\/2025\/11\/Sofiplus-219x300.webp 219w\" \/>                        <\/div>\n                    <\/div>\n                    <div class=\"content-wrapper\">\n                        <div class=\"content-inner-wrapper\">\n                                                            <h3>Sofiplus\u00ae PP | XLPO | XLPE | HF | LSZH<\/h3>\n                                                                                        <div class=\"description\">Solutions avanc\u00e9es pour c\u00e2bles et fils dans les applications automobiles, \u00e9nergie et t\u00e9l\u00e9communications, avec des options adapt\u00e9es \u00e0 des normes strictes de s\u00e9curit\u00e9 et de performance.<\/div>\n                            \n                                                            <a href=\"https:\/\/cabopol.kobudev.com\/fr\/nos-produits\/sofiplus\/\" class=\"btn ghost-white arrow-btn\"><span>En savoir plus<\/span><\/a>\n                                                    <\/div>\n                    <\/div>\n                <\/div>\n                            <div class=\"card highlight\">\n                    <div class=\"img-wrapper\">\n                        <div class=\"img-inner-wrapper\">\n                            <img loading=\"lazy\" decoding=\"async\" width=\"640\" height=\"876\" src=\"https:\/\/cabopol.kobudev.com\/files\/uploads\/2025\/11\/Sofiprime.webp\" class=\"coverimg\" alt=\"\" sizes=\"auto, (min-width: 993px) 33vw, (min-width: 601px) 50vw, 100vw\" srcset=\"https:\/\/cabopol.kobudev.com\/files\/uploads\/2025\/11\/Sofiprime.webp 731w, https:\/\/cabopol.kobudev.com\/files\/uploads\/2025\/11\/Sofiprime-219x300.webp 219w\" \/>                        <\/div>\n                    <\/div>\n                    <div class=\"content-wrapper\">\n                        <div class=\"content-inner-wrapper\">\n                                                            <h3>Sofiprime\u00ae PP | PE<\/h3>\n                                                                                        <div class=\"description\">Compos\u00e9s efficaces et faciles \u00e0 transformer pour applications automobiles, pi\u00e8ces industrielles, biens de consommation, produits de soins personnels et emballage. Con\u00e7us pour un rendement constant, y compris avec options \u00e0 contenu recycl\u00e9.<\/div>\n                            \n                                                            <a href=\"https:\/\/cabopol.kobudev.com\/fr\/nos-produits\/sofiprime\/\" class=\"btn ghost-white arrow-btn\"><span>En savoir plus<\/span><\/a>\n                                                    <\/div>\n                    <\/div>\n                <\/div>\n                            <div class=\"card highlight\">\n                    <div class=\"img-wrapper\">\n                        <div class=\"img-inner-wrapper\">\n                            <img loading=\"lazy\" decoding=\"async\" width=\"640\" height=\"876\" src=\"https:\/\/cabopol.kobudev.com\/files\/uploads\/2025\/11\/Polyprime.webp\" class=\"coverimg\" alt=\"\" sizes=\"auto, (min-width: 993px) 33vw, (min-width: 601px) 50vw, 100vw\" srcset=\"https:\/\/cabopol.kobudev.com\/files\/uploads\/2025\/11\/Polyprime.webp 731w, https:\/\/cabopol.kobudev.com\/files\/uploads\/2025\/11\/Polyprime-219x300.webp 219w\" \/>                        <\/div>\n                    <\/div>\n                    <div class=\"content-wrapper\">\n                        <div class=\"content-inner-wrapper\">\n                                                            <h3>Polyprime\u00ae PVC<\/h3>\n                                                                                        <div class=\"description\">Compos\u00e9s fiables \u00e0 base de PVC pour c\u00e2bles et fils (automobile, \u00e9nergie, t\u00e9l\u00e9communications), composants industriels, biens de consommation, produits de soins personnels et chaussures. Disponibles en versions recycl\u00e9es.<\/div>\n                            \n                                                            <a href=\"https:\/\/cabopol.kobudev.com\/fr\/nos-produits\/polyprime\/\" class=\"btn ghost-white arrow-btn\"><span>En savoir plus<\/span><\/a>\n                                                    <\/div>\n                    <\/div>\n                <\/div>\n                            <div class=\"card highlight\">\n                    <div class=\"img-wrapper\">\n                        <div class=\"img-inner-wrapper\">\n                            <img loading=\"lazy\" decoding=\"async\" width=\"640\" height=\"876\" src=\"https:\/\/cabopol.kobudev.com\/files\/uploads\/2025\/11\/Polyamis.webp\" class=\"coverimg\" alt=\"\" sizes=\"auto, (min-width: 993px) 33vw, (min-width: 601px) 50vw, 100vw\" srcset=\"https:\/\/cabopol.kobudev.com\/files\/uploads\/2025\/11\/Polyamis.webp 731w, https:\/\/cabopol.kobudev.com\/files\/uploads\/2025\/11\/Polyamis-219x300.webp 219w\" \/>                        <\/div>\n                    <\/div>\n                    <div class=\"content-wrapper\">\n                        <div class=\"content-inner-wrapper\">\n                                                            <h3>Polyamis PA6 | PA6.6<\/h3>\n                                                                                        <div class=\"description\">Compos\u00e9s de polyamide haute performance pour applications automobiles, industrielles et biens de consommation. \u00c9galement disponibles avec options \u00e0 contenu recycl\u00e9.<\/div>\n                            \n                                                            <a href=\"https:\/\/cabopol.kobudev.com\/fr\/nos-produits\/polyamis\/\" class=\"btn ghost-white arrow-btn\"><span>En savoir plus<\/span><\/a>\n                                                    <\/div>\n                    <\/div>\n                <\/div>\n                            <div class=\"card highlight\">\n                    <div class=\"img-wrapper\">\n                        <div class=\"img-inner-wrapper\">\n                            <img loading=\"lazy\" decoding=\"async\" width=\"640\" height=\"360\" src=\"https:\/\/cabopol.kobudev.com\/files\/uploads\/2025\/07\/ebef20fc1b68b541e0e492f3a3179a2193c45b90-768x432.jpg\" class=\"coverimg\" alt=\"\" sizes=\"auto, (min-width: 993px) 33vw, (min-width: 601px) 50vw, 100vw\" srcset=\"https:\/\/cabopol.kobudev.com\/files\/uploads\/2025\/07\/ebef20fc1b68b541e0e492f3a3179a2193c45b90-768x432.jpg 768w, https:\/\/cabopol.kobudev.com\/files\/uploads\/2025\/07\/ebef20fc1b68b541e0e492f3a3179a2193c45b90-300x169.jpg 300w, https:\/\/cabopol.kobudev.com\/files\/uploads\/2025\/07\/ebef20fc1b68b541e0e492f3a3179a2193c45b90-1024x576.jpg 1024w, https:\/\/cabopol.kobudev.com\/files\/uploads\/2025\/07\/ebef20fc1b68b541e0e492f3a3179a2193c45b90.jpg 1315w\" \/>                        <\/div>\n                    <\/div>\n                    <div class=\"content-wrapper\">\n                        <div class=\"content-inner-wrapper\">\n                                                            <h3>Solutions Durables<\/h3>\n                                                                                        <div class=\"description\">Compos\u00e9s recycl\u00e9s et biosourc\u00e9s qui r\u00e9duisent les d\u00e9chets, soutiennent l\u2019\u00e9conomie circulaire et offrent des mat\u00e9riaux haute performance pour la fabrication moderne.<\/div>\n                            \n                                                            <a href=\"https:\/\/cabopol.kobudev.com\/fr\/strategie-de-durabilite\/\" class=\"btn ghost-white arrow-btn\"><span>En savoir plus<\/span><\/a>\n                                                    <\/div>\n                    <\/div>\n                <\/div>\n                    <\/div>\n                    <div class=\"container large\">\n                <a href=\"https:\/\/cabopol.kobudev.com\/fr\/applications\/\" class=\"taxonomy-page-link arrow-link\"><span>D\u00e9couvrez nos Solutions<\/span><\/a>\n            <\/div>\n            <\/div>\n\n\n\n<div class=\"wp-block-kobu-custom-blocks-responsive-spacer responsive-spacer size-large\"><\/div>\n<\/div>\n","protected":false},"excerpt":{"rendered":"","protected":false},"author":1,"featured_media":0,"parent":0,"menu_order":1,"comment_status":"closed","ping_status":"closed","template":"templates\/about.php","meta":{"_acf_changed":false,"inline_featured_image":false,"footnotes":""},"class_list":["post-2522","page","type-page","status-publish","hentry"],"acf":[],"_links":{"self":[{"href":"https:\/\/cabopol.kobudev.com\/fr\/wp-json\/wp\/v2\/pages\/2522","targetHints":{"allow":["GET"]}}],"collection":[{"href":"https:\/\/cabopol.kobudev.com\/fr\/wp-json\/wp\/v2\/pages"}],"about":[{"href":"https:\/\/cabopol.kobudev.com\/fr\/wp-json\/wp\/v2\/types\/page"}],"author":[{"embeddable":true,"href":"https:\/\/cabopol.kobudev.com\/fr\/wp-json\/wp\/v2\/users\/1"}],"replies":[{"embeddable":true,"href":"https:\/\/cabopol.kobudev.com\/fr\/wp-json\/wp\/v2\/comments?post=2522"}],"version-history":[{"count":7,"href":"https:\/\/cabopol.kobudev.com\/fr\/wp-json\/wp\/v2\/pages\/2522\/revisions"}],"predecessor-version":[{"id":2888,"href":"https:\/\/cabopol.kobudev.com\/fr\/wp-json\/wp\/v2\/pages\/2522\/revisions\/2888"}],"wp:attachment":[{"href":"https:\/\/cabopol.kobudev.com\/fr\/wp-json\/wp\/v2\/media?parent=2522"}],"curies":[{"name":"wp","href":"https:\/\/api.w.org\/{rel}","templated":true}]}}