{"id":2456,"date":"2025-06-04T09:19:25","date_gmt":"2025-06-04T09:19:25","guid":{"rendered":"https:\/\/cabopol.kobudev.com\/privacy-policy\/"},"modified":"2025-12-18T15:47:39","modified_gmt":"2025-12-18T15:47:39","slug":"politique-de-confidentialite","status":"publish","type":"page","link":"https:\/\/cabopol.kobudev.com\/fr\/politique-de-confidentialite\/","title":{"rendered":"Politique de Confidentialit\u00e9"},"content":{"rendered":"\n<p><strong>(Articles 8, 13, 14 et 21 du R\u00e8glement G\u00e9n\u00e9ral sur la Protection des Donn\u00e9es \u2013 RGPD)<\/strong><\/p>\n\n\n\n<h2 class=\"wp-block-heading\">I \u2013 Pr\u00e9ambule<\/h2>\n\n\n\n<p>Le pr\u00e9sent document expose les modalit\u00e9s selon lesquelles Cabopol \u2013 POLYMER COMPOUNDS, S.A., soci\u00e9t\u00e9 dont le si\u00e8ge est situ\u00e9 \u00e0 IC 2, KM 108, S\u00e3o Jorge, paroisse de Calvaria de Cima, commune de Porto de M\u00f3s, au capital social de 3.750.000,00 \u20ac (trois millions sept cent cinquante mille euros), immatricul\u00e9e au Registre du commerce de Porto de M\u00f3s sous le num\u00e9ro unique d\u2019identification et d\u2019enregistrement 503416002, traite les informations collect\u00e9es et utilis\u00e9es dans ses applications. Toutes ces r\u00e8gles sont conformes \u00e0 la l\u00e9gislation nationale en vigueur.<\/p>\n\n\n\n<h2 class=\"wp-block-heading\">II \u2013 Contenu<\/h2>\n\n\n\n<p class=\"anchorlink\"><a href=\"#personal-data\">Qu\u2019est-ce qu\u2019une donn\u00e9e personnelle ?<br><\/a><br><a href=\"#data-controller\">Qui est le responsable du traitement des donn\u00e9es ?<br><\/a><br><a href=\"#collect\">Quelles informations recueillons-nous \u00e0 votre sujet ?<br><\/a><br><a href=\"#information\">Comment utilisons-nous les informations vous concernant ?<br><\/a><br><a href=\"#right-of-access\">Droit d\u2019acc\u00e8s<br><\/a><br><a href=\"#rectification\">Droit de rectification<br><\/a><br><a href=\"#erasure\">Droit \u00e0 l\u2019effacement des donn\u00e9es (\u00ab droit \u00e0 l\u2019oubli \u00bb)<br><\/a><br><a href=\"#treatment\">Droit \u00e0 la limitation du traitement<br><\/a><br><a href=\"#portability\">Droit \u00e0 la portabilit\u00e9 des donn\u00e9es<br><\/a><br><a href=\"#object\">Droit d\u2019opposition<br><\/a><br><a href=\"#revoke-consent\">Puis-je retirer mon consentement ult\u00e9rieurement ?<br><\/a><br><a href=\"#data-reported\">Dans quelles circonstances les donn\u00e9es sont-elles communiqu\u00e9es \u00e0 d\u2019autres entit\u00e9s (tiers et sous-traitants) ?<br><\/a><br><a href=\"#marketing\">Marketing<br><\/a><br><a href=\"#cookies\">Cookies<\/a><br><br><a href=\"#other-websites\">Autres sites web<br><\/a><br><a href=\"#data-security\">Quelles mesures Cabopol \u2013 POLYMER COMPOUNDS, S.A. a-t-elle mises en place pour garantir la s\u00e9curit\u00e9 de vos donn\u00e9es personnelles ?<br><\/a><br><a href=\"#privacy-notice\">Modifications de la pr\u00e9sente politique de confidentialit\u00e9<br><\/a><br><a href=\"#contact\">Contact<\/a><\/p>\n\n\n\n<h3 class=\"wp-block-heading\" id=\"personal-data\">I \u2013 Qu\u2019est-ce qu\u2019une donn\u00e9e personnelle?<\/h3>\n\n\n\n<p>Lorsque nous faisons r\u00e9f\u00e9rence aux donn\u00e9es personnelles, nous entendons toute information, quelle que soit sa nature ou son support, y compris le son et l\u2019image, relative \u00e0 une personne physique identifi\u00e9e ou identifiable.<\/p>\n\n\n\n<p>Une personne est consid\u00e9r\u00e9e comme identifiable lorsqu\u2019elle peut \u00eatre identifi\u00e9e, directement ou indirectement, notamment par r\u00e9f\u00e9rence \u00e0 un num\u00e9ro d\u2019identification ou \u00e0 un ou plusieurs \u00e9l\u00e9ments sp\u00e9cifiques \u00e0 son identit\u00e9 physique, physiologique, mentale, \u00e9conomique, culturelle ou sociale.<\/p>\n\n\n\n<h3 class=\"wp-block-heading\" id=\"data-controller\">Qui est le responsable du traitement des donn\u00e9es?<\/h3>\n\n\n\n<p>L\u2019entit\u00e9 responsable de la collecte et du traitement des donn\u00e9es personnelles est Cabopol \u2013 POLYMER COMPOUNDS, S.A., soci\u00e9t\u00e9 dont le si\u00e8ge est situ\u00e9 \u00e0 IC 2, KM 108, S\u00e3o Jorge, paroisse de Calvaria de Cima, commune de Porto de M\u00f3s, au capital social de 3.750.000,00 \u20ac (trois millions sept cent cinquante mille euros), immatricul\u00e9e au Registre du commerce de Porto de M\u00f3s sous le num\u00e9ro unique d\u2019identification et d\u2019enregistrement 503416002.<\/p>\n\n\n\n<h3 class=\"wp-block-heading\" id=\"collect\">Quelles informations recueillons-nous \u00e0 votre sujet?<\/h3>\n\n\n\n<p>Nous recueillons des informations vous concernant lorsque vous vous inscrivez sur notre site Web ou effectuez une demande d\u2019achat de produits ou de services. Nous collectons \u00e9galement des informations lorsque vous remplissez volontairement des enqu\u00eates, utilisez l\u2019outil de chat, participez \u00e0 des concours ou donnez votre avis. Les informations relatives \u00e0 l\u2019utilisation du site sont collect\u00e9es \u00e0 l\u2019aide de cookies.<\/p>\n\n\n\n<h3 class=\"wp-block-heading\" id=\"information\">Comment utilisons-nous les informations vous concernant?<\/h3>\n\n\n\n<p>Les donn\u00e9es collect\u00e9es sont utilis\u00e9es pour traiter votre commande, g\u00e9rer votre compte et, si vous y consentez, vous envoyer par e-mail des informations sur d\u2019autres produits et services que nous estimons susceptibles de vous int\u00e9resser. Les informations recueillies sur le site sont \u00e9galement utilis\u00e9es pour personnaliser vos prochaines visites. Si vous donnez votre accord, nous transmettrons vos donn\u00e9es personnelles aux diff\u00e9rentes entreprises du groupe Mekkin Holding afin qu\u2019elles puissent vous proposer leurs produits et services. La soci\u00e9t\u00e9 Cabopol \u2013 POLYMER COMPOUNDS, S.A. ne partage pas vos informations \u00e0 des fins de marketing avec des entreprises ext\u00e9rieures au groupe.<\/p>\n\n\n\n<p>Lors du traitement de votre commande, nous pouvons transmettre vos donn\u00e9es \u00e0 des agences de cr\u00e9dit et de pr\u00e9vention de la fraude, ainsi qu\u2019utiliser les informations fournies par celles-ci.<\/p>\n\n\n\n<p>Ainsi, \u00e0 tout moment, vous pouvez nous demander :<\/p>\n\n\n\n<ul class=\"wp-block-list\">\n<li>L\u2019acc\u00e8s aux informations que nous d\u00e9tenons \u00e0 votre sujet;<\/li>\n\n\n\n<li>La rectification des informations si elles sont inexactes ou incompl\u00e8tes;<\/li>\n\n\n\n<li>La suppression ou la limitation du traitement de vos donn\u00e9es personnelles;<\/li>\n\n\n\n<li>Si le traitement est bas\u00e9 sur votre consentement ou un contrat et effectu\u00e9 par des moyens automatis\u00e9s, vous avez le droit de recevoir les donn\u00e9es personnelles fournies dans un format structur\u00e9, couramment utilis\u00e9 et lisible par machine.<\/li>\n<\/ul>\n\n\n\n<p><\/p>\n\n\n\n<p>Vos demandes seront trait\u00e9es avec une attention particuli\u00e8re afin de garantir l\u2019exercice effectif de vos droits. Il pourra vous \u00eatre demand\u00e9 de prouver votre identit\u00e9 afin de garantir que les donn\u00e9es personnelles ne sont communiqu\u00e9es qu\u2019\u00e0 leur titulaire.<\/p>\n\n\n\n<p>Veuillez noter que dans certains cas (par exemple en raison d\u2019exigences l\u00e9gales), votre demande pourrait ne pas \u00eatre satisfaite imm\u00e9diatement.<\/p>\n\n\n\n<p>Dans tous les cas, vous serez inform\u00e9 des mesures prises \u00e0 cet effet dans un d\u00e9lai maximum d\u2019un mois \u00e0 compter de la date de votre demande.<\/p>\n\n\n\n<p>Vous avez \u00e9galement le droit d\u2019introduire une r\u00e9clamation aupr\u00e8s de la Commission Nationale de la Protection des Donn\u00e9es: <a href=\"https:\/\/www.cnpd.pt\">https:\/\/www.cnpd.pt<\/a><\/p>\n\n\n\n<h3 class=\"wp-block-heading\" id=\"right-of-access\">Droit d\u2019acc\u00e8s<\/h3>\n\n\n\n<p>Le titulaire des donn\u00e9es personnelles a le droit d\u2019obtenir de CABOPOL \u2013 POLYMER COMPOUNDS, S.A. la confirmation que des donn\u00e9es le concernant sont ou non trait\u00e9es et, le cas \u00e9ch\u00e9ant, d\u2019acc\u00e9der \u00e0 ses donn\u00e9es personnelles ainsi qu\u2019aux informations pr\u00e9vues par la loi.<\/p>\n\n\n\n<p>Si vous souhaitez obtenir plus d\u2019une copie de vos donn\u00e9es personnelles en cours de traitement, Cabopol \u2013 POLYMER COMPOUNDS, S.A. pourra vous facturer des frais administratifs, conform\u00e9ment au Manuel de Confidentialit\u00e9 de l\u2019entreprise.<\/p>\n\n\n\n<h3 class=\"wp-block-heading\" id=\"rectification\">Droit de rectification<\/h3>\n\n\n\n<p>Le titulaire des donn\u00e9es personnelles a le droit d\u2019obtenir de Cabopol \u2013 POLYMER COMPOUNDS, S.A., sans retard injustifi\u00e9, la rectification des donn\u00e9es inexactes ou incompl\u00e8tes le concernant.<\/p>\n\n\n\n<h3 class=\"wp-block-heading\" id=\"erasure\">Droit \u00e0 l\u2019effacement des donn\u00e9es (\u00abdroit \u00e0 l\u2019oubli\u00bb)<\/h3>\n\n\n\n<p>Le titulaire des donn\u00e9es personnelles a le droit de demander \u00e0 Cabopol \u2013 POLYMER COMPOUNDS, S.A. l\u2019effacement de ses donn\u00e9es, sans retard injustifi\u00e9, et Cabopol \u2013 POLYMER COMPOUNDS, S.A. est tenue de supprimer les donn\u00e9es personnelles lorsque, entre autres, l\u2019un des motifs suivants s\u2019applique:<\/p>\n\n\n\n<p>(a) les donn\u00e9es personnelles ne sont plus n\u00e9cessaires aux finalit\u00e9s pour lesquelles elles ont \u00e9t\u00e9 collect\u00e9es ou trait\u00e9es;<\/p>\n\n\n\n<p>(b) la personne concern\u00e9e retire son consentement au traitement (lorsque le traitement est fond\u00e9 sur le consentement) et aucun autre fondement juridique ne justifie le traitement;<\/p>\n\n\n\n<p>(c) la personne concern\u00e9e s\u2019oppose au traitement et il n\u2019existe pas de motifs l\u00e9gitimes imp\u00e9rieux pour le traitement.<\/p>\n\n\n\n<p><\/p>\n\n\n\n<h3 class=\"wp-block-heading\" id=\"treatment\">Droit \u00e0 la limitation du traitement<\/h3>\n\n\n\n<p>Le titulaire des donn\u00e9es a le droit d\u2019obtenir de Cabopol \u2013 POLYMER COMPOUNDS, S.A. la limitation du traitement lorsque l\u2019une des situations suivantes s\u2019applique:<\/p>\n\n\n\n<p>(a) lorsque l\u2019exactitude des donn\u00e9es personnelles est contest\u00e9e, pendant une p\u00e9riode permettant \u00e0 Cabopol \u2013 POLYMER COMPOUNDS, S.A. de v\u00e9rifier l\u2019exactitude des donn\u00e9es;<\/p>\n\n\n\n<p>(b) lorsque le traitement est licite et que la personne concern\u00e9e s\u2019oppose \u00e0 l\u2019effacement de ses donn\u00e9es personnelles et demande \u00e0 la place la limitation de leur utilisation;<\/p>\n\n\n\n<p>(c) lorsque Cabopol \u2013 POLYMER COMPOUNDS, S.A. n\u2019a plus besoin des donn\u00e9es personnelles aux fins du traitement, mais que celles-ci sont n\u00e9cessaires \u00e0 la personne concern\u00e9e pour la constatation, l\u2019exercice ou la d\u00e9fense de droits en justice;<\/p>\n\n\n\n<p>(d) lorsque la personne concern\u00e9e s\u2019est oppos\u00e9e au traitement, pendant la v\u00e9rification portant sur le point de savoir si les motifs l\u00e9gitimes du responsable du traitement pr\u00e9valent sur ceux de la personne concern\u00e9e.<\/p>\n\n\n\n<p><\/p>\n\n\n\n<h3 class=\"wp-block-heading\" id=\"portability\">Droit \u00e0 la portabilit\u00e9 des donn\u00e9es<\/h3>\n\n\n\n<p>Si le traitement repose sur le consentement de la personne concern\u00e9e et que ce consentement a \u00e9t\u00e9 donn\u00e9 par des moyens automatis\u00e9s, la personne concern\u00e9e a le droit de recevoir les donn\u00e9es personnelles qu\u2019elle a fournies \u00e0 Cabopol \u2013 POLYMER COMPOUNDS, S.A. dans un format structur\u00e9, couramment utilis\u00e9 et lisible par machine.<\/p>\n\n\n\n<h3 class=\"wp-block-heading\" id=\"object\">Droit d\u2019opposition<\/h3>\n\n\n\n<p>Dans les cas o\u00f9 le traitement des donn\u00e9es est fond\u00e9 sur l\u2019int\u00e9r\u00eat l\u00e9gitime poursuivi par Cabopol \u2013 POLYMER COMPOUNDS, S.A., ou lorsque les donn\u00e9es sont trait\u00e9es \u00e0 des fins de marketing direct, ou encore en cas de profilage, la personne concern\u00e9e peut s\u2019opposer \u00e0 tout moment au traitement de ses donn\u00e9es personnelles.<\/p>\n\n\n\n<h3 class=\"wp-block-heading\" id=\"revoke-consent\">Puis-je retirer mon consentement ult\u00e9rieurement?<\/h3>\n\n\n\n<p>Si le consentement est juridiquement n\u00e9cessaire pour le traitement des donn\u00e9es personnelles, la personne concern\u00e9e a le droit de retirer son consentement \u00e0 tout moment. Toutefois, ce retrait n\u2019affecte pas la lic\u00e9it\u00e9 du traitement effectu\u00e9 sur la base du consentement pr\u00e9alablement donn\u00e9, ni le traitement ult\u00e9rieur des m\u00eames donn\u00e9es fond\u00e9 sur une autre base l\u00e9gale, telle que l\u2019ex\u00e9cution d\u2019un contrat ou le respect d\u2019une obligation l\u00e9gale \u00e0 laquelle Cabopol \u2013 POLYMER COMPOUNDS, S.A. est soumise.<\/p>\n\n\n\n<h3 class=\"wp-block-heading\" id=\"data-reported\">Dans quelles circonstances les donn\u00e9es sont-elles communiqu\u00e9es \u00e0 d&#8217;autres entit\u00e9s (tiers et sous-traitants)?<\/h3>\n\n\n\n<p>CABOPOL \u2013 POLYMER COMPOUNDS, S.A., dans le cadre de son activit\u00e9, peut faire appel \u00e0 des tiers pour la prestation de certains services. Parfois, la r\u00e9alisation de ces services implique l\u2019acc\u00e8s, par ces entit\u00e9s, aux donn\u00e9es personnelles de nos clients.<\/p>\n\n\n\n<p>Lorsque cela se produit, CABOPOL \u2013 POLYMER COMPOUNDS, S.A. prend les mesures appropri\u00e9es pour s\u2019assurer que les entit\u00e9s ayant acc\u00e8s aux donn\u00e9es sont r\u00e9put\u00e9es et offrent les meilleures garanties en la mati\u00e8re, garanties qui sont d\u00fbment pr\u00e9vues et prot\u00e9g\u00e9es par un contrat sign\u00e9 entre CABOPOL \u2013 POLYMER COMPOUNDS, S.A. et le ou les tiers concern\u00e9s.<\/p>\n\n\n\n<p>Ainsi, toute entit\u00e9 sous-traitante de Cabopol \u2013 POLYMER COMPOUNDS, S.A. traitera les donn\u00e9es personnelles de nos clients au nom et pour le compte de Cabopol \u2013 POLYMER COMPOUNDS, S.A., en \u00e9tant tenue de prendre les mesures techniques et organisationnelles n\u00e9cessaires pour prot\u00e9ger les donn\u00e9es personnelles contre la destruction accidentelle ou ill\u00e9gale, la perte accidentelle, l\u2019alt\u00e9ration, la divulgation ou l\u2019acc\u00e8s non autoris\u00e9s, ainsi que contre toute autre forme de traitement illicite.<\/p>\n\n\n\n<p>Dans tous les cas, Cabopol \u2013 POLYMER COMPOUNDS, S.A. reste responsable des donn\u00e9es personnelles que vous nous fournissez.<\/p>\n\n\n\n<h3 class=\"wp-block-heading\" id=\"marketing\">Marketing<\/h3>\n\n\n\n<p>Nous aimerions pouvoir vous envoyer des informations sur les produits et services des soci\u00e9t\u00e9s du groupe Mekkin Holding susceptibles de vous int\u00e9resser. Si vous avez donn\u00e9 votre consentement pr\u00e9alable, vous pouvez \u00e0 tout moment choisir d\u2019annuler votre abonnement. Vous avez le droit de refuser \u00e0 tout moment d\u2019\u00eatre contact\u00e9 \u00e0 des fins de marketing en cliquant sur &#8220;Je ne suis pas d\u2019accord&#8221;.<\/p>\n\n\n\n<h3 class=\"wp-block-heading\" id=\"cookies\">Cookies<\/h3>\n\n\n\n<p>Il s\u2019agit de petits fichiers texte stock\u00e9s sur votre ordinateur qui permettent de recueillir des informations sur votre appareil et sur votre exp\u00e9rience utilisateur. Ces informations sont utilis\u00e9es pour enregistrer le nombre de visites et compiler des statistiques sur l\u2019activit\u00e9 du site web.<\/p>\n\n\n\n<p>Types de cookies selon l\u2019entit\u00e9 qui les g\u00e8re:<\/p>\n\n\n\n<ul class=\"wp-block-list\">\n<li>Cookies internes : cookies g\u00e9r\u00e9s par ce domaine \/ site web;<\/li>\n\n\n\n<li>Cookies tiers : cookies g\u00e9r\u00e9s par un autre domaine \/ site web;<\/li>\n\n\n\n<li>Cookies persistants: les informations des cookies sont stock\u00e9es de mani\u00e8re permanente sur votre appareil;<\/li>\n\n\n\n<li>Cookies de session: les informations des cookies ne sont pas stock\u00e9es de mani\u00e8re permanente sur votre appareil.<\/li>\n<\/ul>\n\n\n\n<p><\/p>\n\n\n\n<p>Cabopol \u2013 POLYMER COMPOUNDS, S.A. utilise des cookies de session et des cookies internes, ainsi que des cookies persistants et des cookies tiers.<\/p>\n\n\n\n<h3 class=\"wp-block-heading\" id=\"other-websites\">Autres sites web<\/h3>\n\n\n\n<p>Ce site web contient des liens vers d\u2019autres sites. Cette politique de confidentialit\u00e9 ne s\u2019applique qu\u2019\u00e0 ce site web. Nous vous conseillons de lire les politiques de confidentialit\u00e9 des autres sites que vous visitez.<\/p>\n\n\n\n<h3 class=\"wp-block-heading\" id=\"data-security\">Quelles mesures ont \u00e9t\u00e9 prises par Cabopol \u2013 POLYMER COMPOUNDS, S.A. pour garantir la s\u00e9curit\u00e9 de vos donn\u00e9es personnelles?<\/h3>\n\n\n\n<p>Cabopol \u2013 POLYMER COMPOUNDS, S.A. s\u2019engage \u00e0 garantir la protection de la s\u00e9curit\u00e9 des donn\u00e9es personnelles qui nous sont communiqu\u00e9es, ayant adopt\u00e9 et mis en \u0153uvre des r\u00e8gles strictes en la mati\u00e8re. Le respect de ces r\u00e8gles est une obligation incontournable pour toute personne ayant l\u00e9galement acc\u00e8s aux donn\u00e9es.<\/p>\n\n\n\n<p>Compte tenu de l\u2019importance que Cabopol \u2013 POLYMER COMPOUNDS, S.A. accorde \u00e0 la protection de la vie priv\u00e9e, plusieurs mesures de s\u00e9curit\u00e9 techniques et organisationnelles ont \u00e9t\u00e9 mises en place afin de prot\u00e9ger les donn\u00e9es personnelles transmises contre leur diffusion, perte, utilisation abusive, alt\u00e9ration, traitement ou acc\u00e8s non autoris\u00e9, ainsi que contre toute autre forme de traitement illicite. Pour cette raison, les formulaires de collecte de donn\u00e9es personnelles pr\u00e9sents sur tous nos sites web n\u00e9cessitent des sessions de navigation crypt\u00e9es, et toutes les donn\u00e9es personnelles que vous nous fournissez sont stock\u00e9es de mani\u00e8re s\u00e9curis\u00e9e dans les syst\u00e8mes de Cabopol \u2013 POLYMER COMPOUNDS, S.A., situ\u00e9s dans le propre centre de donn\u00e9es de l\u2019entreprise, avec toutes les mesures de s\u00e9curit\u00e9 physiques et logiques que nous estimons essentielles pour la protection de vos donn\u00e9es personnelles.<\/p>\n\n\n\n<p>Nonobstant les mesures de s\u00e9curit\u00e9 adopt\u00e9es par Cabopol \u2013 POLYMER COMPOUNDS, S.A., nous sommes tenus d\u2019avertir tous les internautes qu\u2019ils doivent eux-m\u00eames adopter des mesures de s\u00e9curit\u00e9 suppl\u00e9mentaires, notamment s\u2019assurer qu\u2019ils utilisent un ordinateur et un navigateur \u00e0 jour, avec les correctifs de s\u00e9curit\u00e9 configur\u00e9s correctement, et qu\u2019ils disposent d\u2019un pare-feu, d\u2019un antivirus et d\u2019un antispyware actifs. Ils doivent \u00e9galement v\u00e9rifier l\u2019authenticit\u00e9 des sites web qu\u2019ils visitent et \u00e9viter ceux en qui ils n\u2019ont pas confiance.<\/p>\n\n\n\n<h3 class=\"wp-block-heading\" id=\"privacy-notice\">Modifications de cette politique de confidentialit\u00e9<\/h3>\n\n\n\n<p>Nos politiques de confidentialit\u00e9 sont r\u00e9guli\u00e8rement r\u00e9vis\u00e9es et toute modification sera publi\u00e9e sur ce site web.<\/p>\n\n\n\n<h3 class=\"wp-block-heading\" id=\"contact\">Contact<\/h3>\n\n\n\n<p>Si vous souhaitez exercer l\u2019un des droits pr\u00e9vus par la loi ou par cette politique de confidentialit\u00e9, ou si vous avez des questions concernant cette politique ou les informations que nous d\u00e9tenons \u00e0 votre sujet, veuillez utiliser l\u2019adresse e-mail suivante: <a href=\"mailto:dpo@mekkin.pt\">dpo@mekkin.pt<\/a><\/p>\n\n\n\n<div class=\"wp-block-kobu-custom-blocks-responsive-spacer responsive-spacer size-large\"><\/div>\n","protected":false},"excerpt":{"rendered":"<p>(Articles 8, 13, 14 et 21 du R\u00e8glement G\u00e9n\u00e9ral sur la Protection des Donn\u00e9es \u2013 RGPD) I \u2013 Pr\u00e9ambule Le pr\u00e9sent document expose les modalit\u00e9s [&hellip;]<\/p>\n","protected":false},"author":1,"featured_media":0,"parent":0,"menu_order":32,"comment_status":"closed","ping_status":"closed","template":"","meta":{"_acf_changed":false,"inline_featured_image":false,"footnotes":""},"class_list":["post-2456","page","type-page","status-publish","hentry"],"acf":[],"_links":{"self":[{"href":"https:\/\/cabopol.kobudev.com\/fr\/wp-json\/wp\/v2\/pages\/2456","targetHints":{"allow":["GET"]}}],"collection":[{"href":"https:\/\/cabopol.kobudev.com\/fr\/wp-json\/wp\/v2\/pages"}],"about":[{"href":"https:\/\/cabopol.kobudev.com\/fr\/wp-json\/wp\/v2\/types\/page"}],"author":[{"embeddable":true,"href":"https:\/\/cabopol.kobudev.com\/fr\/wp-json\/wp\/v2\/users\/1"}],"replies":[{"embeddable":true,"href":"https:\/\/cabopol.kobudev.com\/fr\/wp-json\/wp\/v2\/comments?post=2456"}],"version-history":[{"count":7,"href":"https:\/\/cabopol.kobudev.com\/fr\/wp-json\/wp\/v2\/pages\/2456\/revisions"}],"predecessor-version":[{"id":2994,"href":"https:\/\/cabopol.kobudev.com\/fr\/wp-json\/wp\/v2\/pages\/2456\/revisions\/2994"}],"wp:attachment":[{"href":"https:\/\/cabopol.kobudev.com\/fr\/wp-json\/wp\/v2\/media?parent=2456"}],"curies":[{"name":"wp","href":"https:\/\/api.w.org\/{rel}","templated":true}]}}