{"id":2819,"date":"2025-11-21T11:30:47","date_gmt":"2025-11-21T11:30:47","guid":{"rendered":"https:\/\/cabopol.kobudev.com\/proyectos\/recap\/"},"modified":"2025-12-18T11:50:47","modified_gmt":"2025-12-18T11:50:47","slug":"recap","status":"publish","type":"page","link":"https:\/\/cabopol.kobudev.com\/es\/proyectos\/recap\/","title":{"rendered":"ReCAP"},"content":{"rendered":"\n<p>Definido por cuatro entidades en consorcio (MPTooL, INEGI, Cadflow y Cabopol), el proyecto ReCAP tiene como objetivo el desarrollo y la producci\u00f3n de componentes aeron\u00e1uticos compuestos de matriz termopl\u00e1stica reforzada con fibra de carbono, mediante la m\u00e1xima valorizaci\u00f3n de \u201cresiduos industriales\u201d y un uso reducido de materias primas v\u00edrgenes.<br><br>El proyecto ReCAP pretende reducir el peso y el coste asociado a la fabricaci\u00f3n de componentes aeron\u00e1uticos, implementando un plan de acci\u00f3n innovador basado en el desarrollo sostenible (con el objetivo de \u201cresiduo cero\u201d) y en la competitividad (mediante el uso de tecnolog\u00edas de alta cadencia productiva).<\/p>\n\n\n\n<p>En resumen, el proyecto busca desarrollar tecnolog\u00edas relevantes para el sector aeron\u00e1utico, alineadas con las principales l\u00edneas de innovaci\u00f3n e investigaci\u00f3n de Clean Sky 2 y con una visi\u00f3n estrat\u00e9gica centrada en la modernizaci\u00f3n de los modelos industriales hacia una econom\u00eda m\u00e1s circular.<\/p>\n\n\n\n<p>Como resultado final, el proyecto presentar\u00e1 cuatro prototipos aeron\u00e1uticos primarios y\/o secundarios como demostradores de las tecnolog\u00edas implementadas: termoconformado con sobremoldeo, moldeo por compresi\u00f3n con fibra larga y materia prima 100 % reciclada, inyecci\u00f3n de pl\u00e1stico reforzado con materia prima 100 % reciclada y soldadura in situ de compuestos de matriz termopl\u00e1stica.<\/p>\n\n\n\n<p>Se espera que los productos finales aporten valor a\u00f1adido y visibilidad al consorcio, funcionando como demostradores de las competencias de cada entidad y permitiendo un fuerte posicionamiento en los mercados nacional e internacional, con ventajas competitivas centradas en su car\u00e1cter innovador, diferenciador y medioambientalmente sostenible.<\/p>\n\n\n\n<div class=\"wp-block-kobu-custom-blocks-responsive-spacer responsive-spacer size-large\"><\/div>\n\n\n<noscript class=\"loading-lazy\">\n<figure class=\"wp-block-image size-full\"><img loading=\"lazy\" decoding=\"async\" width=\"901\" height=\"498\" src=\"https:\/\/cabopol.kobudev.com\/files\/uploads\/2025\/11\/Wire-and-Cable.webp\" alt=\"\" class=\"wp-image-1355\" srcset=\"https:\/\/cabopol.kobudev.com\/files\/uploads\/2025\/11\/Wire-and-Cable.webp 901w, https:\/\/cabopol.kobudev.com\/files\/uploads\/2025\/11\/Wire-and-Cable-300x166.webp 300w, https:\/\/cabopol.kobudev.com\/files\/uploads\/2025\/11\/Wire-and-Cable-768x424.webp 768w\" sizes=\"auto, (max-width: 901px) 100vw, 901px\" \/><\/figure>\n<\/noscript>\n\n\n<div class=\"wp-block-kobu-custom-blocks-responsive-spacer responsive-spacer size-large\"><\/div>\n\n\n\n<h2 class=\"wp-block-heading\">Proyecto<\/h2>\n\n\n\n<p>Reutilizaci\u00f3n de compuestos de alto rendimiento: sector aeroespacial<\/p>\n\n\n\n<div class=\"wp-block-kobu-custom-blocks-responsive-spacer responsive-spacer size-small\"><\/div>\n\n\n\n<h3 class=\"wp-block-heading\">N\u00ba de Proyecto<\/h3>\n\n\n\n<p>46966<\/p>\n\n\n\n<div class=\"wp-block-kobu-custom-blocks-responsive-spacer responsive-spacer size-small\"><\/div>\n\n\n\n<h3 class=\"wp-block-heading\">C\u00f3digo<\/h3>\n\n\n\n<p>POCI-01-0247-FEDER-046966<\/p>\n\n\n\n<div class=\"wp-block-kobu-custom-blocks-responsive-spacer responsive-spacer size-small\"><\/div>\n\n\n\n<h3 class=\"wp-block-heading\">Fecha de Aprobaci\u00f3n<\/h3>\n\n\n\n<p>15-12-2020<\/p>\n\n\n\n<div class=\"wp-block-kobu-custom-blocks-responsive-spacer responsive-spacer size-small\"><\/div>\n\n\n\n<h3 class=\"wp-block-heading\">Fecha de Inicio<\/h3>\n\n\n\n<p>01-10-2020<\/p>\n\n\n\n<div class=\"wp-block-kobu-custom-blocks-responsive-spacer responsive-spacer size-small\"><\/div>\n\n\n\n<h3 class=\"wp-block-heading\">Fecha de Finalizaci\u00f3n<\/h3>\n\n\n\n<p>30-06-2023<\/p>\n\n\n\n<div class=\"wp-block-kobu-custom-blocks-responsive-spacer responsive-spacer size-small\"><\/div>\n\n\n\n<h3 class=\"wp-block-heading\">Entidades Beneficiarias<\/h3>\n\n\n\n<p>MPTool; INEGI; Cadflow; Cabopol<\/p>\n\n\n\n<div class=\"wp-block-kobu-custom-blocks-responsive-spacer responsive-spacer size-small\"><\/div>\n\n\n\n<h3 class=\"wp-block-heading\">Regi\u00f3n de Intervenci\u00f3n<\/h3>\n\n\n\n<p>Norte; Centro<\/p>\n\n\n\n<div class=\"wp-block-kobu-custom-blocks-responsive-spacer responsive-spacer size-small\"><\/div>\n\n\n\n<h3 class=\"wp-block-heading\">Inversi\u00f3n<\/h3>\n\n\n\n<p>2.362 223,01\u20ac<\/p>\n\n\n\n<div class=\"wp-block-kobu-custom-blocks-responsive-spacer responsive-spacer size-large\"><\/div>\n\n\n\n<div class=\"wp-block-kobu-custom-blocks-slider-gallery\"><div class=\"slider-gallery gallery-container hidden  \"><div class=\"gallery \" role=\"list\"><div class=\"slide\" role=\"listitem\"><div class=\"figure-wrapper\"><figure><img loading=\"lazy\" decoding=\"async\" width=\"1323\" height=\"882\" class=\"wp-image-295\" src=\"https:\/\/cabopol.kobudev.com\/files\/uploads\/2025\/07\/aed01efdf981ddc443431b3bdf672492302a9289.jpg\" alt=\"\" sizes=\"auto, 100vw\" srcset=\"https:\/\/cabopol.kobudev.com\/files\/uploads\/2025\/07\/aed01efdf981ddc443431b3bdf672492302a9289.jpg 1323w, https:\/\/cabopol.kobudev.com\/files\/uploads\/2025\/07\/aed01efdf981ddc443431b3bdf672492302a9289-300x200.jpg 300w, https:\/\/cabopol.kobudev.com\/files\/uploads\/2025\/07\/aed01efdf981ddc443431b3bdf672492302a9289-1024x683.jpg 1024w, https:\/\/cabopol.kobudev.com\/files\/uploads\/2025\/07\/aed01efdf981ddc443431b3bdf672492302a9289-768x512.jpg 768w\" \/><\/figure><\/div><\/div><div class=\"slide\" role=\"listitem\"><div class=\"figure-wrapper\"><figure><img loading=\"lazy\" decoding=\"async\" width=\"1600\" height=\"1067\" class=\"wp-image-311\" src=\"https:\/\/cabopol.kobudev.com\/files\/uploads\/2025\/07\/baa889b35f9492a36a410d3d9c650514aca13748.jpg\" alt=\"\" sizes=\"auto, 100vw\" srcset=\"https:\/\/cabopol.kobudev.com\/files\/uploads\/2025\/07\/baa889b35f9492a36a410d3d9c650514aca13748.jpg 1600w, https:\/\/cabopol.kobudev.com\/files\/uploads\/2025\/07\/baa889b35f9492a36a410d3d9c650514aca13748-300x200.jpg 300w, https:\/\/cabopol.kobudev.com\/files\/uploads\/2025\/07\/baa889b35f9492a36a410d3d9c650514aca13748-1024x683.jpg 1024w, https:\/\/cabopol.kobudev.com\/files\/uploads\/2025\/07\/baa889b35f9492a36a410d3d9c650514aca13748-768x512.jpg 768w, https:\/\/cabopol.kobudev.com\/files\/uploads\/2025\/07\/baa889b35f9492a36a410d3d9c650514aca13748-1536x1024.jpg 1536w\" \/><\/figure><\/div><\/div><div class=\"slide\" role=\"listitem\"><div class=\"figure-wrapper\"><figure><img loading=\"lazy\" decoding=\"async\" width=\"8512\" height=\"5682\" class=\"wp-image-1433\" src=\"https:\/\/cabopol.kobudev.com\/files\/uploads\/2025\/11\/Wire-Cable-Press-R.png\" alt=\"\" sizes=\"auto, 100vw\" srcset=\"https:\/\/cabopol.kobudev.com\/files\/uploads\/2025\/11\/Wire-Cable-Press-R.png 8512w, https:\/\/cabopol.kobudev.com\/files\/uploads\/2025\/11\/Wire-Cable-Press-R-300x200.png 300w, https:\/\/cabopol.kobudev.com\/files\/uploads\/2025\/11\/Wire-Cable-Press-R-1024x684.png 1024w, https:\/\/cabopol.kobudev.com\/files\/uploads\/2025\/11\/Wire-Cable-Press-R-768x513.png 768w\" \/><\/figure><\/div><\/div><\/div><\/div><\/div>\n\n\n\n<div class=\"wp-block-kobu-custom-blocks-responsive-spacer responsive-spacer size-large\"><\/div>\n\n\n\n<h3 class=\"wp-block-heading\">DESCARGAR INFORMACI\u00d3N DEL PROYECTO<\/h3>\n\n\n\n<div class=\"wp-block-buttons is-layout-flex wp-block-buttons-is-layout-flex\">\n<div class=\"wp-block-button is-style-download-btn\"><a class=\"wp-block-button__link wp-element-button\" href=\"https:\/\/cabopol.kobudev.com\/files\/uploads\/2025\/11\/ReCAP-Ficha-de-Projeto.pdf\">Descargar PDF<\/a><\/div>\n<\/div>\n\n\n\n<div class=\"wp-block-kobu-custom-blocks-responsive-spacer responsive-spacer size-medium\"><\/div>\n\n\n\n<div class=\"wp-block-buttons is-layout-flex wp-block-buttons-is-layout-flex\">\n<div class=\"wp-block-button is-style-arrow-btn-underline\"><a class=\"wp-block-button__link wp-element-button\" href=\"https:\/\/cabopol.kobudev.com\/es\/proyectos\/\">M\u00c1S PROYECTOS<\/a><\/div>\n<\/div>\n\n\n\n<p><\/p>\n","protected":false},"excerpt":{"rendered":"<p>Definido por cuatro entidades en consorcio (MPTooL, INEGI, Cadflow y Cabopol), el proyecto ReCAP tiene como objetivo el desarrollo y la producci\u00f3n de componentes aeron\u00e1uticos [&hellip;]<\/p>\n","protected":false},"author":2,"featured_media":0,"parent":2718,"menu_order":26,"comment_status":"closed","ping_status":"closed","template":"","meta":{"_acf_changed":false,"inline_featured_image":false,"footnotes":""},"class_list":["post-2819","page","type-page","status-publish","hentry"],"acf":[],"_links":{"self":[{"href":"https:\/\/cabopol.kobudev.com\/es\/wp-json\/wp\/v2\/pages\/2819","targetHints":{"allow":["GET"]}}],"collection":[{"href":"https:\/\/cabopol.kobudev.com\/es\/wp-json\/wp\/v2\/pages"}],"about":[{"href":"https:\/\/cabopol.kobudev.com\/es\/wp-json\/wp\/v2\/types\/page"}],"author":[{"embeddable":true,"href":"https:\/\/cabopol.kobudev.com\/es\/wp-json\/wp\/v2\/users\/2"}],"replies":[{"embeddable":true,"href":"https:\/\/cabopol.kobudev.com\/es\/wp-json\/wp\/v2\/comments?post=2819"}],"version-history":[{"count":3,"href":"https:\/\/cabopol.kobudev.com\/es\/wp-json\/wp\/v2\/pages\/2819\/revisions"}],"predecessor-version":[{"id":2986,"href":"https:\/\/cabopol.kobudev.com\/es\/wp-json\/wp\/v2\/pages\/2819\/revisions\/2986"}],"up":[{"embeddable":true,"href":"https:\/\/cabopol.kobudev.com\/es\/wp-json\/wp\/v2\/pages\/2718"}],"wp:attachment":[{"href":"https:\/\/cabopol.kobudev.com\/es\/wp-json\/wp\/v2\/media?parent=2819"}],"curies":[{"name":"wp","href":"https:\/\/api.w.org\/{rel}","templated":true}]}}