{"id":2797,"date":"2025-11-21T11:47:53","date_gmt":"2025-11-21T11:47:53","guid":{"rendered":"https:\/\/cabopol.kobudev.com\/proyectos\/nanopoli\/"},"modified":"2025-12-16T13:45:59","modified_gmt":"2025-12-16T13:45:59","slug":"nanopoli","status":"publish","type":"page","link":"https:\/\/cabopol.kobudev.com\/es\/proyectos\/nanopoli\/","title":{"rendered":"Nanopoli"},"content":{"rendered":"\n<p>Durante los \u00faltimos dos a\u00f1os, Cabopol ha estado desarrollando, en el marco del Proyecto NanoPoli, una soluci\u00f3n innovadora en el \u00e1mbito del recubrimiento y aislamiento de cables para su integraci\u00f3n en diversas industrias.<br><br>Este proyecto, financiado por la Uni\u00f3n Europea, permiti\u00f3 que el equipo de investigaci\u00f3n y desarrollo de Cabopol se centrara en el desarrollo de un nanocompuesto compuesto por una matriz de base olef\u00ednica, que ofrece tanto resistencia a la llama mediante ceramizaci\u00f3n como excelentes propiedades t\u00e9rmicas y mec\u00e1nicas.<br><br>La realizaci\u00f3n de este proyecto innovador permiti\u00f3 la adquisici\u00f3n de nuevos conocimientos y competencias t\u00e9cnicas, esenciales en un \u00e1rea donde Cabopol a\u00fan no ten\u00eda experiencia consolidada, impactando significativamente en el crecimiento y desarrollo de la empresa.<\/p>\n\n\n\n<p>.<\/p>\n\n\n\n<div class=\"wp-block-kobu-custom-blocks-responsive-spacer responsive-spacer size-large\"><\/div>\n\n\n<noscript class=\"loading-lazy\">\n<figure class=\"wp-block-image size-full\"><img loading=\"lazy\" decoding=\"async\" width=\"901\" height=\"498\" src=\"https:\/\/cabopol.kobudev.com\/files\/uploads\/2025\/11\/Wire-and-Cable.webp\" alt=\"\" class=\"wp-image-1355\" srcset=\"https:\/\/cabopol.kobudev.com\/files\/uploads\/2025\/11\/Wire-and-Cable.webp 901w, https:\/\/cabopol.kobudev.com\/files\/uploads\/2025\/11\/Wire-and-Cable-300x166.webp 300w, https:\/\/cabopol.kobudev.com\/files\/uploads\/2025\/11\/Wire-and-Cable-768x424.webp 768w\" sizes=\"auto, (max-width: 901px) 100vw, 901px\" \/><\/figure>\n<\/noscript>\n\n\n<div class=\"wp-block-kobu-custom-blocks-responsive-spacer responsive-spacer size-large\"><\/div>\n\n\n\n<h2 class=\"wp-block-heading\">Denominaci\u00f3n del Proyecto<\/h2>\n\n\n\n<p>Investigaci\u00f3n y Desarrollo Tecnol\u00f3gico \u2013 Proyectos de I+D \u2013 Individuales \u2013 Nanopoli: Nanocompuesto resistente a la llama<\/p>\n\n\n\n<div class=\"wp-block-kobu-custom-blocks-responsive-spacer responsive-spacer size-small\"><\/div>\n\n\n\n<h3 class=\"wp-block-heading\">C\u00f3digo del Proyecto<\/h3>\n\n\n\n<p>POCI-01-0247-FEDER-010228<\/p>\n\n\n\n<div class=\"wp-block-kobu-custom-blocks-responsive-spacer responsive-spacer size-small\"><\/div>\n\n\n\n<h3 class=\"wp-block-heading\">Objetivo Principal<\/h3>\n\n\n\n<p>Reforzar la investigaci\u00f3n, el desarrollo tecnol\u00f3gico y la innovaci\u00f3n<\/p>\n\n\n\n<div class=\"wp-block-kobu-custom-blocks-responsive-spacer responsive-spacer size-small\"><\/div>\n\n\n\n<h3 class=\"wp-block-heading\">Fecha de Aprobaci\u00f3n<\/h3>\n\n\n\n<p>11-05-2016<\/p>\n\n\n\n<div class=\"wp-block-kobu-custom-blocks-responsive-spacer responsive-spacer size-small\"><\/div>\n\n\n\n<h3 class=\"wp-block-heading\">Fecha de Inicio<\/h3>\n\n\n\n<p>01-01-2016<\/p>\n\n\n\n<div class=\"wp-block-kobu-custom-blocks-responsive-spacer responsive-spacer size-small\"><\/div>\n\n\n\n<h3 class=\"wp-block-heading\">Fecha de Finalizaci\u00f3n de la Inversi\u00f3n<\/h3>\n\n\n\n<p>31-12-2017<\/p>\n\n\n\n<div class=\"wp-block-kobu-custom-blocks-responsive-spacer responsive-spacer size-small\"><\/div>\n\n\n\n<h3 class=\"wp-block-heading\">Coste Total Elegible<\/h3>\n\n\n\n<p>2.569.606,52\u20ac<\/p>\n\n\n\n<div class=\"wp-block-kobu-custom-blocks-responsive-spacer responsive-spacer size-small\"><\/div>\n\n\n\n<h3 class=\"wp-block-heading\">Fondo Total<\/h3>\n\n\n\n<p>1.454.945,72\u20ac<\/p>\n\n\n\n<div class=\"wp-block-kobu-custom-blocks-responsive-spacer responsive-spacer size-small\"><\/div>\n\n\n\n<h3 class=\"wp-block-heading\">Inversi\u00f3n Realizada<\/h3>\n\n\n\n<p>4.088.089,50\u20ac<\/p>\n\n\n\n<div class=\"wp-block-kobu-custom-blocks-responsive-spacer responsive-spacer size-large\"><\/div>\n\n\n\n<div class=\"wp-block-kobu-custom-blocks-slider-gallery\"><div class=\"slider-gallery gallery-container hidden  \"><div class=\"gallery \" role=\"list\"><div class=\"slide\" role=\"listitem\"><div class=\"figure-wrapper\"><figure><img loading=\"lazy\" decoding=\"async\" width=\"1323\" height=\"882\" class=\"wp-image-295\" src=\"https:\/\/cabopol.kobudev.com\/files\/uploads\/2025\/07\/aed01efdf981ddc443431b3bdf672492302a9289.jpg\" alt=\"\" sizes=\"auto, 100vw\" srcset=\"https:\/\/cabopol.kobudev.com\/files\/uploads\/2025\/07\/aed01efdf981ddc443431b3bdf672492302a9289.jpg 1323w, https:\/\/cabopol.kobudev.com\/files\/uploads\/2025\/07\/aed01efdf981ddc443431b3bdf672492302a9289-300x200.jpg 300w, https:\/\/cabopol.kobudev.com\/files\/uploads\/2025\/07\/aed01efdf981ddc443431b3bdf672492302a9289-1024x683.jpg 1024w, https:\/\/cabopol.kobudev.com\/files\/uploads\/2025\/07\/aed01efdf981ddc443431b3bdf672492302a9289-768x512.jpg 768w\" \/><\/figure><\/div><\/div><div class=\"slide\" role=\"listitem\"><div class=\"figure-wrapper\"><figure><img loading=\"lazy\" decoding=\"async\" width=\"1600\" height=\"1067\" class=\"wp-image-311\" src=\"https:\/\/cabopol.kobudev.com\/files\/uploads\/2025\/07\/baa889b35f9492a36a410d3d9c650514aca13748.jpg\" alt=\"\" sizes=\"auto, 100vw\" srcset=\"https:\/\/cabopol.kobudev.com\/files\/uploads\/2025\/07\/baa889b35f9492a36a410d3d9c650514aca13748.jpg 1600w, https:\/\/cabopol.kobudev.com\/files\/uploads\/2025\/07\/baa889b35f9492a36a410d3d9c650514aca13748-300x200.jpg 300w, https:\/\/cabopol.kobudev.com\/files\/uploads\/2025\/07\/baa889b35f9492a36a410d3d9c650514aca13748-1024x683.jpg 1024w, https:\/\/cabopol.kobudev.com\/files\/uploads\/2025\/07\/baa889b35f9492a36a410d3d9c650514aca13748-768x512.jpg 768w, https:\/\/cabopol.kobudev.com\/files\/uploads\/2025\/07\/baa889b35f9492a36a410d3d9c650514aca13748-1536x1024.jpg 1536w\" \/><\/figure><\/div><\/div><div class=\"slide\" role=\"listitem\"><div class=\"figure-wrapper\"><figure><img loading=\"lazy\" decoding=\"async\" width=\"8512\" height=\"5682\" class=\"wp-image-1433\" src=\"https:\/\/cabopol.kobudev.com\/files\/uploads\/2025\/11\/Wire-Cable-Press-R.png\" alt=\"\" sizes=\"auto, 100vw\" srcset=\"https:\/\/cabopol.kobudev.com\/files\/uploads\/2025\/11\/Wire-Cable-Press-R.png 8512w, https:\/\/cabopol.kobudev.com\/files\/uploads\/2025\/11\/Wire-Cable-Press-R-300x200.png 300w, https:\/\/cabopol.kobudev.com\/files\/uploads\/2025\/11\/Wire-Cable-Press-R-1024x684.png 1024w, https:\/\/cabopol.kobudev.com\/files\/uploads\/2025\/11\/Wire-Cable-Press-R-768x513.png 768w\" \/><\/figure><\/div><\/div><\/div><\/div><\/div>\n\n\n\n<div class=\"wp-block-kobu-custom-blocks-responsive-spacer responsive-spacer size-large\"><\/div>\n\n\n\n<div class=\"wp-block-buttons is-layout-flex wp-block-buttons-is-layout-flex\">\n<div class=\"wp-block-button is-style-arrow-btn-underline\"><a class=\"wp-block-button__link wp-element-button\" href=\"https:\/\/cabopol.kobudev.com\/es\/proyectos\/\">M\u00c1S PROYECTOS<\/a><\/div>\n<\/div>\n\n\n\n<p><\/p>\n","protected":false},"excerpt":{"rendered":"<p>Durante los \u00faltimos dos a\u00f1os, Cabopol ha estado desarrollando, en el marco del Proyecto NanoPoli, una soluci\u00f3n innovadora en el \u00e1mbito del recubrimiento y aislamiento [&hellip;]<\/p>\n","protected":false},"author":2,"featured_media":0,"parent":2718,"menu_order":24,"comment_status":"closed","ping_status":"closed","template":"","meta":{"_acf_changed":false,"inline_featured_image":false,"footnotes":""},"class_list":["post-2797","page","type-page","status-publish","hentry"],"acf":[],"_links":{"self":[{"href":"https:\/\/cabopol.kobudev.com\/es\/wp-json\/wp\/v2\/pages\/2797","targetHints":{"allow":["GET"]}}],"collection":[{"href":"https:\/\/cabopol.kobudev.com\/es\/wp-json\/wp\/v2\/pages"}],"about":[{"href":"https:\/\/cabopol.kobudev.com\/es\/wp-json\/wp\/v2\/types\/page"}],"author":[{"embeddable":true,"href":"https:\/\/cabopol.kobudev.com\/es\/wp-json\/wp\/v2\/users\/2"}],"replies":[{"embeddable":true,"href":"https:\/\/cabopol.kobudev.com\/es\/wp-json\/wp\/v2\/comments?post=2797"}],"version-history":[{"count":3,"href":"https:\/\/cabopol.kobudev.com\/es\/wp-json\/wp\/v2\/pages\/2797\/revisions"}],"predecessor-version":[{"id":2805,"href":"https:\/\/cabopol.kobudev.com\/es\/wp-json\/wp\/v2\/pages\/2797\/revisions\/2805"}],"up":[{"embeddable":true,"href":"https:\/\/cabopol.kobudev.com\/es\/wp-json\/wp\/v2\/pages\/2718"}],"wp:attachment":[{"href":"https:\/\/cabopol.kobudev.com\/es\/wp-json\/wp\/v2\/media?parent=2797"}],"curies":[{"name":"wp","href":"https:\/\/api.w.org\/{rel}","templated":true}]}}