{"id":2784,"date":"2025-11-21T11:44:46","date_gmt":"2025-11-21T11:44:46","guid":{"rendered":"https:\/\/cabopol.kobudev.com\/proyectos\/elastomereg\/"},"modified":"2025-12-16T13:33:37","modified_gmt":"2025-12-16T13:33:37","slug":"elastomereg","status":"publish","type":"page","link":"https:\/\/cabopol.kobudev.com\/es\/proyectos\/elastomereg\/","title":{"rendered":"Elastomereg"},"content":{"rendered":"\n<p>El proyecto de desarrollo innovador Elastomereg, que se centr\u00f3 en el desarrollo de una nueva generaci\u00f3n de TPV con capacidad de autorreparaci\u00f3n (self-healing), permiti\u00f3 a Cabopol situarse a la vanguardia en el desarrollo de pol\u00edmeros TPV.<br><br>Este proyecto pionero incrementa la vida \u00fatil de los TPV frente a los convencionales, gracias a su capacidad de autorreparaci\u00f3n que impide la propagaci\u00f3n de fisuras cuando se da\u00f1an, al mismo tiempo que ofrece alta resistencia t\u00e9rmica ante temperaturas extremas y resistencia a agentes qu\u00edmicos.<br><br>Este proyecto innovador permiti\u00f3 a Cabopol continuar adquiriendo nuevos conocimientos y competencias t\u00e9cnicas, contribuyendo de manera significativa al crecimiento y consolidaci\u00f3n de la empresa como un actor relevante en el sector internacional de los compuestos polim\u00e9ricos.<\/p>\n\n\n\n<div class=\"wp-block-kobu-custom-blocks-responsive-spacer responsive-spacer size-large\"><\/div>\n\n\n<noscript class=\"loading-lazy\">\n<figure class=\"wp-block-image size-full\"><img loading=\"lazy\" decoding=\"async\" width=\"901\" height=\"498\" src=\"https:\/\/cabopol.kobudev.com\/files\/uploads\/2025\/11\/Wire-and-Cable.webp\" alt=\"\" class=\"wp-image-1355\" srcset=\"https:\/\/cabopol.kobudev.com\/files\/uploads\/2025\/11\/Wire-and-Cable.webp 901w, https:\/\/cabopol.kobudev.com\/files\/uploads\/2025\/11\/Wire-and-Cable-300x166.webp 300w, https:\/\/cabopol.kobudev.com\/files\/uploads\/2025\/11\/Wire-and-Cable-768x424.webp 768w\" sizes=\"auto, (max-width: 901px) 100vw, 901px\" \/><\/figure>\n<\/noscript>\n\n\n<div class=\"wp-block-kobu-custom-blocks-responsive-spacer responsive-spacer size-large\"><\/div>\n\n\n\n<h2 class=\"wp-block-heading\">Denominaci\u00f3n del Proyecto<\/h2>\n\n\n\n<p>Investigaci\u00f3n y Desarrollo Tecnol\u00f3gico \u2013 Proyectos de I+D \u2013 Individuales \u2013 Elastomereg<\/p>\n\n\n\n<div class=\"wp-block-kobu-custom-blocks-responsive-spacer responsive-spacer size-small\"><\/div>\n\n\n\n<h3 class=\"wp-block-heading\">C\u00f3digo del Proyecto<\/h3>\n\n\n\n<p>POCI-01-0247-FEDER-023559<\/p>\n\n\n\n<div class=\"wp-block-kobu-custom-blocks-responsive-spacer responsive-spacer size-small\"><\/div>\n\n\n\n<h3 class=\"wp-block-heading\">Objetivo Principal<\/h3>\n\n\n\n<p>Reforzar la investigaci\u00f3n, el desarrollo tecnol\u00f3gico y la innovaci\u00f3n<\/p>\n\n\n\n<div class=\"wp-block-kobu-custom-blocks-responsive-spacer responsive-spacer size-small\"><\/div>\n\n\n\n<h3 class=\"wp-block-heading\">Fecha de Aprobaci\u00f3n<\/h3>\n\n\n\n<p>2017-08-29<\/p>\n\n\n\n<div class=\"wp-block-kobu-custom-blocks-responsive-spacer responsive-spacer size-small\"><\/div>\n\n\n\n<h3 class=\"wp-block-heading\">Fecha de Inicio<\/h3>\n\n\n\n<p>2017-11-15<\/p>\n\n\n\n<div class=\"wp-block-kobu-custom-blocks-responsive-spacer responsive-spacer size-small\"><\/div>\n\n\n\n<h3 class=\"wp-block-heading\">Fecha de Finalizaci\u00f3n de la Inversi\u00f3n<\/h3>\n\n\n\n<p>2019-11-14<\/p>\n\n\n\n<div class=\"wp-block-kobu-custom-blocks-responsive-spacer responsive-spacer size-small\"><\/div>\n\n\n\n<h3 class=\"wp-block-heading\">Coste Total Elegible<\/h3>\n\n\n\n<p>2.354.324,96\u20ac<\/p>\n\n\n\n<div class=\"wp-block-kobu-custom-blocks-responsive-spacer responsive-spacer size-small\"><\/div>\n\n\n\n<h3 class=\"wp-block-heading\">Fondo Total<\/h3>\n\n\n\n<p>1.412.748,40\u20ac<\/p>\n\n\n\n<div class=\"wp-block-kobu-custom-blocks-responsive-spacer responsive-spacer size-small\"><\/div>\n\n\n\n<h3 class=\"wp-block-heading\">Inversi\u00f3n Realizada<\/h3>\n\n\n\n<p>2.580.784,67\u20ac<\/p>\n\n\n\n<div class=\"wp-block-kobu-custom-blocks-responsive-spacer responsive-spacer size-large\"><\/div>\n\n\n\n<div class=\"wp-block-kobu-custom-blocks-slider-gallery\"><div class=\"slider-gallery gallery-container hidden  \"><div class=\"gallery \" role=\"list\"><div class=\"slide\" role=\"listitem\"><div class=\"figure-wrapper\"><figure><img loading=\"lazy\" decoding=\"async\" width=\"1323\" height=\"882\" class=\"wp-image-295\" src=\"https:\/\/cabopol.kobudev.com\/files\/uploads\/2025\/07\/aed01efdf981ddc443431b3bdf672492302a9289.jpg\" alt=\"\" sizes=\"auto, 100vw\" srcset=\"https:\/\/cabopol.kobudev.com\/files\/uploads\/2025\/07\/aed01efdf981ddc443431b3bdf672492302a9289.jpg 1323w, https:\/\/cabopol.kobudev.com\/files\/uploads\/2025\/07\/aed01efdf981ddc443431b3bdf672492302a9289-300x200.jpg 300w, https:\/\/cabopol.kobudev.com\/files\/uploads\/2025\/07\/aed01efdf981ddc443431b3bdf672492302a9289-1024x683.jpg 1024w, https:\/\/cabopol.kobudev.com\/files\/uploads\/2025\/07\/aed01efdf981ddc443431b3bdf672492302a9289-768x512.jpg 768w\" \/><\/figure><\/div><\/div><div class=\"slide\" role=\"listitem\"><div class=\"figure-wrapper\"><figure><img loading=\"lazy\" decoding=\"async\" width=\"1600\" height=\"1067\" class=\"wp-image-311\" src=\"https:\/\/cabopol.kobudev.com\/files\/uploads\/2025\/07\/baa889b35f9492a36a410d3d9c650514aca13748.jpg\" alt=\"\" sizes=\"auto, 100vw\" srcset=\"https:\/\/cabopol.kobudev.com\/files\/uploads\/2025\/07\/baa889b35f9492a36a410d3d9c650514aca13748.jpg 1600w, https:\/\/cabopol.kobudev.com\/files\/uploads\/2025\/07\/baa889b35f9492a36a410d3d9c650514aca13748-300x200.jpg 300w, https:\/\/cabopol.kobudev.com\/files\/uploads\/2025\/07\/baa889b35f9492a36a410d3d9c650514aca13748-1024x683.jpg 1024w, https:\/\/cabopol.kobudev.com\/files\/uploads\/2025\/07\/baa889b35f9492a36a410d3d9c650514aca13748-768x512.jpg 768w, https:\/\/cabopol.kobudev.com\/files\/uploads\/2025\/07\/baa889b35f9492a36a410d3d9c650514aca13748-1536x1024.jpg 1536w\" \/><\/figure><\/div><\/div><div class=\"slide\" role=\"listitem\"><div class=\"figure-wrapper\"><figure><img loading=\"lazy\" decoding=\"async\" width=\"8512\" height=\"5682\" class=\"wp-image-1433\" src=\"https:\/\/cabopol.kobudev.com\/files\/uploads\/2025\/11\/Wire-Cable-Press-R.png\" alt=\"\" sizes=\"auto, 100vw\" srcset=\"https:\/\/cabopol.kobudev.com\/files\/uploads\/2025\/11\/Wire-Cable-Press-R.png 8512w, https:\/\/cabopol.kobudev.com\/files\/uploads\/2025\/11\/Wire-Cable-Press-R-300x200.png 300w, https:\/\/cabopol.kobudev.com\/files\/uploads\/2025\/11\/Wire-Cable-Press-R-1024x684.png 1024w, https:\/\/cabopol.kobudev.com\/files\/uploads\/2025\/11\/Wire-Cable-Press-R-768x513.png 768w\" \/><\/figure><\/div><\/div><\/div><\/div><\/div>\n\n\n\n<div class=\"wp-block-kobu-custom-blocks-responsive-spacer responsive-spacer size-large\"><\/div>\n\n\n\n<div class=\"wp-block-buttons is-layout-flex wp-block-buttons-is-layout-flex\">\n<div class=\"wp-block-button is-style-arrow-btn-underline\"><a class=\"wp-block-button__link wp-element-button\" href=\"https:\/\/cabopol.kobudev.com\/es\/proyectos\/\">M\u00c1S PROYECTOS<\/a><\/div>\n<\/div>\n\n\n\n<p><\/p>\n","protected":false},"excerpt":{"rendered":"<p>El proyecto de desarrollo innovador Elastomereg, que se centr\u00f3 en el desarrollo de una nueva generaci\u00f3n de TPV con capacidad de autorreparaci\u00f3n (self-healing), permiti\u00f3 a [&hellip;]<\/p>\n","protected":false},"author":2,"featured_media":0,"parent":2718,"menu_order":23,"comment_status":"closed","ping_status":"closed","template":"","meta":{"_acf_changed":false,"inline_featured_image":false,"footnotes":""},"class_list":["post-2784","page","type-page","status-publish","hentry"],"acf":[],"_links":{"self":[{"href":"https:\/\/cabopol.kobudev.com\/es\/wp-json\/wp\/v2\/pages\/2784","targetHints":{"allow":["GET"]}}],"collection":[{"href":"https:\/\/cabopol.kobudev.com\/es\/wp-json\/wp\/v2\/pages"}],"about":[{"href":"https:\/\/cabopol.kobudev.com\/es\/wp-json\/wp\/v2\/types\/page"}],"author":[{"embeddable":true,"href":"https:\/\/cabopol.kobudev.com\/es\/wp-json\/wp\/v2\/users\/2"}],"replies":[{"embeddable":true,"href":"https:\/\/cabopol.kobudev.com\/es\/wp-json\/wp\/v2\/comments?post=2784"}],"version-history":[{"count":2,"href":"https:\/\/cabopol.kobudev.com\/es\/wp-json\/wp\/v2\/pages\/2784\/revisions"}],"predecessor-version":[{"id":2791,"href":"https:\/\/cabopol.kobudev.com\/es\/wp-json\/wp\/v2\/pages\/2784\/revisions\/2791"}],"up":[{"embeddable":true,"href":"https:\/\/cabopol.kobudev.com\/es\/wp-json\/wp\/v2\/pages\/2718"}],"wp:attachment":[{"href":"https:\/\/cabopol.kobudev.com\/es\/wp-json\/wp\/v2\/media?parent=2784"}],"curies":[{"name":"wp","href":"https:\/\/api.w.org\/{rel}","templated":true}]}}