{"id":2718,"date":"2025-06-04T13:49:23","date_gmt":"2025-06-04T13:49:23","guid":{"rendered":"https:\/\/cabopol.kobudev.com\/projects\/"},"modified":"2025-12-18T11:49:16","modified_gmt":"2025-12-18T11:49:16","slug":"proyectos","status":"publish","type":"page","link":"https:\/\/cabopol.kobudev.com\/es\/proyectos\/","title":{"rendered":"Proyectos"},"content":{"rendered":"\n<p class=\"is-style-top-red-line\">En esta secci\u00f3n encontrar\u00e1s informaci\u00f3n sobre los proyectos que han sido cofinanciados por programas de apoyo regional, nacional o europeo. Estos proyectos reflejan nuestro compromiso con la innovaci\u00f3n, la sostenibilidad y el desarrollo continuo de nuestras capacidades productivas y tecnol\u00f3gicas.<br><br>Gracias a esta financiaci\u00f3n, hemos podido avanzar en \u00e1reas clave como la eficiencia energ\u00e9tica, la internacionalizaci\u00f3n, la transformaci\u00f3n digital y el refuerzo de la competitividad. Consulta aqu\u00ed los detalles de cada iniciativa y descubre c\u00f3mo seguimos construyendo el futuro de forma responsable.<\/p>\n\n\n\n<div class=\"wp-block-kobu-custom-blocks-responsive-spacer responsive-spacer size-large\"><\/div>\n\n\n<div class=\"columns-group-block alignfull\">\n                <div class=\"columns-group-row\">\n            <div class=\"column columns-group-column\">\n                                    <div class=\"img-wrapper\">\n                        <img loading=\"lazy\" decoding=\"async\" width=\"640\" height=\"360\" src=\"https:\/\/cabopol.kobudev.com\/files\/uploads\/2025\/11\/Painel-F-768x432.jpg\" class=\"coverimg\" alt=\"\" sizes=\"auto, (min-width: 601px) 50vw, 100vw\" srcset=\"https:\/\/cabopol.kobudev.com\/files\/uploads\/2025\/11\/Painel-F-768x432.jpg 768w, https:\/\/cabopol.kobudev.com\/files\/uploads\/2025\/11\/Painel-F-300x169.jpg 300w, https:\/\/cabopol.kobudev.com\/files\/uploads\/2025\/11\/Painel-F-1024x576.jpg 1024w, https:\/\/cabopol.kobudev.com\/files\/uploads\/2025\/11\/Painel-F-1536x864.jpg 1536w, https:\/\/cabopol.kobudev.com\/files\/uploads\/2025\/11\/Painel-F-2048x1152.jpg 2048w\" \/>                    <\/div>\n                                <div class=\"content-wrapper\">\n                    <h3 class=\"title\">Proyecto de descarbonizaci\u00f3n de Cabopol<\/h3>\n                                            <div class=\"description\"><p class=\"p1\">El proyecto de Descarbonizaci\u00f3n de Cabopol en Porto de M\u00f3s busca reducir las emisiones de gases de efecto invernadero y mejorar la eficiencia energ\u00e9tica mediante una planta fotovoltaica de autoconsumo y optimizaci\u00f3n de los sistemas energ\u00e9ticos.<\/p>\n<\/div>\n                    \n                    <a href=\"https:\/\/cabopol.kobudev.com\/es\/proyectos\/proyecto-de-descarbonizacion-de-cabopol\/\" class=\"btn\" target=\"_blank\">saber m\u00e1s<\/a>                <\/div>\n            <\/div>\n\n                            \n            <div class=\"column columns-group-column\">\n                                    <div class=\"img-wrapper\">\n                        <img loading=\"lazy\" decoding=\"async\" width=\"640\" height=\"960\" src=\"https:\/\/cabopol.kobudev.com\/files\/uploads\/2025\/11\/embalagem-do-futuro.jpg\" class=\"coverimg\" alt=\"\" sizes=\"auto, (min-width: 601px) 50vw, 100vw\" srcset=\"https:\/\/cabopol.kobudev.com\/files\/uploads\/2025\/11\/embalagem-do-futuro.jpg 683w, https:\/\/cabopol.kobudev.com\/files\/uploads\/2025\/11\/embalagem-do-futuro-200x300.jpg 200w\" \/>                    <\/div>\n                                <div class=\"content-wrapper\">\n                    <h3 class=\"title\">Embalaje del futuro<\/h3>\n                                            <div class=\"description\"><p class=\"p1\">Proyecto innovador que tiene como objetivo la producci\u00f3n y comercializaci\u00f3n a escala global de soluciones de envasado m\u00e1s ecol\u00f3gicas, m\u00e1s digitales y m\u00e1s inclusivas.<\/p>\n<\/div>\n                    \n                    <a href=\"https:\/\/cabopol.kobudev.com\/es\/proyectos\/empaque-del-futuro\/\" class=\"btn\" target=\"_blank\">saber m\u00e1s<\/a>                <\/div>\n            <\/div>\n\n            <\/div>                <div class=\"columns-group-row\">\n            <div class=\"column columns-group-column\">\n                                    <div class=\"img-wrapper\">\n                        <img loading=\"lazy\" decoding=\"async\" width=\"640\" height=\"335\" src=\"https:\/\/cabopol.kobudev.com\/files\/uploads\/2025\/11\/S4PLAST-768x402.jpg\" class=\"coverimg\" alt=\"\" sizes=\"auto, (min-width: 601px) 50vw, 100vw\" srcset=\"https:\/\/cabopol.kobudev.com\/files\/uploads\/2025\/11\/S4PLAST-768x402.jpg 768w, https:\/\/cabopol.kobudev.com\/files\/uploads\/2025\/11\/S4PLAST-300x157.jpg 300w, https:\/\/cabopol.kobudev.com\/files\/uploads\/2025\/11\/S4PLAST-1024x536.jpg 1024w, https:\/\/cabopol.kobudev.com\/files\/uploads\/2025\/11\/S4PLAST-1536x804.jpg 1536w, https:\/\/cabopol.kobudev.com\/files\/uploads\/2025\/11\/S4PLAST.jpg 2000w\" \/>                    <\/div>\n                                <div class=\"content-wrapper\">\n                    <h3 class=\"title\">S4PLAST<\/h3>\n                                            <div class=\"description\"><p class=\"p1\">El proyecto S4PLAST tiene como objetivo desarrollar productos polim\u00e9ricos sostenibles y diferenciadores, con dise\u00f1o circular, piezas metalizadas, componentes multifuncionales y valorizaci\u00f3n de materiales reciclados.<\/p>\n<\/div>\n                    \n                    <a href=\"https:\/\/cabopol.kobudev.com\/es\/proyectos\/s4plast\/\" class=\"btn\" target=\"_blank\">saber m\u00e1s<\/a>                <\/div>\n            <\/div>\n\n                            \n            <div class=\"column columns-group-column\">\n                                    <div class=\"img-wrapper\">\n                        <img loading=\"lazy\" decoding=\"async\" width=\"640\" height=\"427\" src=\"https:\/\/cabopol.kobudev.com\/files\/uploads\/2025\/11\/Nanopoli-768x512.jpeg\" class=\"coverimg\" alt=\"\" sizes=\"auto, (min-width: 601px) 50vw, 100vw\" srcset=\"https:\/\/cabopol.kobudev.com\/files\/uploads\/2025\/11\/Nanopoli-768x512.jpeg 768w, https:\/\/cabopol.kobudev.com\/files\/uploads\/2025\/11\/Nanopoli-300x200.jpeg 300w, https:\/\/cabopol.kobudev.com\/files\/uploads\/2025\/11\/Nanopoli-1024x683.jpeg 1024w, https:\/\/cabopol.kobudev.com\/files\/uploads\/2025\/11\/Nanopoli-1536x1024.jpeg 1536w, https:\/\/cabopol.kobudev.com\/files\/uploads\/2025\/11\/Nanopoli-2048x1365.jpeg 2048w\" \/>                    <\/div>\n                                <div class=\"content-wrapper\">\n                    <h3 class=\"title\">ReCAP<\/h3>\n                                            <div class=\"description\"><p class=\"p1\">El proyecto ReCAP, desarrollado en consorcio por MPTooL, INEGI, Cadflow y Cabopol, tiene como objetivo producir componentes aeron\u00e1uticos compuestos de matriz termopl\u00e1stica reforzada con fibra de carbono, valorizando residuos industriales y minimizando materias primas v\u00edrgenes. El proyecto se centra en la reducci\u00f3n de peso y costes, tecnolog\u00edas sostenibles e innovadoras, y en el desarrollo de prototipos como demostradores de las competencias del consorcio.<\/p>\n<\/div>\n                    \n                    <a href=\"https:\/\/cabopol.kobudev.com\/es\/proyectos\/recap\/\" class=\"btn\" target=\"_blank\">saber m\u00e1s<\/a>                <\/div>\n            <\/div>\n\n            <\/div>                <div class=\"columns-group-row\">\n            <div class=\"column columns-group-column\">\n                                    <div class=\"img-wrapper\">\n                        <img loading=\"lazy\" decoding=\"async\" width=\"640\" height=\"428\" src=\"https:\/\/cabopol.kobudev.com\/files\/uploads\/2025\/11\/Bioprime-768x513.jpg\" class=\"coverimg\" alt=\"\" sizes=\"auto, (min-width: 601px) 50vw, 100vw\" srcset=\"https:\/\/cabopol.kobudev.com\/files\/uploads\/2025\/11\/Bioprime-768x513.jpg 768w, https:\/\/cabopol.kobudev.com\/files\/uploads\/2025\/11\/Bioprime-300x200.jpg 300w, https:\/\/cabopol.kobudev.com\/files\/uploads\/2025\/11\/Bioprime-1024x684.jpg 1024w, https:\/\/cabopol.kobudev.com\/files\/uploads\/2025\/11\/Bioprime-1536x1025.jpg 1536w, https:\/\/cabopol.kobudev.com\/files\/uploads\/2025\/11\/Bioprime-2048x1367.jpg 2048w\" \/>                    <\/div>\n                                <div class=\"content-wrapper\">\n                    <h3 class=\"title\">Bioprime<\/h3>\n                                            <div class=\"description\"><p class=\"p1\">El proyecto Bioprime se centra en el desarrollo de un nuevo compuesto polim\u00e9rico biodegradable y compostable, con propiedades t\u00e9cnicas avanzadas y origen renovable (PLA). La soluci\u00f3n est\u00e1 orientada a aplicaciones en envases r\u00edgidos y flexibles, promoviendo la sostenibilidad y la reducci\u00f3n del impacto ambiental.<\/p>\n<\/div>\n                    \n                    <a href=\"https:\/\/cabopol.kobudev.com\/es\/proyectos\/bioprime\/\" class=\"btn\" target=\"_blank\">saber m\u00e1s<\/a>                <\/div>\n            <\/div>\n\n                            \n            <div class=\"column columns-group-column\">\n                                    <div class=\"img-wrapper\">\n                        <img loading=\"lazy\" decoding=\"async\" width=\"640\" height=\"360\" src=\"https:\/\/cabopol.kobudev.com\/files\/uploads\/2025\/11\/Elastomereg-768x432.jpg\" class=\"coverimg\" alt=\"\" sizes=\"auto, (min-width: 601px) 50vw, 100vw\" srcset=\"https:\/\/cabopol.kobudev.com\/files\/uploads\/2025\/11\/Elastomereg-768x432.jpg 768w, https:\/\/cabopol.kobudev.com\/files\/uploads\/2025\/11\/Elastomereg-300x169.jpg 300w, https:\/\/cabopol.kobudev.com\/files\/uploads\/2025\/11\/Elastomereg-1024x576.jpg 1024w, https:\/\/cabopol.kobudev.com\/files\/uploads\/2025\/11\/Elastomereg-1536x864.jpg 1536w, https:\/\/cabopol.kobudev.com\/files\/uploads\/2025\/11\/Elastomereg-2048x1152.jpg 2048w\" \/>                    <\/div>\n                                <div class=\"content-wrapper\">\n                    <h3 class=\"title\">Elastomereg<\/h3>\n                                            <div class=\"description\"><p class=\"p1\">El proyecto Elastomereg permiti\u00f3 desarrollar una nueva generaci\u00f3n de TPV con capacidad de autorregeneraci\u00f3n y mayor resistencia t\u00e9rmica y qu\u00edmica. Una innovaci\u00f3n que posiciona a Cabopol a la vanguardia del sector de los compuestos polim\u00e9ricos a nivel internacional.<\/p>\n<\/div>\n                    \n                    <a href=\"https:\/\/cabopol.kobudev.com\/es\/proyectos\/elastomereg\/\" class=\"btn\" target=\"_blank\">saber m\u00e1s<\/a>                <\/div>\n            <\/div>\n\n            <\/div>                <div class=\"columns-group-row\">\n            <div class=\"column columns-group-column\">\n                                    <div class=\"img-wrapper\">\n                        <img loading=\"lazy\" decoding=\"async\" width=\"640\" height=\"428\" src=\"https:\/\/cabopol.kobudev.com\/files\/uploads\/2025\/11\/Wire-Cable-Press-R-768x513.png\" class=\"coverimg\" alt=\"\" sizes=\"auto, (min-width: 601px) 50vw, 100vw\" srcset=\"https:\/\/cabopol.kobudev.com\/files\/uploads\/2025\/11\/Wire-Cable-Press-R-768x513.png 768w, https:\/\/cabopol.kobudev.com\/files\/uploads\/2025\/11\/Wire-Cable-Press-R-300x200.png 300w, https:\/\/cabopol.kobudev.com\/files\/uploads\/2025\/11\/Wire-Cable-Press-R-1024x684.png 1024w\" \/>                    <\/div>\n                                <div class=\"content-wrapper\">\n                    <h3 class=\"title\">Nanopoli<\/h3>\n                                            <div class=\"description\"><p>El proyecto Nanopoli permiti\u00f3 desarrollar un innovador nanocompuesto con alta resistencia a la llama y buenas propiedades t\u00e9rmicas y mec\u00e1nicas, destinado a recubrimiento y aislamiento de cables. Una soluci\u00f3n con impacto directo en la consolidaci\u00f3n t\u00e9cnica y cient\u00edfica de Cabopol.<\/p>\n<\/div>\n                    \n                    <a href=\"https:\/\/cabopol.kobudev.com\/es\/proyectos\/nanopoli\/\" class=\"btn\" target=\"_blank\">saber m\u00e1s<\/a>                <\/div>\n            <\/div>\n\n            <\/div>    <\/div>","protected":false},"excerpt":{"rendered":"<p>En esta secci\u00f3n encontrar\u00e1s informaci\u00f3n sobre los proyectos que han sido cofinanciados por programas de apoyo regional, nacional o europeo. Estos proyectos reflejan nuestro compromiso [&hellip;]<\/p>\n","protected":false},"author":1,"featured_media":0,"parent":0,"menu_order":20,"comment_status":"closed","ping_status":"closed","template":"templates\/compete-2020.php","meta":{"_acf_changed":false,"inline_featured_image":false,"footnotes":""},"class_list":["post-2718","page","type-page","status-publish","hentry"],"acf":[],"_links":{"self":[{"href":"https:\/\/cabopol.kobudev.com\/es\/wp-json\/wp\/v2\/pages\/2718","targetHints":{"allow":["GET"]}}],"collection":[{"href":"https:\/\/cabopol.kobudev.com\/es\/wp-json\/wp\/v2\/pages"}],"about":[{"href":"https:\/\/cabopol.kobudev.com\/es\/wp-json\/wp\/v2\/types\/page"}],"author":[{"embeddable":true,"href":"https:\/\/cabopol.kobudev.com\/es\/wp-json\/wp\/v2\/users\/1"}],"replies":[{"embeddable":true,"href":"https:\/\/cabopol.kobudev.com\/es\/wp-json\/wp\/v2\/comments?post=2718"}],"version-history":[{"count":4,"href":"https:\/\/cabopol.kobudev.com\/es\/wp-json\/wp\/v2\/pages\/2718\/revisions"}],"predecessor-version":[{"id":2985,"href":"https:\/\/cabopol.kobudev.com\/es\/wp-json\/wp\/v2\/pages\/2718\/revisions\/2985"}],"wp:attachment":[{"href":"https:\/\/cabopol.kobudev.com\/es\/wp-json\/wp\/v2\/media?parent=2718"}],"curies":[{"name":"wp","href":"https:\/\/api.w.org\/{rel}","templated":true}]}}