{"id":2667,"date":"2025-08-08T11:03:38","date_gmt":"2025-08-08T11:03:38","guid":{"rendered":"https:\/\/cabopol.kobudev.com\/aplicaciones\/moldeo-por-inyeccion-y-extrusion\/consumer-goods-personal-care\/"},"modified":"2025-12-15T18:26:38","modified_gmt":"2025-12-15T18:26:38","slug":"bienes-de-consumo-y-cuidado-personal","status":"publish","type":"page","link":"https:\/\/cabopol.kobudev.com\/es\/aplicaciones\/moldeo-por-inyeccion-y-extrusion\/bienes-de-consumo-y-cuidado-personal\/","title":{"rendered":"Bienes de Consumo y Cuidado Personal"},"content":{"rendered":"\n<div class=\"wp-block-kobu-custom-blocks-inner-content-img alignwide media-content-group child-item align-right valign-start img-first\"><div class=\"media-col\"><figure><img loading=\"lazy\" decoding=\"async\" width=\"1301\" height=\"1301\" class=\"wp-image-1762\" src=\"https:\/\/cabopol.kobudev.com\/files\/uploads\/2025\/11\/Injection-Extrusion-Moulding-Consumer-goods-and-personal-care.webp\" alt=\"\" title=\"Injection &amp; Extrusion Moulding Consumer goods and personal care\" sizes=\"auto, (min-width: 1201px) 35vw, (min-width: 601px) 50vw, 100vw\" srcset=\"https:\/\/cabopol.kobudev.com\/files\/uploads\/2025\/11\/Injection-Extrusion-Moulding-Consumer-goods-and-personal-care.webp 1301w, https:\/\/cabopol.kobudev.com\/files\/uploads\/2025\/11\/Injection-Extrusion-Moulding-Consumer-goods-and-personal-care-300x300.webp 300w, https:\/\/cabopol.kobudev.com\/files\/uploads\/2025\/11\/Injection-Extrusion-Moulding-Consumer-goods-and-personal-care-1024x1024.webp 1024w, https:\/\/cabopol.kobudev.com\/files\/uploads\/2025\/11\/Injection-Extrusion-Moulding-Consumer-goods-and-personal-care-150x150.webp 150w, https:\/\/cabopol.kobudev.com\/files\/uploads\/2025\/11\/Injection-Extrusion-Moulding-Consumer-goods-and-personal-care-768x768.webp 768w\" \/><\/figure><\/div><div class=\"content-col\"><div class=\"content-col-wrapper\">\n<h2 class=\"wp-block-heading\">Cuidado Personal &amp; M\u00e9dico TPE-S | PVC<\/h2>\n\n\n\n<p>Para aplicaciones de cuidado personal y m\u00e9dico, los compuestos Lacoflex\u00ae TPE-S proporcionan suavidad, flexibilidad y durabilidad para productos como maquinillas de afeitar, cepillos de dientes, pel\u00edculas el\u00e1sticas para pa\u00f1ales, cordones de mascarillas y ba\u00f1eras plegables para beb\u00e9s.<\/p>\n\n\n\n<p>Polyprime\u00ae PVC garantiza resistencia qu\u00edmica y transparencia para tubos de di\u00e1lisis y piezas de inyecci\u00f3n de mascarillas.<\/p>\n\n\n\n<p>Estos materiales ejemplifican nuestro compromiso con un rendimiento fiable, comodidad del usuario y calidad constante en la fabricaci\u00f3n de productos de cuidado personal y sanitario.<\/p>\n<\/div><\/div><\/div>\n\n\n\n<div class=\"wp-block-kobu-custom-blocks-responsive-spacer responsive-spacer size-large\"><\/div>\n\n\n\n<div class=\"wp-block-kobu-custom-blocks-inner-content-img alignwide media-content-group child-item align-left valign-start img-first\"><div class=\"media-col\"><figure><img loading=\"lazy\" decoding=\"async\" width=\"1301\" height=\"1301\" class=\"wp-image-1815\" src=\"https:\/\/cabopol.kobudev.com\/files\/uploads\/2025\/11\/Consumer-Goods-Toys.webp\" alt=\"\" title=\"Consumer Goods Toys\" sizes=\"auto, (min-width: 1201px) 35vw, (min-width: 601px) 50vw, 100vw\" srcset=\"https:\/\/cabopol.kobudev.com\/files\/uploads\/2025\/11\/Consumer-Goods-Toys.webp 1301w, https:\/\/cabopol.kobudev.com\/files\/uploads\/2025\/11\/Consumer-Goods-Toys-300x300.webp 300w, https:\/\/cabopol.kobudev.com\/files\/uploads\/2025\/11\/Consumer-Goods-Toys-1024x1024.webp 1024w, https:\/\/cabopol.kobudev.com\/files\/uploads\/2025\/11\/Consumer-Goods-Toys-150x150.webp 150w, https:\/\/cabopol.kobudev.com\/files\/uploads\/2025\/11\/Consumer-Goods-Toys-768x768.webp 768w\" \/><\/figure><\/div><div class=\"content-col\"><div class=\"content-col-wrapper\">\n<h2 class=\"wp-block-heading\">Juguetes, Deportes &amp; Herramientas | TPE-S | PA6 | PA6.6 | PP | PVC<\/h2>\n\n\n\n<p>Para aplicaciones de juguetes, deportes y herramientas, los compuestos Lacoflex\u00ae TPE-S combinan flexibilidad, resiliencia y seguridad, ideales para productos como manillares de bicicleta, figuras de juguete y accesorios deportivos.<\/p>\n\n\n\n<p>Polyamis PA6 y PA6.6 proporcionan rigidez excepcional y resistencia a impactos para esqu\u00eds, bases de sillas de oficina y mangos de carritos de la compra, reforzados con fibra de vidrio para mayor resistencia.<\/p>\n\n\n\n<p>Sofiprime\u00ae PP ofrece durabilidad ligera y versatilidad de dise\u00f1o para productos de consumo como bandejas, bancos y cubos, mientras que Polyprime\u00ae PVC asegura un rendimiento fiable de sellado para cremalleras de maletas.<\/p>\n\n\n\n<p>Estos ejemplos destacan nuestras soluciones de materiales vers\u00e1tiles para productos de consumo duraderos, seguros y de alta calidad.<\/p>\n<\/div><\/div><\/div>\n\n\n\n<div class=\"wp-block-kobu-custom-blocks-responsive-spacer responsive-spacer size-large\"><\/div>\n\n\n\n<div class=\"wp-block-kobu-custom-blocks-inner-content-img alignwide media-content-group child-item align-right valign-start img-first\"><div class=\"media-col\"><figure><img loading=\"lazy\" decoding=\"async\" width=\"1301\" height=\"1301\" class=\"wp-image-1819\" src=\"https:\/\/cabopol.kobudev.com\/files\/uploads\/2025\/11\/Consumer-goods-Whitegoods.webp\" alt=\"\" title=\"Consumer goods Whitegoods\" sizes=\"auto, (min-width: 1201px) 35vw, (min-width: 601px) 50vw, 100vw\" srcset=\"https:\/\/cabopol.kobudev.com\/files\/uploads\/2025\/11\/Consumer-goods-Whitegoods.webp 1301w, https:\/\/cabopol.kobudev.com\/files\/uploads\/2025\/11\/Consumer-goods-Whitegoods-300x300.webp 300w, https:\/\/cabopol.kobudev.com\/files\/uploads\/2025\/11\/Consumer-goods-Whitegoods-1024x1024.webp 1024w, https:\/\/cabopol.kobudev.com\/files\/uploads\/2025\/11\/Consumer-goods-Whitegoods-150x150.webp 150w, https:\/\/cabopol.kobudev.com\/files\/uploads\/2025\/11\/Consumer-goods-Whitegoods-768x768.webp 768w\" \/><\/figure><\/div><div class=\"content-col\"><div class=\"content-col-wrapper\">\n<h2 class=\"wp-block-heading\">Electrodom\u00e9sticos &amp; Utensilios de Cocina TPE-S | PA6.6 | PP<\/h2>\n\n\n\n<p>Estos ejemplos ilustran nuestro compromiso con el suministro de materiales fiables y de alto rendimiento para electrodom\u00e9sticos modernos.<\/p>\n\n\n\n<p>Los compuestos Sofiprime\u00ae PP aseguran durabilidad y estabilidad dimensional en piezas de aspiradoras y secadoras, ventiladores, cestas de lavavajillas y cajones de frigor\u00edficos.<\/p>\n\n\n\n<p>Polyamis PA6.6 ofrece resistencia y estabilidad t\u00e9rmica para tapas de ollas a presi\u00f3n, componentes de calentadores de agua y utensilios de cocina.<\/p>\n\n\n\n<p>Las soluciones Lacoflex\u00ae TPE-S proporcionan flexibilidad y un rendimiento seguro de sellado en recipientes de alimentos, anillos de cafeteras y juntas de puertas de lavadoras, apoyando tanto la calidad como la funcionalidad en cada aplicaci\u00f3n.<\/p>\n<\/div><\/div><\/div>\n\n\n\n<div class=\"wp-block-kobu-custom-blocks-responsive-spacer responsive-spacer size-large\"><\/div>\n\n\n\n\n\n<div class=\"wp-block-kobu-custom-blocks-responsive-spacer responsive-spacer size-large\"><\/div>\n\n\n    <div class=\"taxonomy-slider-block alignfull container-wrapper\">\n        <div class=\"container large\">\n                            <h2>Otras Aplicaciones<\/h2>\n                    <\/div>\n        <div class=\"container full\">\n            <div class=\"taxonomy-slider\" data-width=\"large\">\n                \n    <div class=\"card sector slide \">\n        <div class=\"card-inner-wrapper\">\n                            <div class=\"featured-img\">\n                    <div class=\"featured-img-inner\">\n                        <img loading=\"lazy\" decoding=\"async\" width=\"640\" height=\"427\" src=\"https:\/\/cabopol.kobudev.com\/files\/uploads\/2025\/07\/7b6a80ce83931b3453b814e82f83ef7a33a5ddf5-768x512.jpg\" class=\"coverimg\" alt=\"\" sizes=\"auto, (min-width: 993px) 33vw, (min-width: 601px) 50vw, 100vw\" srcset=\"https:\/\/cabopol.kobudev.com\/files\/uploads\/2025\/07\/7b6a80ce83931b3453b814e82f83ef7a33a5ddf5-768x512.jpg 768w, https:\/\/cabopol.kobudev.com\/files\/uploads\/2025\/07\/7b6a80ce83931b3453b814e82f83ef7a33a5ddf5-300x200.jpg 300w, https:\/\/cabopol.kobudev.com\/files\/uploads\/2025\/07\/7b6a80ce83931b3453b814e82f83ef7a33a5ddf5-1024x682.jpg 1024w, https:\/\/cabopol.kobudev.com\/files\/uploads\/2025\/07\/7b6a80ce83931b3453b814e82f83ef7a33a5ddf5.jpg 1400w\" \/>                    <\/div>\n                <\/div>\n                        <div class=\"content-wrapper\">\n                <h3 class=\"post-title\">Calzado<\/h3>\n                                <a href=\"https:\/\/cabopol.kobudev.com\/es\/aplicaciones\/calzado\/\" class=\"btn ghost-white arrow-btn\">Saber m\u00e1s<\/a>\n            <\/div>\n        <\/div>\n    <\/div>\n\n    <div class=\"card sector slide \">\n        <div class=\"card-inner-wrapper\">\n                            <div class=\"featured-img\">\n                    <div class=\"featured-img-inner\">\n                        <img loading=\"lazy\" decoding=\"async\" width=\"640\" height=\"427\" src=\"https:\/\/cabopol.kobudev.com\/files\/uploads\/2025\/07\/f6ffe5aa5e97c7e650c351885bb9fc23150b4485-768x512.jpg\" class=\"coverimg\" alt=\"\" sizes=\"auto, (min-width: 993px) 33vw, (min-width: 601px) 50vw, 100vw\" srcset=\"https:\/\/cabopol.kobudev.com\/files\/uploads\/2025\/07\/f6ffe5aa5e97c7e650c351885bb9fc23150b4485-768x512.jpg 768w, https:\/\/cabopol.kobudev.com\/files\/uploads\/2025\/07\/f6ffe5aa5e97c7e650c351885bb9fc23150b4485-300x200.jpg 300w, https:\/\/cabopol.kobudev.com\/files\/uploads\/2025\/07\/f6ffe5aa5e97c7e650c351885bb9fc23150b4485-1024x683.jpg 1024w, https:\/\/cabopol.kobudev.com\/files\/uploads\/2025\/07\/f6ffe5aa5e97c7e650c351885bb9fc23150b4485-1536x1024.jpg 1536w, https:\/\/cabopol.kobudev.com\/files\/uploads\/2025\/07\/f6ffe5aa5e97c7e650c351885bb9fc23150b4485.jpg 1800w\" \/>                    <\/div>\n                <\/div>\n                        <div class=\"content-wrapper\">\n                <h3 class=\"post-title\">Moldeo por inyecci\u00f3n y extrusi\u00f3n<\/h3>\n                                <a href=\"https:\/\/cabopol.kobudev.com\/es\/aplicaciones\/moldeo-por-inyeccion-y-extrusion\/\" class=\"btn ghost-white arrow-btn\">Saber m\u00e1s<\/a>\n            <\/div>\n        <\/div>\n    <\/div>\n\n    <div class=\"card sector slide \">\n        <div class=\"card-inner-wrapper\">\n                            <div class=\"featured-img\">\n                    <div class=\"featured-img-inner\">\n                        <img loading=\"lazy\" decoding=\"async\" width=\"640\" height=\"320\" src=\"https:\/\/cabopol.kobudev.com\/files\/uploads\/2025\/07\/1d1e0cb300442da38f7dab2578a3c85f7a38606a-768x384.jpg\" class=\"coverimg\" alt=\"\" sizes=\"auto, (min-width: 993px) 33vw, (min-width: 601px) 50vw, 100vw\" srcset=\"https:\/\/cabopol.kobudev.com\/files\/uploads\/2025\/07\/1d1e0cb300442da38f7dab2578a3c85f7a38606a-768x384.jpg 768w, https:\/\/cabopol.kobudev.com\/files\/uploads\/2025\/07\/1d1e0cb300442da38f7dab2578a3c85f7a38606a-300x150.jpg 300w, https:\/\/cabopol.kobudev.com\/files\/uploads\/2025\/07\/1d1e0cb300442da38f7dab2578a3c85f7a38606a-1024x512.jpg 1024w, https:\/\/cabopol.kobudev.com\/files\/uploads\/2025\/07\/1d1e0cb300442da38f7dab2578a3c85f7a38606a-1536x768.jpg 1536w, https:\/\/cabopol.kobudev.com\/files\/uploads\/2025\/07\/1d1e0cb300442da38f7dab2578a3c85f7a38606a.jpg 1600w\" \/>                    <\/div>\n                <\/div>\n                        <div class=\"content-wrapper\">\n                <h3 class=\"post-title\">Cables y conductores<\/h3>\n                                <a href=\"https:\/\/cabopol.kobudev.com\/es\/aplicaciones\/cables-y-conductores\/\" class=\"btn ghost-white arrow-btn\">Saber m\u00e1s<\/a>\n            <\/div>\n        <\/div>\n    <\/div>\n            <\/div>\n        <\/div>\n                    <div class=\"container large\">\n                <a href=\"https:\/\/cabopol.kobudev.com\/es\/aplicaciones\/\" class=\"taxonomy-page-link arrow-link\"><span>Consultar Nuestras Applicaciones<\/span><\/a>\n            <\/div>\n            <\/div>\n","protected":false},"excerpt":{"rendered":"","protected":false},"author":1,"featured_media":1685,"parent":2610,"menu_order":12,"comment_status":"closed","ping_status":"closed","template":"templates\/application.php","meta":{"_acf_changed":false,"inline_featured_image":false,"footnotes":""},"class_list":["post-2667","page","type-page","status-publish","has-post-thumbnail","hentry"],"acf":[],"_links":{"self":[{"href":"https:\/\/cabopol.kobudev.com\/es\/wp-json\/wp\/v2\/pages\/2667","targetHints":{"allow":["GET"]}}],"collection":[{"href":"https:\/\/cabopol.kobudev.com\/es\/wp-json\/wp\/v2\/pages"}],"about":[{"href":"https:\/\/cabopol.kobudev.com\/es\/wp-json\/wp\/v2\/types\/page"}],"author":[{"embeddable":true,"href":"https:\/\/cabopol.kobudev.com\/es\/wp-json\/wp\/v2\/users\/1"}],"replies":[{"embeddable":true,"href":"https:\/\/cabopol.kobudev.com\/es\/wp-json\/wp\/v2\/comments?post=2667"}],"version-history":[{"count":2,"href":"https:\/\/cabopol.kobudev.com\/es\/wp-json\/wp\/v2\/pages\/2667\/revisions"}],"predecessor-version":[{"id":2713,"href":"https:\/\/cabopol.kobudev.com\/es\/wp-json\/wp\/v2\/pages\/2667\/revisions\/2713"}],"up":[{"embeddable":true,"href":"https:\/\/cabopol.kobudev.com\/es\/wp-json\/wp\/v2\/pages\/2610"}],"wp:featuredmedia":[{"embeddable":true,"href":"https:\/\/cabopol.kobudev.com\/es\/wp-json\/wp\/v2\/media\/1685"}],"wp:attachment":[{"href":"https:\/\/cabopol.kobudev.com\/es\/wp-json\/wp\/v2\/media?parent=2667"}],"curies":[{"name":"wp","href":"https:\/\/api.w.org\/{rel}","templated":true}]}}