{"id":2661,"date":"2025-08-08T11:00:34","date_gmt":"2025-08-08T11:00:34","guid":{"rendered":"https:\/\/cabopol.kobudev.com\/aplicaciones\/moldeo-por-inyeccion-y-extrusion\/automotive\/"},"modified":"2025-12-15T13:09:00","modified_gmt":"2025-12-15T13:09:00","slug":"automotriz","status":"publish","type":"page","link":"https:\/\/cabopol.kobudev.com\/es\/aplicaciones\/moldeo-por-inyeccion-y-extrusion\/automotriz\/","title":{"rendered":"Automotriz"},"content":{"rendered":"\n<div class=\"wp-block-kobu-custom-blocks-inner-content-img alignwide media-content-group child-item align-right valign-start img-first\"><div class=\"media-col\"><figure><img loading=\"lazy\" decoding=\"async\" width=\"1301\" height=\"1301\" class=\"wp-image-1794\" src=\"https:\/\/cabopol.kobudev.com\/files\/uploads\/2025\/11\/Automotive-Interior.webp\" alt=\"\" title=\"Automotive Interior\" sizes=\"auto, (min-width: 1201px) 35vw, (min-width: 601px) 50vw, 100vw\" srcset=\"https:\/\/cabopol.kobudev.com\/files\/uploads\/2025\/11\/Automotive-Interior.webp 1301w, https:\/\/cabopol.kobudev.com\/files\/uploads\/2025\/11\/Automotive-Interior-300x300.webp 300w, https:\/\/cabopol.kobudev.com\/files\/uploads\/2025\/11\/Automotive-Interior-1024x1024.webp 1024w, https:\/\/cabopol.kobudev.com\/files\/uploads\/2025\/11\/Automotive-Interior-150x150.webp 150w, https:\/\/cabopol.kobudev.com\/files\/uploads\/2025\/11\/Automotive-Interior-768x768.webp 768w\" \/><\/figure><\/div><div class=\"content-col\"><div class=\"content-col-wrapper\">\n<h2 class=\"wp-block-heading\">Interior Automotriz TPE-S | PA6 | PP<\/h2>\n\n\n\n<p>Para componentes interiores de autom\u00f3viles, los compuestos Lacoflex\u00ae TPE-S proporcionan flexibilidad y resistencia a impactos para alfombrillas, tapetes decorativos, portavasos y perfiles de asientos, adecuados para procesos de inyecci\u00f3n y extrusi\u00f3n, con opciones de contenido reciclado.<\/p>\n\n\n\n<p>Los pl\u00e1sticos de ingenier\u00eda Polyamis PA6 ofrecen resistencia mec\u00e1nica para piezas estructurales, manillas de puertas y asientos y estructuras de pedales.<\/p>\n\n\n\n<p>Los termopl\u00e1sticos Sofiprime\u00ae PP aseguran estabilidad dimensional en piezas estructurales del cockpit, consolas centrales y acabados interiores, apoyando una producci\u00f3n eficiente y interiores de autom\u00f3viles de alta calidad.<\/p>\n<\/div><\/div><\/div>\n\n\n\n<div class=\"wp-block-kobu-custom-blocks-responsive-spacer responsive-spacer size-large\"><\/div>\n\n\n\n<div class=\"wp-block-kobu-custom-blocks-inner-content-img alignwide media-content-group child-item align-left valign-start img-first\"><div class=\"media-col\"><figure><img loading=\"lazy\" decoding=\"async\" width=\"1301\" height=\"1301\" class=\"wp-image-1790\" src=\"https:\/\/cabopol.kobudev.com\/files\/uploads\/2025\/11\/Automotive-Exterior.webp\" alt=\"\" title=\"Automotive Exterior\" sizes=\"auto, (min-width: 1201px) 35vw, (min-width: 601px) 50vw, 100vw\" srcset=\"https:\/\/cabopol.kobudev.com\/files\/uploads\/2025\/11\/Automotive-Exterior.webp 1301w, https:\/\/cabopol.kobudev.com\/files\/uploads\/2025\/11\/Automotive-Exterior-300x300.webp 300w, https:\/\/cabopol.kobudev.com\/files\/uploads\/2025\/11\/Automotive-Exterior-1024x1024.webp 1024w, https:\/\/cabopol.kobudev.com\/files\/uploads\/2025\/11\/Automotive-Exterior-150x150.webp 150w, https:\/\/cabopol.kobudev.com\/files\/uploads\/2025\/11\/Automotive-Exterior-768x768.webp 768w\" \/><\/figure><\/div><div class=\"content-col\"><div class=\"content-col-wrapper\">\n<h2 class=\"wp-block-heading\">Exterior Automotriz TPE-S | PA66 | PP<\/h2>\n\n\n\n<p>Para componentes exteriores de autom\u00f3viles, los compuestos Lacoflex\u00ae TPE-S proporcionan flexibilidad, resistencia a impactos y opciones con contenido reciclado para encapsulado de vidrio, guardabarros y manillas de enchufe para veh\u00edculos el\u00e9ctricos.<\/p>\n\n\n\n<p>Los pl\u00e1sticos de ingenier\u00eda Polyamis PA66 ofrecen resistencia mec\u00e1nica para los n\u00facleos de las manillas de enchufe de VE.<\/p>\n\n\n\n<p>Los termopl\u00e1sticos Sofiprime\u00ae PP aseguran estabilidad dimensional y resistencia t\u00e9rmica en estructuras frontales, chasis, sistemas HVAC y carcasas de faros delanteros y traseros, apoyando una producci\u00f3n eficiente y exteriores de autom\u00f3viles duraderos.<\/p>\n<\/div><\/div><\/div>\n\n\n\n<div class=\"wp-block-kobu-custom-blocks-responsive-spacer responsive-spacer size-large\"><\/div>\n\n\n\n<div class=\"wp-block-kobu-custom-blocks-inner-content-img alignwide media-content-group child-item align-right valign-start img-first\"><div class=\"media-col\"><figure><img loading=\"lazy\" decoding=\"async\" width=\"1301\" height=\"1301\" class=\"wp-image-1798\" src=\"https:\/\/cabopol.kobudev.com\/files\/uploads\/2025\/11\/Automotive-Under-the-Hood.webp\" alt=\"\" title=\"Automotive Under the Hood\" sizes=\"auto, (min-width: 1201px) 35vw, (min-width: 601px) 50vw, 100vw\" srcset=\"https:\/\/cabopol.kobudev.com\/files\/uploads\/2025\/11\/Automotive-Under-the-Hood.webp 1301w, https:\/\/cabopol.kobudev.com\/files\/uploads\/2025\/11\/Automotive-Under-the-Hood-300x300.webp 300w, https:\/\/cabopol.kobudev.com\/files\/uploads\/2025\/11\/Automotive-Under-the-Hood-1024x1024.webp 1024w, https:\/\/cabopol.kobudev.com\/files\/uploads\/2025\/11\/Automotive-Under-the-Hood-150x150.webp 150w, https:\/\/cabopol.kobudev.com\/files\/uploads\/2025\/11\/Automotive-Under-the-Hood-768x768.webp 768w\" \/><\/figure><\/div><div class=\"content-col\"><div class=\"content-col-wrapper\">\n<h2 class=\"wp-block-heading\">Bajo el Cap\u00f3 Automotriz TPE-S | TPU | PA6 | PA6.6 | PP<\/h2>\n\n\n\n<p>Para aplicaciones automotrices bajo el cap\u00f3, los compuestos Lacoflex\u00ae TPE-S\/TPU proporcionan flexibilidad y resistencia qu\u00edmica para gu\u00edas de cables, sellado de conductos de aire y fuelles de direcci\u00f3n, con opciones de contenido reciclado.<\/p>\n\n\n\n<p>Los pl\u00e1sticos de ingenier\u00eda Polyamis PA6\/PA6.6 ofrecen resistencia mec\u00e1nica y estabilidad t\u00e9rmica para estructuras de filtros de aire, conductos de aire, l\u00edneas de combustible y lavado, y soportes de componentes electr\u00f3nicos.<\/p>\n\n\n\n<p>Los termopl\u00e1sticos Sofiprime\u00ae PP aseguran control dimensional y durabilidad para tapas de motor y gu\u00edas de cables, apoyando un rendimiento fiable en entornos automotrices exigentes.<\/p>\n<\/div><\/div><\/div>\n\n\n\n<div class=\"wp-block-kobu-custom-blocks-responsive-spacer responsive-spacer size-large\"><\/div>\n\n\n\n\n\n<div class=\"wp-block-kobu-custom-blocks-responsive-spacer responsive-spacer size-large\"><\/div>\n\n\n    <div class=\"taxonomy-slider-block alignfull container-wrapper\">\n        <div class=\"container large\">\n                            <h2>Otras Aplicaciones<\/h2>\n                    <\/div>\n        <div class=\"container full\">\n            <div class=\"taxonomy-slider\" data-width=\"large\">\n                \n    <div class=\"card sector slide \">\n        <div class=\"card-inner-wrapper\">\n                            <div class=\"featured-img\">\n                    <div class=\"featured-img-inner\">\n                        <img loading=\"lazy\" decoding=\"async\" width=\"640\" height=\"427\" src=\"https:\/\/cabopol.kobudev.com\/files\/uploads\/2025\/07\/7b6a80ce83931b3453b814e82f83ef7a33a5ddf5-768x512.jpg\" class=\"coverimg\" alt=\"\" sizes=\"auto, (min-width: 993px) 33vw, (min-width: 601px) 50vw, 100vw\" srcset=\"https:\/\/cabopol.kobudev.com\/files\/uploads\/2025\/07\/7b6a80ce83931b3453b814e82f83ef7a33a5ddf5-768x512.jpg 768w, https:\/\/cabopol.kobudev.com\/files\/uploads\/2025\/07\/7b6a80ce83931b3453b814e82f83ef7a33a5ddf5-300x200.jpg 300w, https:\/\/cabopol.kobudev.com\/files\/uploads\/2025\/07\/7b6a80ce83931b3453b814e82f83ef7a33a5ddf5-1024x682.jpg 1024w, https:\/\/cabopol.kobudev.com\/files\/uploads\/2025\/07\/7b6a80ce83931b3453b814e82f83ef7a33a5ddf5.jpg 1400w\" \/>                    <\/div>\n                <\/div>\n                        <div class=\"content-wrapper\">\n                <h3 class=\"post-title\">Calzado<\/h3>\n                                <a href=\"https:\/\/cabopol.kobudev.com\/es\/aplicaciones\/calzado\/\" class=\"btn ghost-white arrow-btn\">Saber m\u00e1s<\/a>\n            <\/div>\n        <\/div>\n    <\/div>\n\n    <div class=\"card sector slide \">\n        <div class=\"card-inner-wrapper\">\n                            <div class=\"featured-img\">\n                    <div class=\"featured-img-inner\">\n                        <img loading=\"lazy\" decoding=\"async\" width=\"640\" height=\"427\" src=\"https:\/\/cabopol.kobudev.com\/files\/uploads\/2025\/07\/f6ffe5aa5e97c7e650c351885bb9fc23150b4485-768x512.jpg\" class=\"coverimg\" alt=\"\" sizes=\"auto, (min-width: 993px) 33vw, (min-width: 601px) 50vw, 100vw\" srcset=\"https:\/\/cabopol.kobudev.com\/files\/uploads\/2025\/07\/f6ffe5aa5e97c7e650c351885bb9fc23150b4485-768x512.jpg 768w, https:\/\/cabopol.kobudev.com\/files\/uploads\/2025\/07\/f6ffe5aa5e97c7e650c351885bb9fc23150b4485-300x200.jpg 300w, https:\/\/cabopol.kobudev.com\/files\/uploads\/2025\/07\/f6ffe5aa5e97c7e650c351885bb9fc23150b4485-1024x683.jpg 1024w, https:\/\/cabopol.kobudev.com\/files\/uploads\/2025\/07\/f6ffe5aa5e97c7e650c351885bb9fc23150b4485-1536x1024.jpg 1536w, https:\/\/cabopol.kobudev.com\/files\/uploads\/2025\/07\/f6ffe5aa5e97c7e650c351885bb9fc23150b4485.jpg 1800w\" \/>                    <\/div>\n                <\/div>\n                        <div class=\"content-wrapper\">\n                <h3 class=\"post-title\">Moldeo por inyecci\u00f3n y extrusi\u00f3n<\/h3>\n                                <a href=\"https:\/\/cabopol.kobudev.com\/es\/aplicaciones\/moldeo-por-inyeccion-y-extrusion\/\" class=\"btn ghost-white arrow-btn\">Saber m\u00e1s<\/a>\n            <\/div>\n        <\/div>\n    <\/div>\n\n    <div class=\"card sector slide \">\n        <div class=\"card-inner-wrapper\">\n                            <div class=\"featured-img\">\n                    <div class=\"featured-img-inner\">\n                        <img loading=\"lazy\" decoding=\"async\" width=\"640\" height=\"320\" src=\"https:\/\/cabopol.kobudev.com\/files\/uploads\/2025\/07\/1d1e0cb300442da38f7dab2578a3c85f7a38606a-768x384.jpg\" class=\"coverimg\" alt=\"\" sizes=\"auto, (min-width: 993px) 33vw, (min-width: 601px) 50vw, 100vw\" srcset=\"https:\/\/cabopol.kobudev.com\/files\/uploads\/2025\/07\/1d1e0cb300442da38f7dab2578a3c85f7a38606a-768x384.jpg 768w, https:\/\/cabopol.kobudev.com\/files\/uploads\/2025\/07\/1d1e0cb300442da38f7dab2578a3c85f7a38606a-300x150.jpg 300w, https:\/\/cabopol.kobudev.com\/files\/uploads\/2025\/07\/1d1e0cb300442da38f7dab2578a3c85f7a38606a-1024x512.jpg 1024w, https:\/\/cabopol.kobudev.com\/files\/uploads\/2025\/07\/1d1e0cb300442da38f7dab2578a3c85f7a38606a-1536x768.jpg 1536w, https:\/\/cabopol.kobudev.com\/files\/uploads\/2025\/07\/1d1e0cb300442da38f7dab2578a3c85f7a38606a.jpg 1600w\" \/>                    <\/div>\n                <\/div>\n                        <div class=\"content-wrapper\">\n                <h3 class=\"post-title\">Cables y conductores<\/h3>\n                                <a href=\"https:\/\/cabopol.kobudev.com\/es\/aplicaciones\/cables-y-conductores\/\" class=\"btn ghost-white arrow-btn\">Saber m\u00e1s<\/a>\n            <\/div>\n        <\/div>\n    <\/div>\n            <\/div>\n        <\/div>\n                    <div class=\"container large\">\n                <a href=\"https:\/\/cabopol.kobudev.com\/es\/aplicaciones\/\" class=\"taxonomy-page-link arrow-link\"><span>Consultar Nuestras Aplicaciones<\/span><\/a>\n            <\/div>\n            <\/div>\n\n\n\n<p><\/p>\n","protected":false},"excerpt":{"rendered":"","protected":false},"author":1,"featured_media":186,"parent":2610,"menu_order":8,"comment_status":"closed","ping_status":"closed","template":"templates\/application.php","meta":{"_acf_changed":false,"inline_featured_image":false,"footnotes":""},"class_list":["post-2661","page","type-page","status-publish","has-post-thumbnail","hentry"],"acf":[],"_links":{"self":[{"href":"https:\/\/cabopol.kobudev.com\/es\/wp-json\/wp\/v2\/pages\/2661","targetHints":{"allow":["GET"]}}],"collection":[{"href":"https:\/\/cabopol.kobudev.com\/es\/wp-json\/wp\/v2\/pages"}],"about":[{"href":"https:\/\/cabopol.kobudev.com\/es\/wp-json\/wp\/v2\/types\/page"}],"author":[{"embeddable":true,"href":"https:\/\/cabopol.kobudev.com\/es\/wp-json\/wp\/v2\/users\/1"}],"replies":[{"embeddable":true,"href":"https:\/\/cabopol.kobudev.com\/es\/wp-json\/wp\/v2\/comments?post=2661"}],"version-history":[{"count":2,"href":"https:\/\/cabopol.kobudev.com\/es\/wp-json\/wp\/v2\/pages\/2661\/revisions"}],"predecessor-version":[{"id":2709,"href":"https:\/\/cabopol.kobudev.com\/es\/wp-json\/wp\/v2\/pages\/2661\/revisions\/2709"}],"up":[{"embeddable":true,"href":"https:\/\/cabopol.kobudev.com\/es\/wp-json\/wp\/v2\/pages\/2610"}],"wp:featuredmedia":[{"embeddable":true,"href":"https:\/\/cabopol.kobudev.com\/es\/wp-json\/wp\/v2\/media\/186"}],"wp:attachment":[{"href":"https:\/\/cabopol.kobudev.com\/es\/wp-json\/wp\/v2\/media?parent=2661"}],"curies":[{"name":"wp","href":"https:\/\/api.w.org\/{rel}","templated":true}]}}