{"id":2655,"date":"2025-08-08T11:02:06","date_gmt":"2025-08-08T11:02:06","guid":{"rendered":"https:\/\/cabopol.kobudev.com\/aplicaciones\/moldeo-por-inyeccion-y-extrusion\/industry\/"},"modified":"2025-12-15T18:23:52","modified_gmt":"2025-12-15T18:23:52","slug":"industria","status":"publish","type":"page","link":"https:\/\/cabopol.kobudev.com\/es\/aplicaciones\/moldeo-por-inyeccion-y-extrusion\/industria\/","title":{"rendered":"Industria"},"content":{"rendered":"\n<div class=\"wp-block-kobu-custom-blocks-inner-content-img alignwide media-content-group child-item align-right valign-start img-first\"><div class=\"media-col\"><figure><img loading=\"lazy\" decoding=\"async\" width=\"1301\" height=\"1301\" class=\"wp-image-1809\" src=\"https:\/\/cabopol.kobudev.com\/files\/uploads\/2025\/11\/Industry-Electric-Electronics.webp\" alt=\"\" title=\"Industry Electric &amp; Electronics\" sizes=\"auto, (min-width: 1201px) 35vw, (min-width: 601px) 50vw, 100vw\" srcset=\"https:\/\/cabopol.kobudev.com\/files\/uploads\/2025\/11\/Industry-Electric-Electronics.webp 1301w, https:\/\/cabopol.kobudev.com\/files\/uploads\/2025\/11\/Industry-Electric-Electronics-300x300.webp 300w, https:\/\/cabopol.kobudev.com\/files\/uploads\/2025\/11\/Industry-Electric-Electronics-1024x1024.webp 1024w, https:\/\/cabopol.kobudev.com\/files\/uploads\/2025\/11\/Industry-Electric-Electronics-150x150.webp 150w, https:\/\/cabopol.kobudev.com\/files\/uploads\/2025\/11\/Industry-Electric-Electronics-768x768.webp 768w\" \/><\/figure><\/div><div class=\"content-col\"><div class=\"content-col-wrapper\">\n<h2 class=\"wp-block-heading\">El\u00e9ctrica &amp; Electr\u00f3nica TPE-S | PA6 | PP | PVC<\/h2>\n\n\n\n<p>Para aplicaciones el\u00e9ctricas y electr\u00f3nicas, los compuestos Lacoflex\u00ae TPE-S aseguran flexibilidad e integridad de sellado en placas de entrada de cables y juntas de cajas de derivaci\u00f3n.<\/p>\n\n\n\n<p>Los pl\u00e1sticos de ingenier\u00eda Polyamis PA6 proporcionan alta resistencia mec\u00e1nica y estabilidad dimensional para cajas de fusibles y cajas el\u00e9ctricas, reforzadas con fibra de vidrio.<\/p>\n\n\n\n<p>Los termopl\u00e1sticos Sofiprime\u00ae PP ofrecen rigidez y resistencia t\u00e9rmica para soportes de l\u00e1mparas, mientras que los compuestos Polyprime\u00ae PVC garantizan durabilidad y procesabilidad en canalizaciones de cables extruidas.<\/p>\n<\/div><\/div><\/div>\n\n\n\n<div class=\"wp-block-kobu-custom-blocks-responsive-spacer responsive-spacer size-large\"><\/div>\n\n\n\n<div class=\"wp-block-kobu-custom-blocks-inner-content-img alignwide media-content-group child-item align-left valign-start img-first\"><div class=\"media-col\"><figure><img loading=\"lazy\" decoding=\"async\" width=\"1301\" height=\"1301\" class=\"wp-image-1805\" src=\"https:\/\/cabopol.kobudev.com\/files\/uploads\/2025\/11\/Industry-Building.webp\" alt=\"\" title=\"Industry Building\" sizes=\"auto, (min-width: 1201px) 35vw, (min-width: 601px) 50vw, 100vw\" srcset=\"https:\/\/cabopol.kobudev.com\/files\/uploads\/2025\/11\/Industry-Building.webp 1301w, https:\/\/cabopol.kobudev.com\/files\/uploads\/2025\/11\/Industry-Building-300x300.webp 300w, https:\/\/cabopol.kobudev.com\/files\/uploads\/2025\/11\/Industry-Building-1024x1024.webp 1024w, https:\/\/cabopol.kobudev.com\/files\/uploads\/2025\/11\/Industry-Building-150x150.webp 150w, https:\/\/cabopol.kobudev.com\/files\/uploads\/2025\/11\/Industry-Building-768x768.webp 768w\" \/><\/figure><\/div><div class=\"content-col\"><div class=\"content-col-wrapper\">\n<h2 class=\"wp-block-heading\">Construcci\u00f3n TPE-S | TPE-O | PA6.6 | PP | PVC<\/h2>\n\n\n\n<p>Nuestros compuestos especializados proporcionan soluciones fiables y eficientes para los sectores de la construcci\u00f3n e industrial.<\/p>\n\n\n\n<p>Polyprime\u00ae PVC, Sofiprime\u00ae PP, Polyamis PA6.6 y Lacoflex\u00ae TPE-S \/ TPE-O se utilizan en aplicaciones como perfiles de sellado, pedestales de terrazas, tuber\u00edas, pavimentos, mangueras de gas y componentes estructurales.<\/p>\n\n\n\n<p>Estos ejemplos destacan materiales dise\u00f1ados para ofrecer resistencia mec\u00e1nica, resistencia a la intemperie y estabilidad duradera en entornos de construcci\u00f3n exigentes.<\/p>\n<\/div><\/div><\/div>\n\n\n\n<div class=\"wp-block-kobu-custom-blocks-responsive-spacer responsive-spacer size-large\"><\/div>\n\n\n\n\n\n<div class=\"wp-block-kobu-custom-blocks-responsive-spacer responsive-spacer size-large\"><\/div>\n\n\n    <div class=\"taxonomy-slider-block alignfull container-wrapper\">\n        <div class=\"container large\">\n                            <h2>Otras Aplicaciones<\/h2>\n                    <\/div>\n        <div class=\"container full\">\n            <div class=\"taxonomy-slider\" data-width=\"large\">\n                \n    <div class=\"card sector slide \">\n        <div class=\"card-inner-wrapper\">\n                            <div class=\"featured-img\">\n                    <div class=\"featured-img-inner\">\n                        <img loading=\"lazy\" decoding=\"async\" width=\"640\" height=\"427\" src=\"https:\/\/cabopol.kobudev.com\/files\/uploads\/2025\/07\/7b6a80ce83931b3453b814e82f83ef7a33a5ddf5-768x512.jpg\" class=\"coverimg\" alt=\"\" sizes=\"auto, (min-width: 993px) 33vw, (min-width: 601px) 50vw, 100vw\" srcset=\"https:\/\/cabopol.kobudev.com\/files\/uploads\/2025\/07\/7b6a80ce83931b3453b814e82f83ef7a33a5ddf5-768x512.jpg 768w, https:\/\/cabopol.kobudev.com\/files\/uploads\/2025\/07\/7b6a80ce83931b3453b814e82f83ef7a33a5ddf5-300x200.jpg 300w, https:\/\/cabopol.kobudev.com\/files\/uploads\/2025\/07\/7b6a80ce83931b3453b814e82f83ef7a33a5ddf5-1024x682.jpg 1024w, https:\/\/cabopol.kobudev.com\/files\/uploads\/2025\/07\/7b6a80ce83931b3453b814e82f83ef7a33a5ddf5.jpg 1400w\" \/>                    <\/div>\n                <\/div>\n                        <div class=\"content-wrapper\">\n                <h3 class=\"post-title\">Calzado<\/h3>\n                                <a href=\"https:\/\/cabopol.kobudev.com\/es\/aplicaciones\/calzado\/\" class=\"btn ghost-white arrow-btn\">Saber m\u00e1s<\/a>\n            <\/div>\n        <\/div>\n    <\/div>\n\n    <div class=\"card sector slide \">\n        <div class=\"card-inner-wrapper\">\n                            <div class=\"featured-img\">\n                    <div class=\"featured-img-inner\">\n                        <img loading=\"lazy\" decoding=\"async\" width=\"640\" height=\"427\" src=\"https:\/\/cabopol.kobudev.com\/files\/uploads\/2025\/07\/f6ffe5aa5e97c7e650c351885bb9fc23150b4485-768x512.jpg\" class=\"coverimg\" alt=\"\" sizes=\"auto, (min-width: 993px) 33vw, (min-width: 601px) 50vw, 100vw\" srcset=\"https:\/\/cabopol.kobudev.com\/files\/uploads\/2025\/07\/f6ffe5aa5e97c7e650c351885bb9fc23150b4485-768x512.jpg 768w, https:\/\/cabopol.kobudev.com\/files\/uploads\/2025\/07\/f6ffe5aa5e97c7e650c351885bb9fc23150b4485-300x200.jpg 300w, https:\/\/cabopol.kobudev.com\/files\/uploads\/2025\/07\/f6ffe5aa5e97c7e650c351885bb9fc23150b4485-1024x683.jpg 1024w, https:\/\/cabopol.kobudev.com\/files\/uploads\/2025\/07\/f6ffe5aa5e97c7e650c351885bb9fc23150b4485-1536x1024.jpg 1536w, https:\/\/cabopol.kobudev.com\/files\/uploads\/2025\/07\/f6ffe5aa5e97c7e650c351885bb9fc23150b4485.jpg 1800w\" \/>                    <\/div>\n                <\/div>\n                        <div class=\"content-wrapper\">\n                <h3 class=\"post-title\">Moldeo por inyecci\u00f3n y extrusi\u00f3n<\/h3>\n                                <a href=\"https:\/\/cabopol.kobudev.com\/es\/aplicaciones\/moldeo-por-inyeccion-y-extrusion\/\" class=\"btn ghost-white arrow-btn\">Saber m\u00e1s<\/a>\n            <\/div>\n        <\/div>\n    <\/div>\n\n    <div class=\"card sector slide \">\n        <div class=\"card-inner-wrapper\">\n                            <div class=\"featured-img\">\n                    <div class=\"featured-img-inner\">\n                        <img loading=\"lazy\" decoding=\"async\" width=\"640\" height=\"320\" src=\"https:\/\/cabopol.kobudev.com\/files\/uploads\/2025\/07\/1d1e0cb300442da38f7dab2578a3c85f7a38606a-768x384.jpg\" class=\"coverimg\" alt=\"\" sizes=\"auto, (min-width: 993px) 33vw, (min-width: 601px) 50vw, 100vw\" srcset=\"https:\/\/cabopol.kobudev.com\/files\/uploads\/2025\/07\/1d1e0cb300442da38f7dab2578a3c85f7a38606a-768x384.jpg 768w, https:\/\/cabopol.kobudev.com\/files\/uploads\/2025\/07\/1d1e0cb300442da38f7dab2578a3c85f7a38606a-300x150.jpg 300w, https:\/\/cabopol.kobudev.com\/files\/uploads\/2025\/07\/1d1e0cb300442da38f7dab2578a3c85f7a38606a-1024x512.jpg 1024w, https:\/\/cabopol.kobudev.com\/files\/uploads\/2025\/07\/1d1e0cb300442da38f7dab2578a3c85f7a38606a-1536x768.jpg 1536w, https:\/\/cabopol.kobudev.com\/files\/uploads\/2025\/07\/1d1e0cb300442da38f7dab2578a3c85f7a38606a.jpg 1600w\" \/>                    <\/div>\n                <\/div>\n                        <div class=\"content-wrapper\">\n                <h3 class=\"post-title\">Cables y conductores<\/h3>\n                                <a href=\"https:\/\/cabopol.kobudev.com\/es\/aplicaciones\/cables-y-conductores\/\" class=\"btn ghost-white arrow-btn\">Saber m\u00e1s<\/a>\n            <\/div>\n        <\/div>\n    <\/div>\n            <\/div>\n        <\/div>\n                    <div class=\"container large\">\n                <a href=\"https:\/\/cabopol.kobudev.com\/es\/aplicaciones\/\" class=\"taxonomy-page-link arrow-link\"><span>Consultar Nuestras Applicaciones<\/span><\/a>\n            <\/div>\n            <\/div>\n\n\n\n<p><\/p>\n","protected":false},"excerpt":{"rendered":"","protected":false},"author":1,"featured_media":186,"parent":2610,"menu_order":11,"comment_status":"closed","ping_status":"closed","template":"templates\/application.php","meta":{"_acf_changed":false,"inline_featured_image":false,"footnotes":""},"class_list":["post-2655","page","type-page","status-publish","has-post-thumbnail","hentry"],"acf":[],"_links":{"self":[{"href":"https:\/\/cabopol.kobudev.com\/es\/wp-json\/wp\/v2\/pages\/2655","targetHints":{"allow":["GET"]}}],"collection":[{"href":"https:\/\/cabopol.kobudev.com\/es\/wp-json\/wp\/v2\/pages"}],"about":[{"href":"https:\/\/cabopol.kobudev.com\/es\/wp-json\/wp\/v2\/types\/page"}],"author":[{"embeddable":true,"href":"https:\/\/cabopol.kobudev.com\/es\/wp-json\/wp\/v2\/users\/1"}],"replies":[{"embeddable":true,"href":"https:\/\/cabopol.kobudev.com\/es\/wp-json\/wp\/v2\/comments?post=2655"}],"version-history":[{"count":2,"href":"https:\/\/cabopol.kobudev.com\/es\/wp-json\/wp\/v2\/pages\/2655\/revisions"}],"predecessor-version":[{"id":2711,"href":"https:\/\/cabopol.kobudev.com\/es\/wp-json\/wp\/v2\/pages\/2655\/revisions\/2711"}],"up":[{"embeddable":true,"href":"https:\/\/cabopol.kobudev.com\/es\/wp-json\/wp\/v2\/pages\/2610"}],"wp:featuredmedia":[{"embeddable":true,"href":"https:\/\/cabopol.kobudev.com\/es\/wp-json\/wp\/v2\/media\/186"}],"wp:attachment":[{"href":"https:\/\/cabopol.kobudev.com\/es\/wp-json\/wp\/v2\/media?parent=2655"}],"curies":[{"name":"wp","href":"https:\/\/api.w.org\/{rel}","templated":true}]}}