{"id":2649,"date":"2025-07-02T14:05:43","date_gmt":"2025-07-02T14:05:43","guid":{"rendered":"https:\/\/cabopol.kobudev.com\/aplicaciones\/cables-y-conductores\/automotive-wire\/"},"modified":"2025-12-15T12:54:52","modified_gmt":"2025-12-15T12:54:52","slug":"automotriz-cable","status":"publish","type":"page","link":"https:\/\/cabopol.kobudev.com\/es\/aplicaciones\/cables-y-conductores\/automotriz-cable\/","title":{"rendered":"Automotriz Cable"},"content":{"rendered":"\n<div class=\"wp-block-kobu-custom-blocks-inner-content-img alignwide media-content-group child-item align-right valign-start img-first\"><div class=\"media-col\"><figure><img loading=\"lazy\" decoding=\"async\" width=\"1301\" height=\"1301\" class=\"wp-image-1742\" src=\"https:\/\/cabopol.kobudev.com\/files\/uploads\/2025\/11\/Wire-and-cable-Automotive.webp\" alt=\"\" title=\"Wire and cable Automotive\" sizes=\"auto, (min-width: 1201px) 35vw, (min-width: 601px) 50vw, 100vw\" srcset=\"https:\/\/cabopol.kobudev.com\/files\/uploads\/2025\/11\/Wire-and-cable-Automotive.webp 1301w, https:\/\/cabopol.kobudev.com\/files\/uploads\/2025\/11\/Wire-and-cable-Automotive-300x300.webp 300w, https:\/\/cabopol.kobudev.com\/files\/uploads\/2025\/11\/Wire-and-cable-Automotive-1024x1024.webp 1024w, https:\/\/cabopol.kobudev.com\/files\/uploads\/2025\/11\/Wire-and-cable-Automotive-150x150.webp 150w, https:\/\/cabopol.kobudev.com\/files\/uploads\/2025\/11\/Wire-and-cable-Automotive-768x768.webp 768w\" \/><\/figure><\/div><div class=\"content-col\"><div class=\"content-col-wrapper\">\n<h2 class=\"wp-block-heading\">General TPE | TPU | PP | XLPO | PVC<\/h2>\n\n\n\n<p>Cabopol ofrece compuestos termopl\u00e1sticos y reticulables de alto rendimiento para cables y conductores automotrices. Nuestras series Lacoflex\u00ae TPE\/TPU, Sofiplus\u00ae PP\/XLPO y Polyprime\u00ae PVC cubren aplicaciones desde T2 hasta T4, incluyendo carga de veh\u00edculos el\u00e9ctricos.<\/p>\n\n\n\n<p>Lacoflex\u00ae asegura flexibilidad a bajas temperaturas (-40\u00baC), resistencia a la abrasi\u00f3n y opciones de retardante de llama sin hal\u00f3genos. Las versiones TPU proporcionan excelente resistencia mec\u00e1nica y a los rayos UV hasta 125\u00baC.<\/p>\n\n\n\n<p>Los compuestos reticulables Sofiplus\u00ae cumplen con las normas ISO 6722 y LV 112, ofreciendo resistencia a altas temperaturas (&gt;125\u00baC), desempe\u00f1o frente a la abrasi\u00f3n y envejecimiento t\u00e9rmico a largo plazo.<\/p>\n\n\n\n<p>Las soluciones Polyprime\u00ae PVC ofrecen un rendimiento econ\u00f3mico para T2, T3, JASO y CIVUS, combinando flexibilidad, resistencia a aceites y estabilidad t\u00e9rmica.<\/p>\n<\/div><\/div><\/div>\n\n\n\n<div class=\"wp-block-kobu-custom-blocks-responsive-spacer responsive-spacer size-large\"><\/div>\n\n\n\n<div class=\"wp-block-kobu-custom-blocks-inner-content-img alignwide media-content-group child-item align-left valign-start img-first\"><div class=\"media-col\"><figure><img loading=\"lazy\" decoding=\"async\" width=\"731\" height=\"1001\" class=\"wp-image-1367\" src=\"https:\/\/cabopol.kobudev.com\/files\/uploads\/2025\/11\/Polyprime.webp\" alt=\"\" title=\"Polyprime\" sizes=\"auto, (min-width: 1201px) 35vw, (min-width: 601px) 50vw, 100vw\" srcset=\"https:\/\/cabopol.kobudev.com\/files\/uploads\/2025\/11\/Polyprime.webp 731w, https:\/\/cabopol.kobudev.com\/files\/uploads\/2025\/11\/Polyprime-219x300.webp 219w\" \/><\/figure><\/div><div class=\"content-col\"><div class=\"content-col-wrapper\">\n<h2 class=\"wp-block-heading\">COMunicaciones<br>TPE | TPU | PP | PE | XLPE<\/h2>\n\n\n\n<p>Cabopol ofrece compuestos especializados para cables de datos, coaxiales, Ethernet y CAN utilizados en sistemas de comunicaci\u00f3n automotriz modernos. Nuestras soluciones Lacoflex\u00ae TPE\/TPU y Sofiplus\u00ae PP\/PE\/XLPE combinan retardante de llama libre de hal\u00f3genos, resistencia a aceites y flexibilidad de -40\u00b0C a +125\u00b0C.<\/p>\n\n\n\n<p>Estos materiales est\u00e1n dise\u00f1ados para un alto rendimiento el\u00e9ctrico, ofreciendo impedancia estable, bajas constantes diel\u00e9ctricas y buena compatibilidad con blindajes. Adecuados para diel\u00e9ctricos s\u00f3lidos y espumados, soportan un dimensionamiento consistente del cable y la integridad de la se\u00f1al.<\/p>\n\n\n\n<p>Los compuestos de Cabopol tambi\u00e9n proporcionan resistencia a la abrasi\u00f3n, reciclabilidad y bajas emisiones de humo, cumpliendo con los requisitos de entornos automotrices exigentes. Se encuentran disponibles grados est\u00e1ndar o personalizados para satisfacer las necesidades exactas de su aplicaci\u00f3n.<\/p>\n<\/div><\/div><\/div>\n\n\n\n<div class=\"wp-block-kobu-custom-blocks-responsive-spacer responsive-spacer size-large\"><\/div>\n\n\n\n\n\n<div class=\"wp-block-kobu-custom-blocks-responsive-spacer responsive-spacer size-large\"><\/div>\n\n\n    <div class=\"taxonomy-slider-block alignfull container-wrapper\">\n        <div class=\"container large\">\n                            <h2>Otras Aplicaciones<\/h2>\n                    <\/div>\n        <div class=\"container full\">\n            <div class=\"taxonomy-slider\" data-width=\"large\">\n                \n    <div class=\"card sector slide \">\n        <div class=\"card-inner-wrapper\">\n                            <div class=\"featured-img\">\n                    <div class=\"featured-img-inner\">\n                        <img loading=\"lazy\" decoding=\"async\" width=\"640\" height=\"427\" src=\"https:\/\/cabopol.kobudev.com\/files\/uploads\/2025\/07\/7b6a80ce83931b3453b814e82f83ef7a33a5ddf5-768x512.jpg\" class=\"coverimg\" alt=\"\" sizes=\"auto, (min-width: 993px) 33vw, (min-width: 601px) 50vw, 100vw\" srcset=\"https:\/\/cabopol.kobudev.com\/files\/uploads\/2025\/07\/7b6a80ce83931b3453b814e82f83ef7a33a5ddf5-768x512.jpg 768w, https:\/\/cabopol.kobudev.com\/files\/uploads\/2025\/07\/7b6a80ce83931b3453b814e82f83ef7a33a5ddf5-300x200.jpg 300w, https:\/\/cabopol.kobudev.com\/files\/uploads\/2025\/07\/7b6a80ce83931b3453b814e82f83ef7a33a5ddf5-1024x682.jpg 1024w, https:\/\/cabopol.kobudev.com\/files\/uploads\/2025\/07\/7b6a80ce83931b3453b814e82f83ef7a33a5ddf5.jpg 1400w\" \/>                    <\/div>\n                <\/div>\n                        <div class=\"content-wrapper\">\n                <h3 class=\"post-title\">Calzado<\/h3>\n                                <a href=\"https:\/\/cabopol.kobudev.com\/es\/aplicaciones\/calzado\/\" class=\"btn ghost-white arrow-btn\">Saber m\u00e1s<\/a>\n            <\/div>\n        <\/div>\n    <\/div>\n\n    <div class=\"card sector slide \">\n        <div class=\"card-inner-wrapper\">\n                            <div class=\"featured-img\">\n                    <div class=\"featured-img-inner\">\n                        <img loading=\"lazy\" decoding=\"async\" width=\"640\" height=\"427\" src=\"https:\/\/cabopol.kobudev.com\/files\/uploads\/2025\/07\/f6ffe5aa5e97c7e650c351885bb9fc23150b4485-768x512.jpg\" class=\"coverimg\" alt=\"\" sizes=\"auto, (min-width: 993px) 33vw, (min-width: 601px) 50vw, 100vw\" srcset=\"https:\/\/cabopol.kobudev.com\/files\/uploads\/2025\/07\/f6ffe5aa5e97c7e650c351885bb9fc23150b4485-768x512.jpg 768w, https:\/\/cabopol.kobudev.com\/files\/uploads\/2025\/07\/f6ffe5aa5e97c7e650c351885bb9fc23150b4485-300x200.jpg 300w, https:\/\/cabopol.kobudev.com\/files\/uploads\/2025\/07\/f6ffe5aa5e97c7e650c351885bb9fc23150b4485-1024x683.jpg 1024w, https:\/\/cabopol.kobudev.com\/files\/uploads\/2025\/07\/f6ffe5aa5e97c7e650c351885bb9fc23150b4485-1536x1024.jpg 1536w, https:\/\/cabopol.kobudev.com\/files\/uploads\/2025\/07\/f6ffe5aa5e97c7e650c351885bb9fc23150b4485.jpg 1800w\" \/>                    <\/div>\n                <\/div>\n                        <div class=\"content-wrapper\">\n                <h3 class=\"post-title\">Moldeo por inyecci\u00f3n y extrusi\u00f3n<\/h3>\n                                <a href=\"https:\/\/cabopol.kobudev.com\/es\/aplicaciones\/moldeo-por-inyeccion-y-extrusion\/\" class=\"btn ghost-white arrow-btn\">Saber m\u00e1s<\/a>\n            <\/div>\n        <\/div>\n    <\/div>\n\n    <div class=\"card sector slide \">\n        <div class=\"card-inner-wrapper\">\n                            <div class=\"featured-img\">\n                    <div class=\"featured-img-inner\">\n                        <img loading=\"lazy\" decoding=\"async\" width=\"640\" height=\"320\" src=\"https:\/\/cabopol.kobudev.com\/files\/uploads\/2025\/07\/1d1e0cb300442da38f7dab2578a3c85f7a38606a-768x384.jpg\" class=\"coverimg\" alt=\"\" sizes=\"auto, (min-width: 993px) 33vw, (min-width: 601px) 50vw, 100vw\" srcset=\"https:\/\/cabopol.kobudev.com\/files\/uploads\/2025\/07\/1d1e0cb300442da38f7dab2578a3c85f7a38606a-768x384.jpg 768w, https:\/\/cabopol.kobudev.com\/files\/uploads\/2025\/07\/1d1e0cb300442da38f7dab2578a3c85f7a38606a-300x150.jpg 300w, https:\/\/cabopol.kobudev.com\/files\/uploads\/2025\/07\/1d1e0cb300442da38f7dab2578a3c85f7a38606a-1024x512.jpg 1024w, https:\/\/cabopol.kobudev.com\/files\/uploads\/2025\/07\/1d1e0cb300442da38f7dab2578a3c85f7a38606a-1536x768.jpg 1536w, https:\/\/cabopol.kobudev.com\/files\/uploads\/2025\/07\/1d1e0cb300442da38f7dab2578a3c85f7a38606a.jpg 1600w\" \/>                    <\/div>\n                <\/div>\n                        <div class=\"content-wrapper\">\n                <h3 class=\"post-title\">Cables y conductores<\/h3>\n                                <a href=\"https:\/\/cabopol.kobudev.com\/es\/aplicaciones\/cables-y-conductores\/\" class=\"btn ghost-white arrow-btn\">Saber m\u00e1s<\/a>\n            <\/div>\n        <\/div>\n    <\/div>\n            <\/div>\n        <\/div>\n                    <div class=\"container large\">\n                <a href=\"https:\/\/cabopol.kobudev.com\/es\/aplicaciones\/\" class=\"taxonomy-page-link arrow-link\"><span>Consultar Nuestras Aplicaciones<\/span><\/a>\n            <\/div>\n            <\/div>\n","protected":false},"excerpt":{"rendered":"","protected":false},"author":1,"featured_media":186,"parent":2616,"menu_order":7,"comment_status":"closed","ping_status":"closed","template":"templates\/application.php","meta":{"_acf_changed":false,"inline_featured_image":false,"footnotes":""},"class_list":["post-2649","page","type-page","status-publish","has-post-thumbnail","hentry"],"acf":[],"_links":{"self":[{"href":"https:\/\/cabopol.kobudev.com\/es\/wp-json\/wp\/v2\/pages\/2649","targetHints":{"allow":["GET"]}}],"collection":[{"href":"https:\/\/cabopol.kobudev.com\/es\/wp-json\/wp\/v2\/pages"}],"about":[{"href":"https:\/\/cabopol.kobudev.com\/es\/wp-json\/wp\/v2\/types\/page"}],"author":[{"embeddable":true,"href":"https:\/\/cabopol.kobudev.com\/es\/wp-json\/wp\/v2\/users\/1"}],"replies":[{"embeddable":true,"href":"https:\/\/cabopol.kobudev.com\/es\/wp-json\/wp\/v2\/comments?post=2649"}],"version-history":[{"count":2,"href":"https:\/\/cabopol.kobudev.com\/es\/wp-json\/wp\/v2\/pages\/2649\/revisions"}],"predecessor-version":[{"id":2703,"href":"https:\/\/cabopol.kobudev.com\/es\/wp-json\/wp\/v2\/pages\/2649\/revisions\/2703"}],"up":[{"embeddable":true,"href":"https:\/\/cabopol.kobudev.com\/es\/wp-json\/wp\/v2\/pages\/2616"}],"wp:featuredmedia":[{"embeddable":true,"href":"https:\/\/cabopol.kobudev.com\/es\/wp-json\/wp\/v2\/media\/186"}],"wp:attachment":[{"href":"https:\/\/cabopol.kobudev.com\/es\/wp-json\/wp\/v2\/media?parent=2649"}],"curies":[{"name":"wp","href":"https:\/\/api.w.org\/{rel}","templated":true}]}}