{"id":2538,"date":"2025-11-25T11:25:27","date_gmt":"2025-11-25T11:25:27","guid":{"rendered":"https:\/\/cabopol.kobudev.com\/sustainability\/"},"modified":"2025-12-18T11:26:18","modified_gmt":"2025-12-18T11:26:18","slug":"estrategia-de-sostenibilidad","status":"publish","type":"page","link":"https:\/\/cabopol.kobudev.com\/es\/estrategia-de-sostenibilidad\/","title":{"rendered":"Estrategia de Sostenibilidad"},"content":{"rendered":"\n<div class=\"wp-block-kobu-custom-blocks-section-wrapper alignfull kobu-section has-background has-lightergray-background-color\">\n<div class=\"wp-block-kobu-custom-blocks-responsive-spacer responsive-spacer size-large\"><\/div>\n\n\n\n<p class=\"is-style-top-red-line\">En Cabopol reconocemos la necesidad global urgente de mejorar el bienestar humano y medioambiental. A medida que el mundo avanza hacia una econom\u00eda circular y reduce las emisiones de gases de efecto invernadero, contribuimos con orgullo a esta transici\u00f3n. Guiados por el Pacto Mundial de las Naciones Unidas, alineamos nuestras estrategias con sus Diez Principios y con los Objetivos de Desarrollo Sostenible, reflejando nuestro compromiso con unas pr\u00e1cticas responsables.<\/p>\n\n\n\n<p class=\"is-style-top-red-line\">En respuesta a la creciente conciencia de los consumidores y a la demanda de soluciones m\u00e1s sostenibles, la industria del pl\u00e1stico est\u00e1 evolucionando. En Cabopol hemos asumido este cambio desarrollando compuestos polim\u00e9ricos sostenibles que combinan rendimiento y responsabilidad medioambiental. Ofrecer materiales ecol\u00f3gicos ya no es una opci\u00f3n, es nuestro est\u00e1ndar. Nuestras soluciones sostenibles promueven una econom\u00eda circular y contribuyen a proteger el planeta para las generaciones futuras.<\/p>\n\n\n\n<div class=\"wp-block-kobu-custom-blocks-responsive-spacer responsive-spacer size-large\"><\/div>\n<\/div>\n\n\n\n<div class=\"wp-block-kobu-custom-blocks-inner-content-img alignfull media-content-group child-item align-right valign-start img-first\"><div class=\"media-col\"><figure><img loading=\"lazy\" decoding=\"async\" width=\"1059\" height=\"1059\" class=\"wp-image-1528\" src=\"https:\/\/cabopol.kobudev.com\/files\/uploads\/2025\/11\/CoP.webp\" alt=\"\" title=\"CoP\" sizes=\"auto, (min-width: 601px) 50vw, 100vw\" srcset=\"https:\/\/cabopol.kobudev.com\/files\/uploads\/2025\/11\/CoP.webp 1059w, https:\/\/cabopol.kobudev.com\/files\/uploads\/2025\/11\/CoP-300x300.webp 300w, https:\/\/cabopol.kobudev.com\/files\/uploads\/2025\/11\/CoP-1024x1024.webp 1024w, https:\/\/cabopol.kobudev.com\/files\/uploads\/2025\/11\/CoP-150x150.webp 150w, https:\/\/cabopol.kobudev.com\/files\/uploads\/2025\/11\/CoP-768x768.webp 768w\" \/><\/figure><\/div><div class=\"content-col\"><div class=\"content-col-wrapper\">\n<h2 class=\"wp-block-heading\">CoP &#8211; Comunicaci\u00f3n sobre el Progreso<\/h2>\n\n\n\n<p>Nuestro compromiso se refleja en la Comunicaci\u00f3n sobre el Progreso (CoP) 2024, que detalla las iniciativas y acciones implementadas, permitiendo a las partes interesadas seguir nuestro rendimiento en sostenibilidad y compararlo con otras empresas del sector. Le invitamos a acceder a nuestro informe completo en el portal oficial del Pacto Mundial de las Naciones Unidas escaneando el c\u00f3digo QR que aparece a continuaci\u00f3n.<\/p>\n\n\n\n<div class=\"wp-block-kobu-custom-blocks-responsive-spacer responsive-spacer size-small\"><\/div>\n\n\n\n<div class=\"wp-block-buttons is-layout-flex wp-block-buttons-is-layout-flex\">\n<div class=\"wp-block-button is-style-arrow-btn\"><a class=\"wp-block-button__link wp-element-button\" href=\"https:\/\/unglobalcompact.org\/what-is-gc\/participants\/153543-CABOPOL-POLYMER-COMPOUNDS-S-A-\" target=\"_blank\" rel=\"noreferrer noopener\">Informe completo<\/a><\/div>\n<\/div>\n<\/div><\/div><\/div>\n\n\n\n<div class=\"wp-block-kobu-custom-blocks-responsive-spacer responsive-spacer size-large\"><\/div>\n\n\n\n<h2 class=\"wp-block-heading alignmediumwide\">PRODUCTOS SOSTENIBLES<\/h2>\n\n\n\n<div class=\"wp-block-kobu-custom-blocks-responsive-spacer responsive-spacer size-medium\"><\/div>\n\n\n<div class=\"columns-group-block alignfull\">\n                <div class=\"columns-group-row\">\n            <div class=\"column columns-group-column\">\n                                    <div class=\"img-wrapper\">\n                        <img loading=\"lazy\" decoding=\"async\" width=\"493\" height=\"476\" src=\"https:\/\/cabopol.kobudev.com\/files\/uploads\/2025\/11\/Action1.png\" class=\"coverimg\" alt=\"\" sizes=\"auto, (min-width: 601px) 50vw, 100vw\" srcset=\"https:\/\/cabopol.kobudev.com\/files\/uploads\/2025\/11\/Action1.png 493w, https:\/\/cabopol.kobudev.com\/files\/uploads\/2025\/11\/Action1-300x290.png 300w\" \/>                    <\/div>\n                                <div class=\"content-wrapper\">\n                    <h3 class=\"title\">Materiales reciclados<\/h3>\n                                            <div class=\"description\"><p class=\"p1\">Recuperaci\u00f3n y reciclaje de residuos pl\u00e1sticos posconsumo y posindustriales, promoviendo la circularidad y reduciendo el impacto ambiental.<\/p>\n<\/div>\n                    \n                    <a href=\"https:\/\/cabopol.kobudev.com\/es\/estrategia-de-sostenibilidad\/compuestos-reciclados\/\" class=\"btn\" >Descubrir m\u00e1s<\/a>                <\/div>\n            <\/div>\n\n                            \n            <div class=\"column columns-group-column\">\n                                    <div class=\"img-wrapper\">\n                        <img loading=\"lazy\" decoding=\"async\" width=\"504\" height=\"476\" src=\"https:\/\/cabopol.kobudev.com\/files\/uploads\/2025\/11\/Action2.png\" class=\"coverimg\" alt=\"\" sizes=\"auto, (min-width: 601px) 50vw, 100vw\" srcset=\"https:\/\/cabopol.kobudev.com\/files\/uploads\/2025\/11\/Action2.png 504w, https:\/\/cabopol.kobudev.com\/files\/uploads\/2025\/11\/Action2-300x283.png 300w\" \/>                    <\/div>\n                                <div class=\"content-wrapper\">\n                    <h3 class=\"title\">Soluciones Bio<\/h3>\n                                            <div class=\"description\"><p class=\"p1\">Pol\u00edmeros compostables y biodegradables a partir de biomasa de origen vegetal y soluciones de base biol\u00f3gica, manteniendo los est\u00e1ndares est\u00e9ticos, mec\u00e1nicos, el\u00e9ctricos y de resistencia al fuego.<\/p>\n<\/div>\n                    \n                    <a href=\"https:\/\/cabopol.kobudev.com\/es\/estrategia-de-sostenibilidad\/compuestos-de-base-biologica\/\" class=\"btn\" >En savoir plus<\/a>                <\/div>\n            <\/div>\n\n            <\/div>                <div class=\"columns-group-row\">\n            <div class=\"column columns-group-column\">\n                                    <div class=\"img-wrapper\">\n                        <img loading=\"lazy\" decoding=\"async\" width=\"476\" height=\"476\" src=\"https:\/\/cabopol.kobudev.com\/files\/uploads\/2025\/11\/Action-3.png\" class=\"coverimg\" alt=\"\" sizes=\"auto, (min-width: 601px) 50vw, 100vw\" srcset=\"https:\/\/cabopol.kobudev.com\/files\/uploads\/2025\/11\/Action-3.png 476w, https:\/\/cabopol.kobudev.com\/files\/uploads\/2025\/11\/Action-3-300x300.png 300w, https:\/\/cabopol.kobudev.com\/files\/uploads\/2025\/11\/Action-3-150x150.png 150w\" \/>                    <\/div>\n                                <div class=\"content-wrapper\">\n                    <h3 class=\"title\">Segunda vida<\/h3>\n                                            <div class=\"description\"><p class=\"p1\">Cierre de ciclos dentro de la empresa y en colaboraci\u00f3n con nuestros clientes para prolongar el ciclo de vida de los productos: reintroducci\u00f3n en el proceso productivo de los restos procedentes de la producci\u00f3n interna y externa.<\/p>\n<\/div>\n                    \n                                    <\/div>\n            <\/div>\n\n                            \n            <div class=\"column columns-group-column\">\n                                    <div class=\"img-wrapper\">\n                        <img loading=\"lazy\" decoding=\"async\" width=\"214\" height=\"476\" src=\"https:\/\/cabopol.kobudev.com\/files\/uploads\/2025\/11\/Action-4.png\" class=\"coverimg\" alt=\"\" sizes=\"auto, (min-width: 601px) 50vw, 100vw\" srcset=\"https:\/\/cabopol.kobudev.com\/files\/uploads\/2025\/11\/Action-4.png 214w, https:\/\/cabopol.kobudev.com\/files\/uploads\/2025\/11\/Action-4-135x300.png 135w\" \/>                    <\/div>\n                                <div class=\"content-wrapper\">\n                    <h3 class=\"title\">Huella de carbono del producto<\/h3>\n                                            <div class=\"description\"><p class=\"p1\">Se realizan estudios de An\u00e1lisis de Ciclo de Vida (ACV) conforme a las normas ISO 14067 y 14040, para determinar la huella de carbono de nuestros productos, identificar los materiales con mayor impacto e implementar acciones para reducirla.<\/p>\n<\/div>\n                    \n                                    <\/div>\n            <\/div>\n\n            <\/div>    <\/div>\n\n\n<div class=\"wp-block-kobu-custom-blocks-responsive-spacer responsive-spacer size-large\"><\/div>\n\n\n\n<h2 class=\"wp-block-heading alignmediumwide\">PROCESO SOSTENIBLE<\/h2>\n\n\n<div class=\"columns-group-block alignfull\">\n                <div class=\"columns-group-row\">\n            <div class=\"column columns-group-column\">\n                                    <div class=\"img-wrapper\">\n                        <img loading=\"lazy\" decoding=\"async\" width=\"476\" height=\"477\" src=\"https:\/\/cabopol.kobudev.com\/files\/uploads\/2025\/11\/Action11-1.png\" class=\"coverimg\" alt=\"\" sizes=\"auto, (min-width: 601px) 50vw, 100vw\" srcset=\"https:\/\/cabopol.kobudev.com\/files\/uploads\/2025\/11\/Action11-1.png 476w, https:\/\/cabopol.kobudev.com\/files\/uploads\/2025\/11\/Action11-1-300x300.png 300w, https:\/\/cabopol.kobudev.com\/files\/uploads\/2025\/11\/Action11-1-150x150.png 150w\" \/>                    <\/div>\n                                <div class=\"content-wrapper\">\n                    <h3 class=\"title\">Eficiencia energ\u00e9tica<\/h3>\n                                            <div class=\"description\"><p class=\"p1\">Implementaci\u00f3n de medidas de eficiencia energ\u00e9tica para mejorar el rendimiento de los equipos.<\/p>\n<\/div>\n                    \n                                    <\/div>\n            <\/div>\n\n                            \n            <div class=\"column columns-group-column\">\n                                    <div class=\"img-wrapper\">\n                        <img loading=\"lazy\" decoding=\"async\" width=\"530\" height=\"443\" src=\"https:\/\/cabopol.kobudev.com\/files\/uploads\/2025\/11\/Action-22-1.png\" class=\"coverimg\" alt=\"\" sizes=\"auto, (min-width: 601px) 50vw, 100vw\" srcset=\"https:\/\/cabopol.kobudev.com\/files\/uploads\/2025\/11\/Action-22-1.png 530w, https:\/\/cabopol.kobudev.com\/files\/uploads\/2025\/11\/Action-22-1-300x251.png 300w\" \/>                    <\/div>\n                                <div class=\"content-wrapper\">\n                    <h3 class=\"title\">Energ\u00eda verde<\/h3>\n                                            <div class=\"description\"><p>Nuestra planta solar de 1,22 MWp, operativa desde la segunda mitad de 2024, respalda nuestra estrategia de descarbonizaci\u00f3n al reducir aproximadamente 235,5 tCO2eq en emisiones del Alcance 2.<\/p>\n<\/div>\n                    \n                                    <\/div>\n            <\/div>\n\n            <\/div>                <div class=\"columns-group-row\">\n            <div class=\"column columns-group-column\">\n                                    <div class=\"img-wrapper\">\n                        <img loading=\"lazy\" decoding=\"async\" width=\"435\" height=\"477\" src=\"https:\/\/cabopol.kobudev.com\/files\/uploads\/2025\/11\/Action33-1.png\" class=\"coverimg\" alt=\"\" sizes=\"auto, (min-width: 601px) 50vw, 100vw\" srcset=\"https:\/\/cabopol.kobudev.com\/files\/uploads\/2025\/11\/Action33-1.png 435w, https:\/\/cabopol.kobudev.com\/files\/uploads\/2025\/11\/Action33-1-274x300.png 274w\" \/>                    <\/div>\n                                <div class=\"content-wrapper\">\n                    <h3 class=\"title\">Recompounding<\/h3>\n                                            <div class=\"description\"><p>Ampliar los esfuerzos de reciclaje de la empresa mediante la inversi\u00f3n en equipos que permitan el reprocesamiento de materiales PIR y PCR.<\/p>\n<\/div>\n                    \n                                    <\/div>\n            <\/div>\n\n                            \n            <div class=\"column columns-group-column\">\n                                    <div class=\"img-wrapper\">\n                        <img loading=\"lazy\" decoding=\"async\" width=\"586\" height=\"476\" src=\"https:\/\/cabopol.kobudev.com\/files\/uploads\/2025\/11\/Action-44-1.png\" class=\"coverimg\" alt=\"\" sizes=\"auto, (min-width: 601px) 50vw, 100vw\" srcset=\"https:\/\/cabopol.kobudev.com\/files\/uploads\/2025\/11\/Action-44-1.png 586w, https:\/\/cabopol.kobudev.com\/files\/uploads\/2025\/11\/Action-44-1-300x244.png 300w\" \/>                    <\/div>\n                                <div class=\"content-wrapper\">\n                    <h3 class=\"title\">ISO 14001:2015<\/h3>\n                                            <div class=\"description\"><p>Identificar y reducir de forma sistem\u00e1tica los impactos medioambientales, impulsando la mejora continua del rendimiento ambiental y garantizando la sostenibilidad y la resiliencia a largo plazo.<\/p>\n<\/div>\n                    \n                                    <\/div>\n            <\/div>\n\n            <\/div>    <\/div>\n\n\n<div class=\"wp-block-kobu-custom-blocks-responsive-spacer responsive-spacer size-medium\"><\/div>\n\n\n\n<div class=\"wp-block-kobu-custom-blocks-responsive-spacer responsive-spacer size-large\"><\/div>\n\n\n\n<div class=\"wp-block-kobu-custom-blocks-inner-content-img alignfull media-content-group child-item align-right valign-start img-first\"><div class=\"media-col\"><figure><img loading=\"lazy\" decoding=\"async\" width=\"1059\" height=\"1059\" class=\"wp-image-1532\" src=\"https:\/\/cabopol.kobudev.com\/files\/uploads\/2025\/11\/Internal-Life-Cycle-Assesment-Calculations.webp\" alt=\"\" title=\"Internal Life Cycle Assesment Calculations\" sizes=\"auto, (min-width: 601px) 50vw, 100vw\" srcset=\"https:\/\/cabopol.kobudev.com\/files\/uploads\/2025\/11\/Internal-Life-Cycle-Assesment-Calculations.webp 1059w, https:\/\/cabopol.kobudev.com\/files\/uploads\/2025\/11\/Internal-Life-Cycle-Assesment-Calculations-300x300.webp 300w, https:\/\/cabopol.kobudev.com\/files\/uploads\/2025\/11\/Internal-Life-Cycle-Assesment-Calculations-1024x1024.webp 1024w, https:\/\/cabopol.kobudev.com\/files\/uploads\/2025\/11\/Internal-Life-Cycle-Assesment-Calculations-150x150.webp 150w, https:\/\/cabopol.kobudev.com\/files\/uploads\/2025\/11\/Internal-Life-Cycle-Assesment-Calculations-768x768.webp 768w\" \/><\/figure><\/div><div class=\"content-col\"><div class=\"content-col-wrapper\">\n<h2 class=\"wp-block-heading\">EVALUACIONES INTERNAS DEL CICLO DE VIDA (LCA)<\/h2>\n\n\n\n<p>De acuerdo con las normas ISO 14067 y 14040, nuestros c\u00e1lculos respaldan el desarrollo de las Fichas de Informaci\u00f3n Ambiental de Producto. Estos documentos muestran la Huella de Carbono del Producto en CO2-eq, lo que nos permite comunicar de forma transparente el impacto ambiental de nuestras formulaciones actuales a los clientes.<\/p>\n\n\n\n<p>A continuaci\u00f3n, se presentan dos escenarios de producto: una formulaci\u00f3n de referencia est\u00e1ndar y una versi\u00f3n mejorada con un porcentaje seleccionado de material reciclado, destacando el impacto positivo de la innovaci\u00f3n sostenible.<\/p>\n\n\n\n<div class=\"wp-block-kobu-custom-blocks-responsive-spacer responsive-spacer size-small\"><\/div>\n<\/div><\/div><\/div>\n\n\n\n<div class=\"wp-block-kobu-custom-blocks-section-wrapper alignfull kobu-section has-text-color has-foreground-color has-background has-lightergray-background-color is-style-cta-section has-link-color wp-elements-8b920fa6eb755202f6a06625810980ca\">\n<div class=\"wp-block-kobu-custom-blocks-responsive-spacer responsive-spacer size-medium\"><\/div>\n\n\n\n<div class=\"wp-block-group alignmediumwide is-layout-flow wp-block-group-is-layout-flow\">\n<h2 class=\"wp-block-heading has-large-font-size\">\u00bfBuscas otra cosa? Estamos aqu\u00ed para ayudarte.<\/h2>\n\n\n\n<div class=\"wp-block-buttons is-layout-flex wp-block-buttons-is-layout-flex\">\n<div class=\"wp-block-button is-style-arrow-btn\"><a class=\"wp-block-button__link wp-element-button\" href=\"https:\/\/cabopol.kobudev.com\/es\/contactos\/\">Cont\u00e1ctanos<\/a><\/div>\n<\/div>\n<\/div>\n\n\n\n<div class=\"wp-block-kobu-custom-blocks-responsive-spacer responsive-spacer size-medium\"><\/div>\n<\/div>\n\n\n\n<div class=\"wp-block-kobu-custom-blocks-responsive-spacer responsive-spacer size-large\"><\/div>\n\n\n","protected":false},"excerpt":{"rendered":"<p>PRODUCTOS SOSTENIBLES PROCESO SOSTENIBLE<\/p>\n","protected":false},"author":1,"featured_media":1539,"parent":0,"menu_order":11,"comment_status":"closed","ping_status":"closed","template":"templates\/brand.php","meta":{"_acf_changed":false,"inline_featured_image":false,"footnotes":""},"class_list":["post-2538","page","type-page","status-publish","has-post-thumbnail","hentry"],"acf":[],"_links":{"self":[{"href":"https:\/\/cabopol.kobudev.com\/es\/wp-json\/wp\/v2\/pages\/2538","targetHints":{"allow":["GET"]}}],"collection":[{"href":"https:\/\/cabopol.kobudev.com\/es\/wp-json\/wp\/v2\/pages"}],"about":[{"href":"https:\/\/cabopol.kobudev.com\/es\/wp-json\/wp\/v2\/types\/page"}],"author":[{"embeddable":true,"href":"https:\/\/cabopol.kobudev.com\/es\/wp-json\/wp\/v2\/users\/1"}],"replies":[{"embeddable":true,"href":"https:\/\/cabopol.kobudev.com\/es\/wp-json\/wp\/v2\/comments?post=2538"}],"version-history":[{"count":4,"href":"https:\/\/cabopol.kobudev.com\/es\/wp-json\/wp\/v2\/pages\/2538\/revisions"}],"predecessor-version":[{"id":2971,"href":"https:\/\/cabopol.kobudev.com\/es\/wp-json\/wp\/v2\/pages\/2538\/revisions\/2971"}],"wp:featuredmedia":[{"embeddable":true,"href":"https:\/\/cabopol.kobudev.com\/es\/wp-json\/wp\/v2\/media\/1539"}],"wp:attachment":[{"href":"https:\/\/cabopol.kobudev.com\/es\/wp-json\/wp\/v2\/media?parent=2538"}],"curies":[{"name":"wp","href":"https:\/\/api.w.org\/{rel}","templated":true}]}}