{"id":2526,"date":"2025-06-04T13:52:01","date_gmt":"2025-06-04T13:52:01","guid":{"rendered":"https:\/\/cabopol.kobudev.com\/about-cabopol\/"},"modified":"2025-12-18T11:19:23","modified_gmt":"2025-12-18T11:19:23","slug":"sobre-cabopol","status":"publish","type":"page","link":"https:\/\/cabopol.kobudev.com\/es\/sobre-cabopol\/","title":{"rendered":"Sobre Cabopol"},"content":{"rendered":"\n<div class=\"wp-block-kobu-custom-blocks-section-wrapper alignfull kobu-section has-background has-lightergray-background-color\">\n<div class=\"wp-block-kobu-custom-blocks-responsive-spacer responsive-spacer size-large\"><\/div>\n\n\n\n<p><strong>C\u00d3MO PODEMOS IMPULSAR SU NEGOCIO HOY?<\/strong><\/p>\n\n\n\n<p>Cabopol se especializa en la investigaci\u00f3n, desarrollo y producci\u00f3n de pol\u00edmeros de alto rendimiento, incluidos compuestos termopl\u00e1sticos y reticulados. Con m\u00e1s de 60 a\u00f1os de experiencia, Cabopol ofrece soluciones innovadoras que combinan excelencia t\u00e9cnica, calidad y fiabilidad para una amplia variedad de aplicaciones industriales.<\/p>\n\n\n\n<p><strong>SOLUCIONES INNOVADORAS, UN MUNDO DE POSIBILIDADES<\/strong><\/p>\n\n\n\n<p>Nuestras 5 avanzadas instalaciones de producci\u00f3n, 2 en Portugal, 1 en Marruecos, 1 en Serbia y 1 en M\u00e9xico, tienen una capacidad total de 130.000 toneladas al a\u00f1o distribuidas en 25 l\u00edneas de producci\u00f3n, garantizando calidad constante y escalabilidad en cada proyecto.<\/p>\n\n\n\n<p>Desde el concepto hasta la producci\u00f3n, Cabopol se compromete a ofrecer soluciones polim\u00e9ricas innovadoras que potencien su negocio y abran un mundo de posibilidades en termopl\u00e1sticos y compuestos reticulados.<\/p>\n\n\n\n<div class=\"wp-block-kobu-custom-blocks-responsive-spacer responsive-spacer size-large\"><\/div>\n<\/div>\n\n\n\n<div class=\"wp-block-kobu-custom-blocks-responsive-spacer responsive-spacer size-large\"><\/div>\n\n\n\n<div class=\"wp-block-kobu-custom-blocks-inner-content-img alignwide media-content-group child-item align-right valign-start img-first\"><div class=\"media-col\"><figure><img loading=\"lazy\" decoding=\"async\" width=\"1600\" height=\"1067\" class=\"wp-image-311\" src=\"https:\/\/cabopol.kobudev.com\/files\/uploads\/2025\/07\/baa889b35f9492a36a410d3d9c650514aca13748.jpg\" alt=\"\" title=\"baa889b35f9492a36a410d3d9c650514aca13748\" sizes=\"auto, (min-width: 1201px) 35vw, (min-width: 601px) 50vw, 100vw\" srcset=\"https:\/\/cabopol.kobudev.com\/files\/uploads\/2025\/07\/baa889b35f9492a36a410d3d9c650514aca13748.jpg 1600w, https:\/\/cabopol.kobudev.com\/files\/uploads\/2025\/07\/baa889b35f9492a36a410d3d9c650514aca13748-300x200.jpg 300w, https:\/\/cabopol.kobudev.com\/files\/uploads\/2025\/07\/baa889b35f9492a36a410d3d9c650514aca13748-1024x683.jpg 1024w, https:\/\/cabopol.kobudev.com\/files\/uploads\/2025\/07\/baa889b35f9492a36a410d3d9c650514aca13748-768x512.jpg 768w, https:\/\/cabopol.kobudev.com\/files\/uploads\/2025\/07\/baa889b35f9492a36a410d3d9c650514aca13748-1536x1024.jpg 1536w\" \/><\/figure><\/div><div class=\"content-col\"><div class=\"content-col-wrapper\">\n<h2 class=\"wp-block-heading\"><strong>MISI\u00d3N, VISI\u00d3N Y VALORES<\/strong><\/h2>\n\n\n\n<p>Descubra nuestros principios fundamentales, valores y objetivos estrat\u00e9gicos que gu\u00edan a Cabopol en la entrega de soluciones polim\u00e9ricas innovadoras a nivel mundial. Descargue el documento completo para conocer m\u00e1s sobre nuestra misi\u00f3n, visi\u00f3n y valores.<\/p>\n<\/div><\/div><\/div>\n\n\n\n<div class=\"wp-block-kobu-custom-blocks-responsive-spacer responsive-spacer size-large\"><\/div>\n\n\n\n<div class=\"wp-block-kobu-custom-blocks-inner-content-img alignwide media-content-group child-item align-left valign-start img-first\"><div class=\"media-col\"><figure><img loading=\"lazy\" decoding=\"async\" width=\"1400\" height=\"933\" class=\"wp-image-187\" src=\"https:\/\/cabopol.kobudev.com\/files\/uploads\/2025\/07\/0db85df5fddf7ef28b32fc9ca1cdee73219d649f.jpg\" alt=\"\" title=\"0db85df5fddf7ef28b32fc9ca1cdee73219d649f\" sizes=\"auto, (min-width: 1201px) 35vw, (min-width: 601px) 50vw, 100vw\" srcset=\"https:\/\/cabopol.kobudev.com\/files\/uploads\/2025\/07\/0db85df5fddf7ef28b32fc9ca1cdee73219d649f.jpg 1400w, https:\/\/cabopol.kobudev.com\/files\/uploads\/2025\/07\/0db85df5fddf7ef28b32fc9ca1cdee73219d649f-300x200.jpg 300w, https:\/\/cabopol.kobudev.com\/files\/uploads\/2025\/07\/0db85df5fddf7ef28b32fc9ca1cdee73219d649f-1024x682.jpg 1024w, https:\/\/cabopol.kobudev.com\/files\/uploads\/2025\/07\/0db85df5fddf7ef28b32fc9ca1cdee73219d649f-768x512.jpg 768w\" \/><\/figure><\/div><div class=\"content-col\"><div class=\"content-col-wrapper\">\n<h2 class=\"wp-block-heading\"><strong><strong>sobre Mekkin<\/strong><\/strong><\/h2>\n\n\n\n<p>Cabopol forma parte de Mekkin SGPS, un grupo multinacional portugu\u00e9s de referencia que tambi\u00e9n incluye otras empresas clave en los sectores de la construcci\u00f3n en acero y la ingenier\u00eda. Mekkin se distingue por sus operaciones en estas tres \u00e1reas principales, con una trayectoria de crecimiento basada en la diversificaci\u00f3n y la entrega de soluciones integradas y completas, caracterizadas por la innovaci\u00f3n y la excelencia.<\/p>\n\n\n\n<p>Con una firme orientaci\u00f3n internacional, Mekkin cuenta con instalaciones de producci\u00f3n estrat\u00e9gicamente ubicadas en Portugal (sede), Marruecos, Serbia y M\u00e9xico, complementadas con oficinas en Argelia, Francia, Ruman\u00eda y Reino Unido. Cabopol, como empresa del grupo centrada en pol\u00edmeros, desempe\u00f1a un papel central en la entrega de soluciones polim\u00e9ricas de alto rendimiento a nivel mundial.<\/p>\n\n\n\n<div style=\"height:20px\" aria-hidden=\"true\" class=\"wp-block-spacer\"><\/div>\n\n\n<noscript class=\"loading-lazy\">\n<figure class=\"wp-block-image size-full is-resized\"><img loading=\"lazy\" decoding=\"async\" width=\"191\" height=\"44\" src=\"https:\/\/cabopol.kobudev.com\/files\/uploads\/2025\/07\/mekkin-main.svg\" alt=\"\" class=\"wp-image-1008\" style=\"width:220px\"\/><\/figure>\n<\/noscript><\/div><\/div><\/div>\n\n\n\n<div class=\"wp-block-kobu-custom-blocks-responsive-spacer responsive-spacer size-large\"><\/div>\n\n\n\n<div class=\"wp-block-kobu-custom-blocks-inner-content-img alignwide media-content-group child-item align-right valign-start img-first\"><div class=\"media-col\"><figure><img loading=\"lazy\" decoding=\"async\" width=\"1599\" height=\"1066\" class=\"wp-image-315\" src=\"https:\/\/cabopol.kobudev.com\/files\/uploads\/2025\/07\/bdd2df894a508d6ee4e9510a2077fa9f46671006.jpg\" alt=\"\" title=\"bdd2df894a508d6ee4e9510a2077fa9f46671006\" sizes=\"auto, (min-width: 1201px) 35vw, (min-width: 601px) 50vw, 100vw\" srcset=\"https:\/\/cabopol.kobudev.com\/files\/uploads\/2025\/07\/bdd2df894a508d6ee4e9510a2077fa9f46671006.jpg 1599w, https:\/\/cabopol.kobudev.com\/files\/uploads\/2025\/07\/bdd2df894a508d6ee4e9510a2077fa9f46671006-300x200.jpg 300w, https:\/\/cabopol.kobudev.com\/files\/uploads\/2025\/07\/bdd2df894a508d6ee4e9510a2077fa9f46671006-1024x683.jpg 1024w, https:\/\/cabopol.kobudev.com\/files\/uploads\/2025\/07\/bdd2df894a508d6ee4e9510a2077fa9f46671006-768x512.jpg 768w, https:\/\/cabopol.kobudev.com\/files\/uploads\/2025\/07\/bdd2df894a508d6ee4e9510a2077fa9f46671006-1536x1024.jpg 1536w\" \/><\/figure><\/div><div class=\"content-col\"><div class=\"content-col-wrapper\">\n<h2 class=\"wp-block-heading\"><strong><strong>CALIDAD<\/strong><\/strong><\/h2>\n\n\n\n<p>En Cabopol, la calidad no es solo un est\u00e1ndar, es nuestra promesa. Desde 1997, nuestro Sistema de Gesti\u00f3n de Calidad certificado (NP EN ISO 9001:2015) gu\u00eda cada paso de nuestra producci\u00f3n, asegurando que nuestros pol\u00edmeros y procesos superen las expectativas. Cabopol Marruecos y Cabopol Serbia tambi\u00e9n est\u00e1n certificadas bajo los mismos est\u00e1ndares.<\/p>\n\n\n\n<p>Excelencia en cada detalle, consistencia en cada soluci\u00f3n.<\/p>\n\n\n\n<div class=\"wp-block-buttons is-layout-flex wp-block-buttons-is-layout-flex\">\n<div class=\"wp-block-button\"><a class=\"wp-block-button__link wp-element-button\" href=\"https:\/\/cabopol.kobudev.com\/files\/uploads\/2025\/11\/Mision-vision-valores-e-politica-2021-ENG.pdf\">Descargar Pol\u00edtica de Calidad<\/a><\/div>\n<\/div>\n<\/div><\/div><\/div>\n\n\n\n<div class=\"wp-block-kobu-custom-blocks-responsive-spacer responsive-spacer size-large\"><\/div>\n\n\n\n<div class=\"wp-block-kobu-custom-blocks-inner-content-img alignwide media-content-group child-item align-left valign-start img-first\"><div class=\"media-col\"><figure><img loading=\"lazy\" decoding=\"async\" width=\"1400\" height=\"934\" class=\"wp-image-199\" src=\"https:\/\/cabopol.kobudev.com\/files\/uploads\/2025\/07\/2bed607c29a09845c0ba2b8cb37f8a2c91128326.jpg\" alt=\"\" title=\"2bed607c29a09845c0ba2b8cb37f8a2c91128326\" sizes=\"auto, (min-width: 1201px) 35vw, (min-width: 601px) 50vw, 100vw\" srcset=\"https:\/\/cabopol.kobudev.com\/files\/uploads\/2025\/07\/2bed607c29a09845c0ba2b8cb37f8a2c91128326.jpg 1400w, https:\/\/cabopol.kobudev.com\/files\/uploads\/2025\/07\/2bed607c29a09845c0ba2b8cb37f8a2c91128326-300x200.jpg 300w, https:\/\/cabopol.kobudev.com\/files\/uploads\/2025\/07\/2bed607c29a09845c0ba2b8cb37f8a2c91128326-1024x683.jpg 1024w, https:\/\/cabopol.kobudev.com\/files\/uploads\/2025\/07\/2bed607c29a09845c0ba2b8cb37f8a2c91128326-768x512.jpg 768w\" \/><\/figure><\/div><div class=\"content-col\"><div class=\"content-col-wrapper\">\n<h2 class=\"wp-block-heading\"><strong><strong><strong>SALUD Y SEGURIDAD EN EL TRABAJO<\/strong><\/strong><\/strong><\/h2>\n\n\n\n<p>La Pol\u00edtica de Salud y Seguridad en el Trabajo de Cabopol define directrices estrat\u00e9gicas claras para la seguridad en el lugar de trabajo. Esta pol\u00edtica refleja el compromiso de Cabopol y establece los principios que gu\u00edan nuestro desempe\u00f1o. Su objetivo es asegurar que todos los empleados comprendan la dedicaci\u00f3n de la empresa a la salud y la seguridad y c\u00f3mo esto determina sus responsabilidades individuales.<\/p>\n\n\n\n<div class=\"wp-block-buttons is-layout-flex wp-block-buttons-is-layout-flex\">\n<div class=\"wp-block-button is-style-download-btn\"><a class=\"wp-block-button__link wp-element-button\" href=\"https:\/\/cabopol.kobudev.com\/files\/uploads\/2025\/11\/Politica-da-seguranca-e-saude-no-trabalho-ENG_-s-assin.pdf\">Descargar<\/a><\/div>\n<\/div>\n<\/div><\/div><\/div>\n\n\n\n<div class=\"wp-block-kobu-custom-blocks-responsive-spacer responsive-spacer size-large\"><\/div>\n\n\n\n<div class=\"wp-block-kobu-custom-blocks-inner-content-img alignwide media-content-group child-item align-right valign-start img-first\"><div class=\"media-col\"><figure><img loading=\"lazy\" decoding=\"async\" width=\"1301\" height=\"1301\" class=\"wp-image-1401\" src=\"https:\/\/cabopol.kobudev.com\/files\/uploads\/2025\/11\/Environment.webp\" alt=\"\" title=\"Environment\" sizes=\"auto, (min-width: 1201px) 35vw, (min-width: 601px) 50vw, 100vw\" srcset=\"https:\/\/cabopol.kobudev.com\/files\/uploads\/2025\/11\/Environment.webp 1301w, https:\/\/cabopol.kobudev.com\/files\/uploads\/2025\/11\/Environment-300x300.webp 300w, https:\/\/cabopol.kobudev.com\/files\/uploads\/2025\/11\/Environment-1024x1024.webp 1024w, https:\/\/cabopol.kobudev.com\/files\/uploads\/2025\/11\/Environment-150x150.webp 150w, https:\/\/cabopol.kobudev.com\/files\/uploads\/2025\/11\/Environment-768x768.webp 768w\" \/><\/figure><\/div><div class=\"content-col\"><div class=\"content-col-wrapper\">\n<h2 class=\"wp-block-heading\"><strong><strong><strong>MEDIO AMBIENTE<\/strong><\/strong><\/strong><\/h2>\n\n\n\n<p>Cabopol apuesta por la defensa del medio ambiente con el objetivo de garantizar la sostenibilidad de sus actividades. Ha establecido una Pol\u00edtica Ambiental basada en directrices bien definidas, con las que se compromete.<br><br>Cabopol se enorgullece de estar certificada bajo la norma ISO 14001, demostrando nuestro compromiso con una gesti\u00f3n ambiental eficaz. Esta certificaci\u00f3n refleja nuestra dedicaci\u00f3n a minimizar el impacto ambiental, cumplir con la normativa y mejorar continuamente nuestros esfuerzos de sostenibilidad.<\/p>\n\n\n\n<div class=\"wp-block-buttons is-layout-flex wp-block-buttons-is-layout-flex\">\n<div class=\"wp-block-button\"><a class=\"wp-block-button__link wp-element-button\" href=\"https:\/\/cabopol.kobudev.com\/files\/uploads\/2025\/11\/Politica-Ambiental_GB_s-assin.pdf\">Descargar<\/a><\/div>\n<\/div>\n<\/div><\/div><\/div>\n\n\n\n<div class=\"wp-block-kobu-custom-blocks-responsive-spacer responsive-spacer size-large\"><\/div>\n\n\n\n<div class=\"wp-block-kobu-custom-blocks-section-wrapper alignfull kobu-section has-background has-lightergray-background-color\">\n<div class=\"wp-block-kobu-custom-blocks-responsive-spacer responsive-spacer size-large\"><\/div>\n\n\n\n<h2 class=\"wp-block-heading alignwide\">NUESTROS PRODUCTOS<\/h2>\n\n\n\n<p class=\"alignwide has-text-align-wide\">Las marcas de Cabopol ofrecen soluciones polim\u00e9ricas vers\u00e1tiles que pueden aplicarse en m\u00faltiples industrias, desde cableado y alambres hasta calzado, moldeo por inyecci\u00f3n y extrusi\u00f3n, y embalaje. Cada marca se basa en un material espec\u00edfico, proporcionando rendimiento y fiabilidad adaptados a una amplia gama de aplicaciones. Explore nuestras marcas y descubra las soluciones innovadoras que aportan a su negocio.<\/p>\n\n\n\n<div class=\"wp-block-kobu-custom-blocks-responsive-spacer responsive-spacer size-medium\"><\/div>\n\n\n    <div class=\"cards-highlights-block alignwide\">\n        <div class=\"cards-highlights\">\n                            <div class=\"card highlight\">\n                    <div class=\"img-wrapper\">\n                        <div class=\"img-inner-wrapper\">\n                            <img loading=\"lazy\" decoding=\"async\" width=\"640\" height=\"876\" src=\"https:\/\/cabopol.kobudev.com\/files\/uploads\/2025\/11\/Lacoflex.webp\" class=\"coverimg\" alt=\"\" sizes=\"auto, (min-width: 993px) 33vw, (min-width: 601px) 50vw, 100vw\" srcset=\"https:\/\/cabopol.kobudev.com\/files\/uploads\/2025\/11\/Lacoflex.webp 731w, https:\/\/cabopol.kobudev.com\/files\/uploads\/2025\/11\/Lacoflex-219x300.webp 219w\" \/>                        <\/div>\n                    <\/div>\n                    <div class=\"content-wrapper\">\n                        <div class=\"content-inner-wrapper\">\n                                                            <h3>Lacoflex\u00ae TPE | TPU | TPO<\/h3>\n                                                                                        <div class=\"description\">Compuestos vers\u00e1tiles para cables y alambres, componentes industriales, bienes de consumo, productos de cuidado personal, packaging y calzado. Disponibles en versiones con contenido reciclado y biobasado.<\/div>\n                            \n                                                            <a href=\"https:\/\/cabopol.kobudev.com\/es\/nuestros-productos\/lacoflex\/\" class=\"btn ghost-white arrow-btn\"><span>Ver m\u00e1s<\/span><\/a>\n                                                    <\/div>\n                    <\/div>\n                <\/div>\n                            <div class=\"card highlight\">\n                    <div class=\"img-wrapper\">\n                        <div class=\"img-inner-wrapper\">\n                            <img loading=\"lazy\" decoding=\"async\" width=\"640\" height=\"876\" src=\"https:\/\/cabopol.kobudev.com\/files\/uploads\/2025\/11\/Sofiplus.webp\" class=\"coverimg\" alt=\"\" sizes=\"auto, (min-width: 993px) 33vw, (min-width: 601px) 50vw, 100vw\" srcset=\"https:\/\/cabopol.kobudev.com\/files\/uploads\/2025\/11\/Sofiplus.webp 731w, https:\/\/cabopol.kobudev.com\/files\/uploads\/2025\/11\/Sofiplus-219x300.webp 219w\" \/>                        <\/div>\n                    <\/div>\n                    <div class=\"content-wrapper\">\n                        <div class=\"content-inner-wrapper\">\n                                                            <h3>Sofiplus\u00ae PP | XLPO | XLPE | HF | LSZH<\/h3>\n                                                                                        <div class=\"description\">Soluciones avanzadas para cables y alambres en aplicaciones de automoci\u00f3n, energ\u00eda y telecomunicaciones, con opciones adaptadas a exigentes normas de seguridad y rendimiento.<\/div>\n                            \n                                                            <a href=\"https:\/\/cabopol.kobudev.com\/es\/nuestros-productos\/sofiplus\/\" class=\"btn ghost-white arrow-btn\"><span>Ver m\u00e1s<\/span><\/a>\n                                                    <\/div>\n                    <\/div>\n                <\/div>\n                            <div class=\"card highlight\">\n                    <div class=\"img-wrapper\">\n                        <div class=\"img-inner-wrapper\">\n                            <img loading=\"lazy\" decoding=\"async\" width=\"640\" height=\"876\" src=\"https:\/\/cabopol.kobudev.com\/files\/uploads\/2025\/11\/Sofiprime.webp\" class=\"coverimg\" alt=\"\" sizes=\"auto, (min-width: 993px) 33vw, (min-width: 601px) 50vw, 100vw\" srcset=\"https:\/\/cabopol.kobudev.com\/files\/uploads\/2025\/11\/Sofiprime.webp 731w, https:\/\/cabopol.kobudev.com\/files\/uploads\/2025\/11\/Sofiprime-219x300.webp 219w\" \/>                        <\/div>\n                    <\/div>\n                    <div class=\"content-wrapper\">\n                        <div class=\"content-inner-wrapper\">\n                                                            <h3>Sofiprime\u00ae PP | PE<\/h3>\n                                                                                        <div class=\"description\">Compuestos eficientes y procesables para aplicaciones de automoci\u00f3n, piezas industriales, bienes de consumo, productos de cuidado personal y packaging. Dise\u00f1ados para un rendimiento constante, incluyendo opciones con contenido reciclado.<\/div>\n                            \n                                                            <a href=\"https:\/\/cabopol.kobudev.com\/es\/nuestros-productos\/sofiprime\/\" class=\"btn ghost-white arrow-btn\"><span>Ver m\u00e1s<\/span><\/a>\n                                                    <\/div>\n                    <\/div>\n                <\/div>\n                            <div class=\"card highlight\">\n                    <div class=\"img-wrapper\">\n                        <div class=\"img-inner-wrapper\">\n                            <img loading=\"lazy\" decoding=\"async\" width=\"640\" height=\"876\" src=\"https:\/\/cabopol.kobudev.com\/files\/uploads\/2025\/11\/Polyprime.webp\" class=\"coverimg\" alt=\"\" sizes=\"auto, (min-width: 993px) 33vw, (min-width: 601px) 50vw, 100vw\" srcset=\"https:\/\/cabopol.kobudev.com\/files\/uploads\/2025\/11\/Polyprime.webp 731w, https:\/\/cabopol.kobudev.com\/files\/uploads\/2025\/11\/Polyprime-219x300.webp 219w\" \/>                        <\/div>\n                    <\/div>\n                    <div class=\"content-wrapper\">\n                        <div class=\"content-inner-wrapper\">\n                                                            <h3>Polyprime\u00ae PVC<\/h3>\n                                                                                        <div class=\"description\">Compuestos a base de PVC fiables para cables y alambres (automoci\u00f3n, energ\u00eda, telecomunicaciones), componentes industriales, bienes de consumo, productos de cuidado personal y calzado. Disponibles en versiones con contenido reciclado.<\/div>\n                            \n                                                            <a href=\"https:\/\/cabopol.kobudev.com\/es\/nuestros-productos\/polyprime\/\" class=\"btn ghost-white arrow-btn\"><span>Ver m\u00e1s<\/span><\/a>\n                                                    <\/div>\n                    <\/div>\n                <\/div>\n                            <div class=\"card highlight\">\n                    <div class=\"img-wrapper\">\n                        <div class=\"img-inner-wrapper\">\n                            <img loading=\"lazy\" decoding=\"async\" width=\"640\" height=\"876\" src=\"https:\/\/cabopol.kobudev.com\/files\/uploads\/2025\/11\/Polyamis.webp\" class=\"coverimg\" alt=\"\" sizes=\"auto, (min-width: 993px) 33vw, (min-width: 601px) 50vw, 100vw\" srcset=\"https:\/\/cabopol.kobudev.com\/files\/uploads\/2025\/11\/Polyamis.webp 731w, https:\/\/cabopol.kobudev.com\/files\/uploads\/2025\/11\/Polyamis-219x300.webp 219w\" \/>                        <\/div>\n                    <\/div>\n                    <div class=\"content-wrapper\">\n                        <div class=\"content-inner-wrapper\">\n                                                            <h3>Polyamis PA6 | PA6.6<\/h3>\n                                                                                        <div class=\"description\">Compuestos de poliamida de alto rendimiento para aplicaciones de automoci\u00f3n, industriales y bienes de consumo. Tambi\u00e9n disponibles con opciones de contenido reciclado.<\/div>\n                            \n                                                            <a href=\"https:\/\/cabopol.kobudev.com\/es\/nuestros-productos\/polyamis\/\" class=\"btn ghost-white arrow-btn\"><span>Ver m\u00e1s<\/span><\/a>\n                                                    <\/div>\n                    <\/div>\n                <\/div>\n                            <div class=\"card highlight\">\n                    <div class=\"img-wrapper\">\n                        <div class=\"img-inner-wrapper\">\n                            <img loading=\"lazy\" decoding=\"async\" width=\"640\" height=\"360\" src=\"https:\/\/cabopol.kobudev.com\/files\/uploads\/2025\/07\/ebef20fc1b68b541e0e492f3a3179a2193c45b90-768x432.jpg\" class=\"coverimg\" alt=\"\" sizes=\"auto, (min-width: 993px) 33vw, (min-width: 601px) 50vw, 100vw\" srcset=\"https:\/\/cabopol.kobudev.com\/files\/uploads\/2025\/07\/ebef20fc1b68b541e0e492f3a3179a2193c45b90-768x432.jpg 768w, https:\/\/cabopol.kobudev.com\/files\/uploads\/2025\/07\/ebef20fc1b68b541e0e492f3a3179a2193c45b90-300x169.jpg 300w, https:\/\/cabopol.kobudev.com\/files\/uploads\/2025\/07\/ebef20fc1b68b541e0e492f3a3179a2193c45b90-1024x576.jpg 1024w, https:\/\/cabopol.kobudev.com\/files\/uploads\/2025\/07\/ebef20fc1b68b541e0e492f3a3179a2193c45b90.jpg 1315w\" \/>                        <\/div>\n                    <\/div>\n                    <div class=\"content-wrapper\">\n                        <div class=\"content-inner-wrapper\">\n                                                            <h3>Soluciones Sostenibles<\/h3>\n                                                                                        <div class=\"description\">Compuestos reciclados y de origen biol\u00f3gico que reducen los residuos, apoyan la econom\u00eda circular y ofrecen materiales de alto rendimiento para la fabricaci\u00f3n moderna.<\/div>\n                            \n                                                            <a href=\"https:\/\/cabopol.kobudev.com\/es\/estrategia-de-sostenibilidad\/\" class=\"btn ghost-white arrow-btn\"><span>Ver m\u00e1s<\/span><\/a>\n                                                    <\/div>\n                    <\/div>\n                <\/div>\n                    <\/div>\n                    <div class=\"container large\">\n                <a href=\"https:\/\/cabopol.kobudev.com\/es\/aplicaciones\/\" class=\"taxonomy-page-link arrow-link\"><span>Descubre Nuestras Soluciones<\/span><\/a>\n            <\/div>\n            <\/div>\n\n\n\n<div class=\"wp-block-kobu-custom-blocks-responsive-spacer responsive-spacer size-large\"><\/div>\n<\/div>\n","protected":false},"excerpt":{"rendered":"","protected":false},"author":1,"featured_media":0,"parent":0,"menu_order":1,"comment_status":"closed","ping_status":"closed","template":"templates\/about.php","meta":{"_acf_changed":false,"inline_featured_image":false,"footnotes":""},"class_list":["post-2526","page","type-page","status-publish","hentry"],"acf":[],"_links":{"self":[{"href":"https:\/\/cabopol.kobudev.com\/es\/wp-json\/wp\/v2\/pages\/2526","targetHints":{"allow":["GET"]}}],"collection":[{"href":"https:\/\/cabopol.kobudev.com\/es\/wp-json\/wp\/v2\/pages"}],"about":[{"href":"https:\/\/cabopol.kobudev.com\/es\/wp-json\/wp\/v2\/types\/page"}],"author":[{"embeddable":true,"href":"https:\/\/cabopol.kobudev.com\/es\/wp-json\/wp\/v2\/users\/1"}],"replies":[{"embeddable":true,"href":"https:\/\/cabopol.kobudev.com\/es\/wp-json\/wp\/v2\/comments?post=2526"}],"version-history":[{"count":5,"href":"https:\/\/cabopol.kobudev.com\/es\/wp-json\/wp\/v2\/pages\/2526\/revisions"}],"predecessor-version":[{"id":2969,"href":"https:\/\/cabopol.kobudev.com\/es\/wp-json\/wp\/v2\/pages\/2526\/revisions\/2969"}],"wp:attachment":[{"href":"https:\/\/cabopol.kobudev.com\/es\/wp-json\/wp\/v2\/media?parent=2526"}],"curies":[{"name":"wp","href":"https:\/\/api.w.org\/{rel}","templated":true}]}}