{"id":2478,"date":"2025-06-04T09:19:25","date_gmt":"2025-06-04T09:19:25","guid":{"rendered":"https:\/\/cabopol.kobudev.com\/privacy-policy\/"},"modified":"2025-12-18T16:10:16","modified_gmt":"2025-12-18T16:10:16","slug":"politica-de-privacidad","status":"publish","type":"page","link":"https:\/\/cabopol.kobudev.com\/es\/politica-de-privacidad\/","title":{"rendered":"Pol\u00edtica de Privacidad"},"content":{"rendered":"\n<p><strong>(Art\u00edculos 8, 13, 14 y 21 del Reglamento General de Protecci\u00f3n de Datos \u2013 RGPD)<\/strong><\/p>\n\n\n\n<h2 class=\"wp-block-heading\">I \u2013 Pre\u00e1mbulo<\/h2>\n\n\n\n<p>El presente documento explica los t\u00e9rminos en los que Cabopol \u2013 POLYMER COMPOUNDS, S.A., empresa con sede en IC 2, KM 108, S\u00e3o Jorge, fregues\u00eda de Calvaria de Cima, municipio de Porto de M\u00f3s, con un capital social de 3.750.000,00 \u20ac (tres millones setecientos cincuenta mil euros) e inscrita en el Registro Mercantil de Porto de M\u00f3s con el n\u00famero \u00fanico de persona jur\u00eddica y n\u00famero de registro 503416002, trata la informaci\u00f3n recogida y utilizada en sus aplicaciones. Todas estas normas se ajustan a la legislaci\u00f3n nacional vigente.<\/p>\n\n\n\n<h2 class=\"wp-block-heading\">II \u2013 Content<\/h2>\n\n\n\n<p class=\"anchorlink\"><a href=\"#personal-data\">\u00bfQu\u00e9 son los datos personales?<br><\/a><br><a href=\"#data-controller\">\u00bfQui\u00e9n es el responsable del tratamiento de los datos?<br><\/a><br><a href=\"#collect\">\u00bfQu\u00e9 informaci\u00f3n recopilamos sobre usted?<br><\/a><br><a href=\"#information\">\u00bfC\u00f3mo utilizamos la informaci\u00f3n que recopilamos sobre usted?<br><\/a><br><a href=\"#right-of-access\">Derecho de acceso<br><\/a><br><a href=\"#rectification\">Derecho de rectificaci\u00f3n<br><\/a><br><a href=\"#erasure\">Derecho de supresi\u00f3n de los datos (\u201cderecho al olvido\u201d)<br><\/a><br><a href=\"#treatment\">Derecho a la limitaci\u00f3n del tratamiento<br><\/a><br><a href=\"#portability\">Derecho a la portabilidad de los datos<br><\/a><br><a href=\"#object\">Derecho de oposici\u00f3n<br><\/a><br><a href=\"#revoke-consent\">\u00bfPuedo revocar mi consentimiento posteriormente?<br><\/a><br><a href=\"#data-reported\">\u00bfEn qu\u00e9 circunstancias se comunican los datos a otras entidades (terceros y subcontratistas)?<br><\/a><br><a href=\"#marketing\">Marketing<br><\/a><br><a href=\"#cookies\">Cookies<\/a><br><br><a href=\"#other-websites\">Otros sitios web<br><\/a><br><a href=\"#data-security\">\u00bfQu\u00e9 medidas ha adoptado Cabopol \u2013 POLYMER COMPOUNDS, S.A. para garantizar la seguridad de sus datos personales?<br><\/a><br><a href=\"#privacy-notice\">Modificaciones de esta pol\u00edtica de privacidad<br><\/a><br><a href=\"#contact\">Contacto<\/a><\/p>\n\n\n\n<h3 class=\"wp-block-heading\" id=\"personal-data\">I \u2013 \u00bfQu\u00e9 son los datos personales?<\/h3>\n\n\n\n<p>Cuando hablamos de datos personales, nos referimos a cualquier informaci\u00f3n, de cualquier naturaleza y con independencia de su formato, incluyendo sonido e imagen, relativa a una persona f\u00edsica identificada o identificable.<\/p>\n\n\n\n<p>Se considera identificable a una persona que pueda ser identificada, directa o indirectamente, en particular mediante un n\u00famero de identificaci\u00f3n o mediante uno o m\u00e1s elementos espec\u00edficos de su identidad f\u00edsica, fisiol\u00f3gica, gen\u00e9tica, ps\u00edquica, econ\u00f3mica, cultural o social.<\/p>\n\n\n\n<h3 class=\"wp-block-heading\" id=\"data-controller\">\u00bfQui\u00e9n es el responsable del tratamiento de los datos?<\/h3>\n\n\n\n<p>La entidad responsable de la recogida y tratamiento de los datos personales es Cabopol \u2013 POLYMER COMPOUNDS, S.A., empresa con sede en IC 2, KM 108, S\u00e3o Jorge, fregues\u00eda de Calvaria de Cima, municipio de Porto de M\u00f3s, con un capital social de 3.750.000,00 \u20ac (tres millones setecientos cincuenta mil euros) e inscrita en el Registro Mercantil de Porto de M\u00f3s con el n\u00famero \u00fanico de persona jur\u00eddica y n\u00famero de registro 503416002.<\/p>\n\n\n\n<h3 class=\"wp-block-heading\" id=\"collect\">\u00bfQu\u00e9 informaci\u00f3n recopilamos sobre usted?<\/h3>\n\n\n\n<p>Recopilamos informaci\u00f3n sobre usted cuando se registra en nuestro sitio web o realiza una solicitud de compra de productos o servicios. Tambi\u00e9n recopilamos informaci\u00f3n cuando completa voluntariamente encuestas, utiliza la herramienta de chat, participa en concursos o proporciona comentarios. La informaci\u00f3n sobre el uso del sitio web se recoge mediante cookies.<\/p>\n\n\n\n<h3 class=\"wp-block-heading\" id=\"information\">\u00bfC\u00f3mo utilizamos la informaci\u00f3n que recopilamos sobre usted?<\/h3>\n\n\n\n<p>Los datos recogidos se utilizan para tramitar su pedido, gestionar su cuenta y, si nos da su consentimiento, enviarle por correo electr\u00f3nico informaci\u00f3n sobre otros productos y servicios que consideramos que pueden ser de su inter\u00e9s. Utilizamos la informaci\u00f3n recogida en el sitio web para personalizar sus futuras visitas. Si est\u00e1 de acuerdo, enviaremos sus datos personales a las distintas empresas del grupo Mekkin Holding para que puedan ofrecerle sus productos y servicios. La empresa Cabopol \u2013 POLYMER COMPOUNDS, S.A. no comparte su informaci\u00f3n con empresas ajenas al grupo con fines de marketing.<\/p>\n\n\n\n<p>Durante el procesamiento de su pedido, podemos enviar sus datos a agencias de cr\u00e9dito y prevenci\u00f3n del fraude, as\u00ed como utilizar la informaci\u00f3n que estas proporcionen.<\/p>\n\n\n\n<p>Por tanto, en cualquier momento puede solicitarnos:<\/p>\n\n\n\n<ul class=\"wp-block-list\">\n<li>El acceso a la informaci\u00f3n que tenemos sobre usted;<\/li>\n\n\n\n<li>La rectificaci\u00f3n de los datos si son incorrectos o est\u00e1n incompletos;<\/li>\n\n\n\n<li>La eliminaci\u00f3n o la limitaci\u00f3n del tratamiento de sus datos personales;<\/li>\n\n\n\n<li>Si el tratamiento se basa en su consentimiento o en un contrato y se realiza por medios automatizados, tiene derecho a recibir sus datos personales en un formato estructurado, de uso com\u00fan y lectura mec\u00e1nica.<\/li>\n<\/ul>\n\n\n\n<p><\/p>\n\n\n\n<p>Sus solicitudes ser\u00e1n tratadas con especial cuidado para garantizar el ejercicio efectivo de sus derechos. Es posible que le pidamos que acredite su identidad para asegurarnos de que los datos personales solo se comparten con su titular.<\/p>\n\n\n\n<p>Debe tener en cuenta que, en ciertos casos (por ejemplo, por imperativos legales), su solicitud podr\u00eda no ser atendida de forma inmediata.<\/p>\n\n\n\n<p>En cualquier caso, se le informar\u00e1 de las medidas adoptadas en respuesta a su solicitud en un plazo m\u00e1ximo de un mes desde la fecha en que la presente.<\/p>\n\n\n\n<p>Tambi\u00e9n tiene derecho a presentar una reclamaci\u00f3n ante la Comisi\u00f3n Nacional de Protecci\u00f3n de Datos: <a href=\"https:\/\/www.cnpd.pt\">https:\/\/www.cnpd.pt<\/a><\/p>\n\n\n\n<h3 class=\"wp-block-heading\" id=\"right-of-access\">Derecho de acceso<\/h3>\n\n\n\n<p>El titular de los datos personales tiene derecho a obtener de CABOPOL \u2013 POLYMER COMPOUNDS, S.A. confirmaci\u00f3n de si se est\u00e1n tratando o no datos que le conciernen y, en tal caso, a acceder a sus datos personales y a la informaci\u00f3n prevista por la ley.<\/p>\n\n\n\n<p>Si desea m\u00e1s de una copia de sus datos personales en fase de tratamiento, Cabopol \u2013 POLYMER COMPOUNDS, S.A. podr\u00e1 facilitarle este servicio mediante el cobro de una tasa por los costes administrativos, tal y como se establece en el Manual de Privacidad de la empresa.<\/p>\n\n\n\n<h3 class=\"wp-block-heading\" id=\"rectification\">Derecho de rectificaci\u00f3n<\/h3>\n\n\n\n<p>El titular de los datos personales tiene derecho a obtener de Cabopol \u2013 POLYMER COMPOUNDS, S.A., sin dilaci\u00f3n indebida, la rectificaci\u00f3n de los datos inexactos o incompletos que le conciernan.<\/p>\n\n\n\n<h3 class=\"wp-block-heading\" id=\"erasure\">Derecho a la supresi\u00f3n de datos (\u2018derecho al olvido\u2019)<\/h3>\n\n\n\n<p>El titular de los datos personales tiene derecho a solicitar a Cabopol \u2013 POLYMER COMPOUNDS, S.A. la supresi\u00f3n de sus datos, sin dilaci\u00f3n indebida, y Cabopol \u2013 POLYMER COMPOUNDS, S.A. estar\u00e1 obligada a eliminar los datos personales cuando, entre otros, concurra alguno de los siguientes motivos:<\/p>\n\n\n\n<p>(a) los datos personales ya no son necesarios para la finalidad para la que fueron recogidos o tratados;<\/p>\n\n\n\n<p>(b) el titular de los datos ha retirado su consentimiento al tratamiento (en los casos en que el tratamiento se base en el consentimiento) y no existe otro fundamento jur\u00eddico para dicho tratamiento;<\/p>\n\n\n\n<p>(c) el titular de los datos se opone al tratamiento y no existen intereses leg\u00edtimos imperiosos que justifiquen el tratamiento.<\/p>\n\n\n\n<h3 class=\"wp-block-heading\" id=\"treatment\">Derecho a la limitaci\u00f3n del tratamiento<\/h3>\n\n\n\n<p>El titular de los datos tiene derecho a obtener de Cabopol \u2013 POLYMER COMPOUNDS, S.A. la limitaci\u00f3n del tratamiento cuando se d\u00e9 alguna de las siguientes circunstancias:<\/p>\n\n\n\n<p>(a) cuando impugne la exactitud de los datos personales, durante un plazo que permita a Cabopol \u2013 POLYMER COMPOUNDS, S.A. verificar su exactitud;<\/p>\n\n\n\n<p>(b) el tratamiento sea l\u00edcito y el titular de los datos se oponga a la supresi\u00f3n de sus datos personales y solicite, en su lugar, la limitaci\u00f3n de su uso;<\/p>\n\n\n\n<p>(c) Cabopol \u2013 POLYMER COMPOUNDS, S.A. ya no necesite los datos personales para los fines del tratamiento, pero el interesado los necesite para la formulaci\u00f3n, el ejercicio o la defensa de reclamaciones;<\/p>\n\n\n\n<p>(d) cuando el titular de los datos se haya opuesto al tratamiento, mientras se verifica si los motivos leg\u00edtimos del responsable prevalecen sobre los del interesado.<\/p>\n\n\n\n<h3 class=\"wp-block-heading\" id=\"portability\">Derecho a la portabilidad de los datos<\/h3>\n\n\n\n<p>Si el tratamiento se basa en el consentimiento del interesado y dicho consentimiento se ha otorgado por medios automatizados, el titular de los datos tiene derecho a recibir los datos personales que haya facilitado a Cabopol \u2013 POLYMER COMPOUNDS, S.A. en un formato estructurado, de uso com\u00fan y lectura mec\u00e1nica.<\/p>\n\n\n\n<h3 class=\"wp-block-heading\" id=\"object\">Derecho de oposici\u00f3n<\/h3>\n\n\n\n<p>En los casos en los que el tratamiento de los datos se realice en base al inter\u00e9s leg\u00edtimo de Cabopol \u2013 POLYMER COMPOUNDS, S.A.; o el tratamiento tenga fines de marketing directo; o se lleve a cabo una elaboraci\u00f3n de perfiles, el titular de los datos podr\u00e1 oponerse en cualquier momento al tratamiento de sus datos personales.<\/p>\n\n\n\n<h3 class=\"wp-block-heading\" id=\"revoke-consent\">\u00bfPuedo revocar mi consentimiento m\u00e1s adelante?<\/h3>\n\n\n\n<p>Si el consentimiento es legalmente necesario para el tratamiento de los datos personales, el interesado tiene derecho a retirar su consentimiento en cualquier momento. No obstante, este derecho no afecta a la licitud del tratamiento basado en el consentimiento previamente otorgado ni al tratamiento posterior de los mismos datos, basado en otra base jur\u00eddica, como el cumplimiento de un contrato o de una obligaci\u00f3n legal a la que est\u00e9 sujeta Cabopol \u2013 POLYMER COMPOUNDS, S.A.<\/p>\n\n\n\n<h3 class=\"wp-block-heading\" id=\"data-reported\">\u00bfEn qu\u00e9 circunstancias se comunican datos a otras entidades (terceros y subcontratistas)?<\/h3>\n\n\n\n<p>CABOPOL \u2013 POLYMER COMPOUNDS, S.A., en el ejercicio de su actividad, puede recurrir a terceros para la prestaci\u00f3n de determinados servicios. A veces, la prestaci\u00f3n de estos servicios implica el acceso, por parte de estas entidades, a datos personales de nuestros clientes. Cuando esto ocurre, CABOPOL \u2013 POLYMER COMPOUNDS, S.A. adopta las medidas adecuadas para garantizar que las entidades que acceden a los datos sean reputadas y ofrezcan las m\u00e1ximas garant\u00edas en esta materia, lo cual se establece y salvaguarda debidamente en un contrato que se firma entre CABOPOL \u2013 POLYMER COMPOUNDS, S.A. y el tercero o terceros en cuesti\u00f3n.<\/p>\n\n\n\n<p>De este modo, cualquier entidad subcontratada por Cabopol \u2013 POLYMER COMPOUNDS, S.A. tratar\u00e1 los datos personales de nuestros clientes en nombre y por cuenta de Cabopol \u2013 POLYMER COMPOUNDS, S.A., oblig\u00e1ndose a adoptar las medidas t\u00e9cnicas y organizativas necesarias para proteger los datos personales contra la destrucci\u00f3n accidental o il\u00edcita, la p\u00e9rdida accidental, la alteraci\u00f3n, la divulgaci\u00f3n o el acceso no autorizados y contra cualquier otra forma de tratamiento il\u00edcito.<\/p>\n\n\n\n<p>En todos los casos, Cabopol \u2013 POLYMER COMPOUNDS, S.A. sigue siendo responsable de los datos personales que usted nos facilite.<\/p>\n\n\n\n<h3 class=\"wp-block-heading\" id=\"marketing\">Marketing<\/h3>\n\n\n\n<p>Nos gustar\u00eda poder enviarle informaci\u00f3n sobre los productos y servicios de las empresas del grupo Mekkin Holding que puedan ser o llegar a ser de su inter\u00e9s. Si ha dado su consentimiento previo, siempre podr\u00e1 optar por cancelar la suscripci\u00f3n. Tiene derecho, en cualquier momento, a no permitir que le contactemos con fines comerciales haciendo clic en &#8220;No estoy de acuerdo&#8221;.<\/p>\n\n\n\n<h3 class=\"wp-block-heading\" id=\"cookies\">Cookies<\/h3>\n\n\n\n<p>Son peque\u00f1os archivos de texto almacenados en su ordenador que sirven para recoger informaci\u00f3n sobre su dispositivo y sobre su experiencia de usuario. Esta informaci\u00f3n se utiliza para registrar el n\u00famero de visitas realizadas y recopilar informaci\u00f3n estad\u00edstica sobre la actividad del sitio web.<\/p>\n\n\n\n<p>Tipos de cookies seg\u00fan la entidad que las gestiona:<\/p>\n\n\n\n<ul class=\"wp-block-list\">\n<li>Cookies propias: cookies gestionadas por este dominio\/sitio web.<\/li>\n\n\n\n<li>Cookies de terceros: cookies gestionadas por otro dominio\/sitio web.<\/li>\n\n\n\n<li>Cookies persistentes: la informaci\u00f3n de la cookie se almacena de forma permanente en su dispositivo.<\/li>\n\n\n\n<li>Cookies de sesi\u00f3n: la informaci\u00f3n de la cookie no se almacena de forma permanente en su dispositivo.<\/li>\n<\/ul>\n\n\n\n<p><\/p>\n\n\n\n<p>Cabopol \u2013 POLYMER COMPOUNDS, S.A. utiliza cookies de sesi\u00f3n y cookies propias, as\u00ed como cookies persistentes y cookies de terceros.<\/p>\n\n\n\n<h3 class=\"wp-block-heading\" id=\"other-websites\">Other websites<\/h3>\n\n\n\n<p>Este sitio web contiene enlaces a otros sitios web. Este aviso de privacidad solo se aplica a este sitio web. Le recomendamos leer las pol\u00edticas de privacidad de los dem\u00e1s sitios que visite.<\/p>\n\n\n\n<h3 class=\"wp-block-heading\" id=\"data-security\">\u00bfQu\u00e9 medidas ha adoptado Cabopol \u2013 POLYMER COMPOUNDS, S.A. para garantizar la seguridad de sus datos personales?<\/h3>\n\n\n\n<p>Cabopol \u2013 POLYMER COMPOUNDS, S.A. se compromete a garantizar la protecci\u00f3n de la seguridad de los datos personales que nos sean facilitados, habiendo aprobado e implementado normas estrictas en esta materia. El cumplimiento de estas normas es una obligaci\u00f3n ineludible para todos aquellos que acceden legalmente a los datos.<\/p>\n\n\n\n<p>Teniendo en cuenta la gran preocupaci\u00f3n y esfuerzo que Cabopol \u2013 POLYMER COMPOUNDS, S.A. demuestra en la defensa de la privacidad, se han adoptado diversas medidas t\u00e9cnicas y organizativas de seguridad con el fin de proteger los datos personales que nos son facilitados frente a su divulgaci\u00f3n, p\u00e9rdida, uso indebido, alteraci\u00f3n, tratamiento o acceso no autorizado, as\u00ed como contra cualquier otra forma de tratamiento il\u00edcito. Por ello, los formularios de recogida de datos personales presentes en todos nuestros sitios web requieren sesiones cifradas del navegador, y todos los datos personales que nos proporcione son almacenados de forma segura en los sistemas de Cabopol \u2013 POLYMER COMPOUNDS, S.A., ubicados en el propio centro de datos de la empresa, bajo todas las medidas de seguridad f\u00edsicas y l\u00f3gicas que consideramos esenciales para la protecci\u00f3n de sus datos personales.<\/p>\n\n\n\n<p>No obstante las medidas de seguridad adoptadas por Cabopol \u2013 POLYMER COMPOUNDS, S.A., estamos obligados a advertir a todos los usuarios de Internet que deben adoptar medidas de seguridad adicionales, tales como asegurarse de utilizar un ordenador y un navegador actualizados, con los parches de seguridad debidamente configurados, as\u00ed como un cortafuegos, antivirus y antispyware activos. Adem\u00e1s, deben comprobar siempre la autenticidad de los sitios web que visitan y evitar aquellos en los que no conf\u00eden.<\/p>\n\n\n\n<h3 class=\"wp-block-heading\" id=\"privacy-notice\">Modificaciones de esta pol\u00edtica de privacidad<\/h3>\n\n\n\n<p>Nuestras pol\u00edticas de privacidad son revisadas peri\u00f3dicamente y cualquier cambio se publicar\u00e1 en este sitio web.<\/p>\n\n\n\n<h3 class=\"wp-block-heading\" id=\"contact\">Contact<\/h3>\n\n\n\n<p>Si desea ejercer alguno de los derechos previstos por la ley o por esta pol\u00edtica de privacidad, o si tiene alguna pregunta sobre la misma o sobre la informaci\u00f3n que tenemos sobre usted, puede ponerse en contacto a trav\u00e9s del correo electr\u00f3nico: <a href=\"mailto:dpo@mekkin.pt\">dpo@mekkin.pt<\/a><\/p>\n\n\n\n<div class=\"wp-block-kobu-custom-blocks-responsive-spacer responsive-spacer size-large\"><\/div>\n","protected":false},"excerpt":{"rendered":"<p>(Art\u00edculos 8, 13, 14 y 21 del Reglamento General de Protecci\u00f3n de Datos \u2013 RGPD) I \u2013 Pre\u00e1mbulo El presente documento explica los t\u00e9rminos en [&hellip;]<\/p>\n","protected":false},"author":1,"featured_media":0,"parent":0,"menu_order":32,"comment_status":"closed","ping_status":"closed","template":"","meta":{"_acf_changed":false,"inline_featured_image":false,"footnotes":""},"class_list":["post-2478","page","type-page","status-publish","hentry"],"acf":[],"_links":{"self":[{"href":"https:\/\/cabopol.kobudev.com\/es\/wp-json\/wp\/v2\/pages\/2478","targetHints":{"allow":["GET"]}}],"collection":[{"href":"https:\/\/cabopol.kobudev.com\/es\/wp-json\/wp\/v2\/pages"}],"about":[{"href":"https:\/\/cabopol.kobudev.com\/es\/wp-json\/wp\/v2\/types\/page"}],"author":[{"embeddable":true,"href":"https:\/\/cabopol.kobudev.com\/es\/wp-json\/wp\/v2\/users\/1"}],"replies":[{"embeddable":true,"href":"https:\/\/cabopol.kobudev.com\/es\/wp-json\/wp\/v2\/comments?post=2478"}],"version-history":[{"count":4,"href":"https:\/\/cabopol.kobudev.com\/es\/wp-json\/wp\/v2\/pages\/2478\/revisions"}],"predecessor-version":[{"id":3029,"href":"https:\/\/cabopol.kobudev.com\/es\/wp-json\/wp\/v2\/pages\/2478\/revisions\/3029"}],"wp:attachment":[{"href":"https:\/\/cabopol.kobudev.com\/es\/wp-json\/wp\/v2\/media?parent=2478"}],"curies":[{"name":"wp","href":"https:\/\/api.w.org\/{rel}","templated":true}]}}