{"id":2393,"date":"2025-11-24T14:22:59","date_gmt":"2025-11-24T14:22:59","guid":{"rendered":"https:\/\/cabopol.kobudev.com\/canal-de-denuncias\/"},"modified":"2025-12-17T10:57:12","modified_gmt":"2025-12-17T10:57:12","slug":"canal-de-denuncias","status":"publish","type":"page","link":"https:\/\/cabopol.kobudev.com\/es\/canal-de-denuncias\/","title":{"rendered":"Canal de Denuncias"},"content":{"rendered":"\n<h2 class=\"wp-block-heading\">El Portal de Denuncias est\u00e1 destinado a la comunicaci\u00f3n de pr\u00e1cticas que constituyan infracciones, a saber:<\/h2>\n\n<p>\u25cf Pr\u00e1cticas de acoso (moral y\/o sexual) y discriminaci\u00f3n;<br\/>\u25cf Infracciones, actos de corrupci\u00f3n u otros en el \u00e1mbito de aplicaci\u00f3n del R\u00e9gimen General de Prevenci\u00f3n de la Corrupci\u00f3n (RGPC);<br\/>\u25cf Actos que violen el Derecho de la Uni\u00f3n Europea.<\/p>\n\n<p>El mecanismo del Portal de Denuncias se rige por los principios de imparcialidad, independencia, secreto y confidencialidad, desde la recepci\u00f3n y procesamiento de las denuncias, hasta su resoluci\u00f3n.<\/p>\n\n<p>Puede utilizar la siguiente direcci\u00f3n de correo electr\u00f3nico para presentar una denuncia: <a href=\"mailto:denuncias@mekkin.pt\">denuncias@mekkin.pt<\/a><\/p>\n","protected":false},"excerpt":{"rendered":"<p>El Portal de Denuncias est\u00e1 destinado a la comunicaci\u00f3n de pr\u00e1cticas que constituyan infracciones, a saber: \u25cf Pr\u00e1cticas de acoso (moral y\/o sexual) y discriminaci\u00f3n;\u25cf [&hellip;]<\/p>\n","protected":false},"author":1,"featured_media":0,"parent":0,"menu_order":33,"comment_status":"closed","ping_status":"closed","template":"","meta":{"_acf_changed":false,"inline_featured_image":false,"footnotes":""},"class_list":["post-2393","page","type-page","status-publish","hentry"],"acf":[],"_links":{"self":[{"href":"https:\/\/cabopol.kobudev.com\/es\/wp-json\/wp\/v2\/pages\/2393","targetHints":{"allow":["GET"]}}],"collection":[{"href":"https:\/\/cabopol.kobudev.com\/es\/wp-json\/wp\/v2\/pages"}],"about":[{"href":"https:\/\/cabopol.kobudev.com\/es\/wp-json\/wp\/v2\/types\/page"}],"author":[{"embeddable":true,"href":"https:\/\/cabopol.kobudev.com\/es\/wp-json\/wp\/v2\/users\/1"}],"replies":[{"embeddable":true,"href":"https:\/\/cabopol.kobudev.com\/es\/wp-json\/wp\/v2\/comments?post=2393"}],"version-history":[{"count":1,"href":"https:\/\/cabopol.kobudev.com\/es\/wp-json\/wp\/v2\/pages\/2393\/revisions"}],"predecessor-version":[{"id":2394,"href":"https:\/\/cabopol.kobudev.com\/es\/wp-json\/wp\/v2\/pages\/2393\/revisions\/2394"}],"wp:attachment":[{"href":"https:\/\/cabopol.kobudev.com\/es\/wp-json\/wp\/v2\/media?parent=2393"}],"curies":[{"name":"wp","href":"https:\/\/api.w.org\/{rel}","templated":true}]}}